{"id":1350,"date":"2025-11-21T14:23:09","date_gmt":"2025-11-21T14:23:09","guid":{"rendered":"https:\/\/softsrl.pl\/?post_type=product&#038;p=1350"},"modified":"2025-11-24T12:39:30","modified_gmt":"2025-11-24T12:39:30","slug":"acrobat-pro-2019-i-windows-i","status":"publish","type":"product","link":"https:\/\/softsrl.pl\/pl\/produkt\/acrobat-pro-2019-i-windows-i\/","title":{"rendered":"Acrobat Pro 2019 I Windows I"},"content":{"rendered":"<h3 data-start=\"120\" data-end=\"201\">Acrobat Pro 2019 \u2013 Profesjonalne narz\u0119dzie do pracy z dokumentami PDF<\/h3>\n<p data-start=\"203\" data-end=\"691\"><strong data-start=\"203\" data-end=\"229\">Acrobat Pro 2019<\/strong> to jedno z najbardziej zaawansowanych i cenionych rozwi\u0105za\u0144 do obs\u0142ugi plik\u00f3w PDF, stworzone z my\u015bl\u0105 o profesjonalistach, firmach oraz u\u017cytkownikach indywidualnych, kt\u00f3rzy oczekuj\u0105 maksymalnej funkcjonalno\u015bci i niezawodno\u015bci. Wersja ta, przeznaczona dla systemu <strong data-start=\"492\" data-end=\"503\">Windows<\/strong>, zapewnia pe\u0142n\u0105 kontrol\u0119 nad tworzeniem, edytowaniem, konwertowaniem oraz zabezpieczaniem dokument\u00f3w PDF, co czyni j\u0105 niezast\u0105pionym narz\u0119dziem w codziennej pracy biurowej i biznesowej.<\/p>\n<h4 data-start=\"693\" data-end=\"731\">Kluczowe mo\u017cliwo\u015bci i korzy\u015bci:<\/h4>\n<ul data-start=\"732\" data-end=\"1771\">\n<li data-start=\"732\" data-end=\"950\">\n<p data-start=\"734\" data-end=\"950\"><strong data-start=\"734\" data-end=\"760\">Tworzenie i edycja PDF<\/strong> \u2013 bez wzgl\u0119du na to, czy pracujesz z dokumentami Word, Excel, PowerPoint czy obrazami, Acrobat Pro 2019 pozwala z \u0142atwo\u015bci\u0105 tworzy\u0107 wysokiej jako\u015bci pliki PDF i w pe\u0142ni je edytowa\u0107.<\/p>\n<\/li>\n<li data-start=\"951\" data-end=\"1115\">\n<p data-start=\"953\" data-end=\"1115\"><strong data-start=\"953\" data-end=\"977\">Konwersja dokument\u00f3w<\/strong> \u2013 mo\u017cesz b\u0142yskawicznie konwertowa\u0107 pliki PDF do format\u00f3w Microsoft Office i odwrotnie, zachowuj\u0105c oryginalny uk\u0142ad, czcionki i grafiki.<\/p>\n<\/li>\n<li data-start=\"1116\" data-end=\"1270\">\n<p data-start=\"1118\" data-end=\"1270\"><strong data-start=\"1118\" data-end=\"1153\">Zaawansowane narz\u0119dzia edycyjne<\/strong> \u2013 dodawanie komentarzy, notatek, podpis\u00f3w elektronicznych, a tak\u017ce \u0142\u0105czenie i dzielenie dokument\u00f3w wed\u0142ug potrzeb.<\/p>\n<\/li>\n<li data-start=\"1271\" data-end=\"1457\">\n<p data-start=\"1273\" data-end=\"1457\"><strong data-start=\"1273\" data-end=\"1291\">Ochrona danych<\/strong> \u2013 mo\u017cliwo\u015b\u0107 szyfrowania dokument\u00f3w has\u0142em, ograniczania uprawnie\u0144 u\u017cytkownik\u00f3w oraz dodawania certyfikat\u00f3w cyfrowych w celu zapewnienia bezpiecze\u0144stwa i poufno\u015bci.<\/p>\n<\/li>\n<li data-start=\"1458\" data-end=\"1629\">\n<p data-start=\"1460\" data-end=\"1629\"><strong data-start=\"1460\" data-end=\"1488\">Profesjonalna wsp\u00f3\u0142praca<\/strong> \u2013 idealne narz\u0119dzie dla zespo\u0142\u00f3w pracuj\u0105cych nad projektami, pozwalaj\u0105ce na \u0142atwe recenzowanie i udost\u0119pnianie plik\u00f3w w zamkni\u0119tym obiegu.<\/p>\n<\/li>\n<li data-start=\"1630\" data-end=\"1771\">\n<p data-start=\"1632\" data-end=\"1771\"><strong data-start=\"1632\" data-end=\"1661\">Optymalizacja i kompresja<\/strong> \u2013 funkcja zmniejszania rozmiaru plik\u00f3w PDF bez utraty jako\u015bci, co u\u0142atwia ich przesy\u0142anie i przechowywanie.<\/p>\n<\/li>\n<\/ul>\n<p data-start=\"1773\" data-end=\"2030\">Dzi\u0119ki<strong data-start=\"1780\" data-end=\"1806\">\u00a0Acrobat Pro 2019<\/strong> Twoja praca z dokumentami staje si\u0119 szybsza, wygodniejsza i w pe\u0142ni profesjonalna. To rozwi\u0105zanie, kt\u00f3re nie tylko zwi\u0119ksza efektywno\u015b\u0107, ale r\u00f3wnie\u017c buduje wizerunek nowoczesnego i dobrze zorganizowanego przedsi\u0119biorstwa.<\/p>\n<p data-start=\"2032\" data-end=\"2236\">\ud83d\udce9 <strong data-start=\"2035\" data-end=\"2111\">Licencja cyfrowa dostarczana jest drog\u0105 mailow\u0105 w ci\u0105gu 1 dnia roboczego<\/strong> \u2013 co oznacza, \u017ce mo\u017cesz zacz\u0105\u0107 korzysta\u0107 z programu praktycznie od razu po zakupie, bez oczekiwania na fizyczn\u0105 przesy\u0142k\u0119.<\/p>","protected":false},"excerpt":{"rendered":"<h3 data-start=\"2243\" data-end=\"2283\">\u2b50 Najwa\u017cniejsze cechy \u2013 w skr\u00f3cie:<\/h3>\n<ul data-start=\"2284\" data-end=\"2688\">\n<li data-start=\"2284\" data-end=\"2354\">\n<p data-start=\"2286\" data-end=\"2354\">\u26a1 <strong data-start=\"2288\" data-end=\"2306\">Szybka dostawa<\/strong> \u2013 licencja w e-mailu w ci\u0105gu 1 dnia roboczego<\/p>\n<\/li>\n<li data-start=\"2355\" data-end=\"2424\">\n<p data-start=\"2357\" data-end=\"2424\">\ud83d\udcdd <strong data-start=\"2360\" data-end=\"2380\">Pe\u0142na edycja PDF<\/strong> \u2013 zmiana tre\u015bci, grafik, uk\u0142adu dokumentu<\/p>\n<\/li>\n<li data-start=\"2425\" data-end=\"2484\">\n<p data-start=\"2427\" data-end=\"2484\">\ud83d\udd04 <strong data-start=\"2430\" data-end=\"2450\">Konwersja plik\u00f3w<\/strong> \u2013 PDF \u2194 Word, Excel, PowerPoint<\/p>\n<\/li>\n<li data-start=\"2485\" data-end=\"2548\">\n<p data-start=\"2487\" data-end=\"2548\">\ud83d\udd12 <strong data-start=\"2490\" data-end=\"2508\">Bezpiecze\u0144stwo<\/strong> \u2013 szyfrowanie, has\u0142a, podpisy cyfrowe<\/p>\n<\/li>\n<li data-start=\"2549\" data-end=\"2617\">\n<p data-start=\"2551\" data-end=\"2617\">\ud83e\udd1d <strong data-start=\"2554\" data-end=\"2578\">Wsp\u00f3\u0142praca biznesowa<\/strong> \u2013 \u0142atwe komentowanie i udost\u0119pnianie<\/p>\n<\/li>\n<li data-start=\"2618\" data-end=\"2688\">\n<p data-start=\"2620\" data-end=\"2688\">\ud83d\udcc9 <strong data-start=\"2623\" data-end=\"2643\">Kompresja plik\u00f3w<\/strong> \u2013 mniejsze rozmiary PDF bez utraty jako\u015bci<\/p>\n<\/li>\n<\/ul>","protected":false},"featured_media":1385,"comment_status":"open","ping_status":"closed","template":"","meta":[],"product_brand":[],"product_cat":[34,51],"product_tag":[],"class_list":{"0":"post-1350","1":"product","2":"type-product","3":"status-publish","4":"has-post-thumbnail","6":"product_cat-graphical","7":"product_cat-oprogramowanie-graficzne","9":"first","10":"instock","11":"sale","12":"shipping-taxable","13":"purchasable","14":"product-type-simple"},"_links":{"self":[{"href":"https:\/\/softsrl.pl\/pl\/wp-json\/wp\/v2\/product\/1350","targetHints":{"allow":["GET"]}}],"collection":[{"href":"https:\/\/softsrl.pl\/pl\/wp-json\/wp\/v2\/product"}],"about":[{"href":"https:\/\/softsrl.pl\/pl\/wp-json\/wp\/v2\/types\/product"}],"replies":[{"embeddable":true,"href":"https:\/\/softsrl.pl\/pl\/wp-json\/wp\/v2\/comments?post=1350"}],"wp:featuredmedia":[{"embeddable":true,"href":"https:\/\/softsrl.pl\/pl\/wp-json\/wp\/v2\/media\/1385"}],"wp:attachment":[{"href":"https:\/\/softsrl.pl\/pl\/wp-json\/wp\/v2\/media?parent=1350"}],"wp:term":[{"taxonomy":"product_brand","embeddable":true,"href":"https:\/\/softsrl.pl\/pl\/wp-json\/wp\/v2\/product_brand?post=1350"},{"taxonomy":"product_cat","embeddable":true,"href":"https:\/\/softsrl.pl\/pl\/wp-json\/wp\/v2\/product_cat?post=1350"},{"taxonomy":"product_tag","embeddable":true,"href":"https:\/\/softsrl.pl\/pl\/wp-json\/wp\/v2\/product_tag?post=1350"}],"curies":[{"name":"wp","href":"https:\/\/api.w.org\/{rel}","templated":true}]}}