{"id":1352,"date":"2025-11-21T14:23:09","date_gmt":"2025-11-21T14:23:09","guid":{"rendered":"https:\/\/softsrl.pl\/?post_type=product&#038;p=1352"},"modified":"2025-11-24T12:39:15","modified_gmt":"2025-11-24T12:39:15","slug":"premiere-pro-2022-windows","status":"publish","type":"product","link":"https:\/\/softsrl.pl\/pl\/produkt\/premiere-pro-2022-windows\/","title":{"rendered":"Premiere Pro 2022 &#8211; Windows"},"content":{"rendered":"<p data-start=\"243\" data-end=\"702\"><strong data-start=\"243\" data-end=\"270\">Premiere Pro 2022<\/strong> to jedno z najbardziej cenionych narz\u0119dzi do monta\u017cu film\u00f3w i materia\u0142\u00f3w wideo, stworzone z my\u015bl\u0105 zar\u00f3wno o profesjonalistach, jak i ambitnych tw\u00f3rcach, kt\u00f3rzy chc\u0105 wynie\u015b\u0107 swoje projekty na wy\u017cszy poziom. Program dla systemu <strong data-start=\"497\" data-end=\"508\">Windows<\/strong> \u0142\u0105czy w sobie bogaty zestaw funkcji edycyjnych, wsparcie dla najnowszych format\u00f3w i technologii, a tak\u017ce p\u0142ynn\u0105 integracj\u0119 z innymi aplikacjami, jak <strong data-start=\"664\" data-end=\"681\">After Effects<\/strong> czy <strong data-start=\"686\" data-end=\"699\">Photoshop<\/strong>.<\/p>\n<h4 data-start=\"704\" data-end=\"747\">Najwa\u017cniejsze korzy\u015bci i mo\u017cliwo\u015bci:<\/h4>\n<ul data-start=\"748\" data-end=\"1745\">\n<li data-start=\"748\" data-end=\"882\">\n<p data-start=\"750\" data-end=\"882\"><strong data-start=\"750\" data-end=\"784\">Zaawansowany monta\u017c nieliniowy<\/strong> \u2013 edycja wideo w czasie rzeczywistym z pe\u0142n\u0105 kontrol\u0105 nad osiami czasu, efektami i przej\u015bciami.<\/p>\n<\/li>\n<li data-start=\"883\" data-end=\"1036\">\n<p data-start=\"885\" data-end=\"1036\"><strong data-start=\"885\" data-end=\"923\">Wsparcie dla nowoczesnych format\u00f3w<\/strong> \u2013 obs\u0142uga wideo w jako\u015bci <strong data-start=\"950\" data-end=\"965\">4K, 8K, HDR<\/strong> oraz VR, co pozwala tworzy\u0107 materia\u0142y dostosowane do ka\u017cdego medium.<\/p>\n<\/li>\n<li data-start=\"1037\" data-end=\"1174\">\n<p data-start=\"1039\" data-end=\"1174\"><strong data-start=\"1039\" data-end=\"1078\">Bogata biblioteka efekt\u00f3w i przej\u015b\u0107<\/strong> \u2013 profesjonalne efekty wizualne i d\u017awi\u0119kowe, kt\u00f3re dodaj\u0105 Twoim filmom charakteru i dynamiki.<\/p>\n<\/li>\n<li data-start=\"1175\" data-end=\"1306\">\n<p data-start=\"1177\" data-end=\"1306\"><strong data-start=\"1177\" data-end=\"1205\">Kolor korekcja i grading<\/strong> \u2013 zaawansowane narz\u0119dzia Lumetri Color umo\u017cliwiaj\u0105 precyzyjne dopasowanie kolor\u00f3w i nastroju scen.<\/p>\n<\/li>\n<li data-start=\"1307\" data-end=\"1468\">\n<p data-start=\"1309\" data-end=\"1468\"><strong data-start=\"1309\" data-end=\"1349\">Integracja z innymi programami<\/strong>\u00a0\u2013 szybkie przenoszenie projekt\u00f3w do After Effects, Audition czy Photoshop, co przyspiesza i u\u0142atwia prac\u0119 zespo\u0142ow\u0105.<\/p>\n<\/li>\n<li data-start=\"1469\" data-end=\"1609\">\n<p data-start=\"1471\" data-end=\"1609\"><strong data-start=\"1471\" data-end=\"1494\">Automatyzacja pracy<\/strong> \u2013 inteligentne funkcje, takie jak Auto Reframe czy automatyczne dopasowanie muzyki, kt\u00f3re skracaj\u0105 czas obr\u00f3bki.<\/p>\n<\/li>\n<li data-start=\"1610\" data-end=\"1745\">\n<p data-start=\"1612\" data-end=\"1745\"><strong data-start=\"1612\" data-end=\"1638\">Stabilno\u015b\u0107 i wydajno\u015b\u0107<\/strong> \u2013 zoptymalizowane dzia\u0142anie na Windows pozwala na p\u0142ynn\u0105 prac\u0119 nawet z du\u017cymi i wymagaj\u0105cymi projektami.<\/p>\n<\/li>\n<\/ul>\n<p data-start=\"1747\" data-end=\"1959\"><strong data-start=\"1747\" data-end=\"1774\">Premiere Pro 2022<\/strong> to narz\u0119dzie, kt\u00f3re doskonale sprawdzi si\u0119 w r\u0119kach monta\u017cyst\u00f3w, filmowc\u00f3w, YouTuber\u00f3w, marketer\u00f3w i tw\u00f3rc\u00f3w tre\u015bci, kt\u00f3rzy chc\u0105 tworzy\u0107 wideo na najwy\u017cszym, profesjonalnym poziomie.<\/p>\n<p data-start=\"1961\" data-end=\"2116\">\ud83d\udce9 <strong data-start=\"1964\" data-end=\"2037\">Licencja cyfrowa wysy\u0142ana jest drog\u0105 mailow\u0105 w ci\u0105gu 1 dnia roboczego<\/strong>, dzi\u0119ki czemu mo\u017cesz rozpocz\u0105\u0107 prac\u0119 niemal natychmiast po dokonaniu zakupu.<\/p>","protected":false},"excerpt":{"rendered":"<h3 data-start=\"2123\" data-end=\"2163\">\u2b50 Najwa\u017cniejsze cechy \u2013 w skr\u00f3cie:<\/h3>\n<ul data-start=\"2164\" data-end=\"2587\">\n<li data-start=\"2164\" data-end=\"2227\">\n<p data-start=\"2166\" data-end=\"2227\">\u26a1 <strong data-start=\"2168\" data-end=\"2186\">Szybka dostawa<\/strong> \u2013 licencja w e-mailu w 1 dzie\u0144 roboczy<\/p>\n<\/li>\n<li data-start=\"2228\" data-end=\"2304\">\n<p data-start=\"2230\" data-end=\"2304\">\ud83c\udfac <strong data-start=\"2233\" data-end=\"2257\">Profesjonalny monta\u017c<\/strong> \u2013 pe\u0142na kontrola nad osiami czasu i efektami<\/p>\n<\/li>\n<li data-start=\"2305\" data-end=\"2364\">\n<p data-start=\"2307\" data-end=\"2364\">\ud83c\udf08 <strong data-start=\"2310\" data-end=\"2336\">Kolor korekcja Lumetri<\/strong> \u2013 filmowe barwy i grading<\/p>\n<\/li>\n<li data-start=\"2365\" data-end=\"2429\">\n<p data-start=\"2367\" data-end=\"2429\">\ud83d\udcf9 <strong data-start=\"2370\" data-end=\"2398\">Obs\u0142uga 4K, 8K, HDR i VR<\/strong> \u2013 nowoczesne standardy wideo<\/p>\n<\/li>\n<li data-start=\"2430\" data-end=\"2509\">\n<p data-start=\"2432\" data-end=\"2509\">\ud83c\udfb6 <strong data-start=\"2435\" data-end=\"2482\">Integracja z Audition &amp; After Effects<\/strong> \u2013 pe\u0142ne \u015brodowisko pracy<\/p>\n<\/li>\n<li data-start=\"2510\" data-end=\"2587\">\n<p data-start=\"2512\" data-end=\"2587\">\ud83d\ude80 <strong data-start=\"2515\" data-end=\"2535\">Wysoka wydajno\u015b\u0107<\/strong> \u2013 p\u0142ynno\u015b\u0107 dzia\u0142ania nawet przy du\u017cych projektach<\/p>\n<\/li>\n<\/ul>\n<hr data-start=\"2589\" data-end=\"2592\" \/>\n<p data-start=\"2594\" data-end=\"2736\" data-is-last-node=\"\" data-is-only-node=\"\">","protected":false},"featured_media":1387,"comment_status":"open","ping_status":"closed","template":"","meta":[],"product_brand":[],"product_cat":[34,51],"product_tag":[],"class_list":{"0":"post-1352","1":"product","2":"type-product","3":"status-publish","4":"has-post-thumbnail","6":"product_cat-graphical","7":"product_cat-oprogramowanie-graficzne","9":"first","10":"instock","11":"sale","12":"shipping-taxable","13":"purchasable","14":"product-type-simple"},"_links":{"self":[{"href":"https:\/\/softsrl.pl\/pl\/wp-json\/wp\/v2\/product\/1352","targetHints":{"allow":["GET"]}}],"collection":[{"href":"https:\/\/softsrl.pl\/pl\/wp-json\/wp\/v2\/product"}],"about":[{"href":"https:\/\/softsrl.pl\/pl\/wp-json\/wp\/v2\/types\/product"}],"replies":[{"embeddable":true,"href":"https:\/\/softsrl.pl\/pl\/wp-json\/wp\/v2\/comments?post=1352"}],"wp:featuredmedia":[{"embeddable":true,"href":"https:\/\/softsrl.pl\/pl\/wp-json\/wp\/v2\/media\/1387"}],"wp:attachment":[{"href":"https:\/\/softsrl.pl\/pl\/wp-json\/wp\/v2\/media?parent=1352"}],"wp:term":[{"taxonomy":"product_brand","embeddable":true,"href":"https:\/\/softsrl.pl\/pl\/wp-json\/wp\/v2\/product_brand?post=1352"},{"taxonomy":"product_cat","embeddable":true,"href":"https:\/\/softsrl.pl\/pl\/wp-json\/wp\/v2\/product_cat?post=1352"},{"taxonomy":"product_tag","embeddable":true,"href":"https:\/\/softsrl.pl\/pl\/wp-json\/wp\/v2\/product_tag?post=1352"}],"curies":[{"name":"wp","href":"https:\/\/api.w.org\/{rel}","templated":true}]}}