{"id":1353,"date":"2025-11-21T14:23:09","date_gmt":"2025-11-21T14:23:09","guid":{"rendered":"https:\/\/softsrl.pl\/?post_type=product&#038;p=1353"},"modified":"2025-11-24T12:39:07","modified_gmt":"2025-11-24T12:39:07","slug":"illustrator-2021-i-windows-i","status":"publish","type":"product","link":"https:\/\/softsrl.pl\/pl\/produkt\/illustrator-2021-i-windows-i\/","title":{"rendered":"Illustrator 2021 I Windows I"},"content":{"rendered":"<h3 data-start=\"136\" data-end=\"213\">Illustrator 2021 \u2013 Profesjonalne projektowanie grafiki wektorowej<\/h3>\n<p data-start=\"215\" data-end=\"583\"><strong data-start=\"215\" data-end=\"241\">Illustrator 2021<\/strong> to jedno z najwa\u017cniejszych narz\u0119dzi dla grafik\u00f3w, projektant\u00f3w i artyst\u00f3w cyfrowych, kt\u00f3rzy chc\u0105 tworzy\u0107 skalowalne, wysokiej jako\u015bci projekty graficzne. Wersja przeznaczona na <strong data-start=\"419\" data-end=\"430\">Windows<\/strong> oferuje kompletny zestaw funkcji do projektowania ilustracji, logo, ikon, typografii, a tak\u017ce rozbudowanych materia\u0142\u00f3w marketingowych i artystycznych.<\/p>\n<p data-start=\"585\" data-end=\"897\">Dzi\u0119ki <strong data-start=\"592\" data-end=\"612\">Illustrator 2021<\/strong> mo\u017cesz realizowa\u0107 zar\u00f3wno proste projekty, jak i najbardziej zaawansowane koncepcje graficzne, zachowuj\u0105c pe\u0142n\u0105 kontrol\u0119 nad ka\u017cdym detalem. To oprogramowanie jest wykorzystywane w bran\u017cach kreatywnych na ca\u0142ym \u015bwiecie \u2013 od reklamy i brandingu, po web design i publikacje drukowane.<\/p>\n<h4 data-start=\"899\" data-end=\"940\">Najwa\u017cniejsze zalety i mo\u017cliwo\u015bci:<\/h4>\n<ul data-start=\"941\" data-end=\"1945\">\n<li data-start=\"941\" data-end=\"1084\">\n<p data-start=\"943\" data-end=\"1084\"><strong data-start=\"943\" data-end=\"979\">Grafika wektorowa bez ogranicze\u0144<\/strong> \u2013 tw\u00f3rz projekty, kt\u00f3re zachowuj\u0105 najwy\u017csz\u0105 jako\u015b\u0107 niezale\u017cnie od skali, idealne do druku i internetu.<\/p>\n<\/li>\n<li data-start=\"1085\" data-end=\"1233\">\n<p data-start=\"1087\" data-end=\"1233\"><strong data-start=\"1087\" data-end=\"1114\">Zaawansowana typografia<\/strong> \u2013 setki profesjonalnych czcionek, narz\u0119dzia do modyfikacji kroju pisma i tworzenia unikalnych kompozycji tekstowych.<\/p>\n<\/li>\n<li data-start=\"1234\" data-end=\"1385\">\n<p data-start=\"1236\" data-end=\"1385\"><strong data-start=\"1236\" data-end=\"1276\">Integracja z innymi programami<\/strong>\u00a0\u2013 p\u0142ynna wsp\u00f3\u0142praca z Photoshopem, InDesign czy After Effects, co daje jeszcze wi\u0119ksze mo\u017cliwo\u015bci tw\u00f3rcze.<\/p>\n<\/li>\n<li data-start=\"1386\" data-end=\"1517\">\n<p data-start=\"1388\" data-end=\"1517\"><strong data-start=\"1388\" data-end=\"1423\">Narz\u0119dzia do precyzyjnej edycji<\/strong> \u2013 warstwy, siatki, prowadnice i inteligentne linie pomocnicze wspieraj\u0105 precyzj\u0119 projekt\u00f3w.<\/p>\n<\/li>\n<li data-start=\"1518\" data-end=\"1652\">\n<p data-start=\"1520\" data-end=\"1652\"><strong data-start=\"1520\" data-end=\"1551\">Tworzenie ilustracji i ikon<\/strong> \u2013 od prostych symboli po szczeg\u00f3\u0142owe ilustracje artystyczne, wszystko mo\u017cliwe w jednym \u015brodowisku.<\/p>\n<\/li>\n<li data-start=\"1653\" data-end=\"1795\">\n<p data-start=\"1655\" data-end=\"1795\"><strong data-start=\"1655\" data-end=\"1678\">Optymalizacja pracy<\/strong> \u2013 szybsze renderowanie, lepsza stabilno\u015b\u0107 oraz usprawnione narz\u0119dzia sprawiaj\u0105, \u017ce praca jest p\u0142ynna i komfortowa.<\/p>\n<\/li>\n<li data-start=\"1796\" data-end=\"1945\">\n<p data-start=\"1798\" data-end=\"1945\"><strong data-start=\"1798\" data-end=\"1839\">Zastosowania biznesowe i marketingowe<\/strong> \u2013 idealne do projektowania logo, ulotek, plakat\u00f3w, materia\u0142\u00f3w reklamowych oraz grafik do social medi\u00f3w.<\/p>\n<\/li>\n<\/ul>\n<p data-start=\"1947\" data-end=\"2106\">\ud83d\udce9 <strong data-start=\"1950\" data-end=\"2028\">Licencja cyfrowa dostarczana jest drog\u0105 e-mailow\u0105 w ci\u0105gu 1 dnia roboczego<\/strong>, co pozwala rozpocz\u0105\u0107 korzystanie z programu niemal natychmiast po zakupie.<\/p>","protected":false},"excerpt":{"rendered":"<h3 data-start=\"2113\" data-end=\"2153\">\u2b50 Najwa\u017cniejsze cechy \u2013 w skr\u00f3cie:<\/h3>\n<ul data-start=\"2154\" data-end=\"2596\">\n<li data-start=\"2154\" data-end=\"2214\">\n<p data-start=\"2156\" data-end=\"2214\">\u26a1 <strong data-start=\"2158\" data-end=\"2176\">Szybka dostawa<\/strong> \u2013 licencja e-mail w 1 dzie\u0144 roboczy<\/p>\n<\/li>\n<li data-start=\"2215\" data-end=\"2289\">\n<p data-start=\"2217\" data-end=\"2289\">\ud83c\udfa8 <strong data-start=\"2220\" data-end=\"2255\">Profesjonalna grafika wektorowa<\/strong> \u2013 idealna jako\u015b\u0107 w ka\u017cdej skali<\/p>\n<\/li>\n<li data-start=\"2290\" data-end=\"2362\">\n<p data-start=\"2292\" data-end=\"2362\">\u270d\ufe0f <strong data-start=\"2295\" data-end=\"2322\">Zaawansowana typografia<\/strong> \u2013 unikalne czcionki i efekty tekstowe<\/p>\n<\/li>\n<li data-start=\"2290\" data-end=\"2362\">\n<p data-start=\"2292\" data-end=\"2362\">\ud83d\uddbc\ufe0f <strong data-start=\"2458\" data-end=\"2477\">Wszechstronno\u015b\u0107<\/strong> \u2013 logo, ikony, ilustracje, materia\u0142y reklamowe<\/p>\n<\/li>\n<li data-start=\"2527\" data-end=\"2596\">\n<p data-start=\"2529\" data-end=\"2596\">\ud83d\ude80 <strong data-start=\"2532\" data-end=\"2552\">Wysoka wydajno\u015b\u0107<\/strong> \u2013 p\u0142ynne dzia\u0142anie i szybkie renderowanie<\/p>\n<\/li>\n<\/ul>","protected":false},"featured_media":1388,"comment_status":"open","ping_status":"closed","template":"","meta":[],"product_brand":[],"product_cat":[34,51],"product_tag":[],"class_list":{"0":"post-1353","1":"product","2":"type-product","3":"status-publish","4":"has-post-thumbnail","6":"product_cat-graphical","7":"product_cat-oprogramowanie-graficzne","9":"first","10":"instock","11":"sale","12":"shipping-taxable","13":"purchasable","14":"product-type-simple"},"_links":{"self":[{"href":"https:\/\/softsrl.pl\/pl\/wp-json\/wp\/v2\/product\/1353","targetHints":{"allow":["GET"]}}],"collection":[{"href":"https:\/\/softsrl.pl\/pl\/wp-json\/wp\/v2\/product"}],"about":[{"href":"https:\/\/softsrl.pl\/pl\/wp-json\/wp\/v2\/types\/product"}],"replies":[{"embeddable":true,"href":"https:\/\/softsrl.pl\/pl\/wp-json\/wp\/v2\/comments?post=1353"}],"wp:featuredmedia":[{"embeddable":true,"href":"https:\/\/softsrl.pl\/pl\/wp-json\/wp\/v2\/media\/1388"}],"wp:attachment":[{"href":"https:\/\/softsrl.pl\/pl\/wp-json\/wp\/v2\/media?parent=1353"}],"wp:term":[{"taxonomy":"product_brand","embeddable":true,"href":"https:\/\/softsrl.pl\/pl\/wp-json\/wp\/v2\/product_brand?post=1353"},{"taxonomy":"product_cat","embeddable":true,"href":"https:\/\/softsrl.pl\/pl\/wp-json\/wp\/v2\/product_cat?post=1353"},{"taxonomy":"product_tag","embeddable":true,"href":"https:\/\/softsrl.pl\/pl\/wp-json\/wp\/v2\/product_tag?post=1353"}],"curies":[{"name":"wp","href":"https:\/\/api.w.org\/{rel}","templated":true}]}}