{"id":1354,"date":"2025-11-21T14:23:09","date_gmt":"2025-11-21T14:23:09","guid":{"rendered":"https:\/\/softsrl.pl\/?post_type=product&#038;p=1354"},"modified":"2025-11-24T12:39:00","modified_gmt":"2025-11-24T12:39:00","slug":"creative-cloud-i-1-year-i-1-user-i-windows-macos-i","status":"publish","type":"product","link":"https:\/\/softsrl.pl\/pl\/produkt\/creative-cloud-i-1-year-i-1-user-i-windows-macos-i\/","title":{"rendered":"Creative Cloud I 1 year I 1 user I Windows &#038; MacOS I"},"content":{"rendered":"<h3 data-start=\"198\" data-end=\"263\">Creative Cloud \u2013 Roczna subskrypcja dla 1 u\u017cytkownika<\/h3>\n<p data-start=\"265\" data-end=\"663\"><strong data-start=\"265\" data-end=\"289\">Creative Cloud<\/strong> to kompleksowy pakiet program\u00f3w i us\u0142ug dla kreatywnych profesjonalist\u00f3w oraz pasjonat\u00f3w, dost\u0119pny w wersji na <strong data-start=\"401\" data-end=\"420\">Windows i macOS<\/strong>. Subskrypcja na <strong data-start=\"437\" data-end=\"464\">1 rok dla 1 u\u017cytkownika<\/strong> zapewnia dost\u0119p do ca\u0142ego ekosystemu, w tym najnowszych wersji takich aplikacji jak: <strong data-start=\"556\" data-end=\"645\">Photoshop, Illustrator, InDesign, Premiere Pro, After Effects, Lightroom, Acrobat Pro<\/strong> i wiele innych.<\/p>\n<p data-start=\"665\" data-end=\"851\">Jest to rozwi\u0105zanie idealne dla grafik\u00f3w, projektant\u00f3w, fotograf\u00f3w, filmowc\u00f3w, marketer\u00f3w i ka\u017cdego, kto pragnie korzysta\u0107 z najbardziej zaawansowanych narz\u0119dzi kreatywnych na \u015bwiecie.<\/p>\n<h4 data-start=\"853\" data-end=\"903\">Dlaczego warto wybra\u0107 Creative Cloud?<\/h4>\n<ul data-start=\"904\" data-end=\"1863\">\n<li data-start=\"904\" data-end=\"1106\">\n<p data-start=\"906\" data-end=\"1106\"><strong data-start=\"906\" data-end=\"938\">Pe\u0142ny zestaw aplikacji<\/strong>\u00a0\u2013 ponad 20 profesjonalnych program\u00f3w, kt\u00f3re umo\u017cliwiaj\u0105 tworzenie grafiki, obr\u00f3bk\u0119 zdj\u0119\u0107, monta\u017c film\u00f3w, projektowanie stron, prac\u0119 z d\u017awi\u0119kiem i publikacje cyfrowe.<\/p>\n<\/li>\n<li data-start=\"1107\" data-end=\"1209\">\n<p data-start=\"1109\" data-end=\"1209\"><strong data-start=\"1109\" data-end=\"1133\">Aktualizacje w cenie<\/strong> \u2013 zawsze dost\u0119p do najnowszych wersji aplikacji, bez dodatkowych koszt\u00f3w.<\/p>\n<\/li>\n<li data-start=\"1210\" data-end=\"1384\">\n<p data-start=\"1212\" data-end=\"1384\"><strong data-start=\"1212\" data-end=\"1239\">Chmura i synchronizacja<\/strong> \u2013 mo\u017cliwo\u015b\u0107 przechowywania plik\u00f3w w chmurze i pracy nad projektami z dowolnego miejsca, a tak\u017ce \u0142atwe wsp\u00f3\u0142dzielenie projekt\u00f3w z innymi.<\/p>\n<\/li>\n<li data-start=\"1385\" data-end=\"1561\">\n<p data-start=\"1387\" data-end=\"1561\"><strong data-start=\"1387\" data-end=\"1411\">Integracja aplikacji<\/strong> \u2013 p\u0142ynne przechodzenie mi\u0119dzy programami (np. Photoshop \u2192 Illustrator \u2192 InDesign \u2192 Premiere Pro) pozwala zaoszcz\u0119dzi\u0107 czas i zwi\u0119kszy\u0107 efektywno\u015b\u0107.<\/p>\n<\/li>\n<li data-start=\"1562\" data-end=\"1730\">\n<p data-start=\"1564\" data-end=\"1730\"><strong data-start=\"1564\" data-end=\"1613\">Profesjonalne narz\u0119dzia dla biznesu i tw\u00f3rc\u00f3w<\/strong> \u2013 od projektowania logo i materia\u0142\u00f3w reklamowych, przez publikacje internetowe i druk, po filmy w jako\u015bci kinowej.<\/p>\n<\/li>\n<li data-start=\"1731\" data-end=\"1863\">\n<p data-start=\"1733\" data-end=\"1863\"><strong data-start=\"1733\" data-end=\"1753\">Dodatkowe zasoby<\/strong> \u2013 dost\u0119p do Fonts, Stock (p\u0142atne zasoby), bibliotek, a tak\u017ce narz\u0119dzi do wsp\u00f3\u0142pracy zespo\u0142owej.<\/p>\n<\/li>\n<\/ul>\n<p data-start=\"1865\" data-end=\"2032\">\ud83d\udce9 <strong data-start=\"1868\" data-end=\"1944\">Licencja cyfrowa dostarczana jest drog\u0105 mailow\u0105 w ci\u0105gu 1 dnia roboczego<\/strong>, dzi\u0119ki czemu mo\u017cesz zacz\u0105\u0107 korzysta\u0107 z ca\u0142ego pakietu niemal natychmiast po zakupie.<\/p>","protected":false},"excerpt":{"rendered":"<ul data-start=\"2080\" data-end=\"2555\">\n<li data-start=\"2080\" data-end=\"2143\">\n<p data-start=\"2082\" data-end=\"2143\">\u26a1 <strong data-start=\"2084\" data-end=\"2102\">Szybka dostawa<\/strong> \u2013 licencja w e-mailu w 1 dzie\u0144 roboczy<\/p>\n<\/li>\n<li data-start=\"2144\" data-end=\"2250\">\n<p data-start=\"2146\" data-end=\"2250\">\ud83c\udfa8 <strong data-start=\"2149\" data-end=\"2177\">Ponad 20 aplikacji<\/strong>\u00a0\u2013 m.in. Photoshop, Illustrator, Premiere Pro, After Effects, Lightroom<\/p>\n<\/li>\n<li data-start=\"2251\" data-end=\"2333\">\n<p data-start=\"2253\" data-end=\"2333\">\ud83d\udd04 <strong data-start=\"2256\" data-end=\"2282\">Zawsze aktualne wersje<\/strong> \u2013 automatyczne aktualizacje w ramach subskrypcji<\/p>\n<\/li>\n<li data-start=\"2334\" data-end=\"2400\">\n<p data-start=\"2336\" data-end=\"2400\">\u2601\ufe0f <strong data-start=\"2339\" data-end=\"2358\">Praca w chmurze<\/strong> \u2013 dost\u0119p do projekt\u00f3w z ka\u017cdego miejsca<\/p>\n<\/li>\n<li data-start=\"2401\" data-end=\"2470\">\n<p data-start=\"2403\" data-end=\"2470\">\ud83e\udd1d <strong data-start=\"2406\" data-end=\"2430\">Integracja aplikacji<\/strong> \u2013 p\u0142ynna wsp\u00f3\u0142praca mi\u0119dzy programami<\/p>\n<\/li>\n<li data-start=\"2471\" data-end=\"2555\">\n<p data-start=\"2473\" data-end=\"2555\">\ud83d\udcca <strong data-start=\"2476\" data-end=\"2505\">Dla biznesu i kreatywnych<\/strong> \u2013 grafika, wideo, d\u017awi\u0119k, publikacje, marketing<\/p>\n<\/li>\n<\/ul>","protected":false},"featured_media":1389,"comment_status":"open","ping_status":"closed","template":"","meta":[],"product_brand":[],"product_cat":[34,51],"product_tag":[],"class_list":{"0":"post-1354","1":"product","2":"type-product","3":"status-publish","4":"has-post-thumbnail","6":"product_cat-graphical","7":"product_cat-oprogramowanie-graficzne","9":"first","10":"instock","11":"sale","12":"shipping-taxable","13":"purchasable","14":"product-type-simple"},"_links":{"self":[{"href":"https:\/\/softsrl.pl\/pl\/wp-json\/wp\/v2\/product\/1354","targetHints":{"allow":["GET"]}}],"collection":[{"href":"https:\/\/softsrl.pl\/pl\/wp-json\/wp\/v2\/product"}],"about":[{"href":"https:\/\/softsrl.pl\/pl\/wp-json\/wp\/v2\/types\/product"}],"replies":[{"embeddable":true,"href":"https:\/\/softsrl.pl\/pl\/wp-json\/wp\/v2\/comments?post=1354"}],"wp:featuredmedia":[{"embeddable":true,"href":"https:\/\/softsrl.pl\/pl\/wp-json\/wp\/v2\/media\/1389"}],"wp:attachment":[{"href":"https:\/\/softsrl.pl\/pl\/wp-json\/wp\/v2\/media?parent=1354"}],"wp:term":[{"taxonomy":"product_brand","embeddable":true,"href":"https:\/\/softsrl.pl\/pl\/wp-json\/wp\/v2\/product_brand?post=1354"},{"taxonomy":"product_cat","embeddable":true,"href":"https:\/\/softsrl.pl\/pl\/wp-json\/wp\/v2\/product_cat?post=1354"},{"taxonomy":"product_tag","embeddable":true,"href":"https:\/\/softsrl.pl\/pl\/wp-json\/wp\/v2\/product_tag?post=1354"}],"curies":[{"name":"wp","href":"https:\/\/api.w.org\/{rel}","templated":true}]}}