{"id":1358,"date":"2025-11-21T14:23:09","date_gmt":"2025-11-21T14:23:09","guid":{"rendered":"https:\/\/softsrl.pl\/?post_type=product&#038;p=1358"},"modified":"2025-11-24T12:38:09","modified_gmt":"2025-11-24T12:38:09","slug":"acrobat-pro-2020-microsoft-office-2024-pro-plus","status":"publish","type":"product","link":"https:\/\/softsrl.pl\/pl\/produkt\/acrobat-pro-2020-microsoft-office-2024-pro-plus\/","title":{"rendered":"Acrobat Pro 2020 + Microsoft Office 2024 Pro Plus"},"content":{"rendered":"<h3 data-start=\"179\" data-end=\"292\">Acrobat Pro 2020 + Microsoft Office 2024 Pro Plus \u2013 Kompletny pakiet do pracy biurowej i dokumentowej<\/h3>\n<p data-start=\"294\" data-end=\"700\">Ten wyj\u0105tkowy zestaw \u0142\u0105czy w sobie dwa pot\u0119\u017cne narz\u0119dzia:<strong data-start=\"352\" data-end=\"378\">\u00a0Acrobat Pro 2020<\/strong> oraz <strong data-start=\"384\" data-end=\"418\">Microsoft Office 2024 Pro Plus<\/strong>. Razem tworz\u0105 one kompletne \u015brodowisko do pracy z dokumentami, edycji plik\u00f3w PDF, a tak\u017ce tworzenia i zarz\u0105dzania dokumentacj\u0105 biurow\u0105. To idealne rozwi\u0105zanie zar\u00f3wno dla u\u017cytkownik\u00f3w indywidualnych, jak i dla firm, kt\u00f3re stawiaj\u0105 na efektywno\u015b\u0107, bezpiecze\u0144stwo i profesjonalizm.<\/p>\n<h4 data-start=\"702\" data-end=\"754\">Acrobat Pro 2020 \u2013 kluczowe mo\u017cliwo\u015bci:<\/h4>\n<ul data-start=\"755\" data-end=\"1076\">\n<li data-start=\"755\" data-end=\"836\">\n<p data-start=\"757\" data-end=\"836\"><strong data-start=\"757\" data-end=\"783\">Tworzenie i edycja PDF<\/strong> \u2013 konwersja z Word, Excel, PowerPoint i odwrotnie.<\/p>\n<\/li>\n<li data-start=\"837\" data-end=\"921\">\n<p data-start=\"839\" data-end=\"921\"><strong data-start=\"839\" data-end=\"880\">Zaawansowane narz\u0119dzia bezpiecze\u0144stwa<\/strong> \u2013 szyfrowanie, has\u0142a, podpisy cyfrowe.<\/p>\n<\/li>\n<li data-start=\"922\" data-end=\"1004\">\n<p data-start=\"924\" data-end=\"1004\"><strong data-start=\"924\" data-end=\"955\">\u0141\u0105czenie i dzielenie plik\u00f3w<\/strong> \u2013 pe\u0142na kontrola nad struktur\u0105 dokument\u00f3w PDF.<\/p>\n<\/li>\n<li data-start=\"1005\" data-end=\"1076\">\n<p data-start=\"1007\" data-end=\"1076\"><strong data-start=\"1007\" data-end=\"1031\">Optymalizacja plik\u00f3w<\/strong> \u2013 kompresja dokument\u00f3w bez utraty jako\u015bci.<\/p>\n<\/li>\n<\/ul>\n<h4 data-start=\"1078\" data-end=\"1138\">Microsoft Office 2024 Pro Plus \u2013 kluczowe mo\u017cliwo\u015bci:<\/h4>\n<ul data-start=\"1139\" data-end=\"1588\">\n<li data-start=\"1139\" data-end=\"1210\">\n<p data-start=\"1141\" data-end=\"1210\"><strong data-start=\"1141\" data-end=\"1154\">Word 2024<\/strong> \u2013 profesjonalne edytowanie i formatowanie dokument\u00f3w.<\/p>\n<\/li>\n<li data-start=\"1211\" data-end=\"1294\">\n<p data-start=\"1213\" data-end=\"1294\"><strong data-start=\"1213\" data-end=\"1227\">Excel 2024<\/strong> \u2013 arkusze kalkulacyjne z zaawansowanymi funkcjami analitycznymi.<\/p>\n<\/li>\n<li data-start=\"1295\" data-end=\"1368\">\n<p data-start=\"1297\" data-end=\"1368\"><strong data-start=\"1297\" data-end=\"1316\">PowerPoint 2024<\/strong> \u2013 tworzenie nowoczesnych prezentacji biznesowych.<\/p>\n<\/li>\n<li data-start=\"1369\" data-end=\"1432\">\n<p data-start=\"1371\" data-end=\"1432\"><strong data-start=\"1371\" data-end=\"1387\">Outlook 2024<\/strong> \u2013 kompleksowa obs\u0142uga poczty i kalendarza.<\/p>\n<\/li>\n<li data-start=\"1433\" data-end=\"1511\">\n<p data-start=\"1435\" data-end=\"1511\"><strong data-start=\"1435\" data-end=\"1457\">Access i Publisher<\/strong> \u2013 narz\u0119dzia do baz danych i projekt\u00f3w wydawniczych.<\/p>\n<\/li>\n<li data-start=\"1512\" data-end=\"1588\">\n<p data-start=\"1514\" data-end=\"1588\"><strong data-start=\"1514\" data-end=\"1533\">Wszechstronno\u015b\u0107<\/strong> \u2013 pe\u0142ne wsparcie w pracy biurowej, nauce i biznesie.<\/p>\n<\/li>\n<\/ul>\n<p data-start=\"1590\" data-end=\"1788\">Dzi\u0119ki temu pakietowi otrzymujesz najlepsze narz\u0119dzia do pracy z plikami PDF oraz najnowsz\u0105 wersj\u0119 najpopularniejszego oprogramowania biurowego na \u015bwiecie \u2013 wszystko w jednej, atrakcyjnej ofercie.<\/p>\n<p data-start=\"1790\" data-end=\"1942\">\ud83d\udce9 <strong data-start=\"1793\" data-end=\"1880\">Licencja cyfrowa na oba programy dostarczana jest e-mailem w ci\u0105gu 1 dnia roboczego<\/strong>, co pozwala rozpocz\u0105\u0107 prac\u0119 praktycznie od razu po zakupie.<\/p>","protected":false},"excerpt":{"rendered":"<h3 data-start=\"1949\" data-end=\"1989\">\u2b50 Najwa\u017cniejsze cechy \u2013 w skr\u00f3cie:<\/h3>\n<ul data-start=\"1990\" data-end=\"2418\">\n<li data-start=\"1990\" data-end=\"2050\">\n<p data-start=\"1992\" data-end=\"2050\">\u26a1 <strong data-start=\"1994\" data-end=\"2012\">Szybka dostawa<\/strong> \u2013 licencje e-mail w 1 dzie\u0144 roboczy<\/p>\n<\/li>\n<li data-start=\"2051\" data-end=\"2122\">\n<p data-start=\"2053\" data-end=\"2122\">\ud83d\udcd1 <strong data-start=\"2056\" data-end=\"2088\">Pe\u0142na edycja i konwersja PDF<\/strong> \u2013 dzi\u0119ki Acrobat Pro 2020<\/p>\n<\/li>\n<li data-start=\"2123\" data-end=\"2205\">\n<p data-start=\"2125\" data-end=\"2205\">\ud83d\udcca <strong data-start=\"2128\" data-end=\"2159\">Najnowsze narz\u0119dzia biurowe<\/strong> \u2013 Word, Excel, PowerPoint, Outlook i wi\u0119cej<\/p>\n<\/li>\n<li data-start=\"2206\" data-end=\"2274\">\n<p data-start=\"2208\" data-end=\"2274\">\ud83d\udd12 <strong data-start=\"2211\" data-end=\"2240\">Bezpiecze\u0144stwo dokument\u00f3w<\/strong> \u2013 szyfrowanie i podpisy cyfrowe<\/p>\n<\/li>\n<li data-start=\"2275\" data-end=\"2345\">\n<p data-start=\"2277\" data-end=\"2345\">\ud83e\udd1d <strong data-start=\"2280\" data-end=\"2302\">Idealne po\u0142\u0105czenie<\/strong> \u2013 edycja PDF + kompleksowa praca biurowa<\/p>\n<\/li>\n<li data-start=\"2346\" data-end=\"2418\">\n<p data-start=\"2348\" data-end=\"2418\">\ud83d\ude80 <strong data-start=\"2351\" data-end=\"2370\">Wszechstronno\u015b\u0107<\/strong> \u2013 dla firm, student\u00f3w i u\u017cytkownik\u00f3w domowych<\/p>\n<\/li>\n<\/ul>","protected":false},"featured_media":1414,"comment_status":"open","ping_status":"closed","template":"","meta":[],"product_brand":[],"product_cat":[34,32,35],"product_tag":[],"class_list":{"0":"post-1358","1":"product","2":"type-product","3":"status-publish","4":"has-post-thumbnail","6":"product_cat-graphical","7":"product_cat-office","8":"product_cat-package-deals","10":"first","11":"instock","12":"sale","13":"shipping-taxable","14":"purchasable","15":"product-type-simple"},"_links":{"self":[{"href":"https:\/\/softsrl.pl\/pl\/wp-json\/wp\/v2\/product\/1358","targetHints":{"allow":["GET"]}}],"collection":[{"href":"https:\/\/softsrl.pl\/pl\/wp-json\/wp\/v2\/product"}],"about":[{"href":"https:\/\/softsrl.pl\/pl\/wp-json\/wp\/v2\/types\/product"}],"replies":[{"embeddable":true,"href":"https:\/\/softsrl.pl\/pl\/wp-json\/wp\/v2\/comments?post=1358"}],"wp:featuredmedia":[{"embeddable":true,"href":"https:\/\/softsrl.pl\/pl\/wp-json\/wp\/v2\/media\/1414"}],"wp:attachment":[{"href":"https:\/\/softsrl.pl\/pl\/wp-json\/wp\/v2\/media?parent=1358"}],"wp:term":[{"taxonomy":"product_brand","embeddable":true,"href":"https:\/\/softsrl.pl\/pl\/wp-json\/wp\/v2\/product_brand?post=1358"},{"taxonomy":"product_cat","embeddable":true,"href":"https:\/\/softsrl.pl\/pl\/wp-json\/wp\/v2\/product_cat?post=1358"},{"taxonomy":"product_tag","embeddable":true,"href":"https:\/\/softsrl.pl\/pl\/wp-json\/wp\/v2\/product_tag?post=1358"}],"curies":[{"name":"wp","href":"https:\/\/api.w.org\/{rel}","templated":true}]}}