{"id":1365,"date":"2025-11-21T14:23:32","date_gmt":"2025-11-21T14:23:32","guid":{"rendered":"https:\/\/softsrl.pl\/?post_type=product&#038;p=1365"},"modified":"2025-11-24T12:41:32","modified_gmt":"2025-11-24T12:41:32","slug":"acrobat-pro-2019-pro-microsoft-office-2024-pro-plus","status":"publish","type":"product","link":"https:\/\/softsrl.pl\/pl\/produkt\/acrobat-pro-2019-pro-microsoft-office-2024-pro-plus\/","title":{"rendered":"Acrobat Pro 2019 Pro + Microsoft Office 2024 Pro Plus"},"content":{"rendered":"<h3 data-start=\"170\" data-end=\"266\">Acrobat Pro 2019 + Microsoft Office 2024 Pro Plus \u2013 Kompletny zestaw do biura i domu<\/h3>\n<p data-start=\"268\" data-end=\"654\">Ten wyj\u0105tkowy pakiet \u0142\u0105czy w sobie<strong data-start=\"303\" data-end=\"329\">\u00a0Acrobat Pro 2019<\/strong>, czyli niezawodne narz\u0119dzie do tworzenia i edycji dokument\u00f3w PDF, oraz <strong data-start=\"401\" data-end=\"435\">Microsoft Office 2024 Pro Plus<\/strong>, najnowsz\u0105 wersj\u0119 najbardziej popularnego pakietu biurowego. To po\u0142\u0105czenie sprawia, \u017ce otrzymujesz pe\u0142n\u0105 kontrol\u0119 nad dokumentami oraz dost\u0119p do wszystkich niezb\u0119dnych aplikacji biurowych \u2013 w pracy, nauce czy w domu.<\/p>\n<h4 data-start=\"656\" data-end=\"705\">Acrobat Pro 2019 \u2013 kluczowe funkcje:<\/h4>\n<ul data-start=\"706\" data-end=\"1095\">\n<li data-start=\"706\" data-end=\"801\">\n<p data-start=\"708\" data-end=\"801\"><strong data-start=\"708\" data-end=\"734\">Tworzenie i edycja PDF<\/strong> \u2013 szybka konwersja plik\u00f3w z Word, Excel, PowerPoint i odwrotnie.<\/p>\n<\/li>\n<li data-start=\"802\" data-end=\"875\">\n<p data-start=\"804\" data-end=\"875\"><strong data-start=\"804\" data-end=\"833\">Bezpiecze\u0144stwo dokument\u00f3w<\/strong> \u2013 szyfrowanie, has\u0142a i podpisy cyfrowe.<\/p>\n<\/li>\n<li data-start=\"876\" data-end=\"951\">\n<p data-start=\"878\" data-end=\"951\"><strong data-start=\"878\" data-end=\"909\">\u0141\u0105czenie i dzielenie plik\u00f3w<\/strong> \u2013 pe\u0142na elastyczno\u015b\u0107 w zarz\u0105dzaniu PDF.<\/p>\n<\/li>\n<li data-start=\"952\" data-end=\"1018\">\n<p data-start=\"954\" data-end=\"1018\"><strong data-start=\"954\" data-end=\"979\">Komentarze i recenzje<\/strong> \u2013 \u0142atwa wsp\u00f3\u0142praca przy dokumentach.<\/p>\n<\/li>\n<li data-start=\"1019\" data-end=\"1095\">\n<p data-start=\"1021\" data-end=\"1095\"><strong data-start=\"1021\" data-end=\"1045\">Optymalizacja plik\u00f3w<\/strong> \u2013 zmniejszanie rozmiaru PDF bez utraty jako\u015bci.<\/p>\n<\/li>\n<\/ul>\n<h4 data-start=\"1097\" data-end=\"1162\">Microsoft Office 2024 Pro Plus \u2013 nowoczesna produktywno\u015b\u0107:<\/h4>\n<ul data-start=\"1163\" data-end=\"1577\">\n<li data-start=\"1163\" data-end=\"1218\">\n<p data-start=\"1165\" data-end=\"1218\"><strong data-start=\"1165\" data-end=\"1178\">Word 2024<\/strong> \u2013 zaawansowane edytowanie dokument\u00f3w.<\/p>\n<\/li>\n<li data-start=\"1219\" data-end=\"1282\">\n<p data-start=\"1221\" data-end=\"1282\"><strong data-start=\"1221\" data-end=\"1235\">Excel 2024<\/strong> \u2013 pe\u0142na moc arkuszy kalkulacyjnych i analiz.<\/p>\n<\/li>\n<li data-start=\"1283\" data-end=\"1345\">\n<p data-start=\"1285\" data-end=\"1345\"><strong data-start=\"1285\" data-end=\"1304\">PowerPoint 2024<\/strong> \u2013 atrakcyjne i nowoczesne prezentacje.<\/p>\n<\/li>\n<li data-start=\"1346\" data-end=\"1412\">\n<p data-start=\"1348\" data-end=\"1412\"><strong data-start=\"1348\" data-end=\"1364\">Outlook 2024<\/strong> \u2013 poczta, kalendarz i zarz\u0105dzanie kontaktami.<\/p>\n<\/li>\n<li data-start=\"1413\" data-end=\"1482\">\n<p data-start=\"1415\" data-end=\"1482\"><strong data-start=\"1415\" data-end=\"1437\">Publisher i Access<\/strong> \u2013 narz\u0119dzia do projektowania i baz danych.<\/p>\n<\/li>\n<li data-start=\"1483\" data-end=\"1577\">\n<p data-start=\"1485\" data-end=\"1577\"><strong data-start=\"1485\" data-end=\"1511\">Stabilno\u015b\u0107 i wydajno\u015b\u0107<\/strong> \u2013 zoptymalizowana praca dla firm i u\u017cytkownik\u00f3w indywidualnych.<\/p>\n<\/li>\n<\/ul>\n<p data-start=\"1579\" data-end=\"1722\">\ud83d\udce9 <strong data-start=\"1582\" data-end=\"1651\">Licencje cyfrowe dostarczane s\u0105 e-mailem w ci\u0105gu 1 dnia roboczego<\/strong>, wi\u0119c mo\u017cesz korzysta\u0107 z pakietu praktycznie natychmiast po zakupie.<\/p>","protected":false},"excerpt":{"rendered":"<h3 data-start=\"1729\" data-end=\"1769\">\u2b50 Najwa\u017cniejsze cechy \u2013 w skr\u00f3cie:<\/h3>\n<ul data-start=\"1770\" data-end=\"2163\">\n<li data-start=\"1770\" data-end=\"1833\">\n<p data-start=\"1772\" data-end=\"1833\">\u26a1 <strong data-start=\"1774\" data-end=\"1792\">Szybka dostawa<\/strong> \u2013 licencje na e-mail w 1 dzie\u0144 roboczy<\/p>\n<\/li>\n<li data-start=\"1834\" data-end=\"1888\">\n<p data-start=\"1836\" data-end=\"1888\">\ud83d\udcd1 <strong data-start=\"1839\" data-end=\"1861\">Pe\u0142na kontrola PDF<\/strong> \u2013 Acrobat Pro 2019<\/p>\n<\/li>\n<li data-start=\"1889\" data-end=\"1957\">\n<p data-start=\"1891\" data-end=\"1957\">\ud83d\udcbb <strong data-start=\"1894\" data-end=\"1922\">Najlepszy pakiet biurowy<\/strong> \u2013 Microsoft Office 2024 Pro Plus<\/p>\n<\/li>\n<li data-start=\"1958\" data-end=\"2026\">\n<p data-start=\"1960\" data-end=\"2026\">\ud83d\udd12 <strong data-start=\"1963\" data-end=\"1992\">Bezpiecze\u0144stwo dokument\u00f3w<\/strong> \u2013 szyfrowanie i podpisy cyfrowe<\/p>\n<\/li>\n<li data-start=\"2027\" data-end=\"2100\">\n<p data-start=\"2029\" data-end=\"2100\">\ud83d\ude80 <strong data-start=\"2032\" data-end=\"2051\">Wszechstronno\u015b\u0107<\/strong> \u2013 praca biurowa, edukacja, domowe zastosowania<\/p>\n<\/li>\n<li data-start=\"2101\" data-end=\"2163\">\n<p data-start=\"2103\" data-end=\"2163\">\ud83e\udd1d <strong data-start=\"2106\" data-end=\"2128\">Idealne po\u0142\u0105czenie<\/strong> \u2013 edycja PDF + narz\u0119dzia biurowe<\/p>\n<\/li>\n<\/ul>\n<hr data-start=\"2165\" data-end=\"2168\" \/>\n<h3 data-start=\"2170\" data-end=\"2202\"><\/h3>","protected":false},"featured_media":1416,"comment_status":"open","ping_status":"closed","template":"","meta":[],"product_brand":[],"product_cat":[49,33,34,52,32,51,35],"product_tag":[],"class_list":{"0":"post-1365","1":"product","2":"type-product","3":"status-publish","4":"has-post-thumbnail","6":"product_cat-biuro","7":"product_cat-design-engineering","8":"product_cat-graphical","9":"product_cat-oferty-pakietowe","10":"product_cat-office","11":"product_cat-oprogramowanie-graficzne","12":"product_cat-package-deals","14":"first","15":"instock","16":"sale","17":"shipping-taxable","18":"purchasable","19":"product-type-simple"},"_links":{"self":[{"href":"https:\/\/softsrl.pl\/pl\/wp-json\/wp\/v2\/product\/1365","targetHints":{"allow":["GET"]}}],"collection":[{"href":"https:\/\/softsrl.pl\/pl\/wp-json\/wp\/v2\/product"}],"about":[{"href":"https:\/\/softsrl.pl\/pl\/wp-json\/wp\/v2\/types\/product"}],"replies":[{"embeddable":true,"href":"https:\/\/softsrl.pl\/pl\/wp-json\/wp\/v2\/comments?post=1365"}],"wp:featuredmedia":[{"embeddable":true,"href":"https:\/\/softsrl.pl\/pl\/wp-json\/wp\/v2\/media\/1416"}],"wp:attachment":[{"href":"https:\/\/softsrl.pl\/pl\/wp-json\/wp\/v2\/media?parent=1365"}],"wp:term":[{"taxonomy":"product_brand","embeddable":true,"href":"https:\/\/softsrl.pl\/pl\/wp-json\/wp\/v2\/product_brand?post=1365"},{"taxonomy":"product_cat","embeddable":true,"href":"https:\/\/softsrl.pl\/pl\/wp-json\/wp\/v2\/product_cat?post=1365"},{"taxonomy":"product_tag","embeddable":true,"href":"https:\/\/softsrl.pl\/pl\/wp-json\/wp\/v2\/product_tag?post=1365"}],"curies":[{"name":"wp","href":"https:\/\/api.w.org\/{rel}","templated":true}]}}