{"id":1366,"date":"2025-11-21T14:23:32","date_gmt":"2025-11-21T14:23:32","guid":{"rendered":"https:\/\/softsrl.pl\/?post_type=product&#038;p=1366"},"modified":"2025-11-24T12:41:21","modified_gmt":"2025-11-24T12:41:21","slug":"acrobat-pro-2019-microsoft-office-365","status":"publish","type":"product","link":"https:\/\/softsrl.pl\/pl\/produkt\/acrobat-pro-2019-microsoft-office-365\/","title":{"rendered":"Acrobat Pro 2019 + Microsoft Office 365"},"content":{"rendered":"<h3 data-start=\"111\" data-end=\"201\">Acrobat Pro 2019 + Microsoft Office 365 \u2013 Idealne po\u0142\u0105czenie dla pracy i nauki<\/h3>\n<p data-start=\"203\" data-end=\"548\">Ten pakiet \u0142\u0105czy w sobie<strong data-start=\"228\" data-end=\"254\">\u00a0Acrobat Pro 2019<\/strong>, jedno z najbardziej cenionych narz\u0119dzi do obs\u0142ugi i edycji dokument\u00f3w PDF, oraz <strong data-start=\"336\" data-end=\"360\">Microsoft Office 365<\/strong>, najnowsz\u0105 wersj\u0119 pakietu biurowego dost\u0119pnego w modelu subskrypcji. To zestaw, kt\u00f3ry gwarantuje pe\u0142n\u0105 kontrol\u0119 nad dokumentami, wszechstronno\u015b\u0107 oraz wygod\u0119 pracy na wielu urz\u0105dzeniach.<\/p>\n<h4 data-start=\"550\" data-end=\"608\">Acrobat Pro 2019 \u2013 Twoje centrum pracy z PDF:<\/h4>\n<ul data-start=\"609\" data-end=\"993\">\n<li data-start=\"609\" data-end=\"697\">\n<p data-start=\"611\" data-end=\"697\"><strong data-start=\"611\" data-end=\"644\">Tworzenie i edycja plik\u00f3w PDF<\/strong> \u2013 konwersja z Word, Excel, PowerPoint i odwrotnie.<\/p>\n<\/li>\n<li data-start=\"698\" data-end=\"780\">\n<p data-start=\"700\" data-end=\"780\"><strong data-start=\"700\" data-end=\"739\">Zaawansowane funkcje bezpiecze\u0144stwa<\/strong> \u2013 szyfrowanie, has\u0142a, podpisy cyfrowe.<\/p>\n<\/li>\n<li data-start=\"781\" data-end=\"856\">\n<p data-start=\"783\" data-end=\"856\"><strong data-start=\"783\" data-end=\"818\">\u0141\u0105czenie i dzielenie dokument\u00f3w<\/strong> \u2013 pe\u0142na kontrola nad struktur\u0105 PDF.<\/p>\n<\/li>\n<li data-start=\"857\" data-end=\"916\">\n<p data-start=\"859\" data-end=\"916\"><strong data-start=\"859\" data-end=\"884\">Recenzje i komentarze<\/strong> \u2013 \u0142atwa wsp\u00f3\u0142praca w zespole.<\/p>\n<\/li>\n<li data-start=\"917\" data-end=\"993\">\n<p data-start=\"919\" data-end=\"993\"><strong data-start=\"919\" data-end=\"936\">Optymalizacja<\/strong> \u2013 zmniejszanie rozmiaru plik\u00f3w PDF bez utraty jako\u015bci.<\/p>\n<\/li>\n<\/ul>\n<h4 data-start=\"995\" data-end=\"1056\">Microsoft Office 365 \u2013 nowoczesne rozwi\u0105zanie biurowe:<\/h4>\n<ul data-start=\"1057\" data-end=\"1512\">\n<li data-start=\"1057\" data-end=\"1154\">\n<p data-start=\"1059\" data-end=\"1154\"><strong data-start=\"1059\" data-end=\"1095\">Word, Excel, PowerPoint, Outlook<\/strong> \u2013 wszystkie najwa\u017cniejsze aplikacje w najnowszej wersji.<\/p>\n<\/li>\n<li data-start=\"1155\" data-end=\"1231\">\n<p data-start=\"1157\" data-end=\"1231\"><strong data-start=\"1157\" data-end=\"1177\">OneNote i Access<\/strong> \u2013 dodatkowe wsparcie w organizacji i bazach danych.<\/p>\n<\/li>\n<li data-start=\"1232\" data-end=\"1348\">\n<p data-start=\"1234\" data-end=\"1348\"><strong data-start=\"1234\" data-end=\"1264\">Licencja na wiele urz\u0105dze\u0144<\/strong> \u2013 jedno konto dzia\u0142a jednocze\u015bnie na komputerze, laptopie, tablecie i smartfonie.<\/p>\n<\/li>\n<li data-start=\"1349\" data-end=\"1441\">\n<p data-start=\"1351\" data-end=\"1441\"><strong data-start=\"1351\" data-end=\"1376\">Chmura OneDrive (1TB)<\/strong> \u2013 bezpieczne przechowywanie plik\u00f3w i dost\u0119p z ka\u017cdego miejsca.<\/p>\n<\/li>\n<li data-start=\"1442\" data-end=\"1512\">\n<p data-start=\"1444\" data-end=\"1512\"><strong data-start=\"1444\" data-end=\"1473\">Automatyczne aktualizacje<\/strong> \u2013 zawsze najnowsze wersje aplikacji.<\/p>\n<\/li>\n<\/ul>\n<p data-start=\"1514\" data-end=\"1721\">Pakiet<strong data-start=\"1521\" data-end=\"1570\">\u00a0Acrobat Pro 2019 + Microsoft Office 365<\/strong> to kompletne rozwi\u0105zanie dla firm, student\u00f3w i os\u00f3b pracuj\u0105cych zdalnie \u2013 idealne do codziennych zada\u0144 biurowych, komunikacji i pracy z dokumentami.<\/p>\n<p data-start=\"1723\" data-end=\"1894\">\ud83d\udce9 <strong data-start=\"1726\" data-end=\"1795\">Licencje cyfrowe dostarczane s\u0105 e-mailem w ci\u0105gu 1 dnia roboczego<\/strong>, co pozwala rozpocz\u0105\u0107 korzystanie z pe\u0142nych mo\u017cliwo\u015bci oprogramowania niemal od razu po zakupie.<\/p>","protected":false},"excerpt":{"rendered":"<h3 data-start=\"1901\" data-end=\"1941\">\u2b50 Najwa\u017cniejsze cechy \u2013 w skr\u00f3cie:<\/h3>\n<ul data-start=\"1942\" data-end=\"2432\">\n<li data-start=\"1942\" data-end=\"2013\">\n<p data-start=\"1944\" data-end=\"2013\">\u26a1 <strong data-start=\"1946\" data-end=\"1964\">Szybka dostawa<\/strong> \u2013 licencje wysy\u0142ane e-mailem w 1 dzie\u0144 roboczy<\/p>\n<\/li>\n<li data-start=\"2014\" data-end=\"2088\">\n<p data-start=\"2016\" data-end=\"2088\">\ud83d\udcd1<strong data-start=\"2019\" data-end=\"2045\">\u00a0Acrobat Pro 2019<\/strong> \u2013 edycja, konwersja i ochrona plik\u00f3w PDF<\/p>\n<\/li>\n<li data-start=\"2089\" data-end=\"2164\">\n<p data-start=\"2091\" data-end=\"2164\">\ud83d\udcbb <strong data-start=\"2094\" data-end=\"2118\">Microsoft Office 365<\/strong> \u2013 Word, Excel, PowerPoint, Outlook i wi\u0119cej<\/p>\n<\/li>\n<li data-start=\"2165\" data-end=\"2234\">\n<p data-start=\"2167\" data-end=\"2234\">\ud83d\udcf1 <strong data-start=\"2170\" data-end=\"2200\">Licencja na wiele urz\u0105dze\u0144<\/strong> \u2013 komputer + urz\u0105dzenia mobilne<\/p>\n<\/li>\n<li data-start=\"2235\" data-end=\"2309\">\n<p data-start=\"2237\" data-end=\"2309\">\u2601\ufe0f <strong data-start=\"2240\" data-end=\"2256\">OneDrive 1TB<\/strong> \u2013 chmura do przechowywania i synchronizacji plik\u00f3w<\/p>\n<\/li>\n<li data-start=\"2310\" data-end=\"2367\">\n<p data-start=\"2312\" data-end=\"2367\">\ud83d\udd12 <strong data-start=\"2315\" data-end=\"2333\">Bezpiecze\u0144stwo<\/strong> \u2013 szyfrowanie i podpisy cyfrowe<\/p>\n<\/li>\n<li data-start=\"2368\" data-end=\"2432\">\n<p data-start=\"2370\" data-end=\"2432\">\ud83d\ude80 <strong data-start=\"2373\" data-end=\"2392\">Wszechstronno\u015b\u0107<\/strong> \u2013 dla biura, edukacji i pracy zdalnej<\/p>\n<\/li>\n<\/ul>","protected":false},"featured_media":1417,"comment_status":"open","ping_status":"closed","template":"","meta":[],"product_brand":[],"product_cat":[49,34,52,32,51,35],"product_tag":[],"class_list":{"0":"post-1366","1":"product","2":"type-product","3":"status-publish","4":"has-post-thumbnail","6":"product_cat-biuro","7":"product_cat-graphical","8":"product_cat-oferty-pakietowe","9":"product_cat-office","10":"product_cat-oprogramowanie-graficzne","11":"product_cat-package-deals","13":"first","14":"instock","15":"sale","16":"shipping-taxable","17":"purchasable","18":"product-type-simple"},"_links":{"self":[{"href":"https:\/\/softsrl.pl\/pl\/wp-json\/wp\/v2\/product\/1366","targetHints":{"allow":["GET"]}}],"collection":[{"href":"https:\/\/softsrl.pl\/pl\/wp-json\/wp\/v2\/product"}],"about":[{"href":"https:\/\/softsrl.pl\/pl\/wp-json\/wp\/v2\/types\/product"}],"replies":[{"embeddable":true,"href":"https:\/\/softsrl.pl\/pl\/wp-json\/wp\/v2\/comments?post=1366"}],"wp:featuredmedia":[{"embeddable":true,"href":"https:\/\/softsrl.pl\/pl\/wp-json\/wp\/v2\/media\/1417"}],"wp:attachment":[{"href":"https:\/\/softsrl.pl\/pl\/wp-json\/wp\/v2\/media?parent=1366"}],"wp:term":[{"taxonomy":"product_brand","embeddable":true,"href":"https:\/\/softsrl.pl\/pl\/wp-json\/wp\/v2\/product_brand?post=1366"},{"taxonomy":"product_cat","embeddable":true,"href":"https:\/\/softsrl.pl\/pl\/wp-json\/wp\/v2\/product_cat?post=1366"},{"taxonomy":"product_tag","embeddable":true,"href":"https:\/\/softsrl.pl\/pl\/wp-json\/wp\/v2\/product_tag?post=1366"}],"curies":[{"name":"wp","href":"https:\/\/api.w.org\/{rel}","templated":true}]}}