{"id":1367,"date":"2025-11-21T14:23:32","date_gmt":"2025-11-21T14:23:32","guid":{"rendered":"https:\/\/softsrl.pl\/?post_type=product&#038;p=1367"},"modified":"2026-04-11T07:50:58","modified_gmt":"2026-04-11T07:50:58","slug":"acrobat-pro-2025-windows","status":"publish","type":"product","link":"https:\/\/softsrl.pl\/pl\/produkt\/acrobat-pro-2025-windows\/","title":{"rendered":"Acrobat Pro 2025 &#8211; Windows"},"content":{"rendered":"<p data-start=\"130\" data-end=\"546\">Acrobat Pro 2025 dla systemu Windows to najnowsza ewolucja najbardziej zaufanego oprogramowania do obs\u0142ugi plik\u00f3w PDF, oferuj\u0105ca zaawansowane funkcje, niezr\u00f3wnan\u0105 kompatybilno\u015b\u0107 oraz intuicyjn\u0105 obs\u0142ug\u0119 stworzon\u0105 dla profesjonalist\u00f3w, student\u00f3w i firm. Ta edycja jeszcze bardziej udoskonala spos\u00f3b tworzenia, zarz\u0105dzania i pracy z dokumentami, gwarantuj\u0105c szybko\u015b\u0107, precyzj\u0119 i bezpiecze\u0144stwo na ka\u017cdym etapie.<\/p>\n<p data-start=\"548\" data-end=\"1011\"><strong data-start=\"548\" data-end=\"580\">\u0141atwe tworzenie i edycja PDF<\/strong><br data-start=\"580\" data-end=\"583\" \/>Dzi\u0119ki Acrobat Pro 2025 mo\u017cesz generowa\u0107 pliki PDF praktycznie z ka\u017cdego formatu \u2013 Word, Excel, PowerPoint, obrazy, HTML czy zeskanowane dokumenty. Gotowe pliki PDF mo\u017cna w pe\u0142ni edytowa\u0107: zmienia\u0107 tekst, dostosowywa\u0107 czcionki, przenosi\u0107 akapity czy aktualizowa\u0107 osadzone grafiki. Udoskonalona technologia OCR (rozpoznawania tekstu) sprawia, \u017ce nawet zeskanowane obrazy mo\u017cna przekszta\u0142ci\u0107 w pliki edytowalne i przeszukiwalne.<\/p>\n<p data-start=\"1423\" data-end=\"1764\"><strong data-start=\"1423\" data-end=\"1454\">Pot\u0119\u017cne narz\u0119dzia konwersji<\/strong><br data-start=\"1454\" data-end=\"1457\" \/>\u0141atwo konwertuj PDF-y z powrotem na w pe\u0142ni edytowalne pliki Microsoft Office, obrazy lub dokumenty w formacie RTF, bez utraty jako\u015bci formatowania. Potrzebujesz po\u0142\u0105czy\u0107 kilka r\u00f3\u017cnych plik\u00f3w w jeden, uporz\u0105dkowany portfel PDF? Acrobat Pro 2025 zrobi to b\u0142yskawicznie, tworz\u0105c profesjonalny efekt ko\u0144cowy.<\/p>\n<p data-start=\"1766\" data-end=\"2120\"><strong data-start=\"1766\" data-end=\"1806\">Zwi\u0119kszone bezpiecze\u0144stwo i zgodno\u015b\u0107<\/strong><br data-start=\"1806\" data-end=\"1809\" \/>Bezpiecze\u0144stwo to kluczowy element Acrobat Pro 2025. Dodawaj has\u0142a, ograniczaj mo\u017cliwo\u015b\u0107 edycji lub drukowania, korzystaj z narz\u0119dzi do trwa\u0142ego usuwania poufnych danych. Podpisy cyfrowe i uwierzytelnianie certyfikatami zapewniaj\u0105 zgodno\u015b\u0107 ze standardami prawnymi i biznesowymi, daj\u0105c pe\u0142ne poczucie pewno\u015bci.<\/p>\n<p data-start=\"2122\" data-end=\"2577\"><strong data-start=\"2122\" data-end=\"2162\">Produktywno\u015b\u0107 na najwy\u017cszym poziomie<\/strong><br data-start=\"2162\" data-end=\"2165\" \/>Nowy interfejs z 2025 roku jest szybszy, bardziej nowoczesny i zoptymalizowany pod k\u0105tem systemu Windows. Przetwarzanie wsadowe umo\u017cliwia zastosowanie tych samych akcji (znaki wodne, nag\u0142\u00f3wki, stopki, ustawienia bezpiecze\u0144stwa) do setek plik\u00f3w naraz.<\/p>\n<p data-start=\"2579\" data-end=\"2899\"><strong data-start=\"2579\" data-end=\"2605\">Dost\u0119pno\u015b\u0107 i mobilno\u015b\u0107<\/strong><br data-start=\"2605\" data-end=\"2608\" \/>Acrobat Pro 2025 gwarantuje pe\u0142n\u0105 dost\u0119pno\u015b\u0107 dzi\u0119ki lepszemu wsparciu dla czytnik\u00f3w ekranu oraz rozbudowanym testom dost\u0119pno\u015bci. Dokumenty stworzone w systemie Windows mo\u017cna bez problemu udost\u0119pnia\u0107 na komputerach Mac, urz\u0105dzeniach mobilnych czy w chmurze \u2013 zawsze z zachowaniem sp\u00f3jno\u015bci.<\/p>\n<p data-start=\"2901\" data-end=\"2916\"><strong data-start=\"2901\" data-end=\"2914\">Dla kogo?<\/strong><\/p>\n<ul data-start=\"2917\" data-end=\"3229\">\n<li data-start=\"2917\" data-end=\"2992\">\n<p data-start=\"2919\" data-end=\"2992\">Firmy potrzebuj\u0105ce profesjonalnego i bezpiecznego obiegu dokument\u00f3w PDF<\/p>\n<\/li>\n<li data-start=\"2993\" data-end=\"3061\">\n<p data-start=\"2995\" data-end=\"3061\">Studenci przygotowuj\u0105cy prace badawcze i materia\u0142y z adnotacjami<\/p>\n<\/li>\n<li data-start=\"3062\" data-end=\"3142\">\n<p data-start=\"3064\" data-end=\"3142\">Prawnicy, finansi\u015bci i administracja, wymagaj\u0105cy zgodnych prawnie dokument\u00f3w<\/p>\n<\/li>\n<li data-start=\"3143\" data-end=\"3229\">\n<p data-start=\"3145\" data-end=\"3229\">Graficy i kreatywni u\u017cytkownicy, kt\u00f3rym zale\u017cy na precyzyjnej kontroli nad uk\u0142adem<\/p>\n<\/li>\n<\/ul>\n<p data-start=\"3231\" data-end=\"3259\"><strong data-start=\"3231\" data-end=\"3257\">Najwa\u017cniejsze funkcje:<\/strong><\/p>\n<ul data-start=\"3260\" data-end=\"3584\">\n<li data-start=\"3260\" data-end=\"3322\">\n<p data-start=\"3262\" data-end=\"3322\">Tworzenie, edycja i konwersja PDF-\u00f3w z zachowaniem formatu<\/p>\n<\/li>\n<li data-start=\"3323\" data-end=\"3370\">\n<p data-start=\"3325\" data-end=\"3370\">Udoskonalony OCR dla dokument\u00f3w skanowanych<\/p>\n<\/li>\n<li data-start=\"3423\" data-end=\"3476\">\n<p data-start=\"3425\" data-end=\"3476\">Bezpiecze\u0144stwo klasy biznesowej i podpisy cyfrowe<\/p>\n<\/li>\n<li data-start=\"3477\" data-end=\"3538\">\n<p data-start=\"3479\" data-end=\"3538\">Szybszy, od\u015bwie\u017cony interfejs zoptymalizowany dla Windows<\/p>\n<\/li>\n<\/ul>\n<p data-start=\"3586\" data-end=\"3768\">Acrobat Pro 2025 dla Windows to nie tylko narz\u0119dzie, lecz pe\u0142ne cyfrowe \u015brodowisko pracy \u2013 umo\u017cliwiaj\u0105ce obs\u0142ug\u0119 dokument\u00f3w z pe\u0142n\u0105 pewno\u015bci\u0105, efektywno\u015bci\u0105 i pe\u0142n\u0105 kontrol\u0105.<\/p>","protected":false},"excerpt":{"rendered":"<ul>\n<li>\ud83d\udd0d Ulepszony OCR \u2013 zamiana skan\u00f3w na edytowalne dokumenty<\/li>\n<li>\ud83d\udd04 Konwersja PDF do Word, Excel, PowerPoint i innych format\u00f3w<\/li>\n<li>\ud83d\udd10 Pe\u0142ne bezpiecze\u0144stwo \u2013 has\u0142a, szyfrowanie, podpisy cyfrowe<\/li>\n<li>\u26a1 Szybszy, nowoczesny interfejs zoptymalizowany dla Windows<\/li>\n<li>\ud83d\udce7 Natychmiastowa dostawa w 1 dzie\u0144 roboczy (email)<\/li>\n<\/ul>","protected":false},"featured_media":1418,"comment_status":"open","ping_status":"closed","template":"","meta":[],"product_brand":[],"product_cat":[34,51],"product_tag":[],"class_list":{"0":"post-1367","1":"product","2":"type-product","3":"status-publish","4":"has-post-thumbnail","6":"product_cat-graphical","7":"product_cat-oprogramowanie-graficzne","9":"first","10":"instock","11":"sale","12":"virtual","13":"purchasable","14":"product-type-simple"},"_links":{"self":[{"href":"https:\/\/softsrl.pl\/pl\/wp-json\/wp\/v2\/product\/1367","targetHints":{"allow":["GET"]}}],"collection":[{"href":"https:\/\/softsrl.pl\/pl\/wp-json\/wp\/v2\/product"}],"about":[{"href":"https:\/\/softsrl.pl\/pl\/wp-json\/wp\/v2\/types\/product"}],"replies":[{"embeddable":true,"href":"https:\/\/softsrl.pl\/pl\/wp-json\/wp\/v2\/comments?post=1367"}],"wp:featuredmedia":[{"embeddable":true,"href":"https:\/\/softsrl.pl\/pl\/wp-json\/wp\/v2\/media\/1418"}],"wp:attachment":[{"href":"https:\/\/softsrl.pl\/pl\/wp-json\/wp\/v2\/media?parent=1367"}],"wp:term":[{"taxonomy":"product_brand","embeddable":true,"href":"https:\/\/softsrl.pl\/pl\/wp-json\/wp\/v2\/product_brand?post=1367"},{"taxonomy":"product_cat","embeddable":true,"href":"https:\/\/softsrl.pl\/pl\/wp-json\/wp\/v2\/product_cat?post=1367"},{"taxonomy":"product_tag","embeddable":true,"href":"https:\/\/softsrl.pl\/pl\/wp-json\/wp\/v2\/product_tag?post=1367"}],"curies":[{"name":"wp","href":"https:\/\/api.w.org\/{rel}","templated":true}]}}