{"id":1368,"date":"2025-11-21T14:23:32","date_gmt":"2025-11-21T14:23:32","guid":{"rendered":"https:\/\/softsrl.pl\/?post_type=product&#038;p=1368"},"modified":"2025-11-24T12:41:05","modified_gmt":"2025-11-24T12:41:05","slug":"microsoft-office-365-acrobat-pro-2020","status":"publish","type":"product","link":"https:\/\/softsrl.pl\/pl\/produkt\/microsoft-office-365-acrobat-pro-2020\/","title":{"rendered":"Microsoft Office 365 + Acrobat Pro 2020"},"content":{"rendered":"<h3 data-start=\"3056\" data-end=\"3167\">Microsoft Office 365 + Acrobat Pro 2020 \u2013 Kompletny pakiet produktywno\u015bci i zarz\u0105dzania dokumentami<\/h3>\n<p data-start=\"3169\" data-end=\"3600\">Je\u015bli szukasz <strong data-start=\"3183\" data-end=\"3222\">idealnego po\u0142\u0105czenia oprogramowania<\/strong>, kt\u00f3re pokryje wszystkie Twoje potrzeby biznesowe, edukacyjne i osobiste, ten zestaw <strong data-start=\"3308\" data-end=\"3332\">Microsoft Office 365<\/strong> oraz<strong data-start=\"3338\" data-end=\"3364\">\u00a0Acrobat Pro 2020<\/strong> jest dok\u0142adnie tym, czego potrzebujesz. \u0141\u0105czy w sobie <strong data-start=\"3419\" data-end=\"3457\">najbardziej zaufany pakiet biurowy<\/strong> z <strong data-start=\"3460\" data-end=\"3503\">bran\u017cowym standardem obs\u0142ugi plik\u00f3w PDF<\/strong>, tworz\u0105c pe\u0142ne narz\u0119dzie cyfrowe do wydajnej pracy, kreatywno\u015bci i profesjonalnych rezultat\u00f3w.<\/p>\n<p data-start=\"3602\" data-end=\"4286\">Dzi\u0119ki <strong data-start=\"3609\" data-end=\"3633\">Microsoft Office 365<\/strong> otrzymujesz dost\u0119p do najnowszych wersji klasycznych aplikacji takich jak <strong data-start=\"3708\" data-end=\"3776\">Word, Excel, PowerPoint, Outlook, OneNote, Publisher oraz Access<\/strong>. Programy s\u0105 stale aktualizowane, aby\u015b zawsze korzysta\u0142 z najnowszych funkcji, lepszego bezpiecze\u0144stwa i integracji z chmur\u0105. Niezale\u017cnie od tego, czy piszesz raporty, analizujesz dane, tworzysz efektowne prezentacje, czy komunikujesz si\u0119 mailowo \u2013 Office 365 zapewnia mo\u017cliwo\u015b\u0107 <strong data-start=\"4056\" data-end=\"4107\">pracy w dowolnym miejscu, na wielu urz\u0105dzeniach<\/strong>. Integracja z <strong data-start=\"4122\" data-end=\"4134\">OneDrive<\/strong> umo\u017cliwia \u0142atwe przechowywanie i udost\u0119pnianie plik\u00f3w, a narz\u0119dzia wsp\u00f3\u0142pracy takie jak <strong data-start=\"4223\" data-end=\"4232\">Teams<\/strong> pozwalaj\u0105 na prac\u0119 zespo\u0142ow\u0105 w czasie rzeczywistym.<\/p>\n<p data-start=\"4288\" data-end=\"4569\">Z kolei<strong data-start=\"4296\" data-end=\"4322\">\u00a0Acrobat Pro 2020<\/strong> to <strong data-start=\"4326\" data-end=\"4370\">profesjonalne rozwi\u0105zanie do obs\u0142ugi PDF<\/strong>. Umo\u017cliwia tworzenie, edycj\u0119, podpisywanie, zabezpieczanie i udost\u0119pnianie plik\u00f3w PDF z pe\u0142n\u0105 kontrol\u0105. W odr\u00f3\u017cnieniu od darmowych alternatyw, Acrobat Pro zapewnia zaawansowane funkcje, takie jak:<\/p>\n<ul data-start=\"4570\" data-end=\"4814\">\n<li data-start=\"4570\" data-end=\"4646\">\n<p data-start=\"4572\" data-end=\"4646\">konwersja PDF do w pe\u0142ni edytowalnych plik\u00f3w Word, Excel czy PowerPoint,<\/p>\n<\/li>\n<li data-start=\"4647\" data-end=\"4697\">\n<p data-start=\"4649\" data-end=\"4697\">por\u00f3wnywanie dokument\u00f3w w celu wykrycia zmian,<\/p>\n<\/li>\n<li data-start=\"4698\" data-end=\"4760\">\n<p data-start=\"4700\" data-end=\"4760\">dodawanie zabezpiecze\u0144 (has\u0142a, podpisy cyfrowe, redakcje),<\/p>\n<\/li>\n<li data-start=\"4761\" data-end=\"4814\">\n<p data-start=\"4763\" data-end=\"4814\">optymalizacja PDF do druku lub publikacji online.<\/p>\n<\/li>\n<\/ul>\n<p data-start=\"4816\" data-end=\"5226\">Razem oba programy tworz\u0105 <strong data-start=\"4842\" data-end=\"4878\">pot\u0119\u017cny ekosystem produktywno\u015bci<\/strong>. Microsoft Office 365 odpowiada za <strong data-start=\"4914\" data-end=\"4953\">tworzenie, komunikacj\u0119 i wsp\u00f3\u0142prac\u0119<\/strong>, a Acrobat Pro 2020 zapewnia, \u017ce Twoje dokumenty pozostan\u0105 <strong data-start=\"5019\" data-end=\"5074\">profesjonalne, bezpieczne i dost\u0119pne w formacie PDF<\/strong>. To <strong data-start=\"5079\" data-end=\"5097\">idealny zestaw<\/strong> dla profesjonalist\u00f3w, firm, student\u00f3w oraz wszystkich, kt\u00f3rzy potrzebuj\u0105 <strong data-start=\"5171\" data-end=\"5223\">niezawodnych, uznanych na ca\u0142ym \u015bwiecie narz\u0119dzi<\/strong>.<\/p>","protected":false},"excerpt":{"rendered":"<ul data-start=\"5272\" data-end=\"5715\">\n<li data-start=\"5272\" data-end=\"5311\">\n<p data-start=\"5274\" data-end=\"5311\">\ud83d\udda5\ufe0f Kompletny pakiet produktywno\u015bci<\/p>\n<\/li>\n<li data-start=\"5312\" data-end=\"5384\">\n<p data-start=\"5314\" data-end=\"5384\">\ud83d\udcca Aplikacje Microsoft Office 365 (Word, Excel, PowerPoint i wi\u0119cej)<\/p>\n<\/li>\n<li data-start=\"5385\" data-end=\"5443\">\n<p data-start=\"5387\" data-end=\"5443\">\u2601\ufe0f Praca w chmurze i wsp\u00f3\u0142praca przez OneDrive i Teams<\/p>\n<\/li>\n<li data-start=\"5444\" data-end=\"5498\">\n<p data-start=\"5446\" data-end=\"5498\">\u270d\ufe0f Tworzenie i edycja PDF w Acrobat Pro 2020<\/p>\n<\/li>\n<li data-start=\"5499\" data-end=\"5555\">\n<p data-start=\"5501\" data-end=\"5555\">\ud83d\udd10 Zabezpieczanie plik\u00f3w has\u0142em, podpisem i redakcj\u0105<\/p>\n<\/li>\n<li data-start=\"5556\" data-end=\"5603\">\n<p data-start=\"5558\" data-end=\"5603\">\ud83d\udd04 Konwersja PDF do Word, Excel, PowerPoint<\/p>\n<\/li>\n<li data-start=\"5604\" data-end=\"5653\">\n<p data-start=\"5606\" data-end=\"5653\">\ud83d\udcd1 Idealne do biznesu, nauki i biura domowego<\/p>\n<\/li>\n<li data-start=\"5654\" data-end=\"5715\">\n<p data-start=\"5656\" data-end=\"5715\">\ud83d\ude80 Zwi\u0119ksza wydajno\u015b\u0107, profesjonalizm i organizacj\u0119 pracy<\/p>\n<\/li>\n<\/ul>","protected":false},"featured_media":1419,"comment_status":"open","ping_status":"closed","template":"","meta":[],"product_brand":[],"product_cat":[49,34,52,32,51,35],"product_tag":[],"class_list":{"0":"post-1368","1":"product","2":"type-product","3":"status-publish","4":"has-post-thumbnail","6":"product_cat-biuro","7":"product_cat-graphical","8":"product_cat-oferty-pakietowe","9":"product_cat-office","10":"product_cat-oprogramowanie-graficzne","11":"product_cat-package-deals","13":"first","14":"instock","15":"sale","16":"shipping-taxable","17":"purchasable","18":"product-type-simple"},"_links":{"self":[{"href":"https:\/\/softsrl.pl\/pl\/wp-json\/wp\/v2\/product\/1368","targetHints":{"allow":["GET"]}}],"collection":[{"href":"https:\/\/softsrl.pl\/pl\/wp-json\/wp\/v2\/product"}],"about":[{"href":"https:\/\/softsrl.pl\/pl\/wp-json\/wp\/v2\/types\/product"}],"replies":[{"embeddable":true,"href":"https:\/\/softsrl.pl\/pl\/wp-json\/wp\/v2\/comments?post=1368"}],"wp:featuredmedia":[{"embeddable":true,"href":"https:\/\/softsrl.pl\/pl\/wp-json\/wp\/v2\/media\/1419"}],"wp:attachment":[{"href":"https:\/\/softsrl.pl\/pl\/wp-json\/wp\/v2\/media?parent=1368"}],"wp:term":[{"taxonomy":"product_brand","embeddable":true,"href":"https:\/\/softsrl.pl\/pl\/wp-json\/wp\/v2\/product_brand?post=1368"},{"taxonomy":"product_cat","embeddable":true,"href":"https:\/\/softsrl.pl\/pl\/wp-json\/wp\/v2\/product_cat?post=1368"},{"taxonomy":"product_tag","embeddable":true,"href":"https:\/\/softsrl.pl\/pl\/wp-json\/wp\/v2\/product_tag?post=1368"}],"curies":[{"name":"wp","href":"https:\/\/api.w.org\/{rel}","templated":true}]}}