{"id":1393,"date":"2025-11-21T14:23:53","date_gmt":"2025-11-21T14:23:53","guid":{"rendered":"https:\/\/softsrl.pl\/?post_type=product&#038;p=1393"},"modified":"2025-11-24T12:45:05","modified_gmt":"2025-11-24T12:45:05","slug":"microsoft-office-2024-pro-plus-acrobat-pro-2025","status":"publish","type":"product","link":"https:\/\/softsrl.pl\/pl\/produkt\/microsoft-office-2024-pro-plus-acrobat-pro-2025\/","title":{"rendered":"Microsoft Office 2024 Pro Plus + Acrobat Pro 2025"},"content":{"rendered":"<p data-start=\"167\" data-end=\"367\"><strong data-start=\"167\" data-end=\"226\">Microsoft Office 2024 Pro Plus + Acrobat Pro 2025<\/strong> to wszechstronny zestaw, kt\u00f3ry \u0142\u0105czy narz\u0119dzia biurowe najwy\u017cszej klasy z najbardziej zaawansowanym oprogramowaniem do obs\u0142ugi plik\u00f3w PDF.<\/p>\n<p data-start=\"369\" data-end=\"833\"><strong data-start=\"369\" data-end=\"403\">Microsoft Office 2024 Pro Plus<\/strong> zawiera wszystkie kluczowe aplikacje, takie jak Word, Excel, PowerPoint, Outlook, Publisher czy Access. Dzi\u0119ki temu u\u017cytkownicy mog\u0105 pracowa\u0107 nad dokumentami tekstowymi, arkuszami kalkulacyjnymi, prezentacjami czy bazami danych w spos\u00f3b szybki, profesjonalny i intuicyjny. Nowa wersja oferuje lepsz\u0105 wydajno\u015b\u0107, udoskonalone narz\u0119dzia wsp\u00f3\u0142pracy online oraz nowoczesny interfejs dopasowany do potrzeb biznesowych i edukacyjnych.<\/p>\n<p data-start=\"835\" data-end=\"1172\"><strong data-start=\"835\" data-end=\"861\">Acrobat Pro 2025<\/strong> to najnowsza edycja legendarnego programu do pracy z PDF. Umo\u017cliwia tworzenie, edytowanie, \u0142\u0105czenie i konwertowanie dokument\u00f3w, a tak\u017ce dodawanie podpis\u00f3w elektronicznych, zabezpiecze\u0144 i komentarzy. Integracja z chmur\u0105 pozwala \u0142atwo wsp\u00f3\u0142pracowa\u0107 z zespo\u0142em i przechowywa\u0107 dokumenty w bezpiecznym \u015brodowisku.<\/p>\n<p data-start=\"1174\" data-end=\"1397\">Dzi\u0119ki temu pakietowi u\u017cytkownik zyskuje pe\u0142ne zaplecze biurowe i narz\u0119dzia do profesjonalnego zarz\u0105dzania dokumentami, co czyni go idealnym rozwi\u0105zaniem dla firm, instytucji oraz wymagaj\u0105cych u\u017cytkownik\u00f3w indywidualnych.<\/p>","protected":false},"excerpt":{"rendered":"<ul data-start=\"1443\" data-end=\"2161\">\n<li data-start=\"1443\" data-end=\"1561\">\n<p data-start=\"1445\" data-end=\"1561\">\ud83d\udcd1 <strong data-start=\"1448\" data-end=\"1482\">Microsoft Office 2024 Pro Plus<\/strong> \u2013 pe\u0142en zestaw aplikacji biurowych: Word, Excel, PowerPoint, Outlook i inne.<\/p>\n<\/li>\n<li data-start=\"1562\" data-end=\"1653\">\n<p data-start=\"1564\" data-end=\"1653\">\ud83d\udda5\ufe0f <strong data-start=\"1568\" data-end=\"1595\">Profesjonalne narz\u0119dzia<\/strong> \u2013 tworzenie dokument\u00f3w, raport\u00f3w, analiz i prezentacji.<\/p>\n<\/li>\n<li data-start=\"1654\" data-end=\"1738\">\n<p data-start=\"1656\" data-end=\"1738\">\ud83d\udcc4<strong data-start=\"1659\" data-end=\"1685\">\u00a0Acrobat Pro 2025<\/strong> \u2013 najnowsze oprogramowanie do pracy z plikami PDF.<\/p>\n<\/li>\n<li data-start=\"1739\" data-end=\"1832\">\n<p data-start=\"1741\" data-end=\"1832\">\u270d\ufe0f <strong data-start=\"1744\" data-end=\"1769\">Edycja i podpisywanie<\/strong> \u2013 pe\u0142na kontrola nad dokumentami, e-podpis i zabezpieczenia.<\/p>\n<\/li>\n<li data-start=\"1833\" data-end=\"1912\">\n<p data-start=\"1835\" data-end=\"1912\">\u2601\ufe0f <strong data-start=\"1838\" data-end=\"1861\">Integracja z chmur\u0105<\/strong> \u2013 wygodne udost\u0119pnianie i przechowywanie plik\u00f3w.<\/p>\n<\/li>\n<li data-start=\"1913\" data-end=\"2004\">\n<p data-start=\"1915\" data-end=\"2004\">\ud83d\ude80 <strong data-start=\"1918\" data-end=\"1946\">Wydajno\u015b\u0107 i nowoczesno\u015b\u0107<\/strong> \u2013 szybka praca i lepsze wsparcie dla wsp\u00f3\u0142pracy online.<\/p>\n<\/li>\n<li data-start=\"2005\" data-end=\"2082\">\n<p data-start=\"2007\" data-end=\"2082\">\ud83c\udf0d <strong data-start=\"2010\" data-end=\"2044\">Idealne dla biznesu i edukacji<\/strong> \u2013 niezast\u0105pione w codziennej pracy.<\/p>\n<\/li>\n<li data-start=\"2083\" data-end=\"2161\">\n<p data-start=\"2085\" data-end=\"2161\">\ud83c\udf81 <strong data-start=\"2088\" data-end=\"2108\">Kompletny pakiet<\/strong> \u2013 pe\u0142ne biuro i zarz\u0105dzanie PDF w jednym zestawie.<\/p>\n<\/li>\n<\/ul>","protected":false},"featured_media":1433,"comment_status":"open","ping_status":"closed","template":"","meta":[],"product_brand":[],"product_cat":[49,34,52,15,51,35],"product_tag":[],"class_list":{"0":"post-1393","1":"product","2":"type-product","3":"status-publish","4":"has-post-thumbnail","6":"product_cat-biuro","7":"product_cat-graphical","8":"product_cat-oferty-pakietowe","9":"product_cat-operating-systems","10":"product_cat-oprogramowanie-graficzne","11":"product_cat-package-deals","13":"first","14":"instock","15":"sale","16":"shipping-taxable","17":"purchasable","18":"product-type-simple"},"_links":{"self":[{"href":"https:\/\/softsrl.pl\/pl\/wp-json\/wp\/v2\/product\/1393","targetHints":{"allow":["GET"]}}],"collection":[{"href":"https:\/\/softsrl.pl\/pl\/wp-json\/wp\/v2\/product"}],"about":[{"href":"https:\/\/softsrl.pl\/pl\/wp-json\/wp\/v2\/types\/product"}],"replies":[{"embeddable":true,"href":"https:\/\/softsrl.pl\/pl\/wp-json\/wp\/v2\/comments?post=1393"}],"wp:featuredmedia":[{"embeddable":true,"href":"https:\/\/softsrl.pl\/pl\/wp-json\/wp\/v2\/media\/1433"}],"wp:attachment":[{"href":"https:\/\/softsrl.pl\/pl\/wp-json\/wp\/v2\/media?parent=1393"}],"wp:term":[{"taxonomy":"product_brand","embeddable":true,"href":"https:\/\/softsrl.pl\/pl\/wp-json\/wp\/v2\/product_brand?post=1393"},{"taxonomy":"product_cat","embeddable":true,"href":"https:\/\/softsrl.pl\/pl\/wp-json\/wp\/v2\/product_cat?post=1393"},{"taxonomy":"product_tag","embeddable":true,"href":"https:\/\/softsrl.pl\/pl\/wp-json\/wp\/v2\/product_tag?post=1393"}],"curies":[{"name":"wp","href":"https:\/\/api.w.org\/{rel}","templated":true}]}}