{"id":1401,"date":"2025-11-21T14:23:53","date_gmt":"2025-11-21T14:23:53","guid":{"rendered":"https:\/\/softsrl.pl\/?post_type=product&#038;p=1401"},"modified":"2025-11-24T12:43:44","modified_gmt":"2025-11-24T12:43:44","slug":"autodesk-autocad-2026-3-year","status":"publish","type":"product","link":"https:\/\/softsrl.pl\/pl\/produkt\/autodesk-autocad-2026-3-year\/","title":{"rendered":"Autodesk AutoCAD 2026 &#8211; 3 year"},"content":{"rendered":"<p data-start=\"289\" data-end=\"824\"><strong data-start=\"289\" data-end=\"325\">AutoCAD 2026 \u2013 licencja 3-letnia<\/strong> to kompleksowe rozwi\u0105zanie CAD nowej generacji, przeznaczone dla architekt\u00f3w, in\u017cynier\u00f3w i projektant\u00f3w, kt\u00f3rzy szukaj\u0105 d\u0142ugoterminowej stabilno\u015bci i przewidywalno\u015bci koszt\u00f3w. Oprogramowanie zapewnia wszystkie najnowsze funkcje AutoCAD 2026 z pe\u0142nym dost\u0119pem do narz\u0119dzi 2D i 3D oraz rozbudowanymi mo\u017cliwo\u015bciami wsp\u00f3\u0142pracy. Dzi\u0119ki 3-letniej licencji firmy mog\u0105 bez przeszk\u00f3d planowa\u0107 projekty i bud\u017cety, a u\u017cytkownicy indywidualni zyskuj\u0105 pewno\u015b\u0107 ci\u0105g\u0142o\u015bci pracy bez dodatkowych odnowie\u0144 co roku.<\/p>\n<p data-start=\"826\" data-end=\"1098\">Nowa wersja wprowadza jeszcze lepsz\u0105 integracj\u0119 z chmur\u0105, ulepszon\u0105 wydajno\u015b\u0107 oraz obs\u0142ug\u0119 wi\u0119kszych plik\u00f3w CAD. Architekci mog\u0105 tworzy\u0107 z\u0142o\u017cone plany i dokumentacje, in\u017cynierowie modelowa\u0107 precyzyjne konstrukcje, a projektanci \u2013 wizualizowa\u0107 pomys\u0142y w wysokiej jako\u015bci.<\/p>","protected":false},"excerpt":{"rendered":"<ul data-start=\"1123\" data-end=\"1473\">\n<li data-start=\"1123\" data-end=\"1169\">\n<p data-start=\"1125\" data-end=\"1169\">\ud83d\udd8a\ufe0f Rysunki 2D i modele 3D bez kompromis\u00f3w<\/p>\n<\/li>\n<li data-start=\"1170\" data-end=\"1215\">\n<p data-start=\"1172\" data-end=\"1215\">\ud83d\udcd0 Licencja na 3 lata zapewnia stabilno\u015b\u0107<\/p>\n<\/li>\n<li data-start=\"1216\" data-end=\"1251\">\n<p data-start=\"1218\" data-end=\"1251\">\u2601\ufe0f Dost\u0119p do projekt\u00f3w z chmury<\/p>\n<\/li>\n<li data-start=\"1252\" data-end=\"1293\">\n<p data-start=\"1254\" data-end=\"1293\">\ud83e\udd1d Lepsza wsp\u00f3\u0142praca mi\u0119dzy zespo\u0142ami<\/p>\n<\/li>\n<li data-start=\"1294\" data-end=\"1346\">\n<p data-start=\"1296\" data-end=\"1346\">\ud83d\ude80 Wydajno\u015b\u0107 zoptymalizowana do du\u017cych projekt\u00f3w<\/p>\n<\/li>\n<li data-start=\"1347\" data-end=\"1390\">\n<p data-start=\"1349\" data-end=\"1390\">\ud83d\uddc2\ufe0f Szeroka kompatybilno\u015b\u0107 format\u00f3w CAD<\/p>\n<\/li>\n<li data-start=\"1391\" data-end=\"1429\">\n<p data-start=\"1393\" data-end=\"1429\">\ud83c\udfa8 Zaawansowane opcje wizualizacji<\/p>\n<\/li>\n<li data-start=\"1430\" data-end=\"1473\">\n<p data-start=\"1432\" data-end=\"1473\">\ud83d\udd27 Personalizacja interfejsu i narz\u0119dzi<\/p>\n<\/li>\n<\/ul>","protected":false},"featured_media":1440,"comment_status":"open","ping_status":"closed","template":"","meta":[],"product_brand":[],"product_cat":[33,51],"product_tag":[],"class_list":{"0":"post-1401","1":"product","2":"type-product","3":"status-publish","4":"has-post-thumbnail","6":"product_cat-design-engineering","7":"product_cat-oprogramowanie-graficzne","9":"first","10":"instock","11":"sale","12":"shipping-taxable","13":"purchasable","14":"product-type-simple"},"_links":{"self":[{"href":"https:\/\/softsrl.pl\/pl\/wp-json\/wp\/v2\/product\/1401","targetHints":{"allow":["GET"]}}],"collection":[{"href":"https:\/\/softsrl.pl\/pl\/wp-json\/wp\/v2\/product"}],"about":[{"href":"https:\/\/softsrl.pl\/pl\/wp-json\/wp\/v2\/types\/product"}],"replies":[{"embeddable":true,"href":"https:\/\/softsrl.pl\/pl\/wp-json\/wp\/v2\/comments?post=1401"}],"wp:featuredmedia":[{"embeddable":true,"href":"https:\/\/softsrl.pl\/pl\/wp-json\/wp\/v2\/media\/1440"}],"wp:attachment":[{"href":"https:\/\/softsrl.pl\/pl\/wp-json\/wp\/v2\/media?parent=1401"}],"wp:term":[{"taxonomy":"product_brand","embeddable":true,"href":"https:\/\/softsrl.pl\/pl\/wp-json\/wp\/v2\/product_brand?post=1401"},{"taxonomy":"product_cat","embeddable":true,"href":"https:\/\/softsrl.pl\/pl\/wp-json\/wp\/v2\/product_cat?post=1401"},{"taxonomy":"product_tag","embeddable":true,"href":"https:\/\/softsrl.pl\/pl\/wp-json\/wp\/v2\/product_tag?post=1401"}],"curies":[{"name":"wp","href":"https:\/\/api.w.org\/{rel}","templated":true}]}}