{"id":1428,"date":"2025-11-21T14:24:16","date_gmt":"2025-11-21T14:24:16","guid":{"rendered":"https:\/\/softsrl.pl\/?post_type=product&#038;p=1428"},"modified":"2025-11-24T12:46:00","modified_gmt":"2025-11-24T12:46:00","slug":"lightroom-classic-2021-i-5-piece","status":"publish","type":"product","link":"https:\/\/softsrl.pl\/pl\/produkt\/lightroom-classic-2021-i-5-piece\/","title":{"rendered":"Lightroom Classic 2021 I 5 piece"},"content":{"rendered":"<div class=\"relative basis-auto flex-col -mb-(--composer-overlap-px) [--composer-overlap-px:28px] grow flex overflow-hidden\">\n<div class=\"relative h-full\">\n<div class=\"flex h-full flex-col overflow-y-auto thread-xl:pt-(--header-height) [scrollbar-gutter:stable_both-edges]\">\n<div class=\"flex flex-col text-sm thread-xl:pt-header-height pb-25\">\n<article class=\"text-token-text-primary w-full focus:outline-none [--shadow-height:45px] has-data-writing-block:pointer-events-none has-data-writing-block:-mt-(--shadow-height) has-data-writing-block:pt-(--shadow-height) [&amp;:has([data-writing-block])&gt;*]:pointer-events-auto [content-visibility:auto] supports-[content-visibility:auto]:[contain-intrinsic-size:auto_100lvh] scroll-mt-[calc(var(--header-height)+min(200px,max(70px,20svh)))]\" dir=\"auto\" tabindex=\"-1\" data-turn-id=\"request-WEB:ecc19807-9dd2-41bb-9bea-658cbe639911-3\" data-testid=\"conversation-turn-8\" data-scroll-anchor=\"true\" data-turn=\"assistant\">\n<div class=\"text-base my-auto mx-auto pb-10 [--thread-content-margin:--spacing(4)] thread-sm:[--thread-content-margin:--spacing(6)] thread-lg:[--thread-content-margin:--spacing(16)] px-(--thread-content-margin)\">\n<div class=\"[--thread-content-max-width:40rem] thread-lg:[--thread-content-max-width:48rem] mx-auto max-w-(--thread-content-max-width) flex-1 group\/turn-messages focus-visible:outline-hidden relative flex w-full min-w-0 flex-col agent-turn\" tabindex=\"-1\">\n<div class=\"flex max-w-full flex-col grow\">\n<div class=\"min-h-8 text-message relative flex w-full flex-col items-end gap-2 text-start break-words whitespace-normal [.text-message+&amp;]:mt-1\" dir=\"auto\" data-message-author-role=\"assistant\" data-message-id=\"7147231f-0458-4a34-b653-dac80b68f3dd\" data-message-model-slug=\"gpt-5\">\n<div class=\"flex w-full flex-col gap-1 empty:hidden first:pt-[1px]\">\n<div class=\"markdown prose dark:prose-invert w-full break-words dark markdown-new-styling\">\n<p data-start=\"348\" data-end=\"690\">Ten pakiet jest idealny dla fotograf\u00f3w, studi\u00f3w graficznych, instytucji edukacyjnych oraz wszystkich, kt\u00f3rzy potrzebuj\u0105 profesjonalnego narz\u0119dzia do edycji zdj\u0119\u0107 na kilku komputerach jednocze\u015bnie. Zestaw 5 licencji to op\u0142acalne rozwi\u0105zanie, kt\u00f3re pozwala ca\u0142emu zespo\u0142owi korzysta\u0107 z tego samego, stabilnego oprogramowania w trybie offline.<\/p>\n<p data-start=\"692\" data-end=\"1189\">Lightroom Classic 2021 to jedno z najwa\u017cniejszych narz\u0119dzi do cyfrowej obr\u00f3bki i organizacji zdj\u0119\u0107. Szczeg\u00f3lnie przydatny jest dla fotograf\u00f3w pracuj\u0105cych z du\u017cymi zbiorami obraz\u00f3w, kt\u00f3rzy potrzebuj\u0105 szybkiej organizacji, profesjonalnych korekt i kreatywnej postprodukcji. Wersja offline zapewnia pe\u0142n\u0105 funkcjonalno\u015b\u0107 bez potrzeby \u0142\u0105czenia si\u0119 z internetem, gwarantuj\u0105c bezpieczne i stabilne \u015brodowisko pracy w ka\u017cdej sytuacji. Program nie wymaga po\u0142\u0105czenia z sieci\u0105 i nie zawiera funkcji online.<\/p>\n<h3 data-start=\"1191\" data-end=\"1241\">Najwa\u017cniejsze funkcje Lightroom Classic 2021<\/h3>\n<p data-start=\"1242\" data-end=\"1683\">\ud83d\udcc1 <strong data-start=\"1245\" data-end=\"1267\">Organizacja zdj\u0119\u0107:<\/strong> inteligentne katalogi, tagi i s\u0142owa kluczowe u\u0142atwiaj\u0105 zarz\u0105dzanie tysi\u0105cami fotografii.<br data-start=\"1356\" data-end=\"1359\" \/>\ud83c\udfa8 <strong data-start=\"1362\" data-end=\"1387\">Profesjonalna edycja:<\/strong> korekcja kolor\u00f3w, ekspozycji, redukcja szum\u00f3w i wyostrzanie za pomoc\u0105 kilku klikni\u0119\u0107.<br data-start=\"1473\" data-end=\"1476\" \/>\ud83d\uddbc\ufe0f <strong data-start=\"1480\" data-end=\"1507\">Niedestrukcyjna edycja:<\/strong> oryginalne zdj\u0119cia pozostaj\u0105 nienaruszone, a wszystkie zmiany mo\u017cna cofn\u0105\u0107.<br data-start=\"1583\" data-end=\"1586\" \/>\u2699\ufe0f <strong data-start=\"1589\" data-end=\"1617\">Presety i automatyzacja:<\/strong> gotowe filtry i w\u0142asne ustawienia przyspieszaj\u0105 przep\u0142yw pracy.<\/p>\n<h3 data-start=\"1685\" data-end=\"1716\">Zalety pakietu 5 licencji<\/h3>\n<p data-start=\"1717\" data-end=\"2197\">\ud83d\udcb0 <strong data-start=\"1720\" data-end=\"1736\">Oszcz\u0119dno\u015b\u0107:<\/strong> ni\u017csza cena w por\u00f3wnaniu do zakupu ka\u017cdej licencji osobno.<br data-start=\"1795\" data-end=\"1798\" \/>\ud83d\udcbb <strong data-start=\"1801\" data-end=\"1829\">Sp\u00f3jne \u015brodowisko pracy:<\/strong> wszyscy u\u017cytkownicy korzystaj\u0105 z tej samej wersji programu.<br data-start=\"1889\" data-end=\"1892\" \/>\ud83d\udd04 <strong data-start=\"1895\" data-end=\"1912\">Elastyczno\u015b\u0107:<\/strong> idealne rozwi\u0105zanie do aktualizacji istniej\u0105cych komputer\u00f3w lub konfiguracji nowych stanowisk.<br data-start=\"2007\" data-end=\"2010\" \/>\ud83d\udee1\ufe0f <strong data-start=\"2014\" data-end=\"2041\">Bezpiecze\u0144stwo na lata:<\/strong> stabilna, legalna licencja zapewniaj\u0105ca d\u0142ugotrwa\u0142e u\u017cytkowanie.<br data-start=\"2106\" data-end=\"2109\" \/>\ud83d\udc65 <strong data-start=\"2112\" data-end=\"2142\">Wsparcie pracy zespo\u0142owej:<\/strong> wsp\u00f3lny workflow u\u0142atwiaj\u0105cy zarz\u0105dzanie projektami.<\/p>\n<h3 data-start=\"2199\" data-end=\"2217\">Polecany dla<\/h3>\n<p data-start=\"2218\" data-end=\"2619\">\ud83d\udcf8 <strong data-start=\"2221\" data-end=\"2251\">Profesjonalnych fotograf\u00f3w<\/strong>, kt\u00f3rzy codziennie przetwarzaj\u0105 setki zdj\u0119\u0107.<br data-start=\"2296\" data-end=\"2299\" \/>\ud83c\udf9e\ufe0f <strong data-start=\"2303\" data-end=\"2326\">Studi\u00f3w graficznych<\/strong>, w kt\u00f3rych obr\u00f3bka i retusz zdj\u0119\u0107 to podstawa pracy.<br data-start=\"2379\" data-end=\"2382\" \/>\ud83c\udfeb <strong data-start=\"2385\" data-end=\"2410\">Plac\u00f3wek edukacyjnych<\/strong>, kt\u00f3re ucz\u0105 podstaw cyfrowej obr\u00f3bki fotografii.<br data-start=\"2459\" data-end=\"2462\" \/>\ud83c\udfe2 <strong data-start=\"2465\" data-end=\"2480\">Ma\u0142ych firm<\/strong>, kt\u00f3re regularnie tworz\u0105 tre\u015bci wizualne.<br data-start=\"2522\" data-end=\"2525\" \/>\ud83c\udfe0 <strong data-start=\"2528\" data-end=\"2553\">U\u017cytkownik\u00f3w domowych<\/strong>, kt\u00f3rzy chc\u0105 edytowa\u0107 swoje zdj\u0119cia na poziomie profesjonalnym.<\/p>\n<h3 data-start=\"2621\" data-end=\"2660\">Dlaczego warto wybra\u0107 ten pakiet?<\/h3>\n<p data-start=\"2661\" data-end=\"3104\" data-is-last-node=\"\" data-is-only-node=\"\">Pakiet 5 licencji Lightroom Classic 2021 to d\u0142ugoterminowa inwestycja, zapewniaj\u0105ca profesjonalne narz\u0119dzia do edycji zdj\u0119\u0107 oraz jednolite \u015brodowisko pracy na wielu komputerach. Tryb offline gwarantuje pe\u0142n\u0105 funkcjonalno\u015b\u0107 bez potrzeby po\u0142\u0105czenia z internetem, umo\u017cliwiaj\u0105c bezpieczn\u0105 i stabiln\u0105 prac\u0119 w dowolnym miejscu. To rozwi\u0105zanie idealne dla firm, szk\u00f3\u0142 i u\u017cytkownik\u00f3w domowych, dla kt\u00f3rych jako\u015b\u0107 i efektywno\u015b\u0107 maj\u0105 kluczowe znaczenie.<\/p>\n<\/div>\n<\/div>\n<\/div>\n<\/div>\n<\/div>\n<\/div>\n<\/article>\n<\/div>\n<\/div>\n<\/div>\n<\/div>\n","protected":false},"excerpt":{"rendered":"<p data-start=\"0\" data-end=\"80\">\ud83d\udcf8 5 licencji w jednym pakiecie \u2013 ekonomiczne rozwi\u0105zanie dla wielu komputer\u00f3w<\/p>\n<p data-start=\"82\" data-end=\"151\">\ud83c\udfa8 Lightroom Classic 2021 \u2013 profesjonalne narz\u0119dzie do edycji zdj\u0119\u0107<\/p>\n<p data-start=\"153\" data-end=\"216\">\ud83d\udd12 Praca offline \u2013 pe\u0142na kontrola bez po\u0142\u0105czenia z internetem<\/p>\n<p data-start=\"218\" data-end=\"275\">\ud83d\udcbb Sp\u00f3jne \u015brodowisko \u2013 idealne dla studi\u00f3w i instytucji<\/p>\n<p data-start=\"277\" data-end=\"346\">\ud83d\ude80 D\u0142ugoterminowa inwestycja \u2013 stabilne i bezpieczne oprogramowanie<\/p>","protected":false},"featured_media":1455,"comment_status":"open","ping_status":"closed","template":"","meta":[],"product_brand":[],"product_cat":[34,52,51],"product_tag":[],"class_list":{"0":"post-1428","1":"product","2":"type-product","3":"status-publish","4":"has-post-thumbnail","6":"product_cat-graphical","7":"product_cat-oferty-pakietowe","8":"product_cat-oprogramowanie-graficzne","10":"first","11":"instock","12":"sale","13":"shipping-taxable","14":"purchasable","15":"product-type-simple"},"_links":{"self":[{"href":"https:\/\/softsrl.pl\/pl\/wp-json\/wp\/v2\/product\/1428","targetHints":{"allow":["GET"]}}],"collection":[{"href":"https:\/\/softsrl.pl\/pl\/wp-json\/wp\/v2\/product"}],"about":[{"href":"https:\/\/softsrl.pl\/pl\/wp-json\/wp\/v2\/types\/product"}],"replies":[{"embeddable":true,"href":"https:\/\/softsrl.pl\/pl\/wp-json\/wp\/v2\/comments?post=1428"}],"wp:featuredmedia":[{"embeddable":true,"href":"https:\/\/softsrl.pl\/pl\/wp-json\/wp\/v2\/media\/1455"}],"wp:attachment":[{"href":"https:\/\/softsrl.pl\/pl\/wp-json\/wp\/v2\/media?parent=1428"}],"wp:term":[{"taxonomy":"product_brand","embeddable":true,"href":"https:\/\/softsrl.pl\/pl\/wp-json\/wp\/v2\/product_brand?post=1428"},{"taxonomy":"product_cat","embeddable":true,"href":"https:\/\/softsrl.pl\/pl\/wp-json\/wp\/v2\/product_cat?post=1428"},{"taxonomy":"product_tag","embeddable":true,"href":"https:\/\/softsrl.pl\/pl\/wp-json\/wp\/v2\/product_tag?post=1428"}],"curies":[{"name":"wp","href":"https:\/\/api.w.org\/{rel}","templated":true}]}}