{"id":1429,"date":"2025-11-21T14:24:16","date_gmt":"2025-11-21T14:24:16","guid":{"rendered":"https:\/\/softsrl.pl\/?post_type=product&#038;p=1429"},"modified":"2026-01-31T17:46:54","modified_gmt":"2026-01-31T17:46:54","slug":"photoshop-2025-i-windows","status":"publish","type":"product","link":"https:\/\/softsrl.pl\/pl\/produkt\/photoshop-2025-i-windows\/","title":{"rendered":"Photoshop 2025 I Windows"},"content":{"rendered":"<p data-start=\"43\" data-end=\"346\">Photoshop 2025 to najnowsza wersja legendarnego oprogramowania do profesjonalnej edycji zdj\u0119\u0107 i grafiki. Dzi\u0119ki inteligentnym funkcjom opartym na sztucznej inteligencji, takim jak <strong data-start=\"229\" data-end=\"248\">Generative Fill<\/strong> i <strong data-start=\"251\" data-end=\"269\">Neural Filters<\/strong>, Twoja kreatywno\u015b\u0107 osi\u0105ga nowy poziom szybko\u015bci, precyzji i elastyczno\u015bci.<\/p>\n<p data-start=\"348\" data-end=\"377\">\ud83c\udfa8 <strong data-start=\"351\" data-end=\"375\">Najwa\u017cniejsze cechy:<\/strong><\/p>\n<ul data-start=\"378\" data-end=\"663\">\n<li data-start=\"378\" data-end=\"419\">\n<p data-start=\"380\" data-end=\"419\">\u2728 Profesjonalna edycja i retusz zdj\u0119\u0107<\/p>\n<\/li>\n<li data-start=\"473\" data-end=\"530\">\n<p data-start=\"475\" data-end=\"530\">\ud83c\udfa8 Praca na warstwach i zaawansowana korekcja kolor\u00f3w<\/p>\n<\/li>\n<li data-start=\"531\" data-end=\"596\">\n<p data-start=\"533\" data-end=\"596\">\ud83d\udcbb Zgodny ze wszystkimi nowoczesnymi wersjami systemu Windows<\/p>\n<\/li>\n<li data-start=\"597\" data-end=\"663\">\n<p data-start=\"599\" data-end=\"663\">\ud83d\udd12 Licencja wieczysta \u2013 bez subskrypcji i bez aktywacji online<\/p>\n<\/li>\n<\/ul>","protected":false},"excerpt":{"rendered":"<article class=\"text-token-text-primary w-full focus:outline-none [--shadow-height:45px] has-data-writing-block:pointer-events-none has-data-writing-block:-mt-(--shadow-height) has-data-writing-block:pt-(--shadow-height) [&amp;:has([data-writing-block])&gt;*]:pointer-events-auto [content-visibility:auto] supports-[content-visibility:auto]:[contain-intrinsic-size:auto_100lvh] scroll-mt-[calc(var(--header-height)+min(200px,max(70px,20svh)))]\" dir=\"auto\" tabindex=\"-1\" data-turn-id=\"request-68fdeec3-00d0-8331-b493-4701add516f9-5\" data-testid=\"conversation-turn-8\" data-scroll-anchor=\"true\" data-turn=\"assistant\">\n<div class=\"text-base my-auto mx-auto pb-10 [--thread-content-margin:--spacing(4)] thread-sm:[--thread-content-margin:--spacing(6)] thread-lg:[--thread-content-margin:--spacing(16)] px-(--thread-content-margin)\">\n<div class=\"[--thread-content-max-width:40rem] thread-lg:[--thread-content-max-width:48rem] mx-auto max-w-(--thread-content-max-width) flex-1 group\/turn-messages focus-visible:outline-hidden relative flex w-full min-w-0 flex-col agent-turn\" tabindex=\"-1\">\n<div class=\"flex max-w-full flex-col grow\">\n<div class=\"min-h-8 text-message relative flex w-full flex-col items-end gap-2 text-start break-words whitespace-normal [.text-message+&amp;]:mt-1\" dir=\"auto\" data-message-author-role=\"assistant\" data-message-id=\"5436d165-183b-42a3-83ed-da453694543e\" data-message-model-slug=\"gpt-5\">\n<div class=\"flex w-full flex-col gap-1 empty:hidden first:pt-[1px]\">\n<div class=\"markdown prose dark:prose-invert w-full break-words dark markdown-new-styling\">\n<ul>\n<li data-start=\"670\" data-end=\"1025\">\ud83d\udd25 Najnowocze\u015bniejszy Photoshop w historii!<\/li>\n<li data-start=\"670\" data-end=\"1025\">\ud83c\udfa8 Tworzenie, edycja i przekszta\u0142canie obraz\u00f3w<\/li>\n<li data-start=\"670\" data-end=\"1025\">\ud83d\udcbb W pe\u0142ni zoptymalizowany dla systemu Windows \u2013 gotowy do pracy profesjonalnej.<\/li>\n<li data-start=\"670\" data-end=\"1025\">\ud83d\ude80 Szybki, precyzyjny i intuicyjny \u2013 idealny dla fotograf\u00f3w i grafik\u00f3w.<\/li>\n<li data-start=\"670\" data-end=\"1025\">\ud83d\udd12 Jednorazowa licencja \u2013 bez miesi\u0119cznych op\u0142at!<\/li>\n<\/ul>\n<\/div>\n<\/div>\n<\/div>\n<\/div>\n<div class=\"z-0 flex min-h-[46px] justify-start\"><\/div>\n<div class=\"mt-3 w-full empty:hidden\">\n<div class=\"text-center\"><\/div>\n<\/div>\n<\/div>\n<\/div>\n<\/article>\n<div class=\"pointer-events-none h-px w-px\" aria-hidden=\"true\" data-edge=\"true\"><\/div>\n","protected":false},"featured_media":1456,"comment_status":"open","ping_status":"closed","template":"","meta":[],"product_brand":[],"product_cat":[34,51],"product_tag":[],"class_list":{"0":"post-1429","1":"product","2":"type-product","3":"status-publish","4":"has-post-thumbnail","6":"product_cat-graphical","7":"product_cat-oprogramowanie-graficzne","9":"first","10":"instock","11":"sale","12":"virtual","13":"purchasable","14":"product-type-simple"},"_links":{"self":[{"href":"https:\/\/softsrl.pl\/pl\/wp-json\/wp\/v2\/product\/1429","targetHints":{"allow":["GET"]}}],"collection":[{"href":"https:\/\/softsrl.pl\/pl\/wp-json\/wp\/v2\/product"}],"about":[{"href":"https:\/\/softsrl.pl\/pl\/wp-json\/wp\/v2\/types\/product"}],"replies":[{"embeddable":true,"href":"https:\/\/softsrl.pl\/pl\/wp-json\/wp\/v2\/comments?post=1429"}],"wp:featuredmedia":[{"embeddable":true,"href":"https:\/\/softsrl.pl\/pl\/wp-json\/wp\/v2\/media\/1456"}],"wp:attachment":[{"href":"https:\/\/softsrl.pl\/pl\/wp-json\/wp\/v2\/media?parent=1429"}],"wp:term":[{"taxonomy":"product_brand","embeddable":true,"href":"https:\/\/softsrl.pl\/pl\/wp-json\/wp\/v2\/product_brand?post=1429"},{"taxonomy":"product_cat","embeddable":true,"href":"https:\/\/softsrl.pl\/pl\/wp-json\/wp\/v2\/product_cat?post=1429"},{"taxonomy":"product_tag","embeddable":true,"href":"https:\/\/softsrl.pl\/pl\/wp-json\/wp\/v2\/product_tag?post=1429"}],"curies":[{"name":"wp","href":"https:\/\/api.w.org\/{rel}","templated":true}]}}