{"id":1488,"date":"2025-11-23T09:37:08","date_gmt":"2025-11-23T09:37:08","guid":{"rendered":"https:\/\/softsrl.pl\/?post_type=product&#038;p=1488"},"modified":"2026-03-19T09:07:26","modified_gmt":"2026-03-19T09:07:26","slug":"coreldraw-technical-suite-2025-i-windows-2","status":"publish","type":"product","link":"https:\/\/softsrl.pl\/pl\/produkt\/coreldraw-technical-suite-2025-i-windows-2\/","title":{"rendered":"CorelDRAW Technical Suite 2025 I Windows"},"content":{"rendered":"<h2 data-start=\"316\" data-end=\"363\"><strong data-start=\"319\" data-end=\"363\">Czym jest CorelDRAW Technical Suite 2025<\/strong><\/h2>\n<p data-start=\"365\" data-end=\"838\">CorelDRAW Technical Suite 2025 to kompleksowy pakiet oprogramowania przeznaczony dla profesjonalist\u00f3w pracuj\u0105cych w obszarze ilustracji technicznej, dokumentacji, grafiki in\u017cynieryjnej, produkcji, architektury i pokrewnych bran\u017c. Pakiet \u0142\u0105czy narz\u0119dzia do ilustracji wektorowej i projektowania stron (CorelDRAW), edycji obraz\u00f3w (Corel PHOTO-PAINT), przechwytywania ekranu, zarz\u0105dzania czcionkami oraz specjalistyczn\u0105 aplikacj\u0119 do ilustracji technicznych (Corel DESIGNER).<\/p>\n<p data-start=\"840\" data-end=\"1093\">Obs\u0142uguje import\/eksport danych CAD 2D\/3D, formaty publikacji technicznych i jest przeznaczony do workflow wymagaj\u0105cych precyzyjnych wymiar\u00f3w, wywo\u0142a\u0144 (call-outs), rzut\u00f3w izometrycznych, diagram\u00f3w, instrukcji technicznych i ilustracji cz\u0119\u015bci zamiennych.<\/p>\n<hr data-start=\"1095\" data-end=\"1098\" \/>\n<h2 data-start=\"1100\" data-end=\"1135\"><strong data-start=\"1103\" data-end=\"1135\">G\u0142\u00f3wne sk\u0142adniki i aplikacje<\/strong><\/h2>\n<ul data-start=\"1137\" data-end=\"1654\">\n<li data-start=\"1137\" data-end=\"1282\">\n<p data-start=\"1139\" data-end=\"1282\"><strong data-start=\"1139\" data-end=\"1157\">Corel DESIGNER<\/strong> \u2013 specjalistyczne narz\u0119dzie do ilustracji technicznej, rysunk\u00f3w izometrycznych, widok\u00f3w rozstrzelonych i diagram\u00f3w cz\u0119\u015bci.<\/p>\n<\/li>\n<li data-start=\"1283\" data-end=\"1350\">\n<p data-start=\"1285\" data-end=\"1350\"><strong data-start=\"1285\" data-end=\"1298\">CorelDRAW<\/strong> \u2013 aplikacja do grafiki wektorowej i uk\u0142adu stron.<\/p>\n<\/li>\n<li data-start=\"1351\" data-end=\"1429\">\n<p data-start=\"1353\" data-end=\"1429\"><strong data-start=\"1353\" data-end=\"1374\">Corel PHOTO-PAINT<\/strong> \u2013 edytor bitmap zintegrowany z workflow technicznym.<\/p>\n<\/li>\n<li data-start=\"1430\" data-end=\"1484\">\n<p data-start=\"1432\" data-end=\"1484\"><strong data-start=\"1432\" data-end=\"1443\">CAPTURE<\/strong> \u2013 narz\u0119dzie do przechwytywania ekranu.<\/p>\n<\/li>\n<li data-start=\"1485\" data-end=\"1550\">\n<p data-start=\"1487\" data-end=\"1550\"><strong data-start=\"1487\" data-end=\"1509\">Corel Font Manager<\/strong> \u2013 zaawansowane zarz\u0105dzanie czcionkami.<\/p>\n<\/li>\n<li data-start=\"1551\" data-end=\"1654\">\n<p data-start=\"1553\" data-end=\"1654\"><strong data-start=\"1553\" data-end=\"1576\">Dodatkowa zawarto\u015b\u0107<\/strong> \u2013 biblioteki symboli technicznych, szablon\u00f3w ANSI\/DIN\/ISO, grafik i czcionek.<\/p>\n<\/li>\n<\/ul>\n<hr data-start=\"1656\" data-end=\"1659\" \/>\n<h2 data-start=\"1661\" data-end=\"1701\"><strong data-start=\"1664\" data-end=\"1701\">Funkcje do ilustracji technicznej<\/strong><\/h2>\n<h3 data-start=\"1703\" data-end=\"1740\"><strong data-start=\"1707\" data-end=\"1740\">Precyzja i rysunek techniczny<\/strong><\/h3>\n<ul data-start=\"1741\" data-end=\"1968\">\n<li data-start=\"1741\" data-end=\"1806\">\n<p data-start=\"1743\" data-end=\"1806\">Obs\u0142uga rzut\u00f3w izometrycznych, r\u00f3wnoleg\u0142ych i projektowanych.<\/p>\n<\/li>\n<li data-start=\"1807\" data-end=\"1892\">\n<p data-start=\"1809\" data-end=\"1892\">Zaawansowane wymiarowanie, call-outs, etykiety automatyczne, widoki rozstrzelone.<\/p>\n<\/li>\n<li data-start=\"1893\" data-end=\"1968\">\n<p data-start=\"1895\" data-end=\"1968\">Biblioteka ponad 4000 symboli i 500 szablon\u00f3w w standardach ANSI\/DIN\/ISO.<\/p>\n<\/li>\n<\/ul>\n<h3 data-start=\"1970\" data-end=\"1997\"><strong data-start=\"1974\" data-end=\"1997\">Integracja CAD &amp; 3D<\/strong><\/h3>\n<ul data-start=\"1998\" data-end=\"2124\">\n<li data-start=\"1998\" data-end=\"2041\">\n<p data-start=\"2000\" data-end=\"2041\">Obs\u0142uga DWG\/DXF i wielu format\u00f3w 2D\/3D.<\/p>\n<\/li>\n<li data-start=\"2042\" data-end=\"2124\">\n<p data-start=\"2044\" data-end=\"2124\">Integracja modeli 3D przez XVL Studio\/Corel Edition (opcjonalnie wersja 3D CAD).<\/p>\n<\/li>\n<\/ul>\n<h3 data-start=\"2126\" data-end=\"2153\"><strong data-start=\"2130\" data-end=\"2153\">Standardy i eksport<\/strong><\/h3>\n<ul data-start=\"2154\" data-end=\"2314\">\n<li data-start=\"2154\" data-end=\"2233\">\n<p data-start=\"2156\" data-end=\"2233\">Obs\u0142uga: S1000D, ATA iSpec 2200, PDF\/A, 3D PDF, WebCGM, SVG interaktywnego.<\/p>\n<\/li>\n<li data-start=\"2234\" data-end=\"2314\">\n<p data-start=\"2236\" data-end=\"2314\">Szeroka kompatybilno\u015b\u0107 format\u00f3w: EPS, TIFF, PNG, WebP, SVG, CGM, DWG, DXF itd.<\/p>\n<\/li>\n<\/ul>\n<h3 data-start=\"2316\" data-end=\"2337\"><strong data-start=\"2320\" data-end=\"2337\">Produktywno\u015b\u0107<\/strong><\/h3>\n<ul data-start=\"2338\" data-end=\"2523\">\n<li data-start=\"2338\" data-end=\"2385\">\n<p data-start=\"2340\" data-end=\"2385\">Sp\u00f3jny workflow mi\u0119dzy aplikacjami pakietu.<\/p>\n<\/li>\n<li data-start=\"2386\" data-end=\"2464\">\n<p data-start=\"2388\" data-end=\"2464\">Du\u017ce biblioteki zasob\u00f3w: symbole, czcionki, p\u0119dzle, wype\u0142nienia, szablony.<\/p>\n<\/li>\n<li data-start=\"2465\" data-end=\"2523\">\n<p data-start=\"2467\" data-end=\"2523\">Interfejs zoptymalizowany dla ilustrator\u00f3w technicznych.<\/p>\n<\/li>\n<\/ul>\n<hr data-start=\"2525\" data-end=\"2528\" \/>\n<h2 data-start=\"2530\" data-end=\"2566\"><strong data-start=\"2533\" data-end=\"2566\">Wymagania systemowe (Windows)<\/strong><\/h2>\n<ul data-start=\"2568\" data-end=\"2807\">\n<li data-start=\"2568\" data-end=\"2592\">\n<p data-start=\"2570\" data-end=\"2592\">Windows 10\/11 64-bit<\/p>\n<\/li>\n<li data-start=\"2593\" data-end=\"2651\">\n<p data-start=\"2595\" data-end=\"2651\">Intel Core i3\/i5\/i7\/i9 (7. gen+) lub AMD Ryzen 3\/5\/7\/9<\/p>\n<\/li>\n<li data-start=\"2652\" data-end=\"2686\">\n<p data-start=\"2654\" data-end=\"2686\">Min. 8 GB RAM (zalecane 16 GB)<\/p>\n<\/li>\n<li data-start=\"2687\" data-end=\"2723\">\n<p data-start=\"2689\" data-end=\"2723\">GPU z OpenCL 1.2, min. 3 GB VRAM<\/p>\n<\/li>\n<li data-start=\"2724\" data-end=\"2742\">\n<p data-start=\"2726\" data-end=\"2742\">Dysk: ok. 9 GB<\/p>\n<\/li>\n<li data-start=\"2743\" data-end=\"2807\">\n<p data-start=\"2745\" data-end=\"2807\">Po\u0142\u0105czenie internetowe wymagane podczas instalacji\/aktywacji<\/p>\n<\/li>\n<\/ul>\n<hr data-start=\"2809\" data-end=\"2812\" \/>\n<h2 data-start=\"2814\" data-end=\"2836\"><strong data-start=\"2817\" data-end=\"2836\">Licencjonowanie<\/strong><\/h2>\n<ul data-start=\"2838\" data-end=\"2964\">\n<li data-start=\"2838\" data-end=\"2877\">\n<p data-start=\"2840\" data-end=\"2877\">Licencja wieczysta lub subskrypcja.<\/p>\n<\/li>\n<li data-start=\"2878\" data-end=\"2924\">\n<p data-start=\"2880\" data-end=\"2924\">Dost\u0119pne edycje: standardowa i <strong data-start=\"2911\" data-end=\"2921\">3D CAD<\/strong>.<\/p>\n<\/li>\n<li data-start=\"2925\" data-end=\"2964\">\n<p data-start=\"2927\" data-end=\"2964\">Opcje licencji wolumenowych dla firm.<\/p>\n<\/li>\n<\/ul>\n<hr data-start=\"2966\" data-end=\"2969\" \/>\n<h2 data-start=\"2971\" data-end=\"2999\"><strong data-start=\"2974\" data-end=\"2999\">Zalety \/ Ograniczenia<\/strong><\/h2>\n<h3 data-start=\"3001\" data-end=\"3015\"><strong data-start=\"3005\" data-end=\"3015\">Zalety<\/strong><\/h3>\n<ul data-start=\"3016\" data-end=\"3226\">\n<li data-start=\"3016\" data-end=\"3080\">\n<p data-start=\"3018\" data-end=\"3080\">Idealny do ilustracji technicznych na poziomie przemys\u0142owym.<\/p>\n<\/li>\n<li data-start=\"3081\" data-end=\"3113\">\n<p data-start=\"3083\" data-end=\"3113\">Wysoka kompatybilno\u015b\u0107 z CAD.<\/p>\n<\/li>\n<li data-start=\"3114\" data-end=\"3162\">\n<p data-start=\"3116\" data-end=\"3162\">Kompletny zestaw narz\u0119dzi w jednym pakiecie.<\/p>\n<\/li>\n<li data-start=\"3163\" data-end=\"3199\">\n<p data-start=\"3165\" data-end=\"3199\">Obs\u0142uga standard\u00f3w technicznych.<\/p>\n<\/li>\n<li data-start=\"3200\" data-end=\"3226\">\n<p data-start=\"3202\" data-end=\"3226\">Du\u017ce biblioteki symboli.<\/p>\n<\/li>\n<\/ul>\n<h3 data-start=\"3228\" data-end=\"3248\"><strong data-start=\"3232\" data-end=\"3248\">Ograniczenia<\/strong><\/h3>\n<ul data-start=\"3249\" data-end=\"3406\">\n<li data-start=\"3249\" data-end=\"3305\">\n<p data-start=\"3251\" data-end=\"3305\">Zbyt specjalistyczny dla typowej grafiki kreatywnej.<\/p>\n<\/li>\n<li data-start=\"3306\" data-end=\"3350\">\n<p data-start=\"3308\" data-end=\"3350\">Funkcje 3D CAD wymagaj\u0105 dro\u017cszej edycji.<\/p>\n<\/li>\n<li data-start=\"3351\" data-end=\"3406\">\n<p data-start=\"3353\" data-end=\"3406\">Wysokie wymagania sprz\u0119towe przy du\u017cych modelach CAD.<\/p>\n<\/li>\n<\/ul>","protected":false},"excerpt":{"rendered":"<ul>\n<li data-start=\"3455\" data-end=\"3535\">\n<p data-start=\"3457\" data-end=\"3535\">\ud83d\udd8a\ufe0f Precyzyjne narz\u0119dzia do ilustracji technicznej (izometria, wymiarowanie)<\/p>\n<\/li>\n<li data-start=\"3536\" data-end=\"3616\">\n<p data-start=\"3538\" data-end=\"3616\">\ud83e\udde9 Pe\u0142ny pakiet: DESIGNER + CorelDRAW + PHOTO-PAINT + CAPTURE + Font Manager<\/p>\n<\/li>\n<li data-start=\"3617\" data-end=\"3666\">\n<p data-start=\"3619\" data-end=\"3666\">\ud83d\udcc2 Obs\u0142uga CAD: DWG, DXF, CGM, WebCGM, 3D PDF<\/p>\n<\/li>\n<li data-start=\"3667\" data-end=\"3727\">\n<p data-start=\"3669\" data-end=\"3727\">\ud83d\udd27 4000+ symboli, 500+ szablon\u00f3w, standardy ANSI\/DIN\/ISO<\/p>\n<\/li>\n<li data-start=\"3728\" data-end=\"3797\">\n<p data-start=\"3730\" data-end=\"3797\">\ud83d\udcbc Workflow dokumentacyjny: instrukcje, katalogi cz\u0119\u015bci, schematy<\/p>\n<\/li>\n<li data-start=\"3798\" data-end=\"3852\">\n<p data-start=\"3800\" data-end=\"3852\">\ud83d\udcbb Wsparcie Windows 10\/11, GPU OpenCL, 8\u201316 GB RAM<\/p>\n<\/li>\n<li data-start=\"3853\" data-end=\"3921\">\n<p data-start=\"3855\" data-end=\"3921\">\ud83d\udcb3 Licencja wieczysta lub subskrypcja; wersja 3D CAD opcjonalnie<\/p>\n<\/li>\n<li data-start=\"3922\" data-end=\"3971\">\n<p data-start=\"3924\" data-end=\"3971\">\u2705 Idealny dla in\u017cynierii, produkcji, techniki<\/p>\n<\/li>\n<\/ul>","protected":false},"featured_media":1490,"comment_status":"open","ping_status":"closed","template":"","meta":[],"product_brand":[],"product_cat":[34],"product_tag":[],"class_list":{"0":"post-1488","1":"product","2":"type-product","3":"status-publish","4":"has-post-thumbnail","6":"product_cat-graphical","8":"first","9":"instock","10":"sale","11":"shipping-taxable","12":"purchasable","13":"product-type-simple"},"_links":{"self":[{"href":"https:\/\/softsrl.pl\/pl\/wp-json\/wp\/v2\/product\/1488","targetHints":{"allow":["GET"]}}],"collection":[{"href":"https:\/\/softsrl.pl\/pl\/wp-json\/wp\/v2\/product"}],"about":[{"href":"https:\/\/softsrl.pl\/pl\/wp-json\/wp\/v2\/types\/product"}],"replies":[{"embeddable":true,"href":"https:\/\/softsrl.pl\/pl\/wp-json\/wp\/v2\/comments?post=1488"}],"wp:featuredmedia":[{"embeddable":true,"href":"https:\/\/softsrl.pl\/pl\/wp-json\/wp\/v2\/media\/1490"}],"wp:attachment":[{"href":"https:\/\/softsrl.pl\/pl\/wp-json\/wp\/v2\/media?parent=1488"}],"wp:term":[{"taxonomy":"product_brand","embeddable":true,"href":"https:\/\/softsrl.pl\/pl\/wp-json\/wp\/v2\/product_brand?post=1488"},{"taxonomy":"product_cat","embeddable":true,"href":"https:\/\/softsrl.pl\/pl\/wp-json\/wp\/v2\/product_cat?post=1488"},{"taxonomy":"product_tag","embeddable":true,"href":"https:\/\/softsrl.pl\/pl\/wp-json\/wp\/v2\/product_tag?post=1488"}],"curies":[{"name":"wp","href":"https:\/\/api.w.org\/{rel}","templated":true}]}}