{"id":1504,"date":"2025-12-12T09:24:25","date_gmt":"2025-12-12T09:24:25","guid":{"rendered":"https:\/\/softsrl.pl\/product\/illustrator-2026-i-windows\/"},"modified":"2026-01-14T14:13:24","modified_gmt":"2026-01-14T14:13:24","slug":"illustrator-2026-i-windows","status":"publish","type":"product","link":"https:\/\/softsrl.pl\/pl\/produkt\/illustrator-2026-i-windows\/","title":{"rendered":"Illustrator 2026 I Windows"},"content":{"rendered":"<article class=\"text-token-text-primary w-full focus:outline-none [--shadow-height:45px] has-data-writing-block:pointer-events-none has-data-writing-block:-mt-(--shadow-height) has-data-writing-block:pt-(--shadow-height) [&amp;:has([data-writing-block])&gt;*]:pointer-events-auto [content-visibility:auto] supports-[content-visibility:auto]:[contain-intrinsic-size:auto_100lvh] scroll-mt-[calc(var(--header-height)+min(200px,max(70px,20svh)))]\" dir=\"auto\" tabindex=\"-1\" data-turn-id=\"1c768441-0392-48ef-96dd-72e5a93fb438\" data-testid=\"conversation-turn-2\" data-scroll-anchor=\"true\" data-turn=\"assistant\">\n<div class=\"text-base my-auto mx-auto pb-10 [--thread-content-margin:--spacing(4)] @w-sm\/main:[--thread-content-margin:--spacing(6)] @w-lg\/main:[--thread-content-margin:--spacing(16)] px-(--thread-content-margin)\">\n<div class=\"[--thread-content-max-width:40rem] @w-lg\/main:[--thread-content-max-width:48rem] mx-auto max-w-(--thread-content-max-width) flex-1 group\/turn-messages focus-visible:outline-hidden relative flex w-full min-w-0 flex-col agent-turn\" tabindex=\"-1\">\n<div class=\"flex max-w-full flex-col grow\">\n<div class=\"min-h-8 text-message relative flex w-full flex-col items-end gap-2 text-start break-words whitespace-normal [.text-message+&amp;]:mt-1\" dir=\"auto\" data-message-author-role=\"assistant\" data-message-id=\"8db8c132-ed60-4f79-93d2-12c075e414f6\" data-message-model-slug=\"gpt-5-2\">\n<div class=\"flex w-full flex-col gap-1 empty:hidden first:pt-[1px]\">\n<div class=\"markdown prose dark:prose-invert w-full break-words dark markdown-new-styling\">\n<p data-start=\"427\" data-end=\"507\"><strong data-start=\"427\" data-end=\"507\">Illustrator 2026 | Windows \u2013 profesjonalna grafika wektorowa bez kompromis\u00f3w<\/strong><\/p>\n<p data-start=\"509\" data-end=\"917\">Illustrator 2026 to jedno z najbardziej zaawansowanych narz\u0119dzi do grafiki wektorowej na \u015bwiecie, z kt\u00f3rego na co dzie\u0144 korzystaj\u0105 miliony projektant\u00f3w, marketer\u00f3w, grafik\u00f3w, agencji oraz studi\u00f3w kreatywnych. Wersja 2026 oferuje znacz\u0105ce ulepszenia wydajno\u015bci, szybsze renderowanie oraz jeszcze bardziej intuicyjny interfejs, zapewniaj\u0105c u\u017cytkownikom systemu Windows najwy\u017cszy poziom komfortu pracy tw\u00f3rczej.<\/p>\n<p data-start=\"919\" data-end=\"1491\">Illustrator 2026 zosta\u0142 zaprojektowany z my\u015bl\u0105 o profesjonalistach kreatywnych, kt\u00f3rzy potrzebuj\u0105 precyzyjnych i skalowalnych rozwi\u0105za\u0144 graficznych. Niezale\u017cnie od tego, czy tworzysz logo, elementy identyfikacji wizualnej, ikony, plakaty, infografiki, projekty opakowa\u0144 czy ilustracje wektorowe do zastosowa\u0144 internetowych \u2013 program pozwala na prac\u0119 z wyj\u0105tkow\u0105 dok\u0142adno\u015bci\u0105 w ka\u017cdym detalu. Narz\u0119dzia oparte na grafice wektorowej gwarantuj\u0105 zachowanie najwy\u017cszej jako\u015bci projektu w dowolnym rozmiarze, co czyni go idealnym zar\u00f3wno do druku, jak i do zastosowa\u0144 cyfrowych.<\/p>\n<p data-start=\"1493\" data-end=\"1924\">Wersja 2026 dzia\u0142a w oparciu o przeprojektowany silnik, kt\u00f3ry umo\u017cliwia szybsz\u0105 i bardziej p\u0142ynn\u0105 prac\u0119 nawet z du\u017cymi plikami i z\u0142o\u017conymi kompozycjami. Ulepszone p\u0119dzle, kszta\u0142ty, funkcje edycji krzywych oraz zaawansowane ustawienia typograficzne pozwalaj\u0105 grafikom szybciej i precyzyjniej realizowa\u0107 swoje pomys\u0142y. Interfejs programu jest bardziej przejrzysty i intuicyjny, co ma kluczowe znaczenie przy d\u0142ugotrwa\u0142ych projektach.<\/p>\n<p data-start=\"1926\" data-end=\"2407\">Illustrator 2026 jest w pe\u0142ni zoptymalizowany pod system Windows i przeznaczony do pracy w trybie offline, dzi\u0119ki czemu wszystkie funkcje dzia\u0142aj\u0105 lokalnie na komputerze, bez konieczno\u015bci sta\u0142ego po\u0142\u0105czenia z internetem. Brak ogranicze\u0144 chmurowych oraz zale\u017cno\u015bci od funkcji online sprawia, \u017ce proces pracy jest bezpieczny i przewidywalny. Jest to szczeg\u00f3lnie istotne dla specjalist\u00f3w realizuj\u0105cych wra\u017cliwe projekty lub pracuj\u0105cych w \u015brodowiskach o ograniczonym dost\u0119pie do sieci.<\/p>\n<p data-start=\"2409\" data-end=\"2778\">Program cechuje si\u0119 stabilnym dzia\u0142aniem, szybkim renderowaniem oraz profesjonalnym zestawem narz\u0119dzi do grafiki wektorowej, kt\u00f3ry znacz\u0105co podnosi jako\u015b\u0107 pracy kreatywnej. Niezale\u017cnie od tego, czy jeste\u015b pocz\u0105tkuj\u0105cym grafikiem rozwijaj\u0105cym swoje umiej\u0119tno\u015bci, czy du\u017c\u0105 agencj\u0105 tworz\u0105c\u0105 kompleksowe materia\u0142y brandingowe, Illustrator 2026 spe\u0142ni wszystkie oczekiwania.<\/p>\n<p data-start=\"2780\" data-end=\"2983\" data-is-last-node=\"\" data-is-only-node=\"\">To idealny wyb\u00f3r dla os\u00f3b poszukuj\u0105cych pe\u0142nej swobody tw\u00f3rczej w niezawodnym, dzia\u0142aj\u0105cym offline i zaprojektowanym specjalnie dla systemu Windows \u015brodowisku do grafiki wektorowej \u2013 <strong data-start=\"2963\" data-end=\"2982\">bez kompromis\u00f3w<\/strong>.<\/p>\n<\/div>\n<\/div>\n<\/div>\n<\/div>\n<div class=\"z-0 flex min-h-[46px] justify-start\"><\/div>\n<div class=\"mt-3 w-full empty:hidden\">\n<div class=\"text-center\"><\/div>\n<\/div>\n<\/div>\n<\/div>\n<\/article>\n<div class=\"pointer-events-none h-px w-px\" aria-hidden=\"true\" data-edge=\"true\"><\/div>\n","protected":false},"excerpt":{"rendered":"<p data-start=\"0\" data-end=\"98\">\ud83d\udcbb <strong data-start=\"3\" data-end=\"54\">Wersja stworzona specjalnie dla systemu Windows<\/strong>, zapewniaj\u0105ca stabilne i szybkie dzia\u0142anie.<\/p>\n<p data-start=\"100\" data-end=\"222\">\ud83c\udfa8 <strong data-start=\"103\" data-end=\"135\">Precyzyjna grafika wektorowa<\/strong>: do tworzenia logo, ikon, plakat\u00f3w, infografik oraz element\u00f3w identyfikacji wizualnej.<\/p>\n<p data-start=\"224\" data-end=\"314\">\u26a1 <strong data-start=\"226\" data-end=\"255\">Zoptymalizowana wydajno\u015b\u0107<\/strong> przy pracy nad du\u017cymi projektami i z\u0142o\u017conymi kompozycjami.<\/p>\n<p data-start=\"316\" data-end=\"424\">\ud83c\udfc6 <strong data-start=\"319\" data-end=\"342\">Idealne rozwi\u0105zanie<\/strong> dla grafik\u00f3w, agencji, zespo\u0142\u00f3w marketingowych oraz profesjonalist\u00f3w kreatywnych.<\/p>\n<p data-start=\"427\" data-end=\"507\">","protected":false},"featured_media":1503,"comment_status":"open","ping_status":"closed","template":"","meta":[],"product_brand":[],"product_cat":[34],"product_tag":[],"class_list":{"0":"post-1504","1":"product","2":"type-product","3":"status-publish","4":"has-post-thumbnail","6":"product_cat-graphical","8":"first","9":"instock","10":"sale","11":"shipping-taxable","12":"purchasable","13":"product-type-simple"},"_links":{"self":[{"href":"https:\/\/softsrl.pl\/pl\/wp-json\/wp\/v2\/product\/1504","targetHints":{"allow":["GET"]}}],"collection":[{"href":"https:\/\/softsrl.pl\/pl\/wp-json\/wp\/v2\/product"}],"about":[{"href":"https:\/\/softsrl.pl\/pl\/wp-json\/wp\/v2\/types\/product"}],"replies":[{"embeddable":true,"href":"https:\/\/softsrl.pl\/pl\/wp-json\/wp\/v2\/comments?post=1504"}],"wp:featuredmedia":[{"embeddable":true,"href":"https:\/\/softsrl.pl\/pl\/wp-json\/wp\/v2\/media\/1503"}],"wp:attachment":[{"href":"https:\/\/softsrl.pl\/pl\/wp-json\/wp\/v2\/media?parent=1504"}],"wp:term":[{"taxonomy":"product_brand","embeddable":true,"href":"https:\/\/softsrl.pl\/pl\/wp-json\/wp\/v2\/product_brand?post=1504"},{"taxonomy":"product_cat","embeddable":true,"href":"https:\/\/softsrl.pl\/pl\/wp-json\/wp\/v2\/product_cat?post=1504"},{"taxonomy":"product_tag","embeddable":true,"href":"https:\/\/softsrl.pl\/pl\/wp-json\/wp\/v2\/product_tag?post=1504"}],"curies":[{"name":"wp","href":"https:\/\/api.w.org\/{rel}","templated":true}]}}