{"id":1506,"date":"2025-12-12T09:24:26","date_gmt":"2025-12-12T09:24:26","guid":{"rendered":"https:\/\/softsrl.pl\/product\/lightroom-classic-2026-i-windows\/"},"modified":"2026-01-14T14:13:02","modified_gmt":"2026-01-14T14:13:02","slug":"lightroom-classic-2026-i-windows","status":"publish","type":"product","link":"https:\/\/softsrl.pl\/pl\/produkt\/lightroom-classic-2026-i-windows\/","title":{"rendered":"Lightroom Classic 2026 I Windows"},"content":{"rendered":"<article class=\"text-token-text-primary w-full focus:outline-none [--shadow-height:45px] has-data-writing-block:pointer-events-none has-data-writing-block:-mt-(--shadow-height) has-data-writing-block:pt-(--shadow-height) [&amp;:has([data-writing-block])&gt;*]:pointer-events-auto scroll-mt-[calc(var(--header-height)+min(200px,max(70px,20svh)))]\" dir=\"auto\" tabindex=\"-1\" data-turn-id=\"request-WEB:8a90338f-3d10-477f-8bee-121c327e0960-1\" data-testid=\"conversation-turn-4\" data-scroll-anchor=\"true\" data-turn=\"assistant\">\n<div class=\"text-base my-auto mx-auto pb-10 [--thread-content-margin:--spacing(4)] @w-sm\/main:[--thread-content-margin:--spacing(6)] @w-lg\/main:[--thread-content-margin:--spacing(16)] px-(--thread-content-margin)\">\n<div class=\"[--thread-content-max-width:40rem] @w-lg\/main:[--thread-content-max-width:48rem] mx-auto max-w-(--thread-content-max-width) flex-1 group\/turn-messages focus-visible:outline-hidden relative flex w-full min-w-0 flex-col agent-turn\" tabindex=\"-1\">\n<div class=\"flex max-w-full flex-col grow\">\n<div class=\"min-h-8 text-message relative flex w-full flex-col items-end gap-2 text-start break-words whitespace-normal [.text-message+&amp;]:mt-1\" dir=\"auto\" data-message-author-role=\"assistant\" data-message-id=\"b93be2d7-e289-4384-89bb-6fdbd27e3c3a\" data-message-model-slug=\"gpt-5-2\">\n<div class=\"flex w-full flex-col gap-1 empty:hidden first:pt-[1px]\">\n<div class=\"markdown prose dark:prose-invert w-full break-words dark markdown-new-styling\">\n<p data-start=\"375\" data-end=\"478\"><strong data-start=\"375\" data-end=\"478\">Lightroom Classic 2026 | Windows \u2013 profesjonalne zarz\u0105dzanie zdj\u0119ciami i zaawansowana postprodukcja<\/strong><\/p>\n<p data-start=\"480\" data-end=\"944\">Lightroom Classic 2026 to jedno z najwa\u017cniejszych i najbardziej zaufanych narz\u0119dzi dla fotograf\u00f3w, stworzone z my\u015bl\u0105 o osobach, kt\u00f3re chc\u0105 uporz\u0105dkowa\u0107 ca\u0142e swoje archiwum zdj\u0119\u0107, szybko je przetwarza\u0107 oraz korygowa\u0107 na poziomie profesjonalnym. Wersja 2026 dodatkowo rozwija stabilno\u015b\u0107 znan\u0105 z poprzednich lat, oferuj\u0105c jeszcze szybsz\u0105 prac\u0119 katalog\u00f3w, zoptymalizowane przetwarzanie obrazu oraz bardziej efektywn\u0105 edycj\u0119 plik\u00f3w RAW dla u\u017cytkownik\u00f3w systemu Windows.<\/p>\n<p data-start=\"946\" data-end=\"1494\">Program jest idealnym rozwi\u0105zaniem przede wszystkim dla fotograf\u00f3w pracuj\u0105cych z du\u017c\u0105 liczb\u0105 zdj\u0119\u0107, dla kt\u00f3rych kluczowe jest zarz\u0105dzanie wszystkimi plikami w jednym, przejrzystym systemie katalog\u00f3w. Lightroom Classic 2026 umo\u017cliwia szybkie selekcjonowanie zdj\u0119\u0107, sortowanie za pomoc\u0105 kolor\u00f3w i ocen gwiazdkowych, import zbiorczy oraz natychmiastowe generowanie podgl\u0105d\u00f3w. Du\u017ce projekty \u2013 takie jak sesje \u015blubne, masowa obr\u00f3bka zdj\u0119\u0107 produktowych czy porz\u0105dkowanie portfolio z podr\u00f3\u017cy \u2013 staj\u0105 si\u0119 dzi\u0119ki temu znacznie prostsze i bardziej efektywne.<\/p>\n<p data-start=\"1496\" data-end=\"1887\">Zaawansowany silnik RAW zapewnia jeszcze dok\u0142adniejsze zarz\u0105dzanie kolorem, nowe optymalizacje krzywych tonalnych oraz precyzyjne korekcje geometryczne, pozwalaj\u0105ce w pe\u0142ni wykorzysta\u0107 maksymalny zakres dynamiczny ka\u017cdego zdj\u0119cia. Lokalne korekty, maski, p\u0119dzle i gradienty zosta\u0142y dodatkowo udoskonalone, dzi\u0119ki czemu kreatywna postprodukcja jest szybka, intuicyjna i niezwykle szczeg\u00f3\u0142owa.<\/p>\n<p data-start=\"1889\" data-end=\"2442\">Lightroom Classic 2026 zosta\u0142 zaprojektowany specjalnie dla systemu Windows i dzia\u0142a ca\u0142kowicie w trybie offline, co oznacza, \u017ce ca\u0142y proces przetwarzania danych, zarz\u0105dzania katalogami i edycji odbywa si\u0119 lokalnie, w bezpiecznym \u015brodowisku. Program nie wymaga po\u0142\u0105czenia z internetem, nie korzysta z synchronizacji chmurowej, a wszystkie dane pozostaj\u0105 wy\u0142\u0105cznie na komputerze u\u017cytkownika. Jest to szczeg\u00f3lnie istotne dla fotograf\u00f3w realizuj\u0105cych poufne projekty lub pracuj\u0105cych w miejscach, gdzie stabilne po\u0142\u0105czenie z sieci\u0105 nie zawsze jest dost\u0119pne.<\/p>\n<p data-start=\"2444\" data-end=\"2836\">Interfejs programu jest dobrze znany i logiczny, a jego wydajno\u015b\u0107 stoi na bardzo wysokim poziomie: obr\u00f3bka setek, a nawet tysi\u0119cy zdj\u0119\u0107 odbywa si\u0119 b\u0142yskawicznie, a katalog bez problemu radzi sobie z plikami RAW o wysokiej rozdzielczo\u015bci. Edycja zdj\u0119\u0107 odbywa si\u0119 w czasie rzeczywistym, zmiany mo\u017cna \u0142atwo cofn\u0105\u0107, a nieniszcz\u0105cy proces pracy gwarantuje pe\u0142ne bezpiecze\u0144stwo oryginalnych plik\u00f3w.<\/p>\n<p data-start=\"2838\" data-end=\"3120\" data-is-last-node=\"\" data-is-only-node=\"\">Lightroom Classic 2026 to idealny wyb\u00f3r zar\u00f3wno dla fotograf\u00f3w amator\u00f3w, jak i profesjonalist\u00f3w, kt\u00f3rzy oczekuj\u0105 precyzyjnego, wydajnego i niezawodnego narz\u0119dzia do kompletnego procesu postprodukcji \u2013 od importu i zarz\u0105dzania katalogami, a\u017c po szczeg\u00f3\u0142ow\u0105 korekcj\u0119 koloru i \u015bwiat\u0142a.<\/p>\n<\/div>\n<\/div>\n<\/div>\n<\/div>\n<div class=\"z-0 flex min-h-[46px] justify-start\"><\/div>\n<div class=\"mt-3 w-full empty:hidden\">\n<div class=\"text-center\"><\/div>\n<\/div>\n<\/div>\n<\/div>\n<\/article>\n<div class=\"pointer-events-none h-px w-px\" aria-hidden=\"true\" data-edge=\"true\"><\/div>\n","protected":false},"excerpt":{"rendered":"<p data-start=\"0\" data-end=\"72\">\ud83d\udcbb <strong data-start=\"3\" data-end=\"72\">System do obr\u00f3bki zdj\u0119\u0107 stworzony specjalnie dla systemu Windows.<\/strong><\/p>\n<p data-start=\"74\" data-end=\"154\">\ud83d\udcf8 <strong data-start=\"77\" data-end=\"119\">Szybka organizacja du\u017cych ilo\u015bci zdj\u0119\u0107<\/strong>: katalogi, tagi, operacje wsadowe.<\/p>\n<p data-start=\"156\" data-end=\"258\">\ud83c\udfa8 <strong data-start=\"159\" data-end=\"188\">Profesjonalna obr\u00f3bka RAW<\/strong>: korekcja kolor\u00f3w, krzywe tonalne, maski lokalne, korekcja obiektywu.<\/p>\n<p data-start=\"260\" data-end=\"372\">\u26a1 <strong data-start=\"262\" data-end=\"285\">Wyj\u0105tkowa wydajno\u015b\u0107<\/strong> przy pracy z plikami o wysokiej rozdzielczo\u015bci oraz wielotysi\u0119cznymi kolekcjami zdj\u0119\u0107.<\/p>","protected":false},"featured_media":1505,"comment_status":"open","ping_status":"closed","template":"","meta":[],"product_brand":[],"product_cat":[34],"product_tag":[],"class_list":{"0":"post-1506","1":"product","2":"type-product","3":"status-publish","4":"has-post-thumbnail","6":"product_cat-graphical","8":"first","9":"instock","10":"sale","11":"shipping-taxable","12":"purchasable","13":"product-type-simple"},"_links":{"self":[{"href":"https:\/\/softsrl.pl\/pl\/wp-json\/wp\/v2\/product\/1506","targetHints":{"allow":["GET"]}}],"collection":[{"href":"https:\/\/softsrl.pl\/pl\/wp-json\/wp\/v2\/product"}],"about":[{"href":"https:\/\/softsrl.pl\/pl\/wp-json\/wp\/v2\/types\/product"}],"replies":[{"embeddable":true,"href":"https:\/\/softsrl.pl\/pl\/wp-json\/wp\/v2\/comments?post=1506"}],"wp:featuredmedia":[{"embeddable":true,"href":"https:\/\/softsrl.pl\/pl\/wp-json\/wp\/v2\/media\/1505"}],"wp:attachment":[{"href":"https:\/\/softsrl.pl\/pl\/wp-json\/wp\/v2\/media?parent=1506"}],"wp:term":[{"taxonomy":"product_brand","embeddable":true,"href":"https:\/\/softsrl.pl\/pl\/wp-json\/wp\/v2\/product_brand?post=1506"},{"taxonomy":"product_cat","embeddable":true,"href":"https:\/\/softsrl.pl\/pl\/wp-json\/wp\/v2\/product_cat?post=1506"},{"taxonomy":"product_tag","embeddable":true,"href":"https:\/\/softsrl.pl\/pl\/wp-json\/wp\/v2\/product_tag?post=1506"}],"curies":[{"name":"wp","href":"https:\/\/api.w.org\/{rel}","templated":true}]}}