{"id":1508,"date":"2025-12-12T09:24:26","date_gmt":"2025-12-12T09:24:26","guid":{"rendered":"https:\/\/softsrl.pl\/product\/photoshop-2026-i-windows\/"},"modified":"2026-03-19T09:05:27","modified_gmt":"2026-03-19T09:05:27","slug":"photoshop-2026-i-windows","status":"publish","type":"product","link":"https:\/\/softsrl.pl\/pl\/produkt\/photoshop-2026-i-windows\/","title":{"rendered":"Photoshop 2026 I Windows  + Gift 2026  Lightroom Classic"},"content":{"rendered":"<article class=\"text-token-text-primary w-full focus:outline-none [--shadow-height:45px] has-data-writing-block:pointer-events-none has-data-writing-block:-mt-(--shadow-height) has-data-writing-block:pt-(--shadow-height) [&amp;:has([data-writing-block])&gt;*]:pointer-events-auto scroll-mt-[calc(var(--header-height)+min(200px,max(70px,20svh)))]\" dir=\"auto\" tabindex=\"-1\" data-turn-id=\"request-WEB:8a90338f-3d10-477f-8bee-121c327e0960-2\" data-testid=\"conversation-turn-6\" data-scroll-anchor=\"true\" data-turn=\"assistant\">\n<div class=\"text-base my-auto mx-auto pb-10 [--thread-content-margin:--spacing(4)] @w-sm\/main:[--thread-content-margin:--spacing(6)] @w-lg\/main:[--thread-content-margin:--spacing(16)] px-(--thread-content-margin)\">\n<div class=\"[--thread-content-max-width:40rem] @w-lg\/main:[--thread-content-max-width:48rem] mx-auto max-w-(--thread-content-max-width) flex-1 group\/turn-messages focus-visible:outline-hidden relative flex w-full min-w-0 flex-col agent-turn\" tabindex=\"-1\">\n<div class=\"flex max-w-full flex-col grow\">\n<div class=\"min-h-8 text-message relative flex w-full flex-col items-end gap-2 text-start break-words whitespace-normal [.text-message+&amp;]:mt-1\" dir=\"auto\" data-message-author-role=\"assistant\" data-message-id=\"51a60d36-093b-4e3a-95b5-3299e6417aed\" data-message-model-slug=\"gpt-5-2\">\n<div class=\"flex w-full flex-col gap-1 empty:hidden first:pt-[1px]\">\n<div class=\"markdown prose dark:prose-invert w-full break-words dark markdown-new-styling\">\n<p data-start=\"416\" data-end=\"490\"><strong data-start=\"416\" data-end=\"490\">Photoshop 2026 | Windows \u2013 profesjonalna edycja obrazu nowej generacji<\/strong><\/p>\n<p data-start=\"492\" data-end=\"931\">Photoshop 2026 to rozwini\u0119ta edycja jednego z najbardziej rozpoznawalnych i cenionych program\u00f3w do edycji grafiki na \u015bwiecie, oferuj\u0105ca jeszcze wy\u017csz\u0105 wydajno\u015b\u0107, bardziej elastyczny interfejs oraz usprawnione procesy pracy. Wersja stworzona specjalnie dla systemu Windows, dzia\u0142aj\u0105ca w trybie offline, jest idealnym wyborem dla wszystkich, kt\u00f3rzy chc\u0105 pracowa\u0107 kreatywnie szybko, stabilnie i niezawodnie \u2013 r\u00f3wnie\u017c bez dost\u0119pu do internetu.<\/p>\n<p data-start=\"933\" data-end=\"1426\">Program jest u\u017cywany przez miliony fotograf\u00f3w, grafik\u00f3w, webdesigner\u00f3w, tw\u00f3rc\u00f3w tre\u015bci, marketer\u00f3w oraz specjalist\u00f3w z bran\u017cy kreatywnej na ca\u0142ym \u015bwiecie, poniewa\u017c umo\u017cliwia profesjonaln\u0105 realizacj\u0119 ka\u017cdego zadania \u2013 od precyzyjnego retuszu po zaawansowane kompozycje graficzne. Wersja 2026 zosta\u0142a zaprojektowana z my\u015bl\u0105 o zapewnieniu maksymalnie szybkiego i bezpiecznego \u015brodowiska pracy, oferuj\u0105c stabilne dzia\u0142anie, logiczny uk\u0142ad narz\u0119dzi oraz wysok\u0105 wydajno\u015b\u0107 znan\u0105 z poprzednich edycji.<\/p>\n<p data-start=\"1428\" data-end=\"2019\">Oprogramowanie jest w pe\u0142ni kompatybilne z systemem Windows, dzi\u0119ki czemu doskonale sprawdza si\u0119 zar\u00f3wno na komputerach domowych, jak i na profesjonalnych stacjach roboczych. Klasyczne narz\u0119dzia \u2013 p\u0119dzle, warstwy, maski, korekcja kolor\u00f3w i filtry \u2013 zosta\u0142y dodatkowo udoskonalone, a skr\u00f3ty klawiszowe oraz przestrzenie robocze sta\u0142y si\u0119 jeszcze bardziej przejrzyste. Niezale\u017cnie od tego, czy pracujesz nad popraw\u0105 zdj\u0119\u0107 RAW, retuszem fotografii produktowych, projektowaniem baner\u00f3w czy grafik do medi\u00f3w spo\u0142eczno\u015bciowych, Photoshop 2026 zapewnia profesjonalny poziom pracy w ka\u017cdej sytuacji.<\/p>\n<p data-start=\"2021\" data-end=\"2330\">Dzi\u0119ki pe\u0142nej funkcjonalno\u015bci, pracy w trybie offline oraz nieograniczonym mo\u017cliwo\u015bciom edycji, wersja ta jest doskona\u0142ym wyborem r\u00f3wnie\u017c dla u\u017cytkownik\u00f3w poszukuj\u0105cych stabilnego i przewidywalnego \u015brodowiska pracy \u2013 dla firm, studi\u00f3w fotograficznych, sklep\u00f3w internetowych, agencji oraz zespo\u0142\u00f3w kreatywnych.<\/p>\n<p data-start=\"2332\" data-end=\"2676\">Po zako\u0144czeniu instalacji aplikacja jest natychmiast gotowa do u\u017cycia \u2013 nie wymaga po\u0142\u0105czenia z chmur\u0105, nie potrzebuje internetowej weryfikacji i nie zawiera funkcji uzale\u017cnionych od us\u0142ug online. Jest to szczeg\u00f3lnie korzystne w \u015brodowiskach, w kt\u00f3rych przetwarzane s\u0105 poufne materia\u0142y lub gdzie dost\u0119p do stabilnego internetu bywa ograniczony.<\/p>\n<p data-start=\"2678\" data-end=\"2824\" data-is-last-node=\"\" data-is-only-node=\"\">Celem Photoshop 2026 jest jednoznaczny: zapewni\u0107 nowoczesne, szybkie i niezawodne \u015brodowisko edycji obrazu wszystkim u\u017cytkownikom systemu Windows.<\/p>\n<\/div>\n<\/div>\n<\/div>\n<\/div>\n<div class=\"z-0 flex min-h-[46px] justify-start\"><\/div>\n<div class=\"mt-3 w-full empty:hidden\">\n<div class=\"text-center\"><\/div>\n<\/div>\n<\/div>\n<\/div>\n<\/article>\n<div class=\"pointer-events-none h-px w-px\" aria-hidden=\"true\" data-edge=\"true\"><\/div>\n","protected":false},"excerpt":{"rendered":"<p data-start=\"0\" data-end=\"95\">\ud83d\udcbb <strong data-start=\"3\" data-end=\"51\">Pe\u0142na wersja kompatybilna z systemem Windows<\/strong>, zapewniaj\u0105ca stabilne i szybkie dzia\u0142anie.<\/p>\n<p data-start=\"97\" data-end=\"190\">\ud83c\udfa8 <strong data-start=\"100\" data-end=\"131\">Profesjonalna edycja obrazu<\/strong>: warstwy, maskowanie, korekcja kolor\u00f3w, retusz fotografii.<\/p>\n<p data-start=\"192\" data-end=\"293\">\u26a1 <strong data-start=\"194\" data-end=\"234\">Szybka instalacja i prosta aktywacja<\/strong>, pe\u0142na funkcjonalno\u015b\u0107 r\u00f3wnie\u017c bez po\u0142\u0105czenia z internetem.<\/p>\n<p data-start=\"295\" data-end=\"413\">\ud83c\udfc6 <strong data-start=\"298\" data-end=\"321\">Idealne rozwi\u0105zanie<\/strong> dla fotograf\u00f3w, grafik\u00f3w, sklep\u00f3w internetowych, agencji oraz profesjonalist\u00f3w kreatywnych.<\/p>","protected":false},"featured_media":1507,"comment_status":"open","ping_status":"closed","template":"","meta":[],"product_brand":[],"product_cat":[34],"product_tag":[],"class_list":{"0":"post-1508","1":"product","2":"type-product","3":"status-publish","4":"has-post-thumbnail","6":"product_cat-graphical","8":"first","9":"instock","10":"sale","11":"shipping-taxable","12":"purchasable","13":"product-type-simple"},"_links":{"self":[{"href":"https:\/\/softsrl.pl\/pl\/wp-json\/wp\/v2\/product\/1508","targetHints":{"allow":["GET"]}}],"collection":[{"href":"https:\/\/softsrl.pl\/pl\/wp-json\/wp\/v2\/product"}],"about":[{"href":"https:\/\/softsrl.pl\/pl\/wp-json\/wp\/v2\/types\/product"}],"replies":[{"embeddable":true,"href":"https:\/\/softsrl.pl\/pl\/wp-json\/wp\/v2\/comments?post=1508"}],"wp:featuredmedia":[{"embeddable":true,"href":"https:\/\/softsrl.pl\/pl\/wp-json\/wp\/v2\/media\/1507"}],"wp:attachment":[{"href":"https:\/\/softsrl.pl\/pl\/wp-json\/wp\/v2\/media?parent=1508"}],"wp:term":[{"taxonomy":"product_brand","embeddable":true,"href":"https:\/\/softsrl.pl\/pl\/wp-json\/wp\/v2\/product_brand?post=1508"},{"taxonomy":"product_cat","embeddable":true,"href":"https:\/\/softsrl.pl\/pl\/wp-json\/wp\/v2\/product_cat?post=1508"},{"taxonomy":"product_tag","embeddable":true,"href":"https:\/\/softsrl.pl\/pl\/wp-json\/wp\/v2\/product_tag?post=1508"}],"curies":[{"name":"wp","href":"https:\/\/api.w.org\/{rel}","templated":true}]}}