{"id":1510,"date":"2025-12-12T09:24:26","date_gmt":"2025-12-12T09:24:26","guid":{"rendered":"https:\/\/softsrl.pl\/product\/indesign-2026-i-windows\/"},"modified":"2026-03-19T09:05:59","modified_gmt":"2026-03-19T09:05:59","slug":"indesign-2026-i-windows","status":"publish","type":"product","link":"https:\/\/softsrl.pl\/pl\/produkt\/indesign-2026-i-windows\/","title":{"rendered":"Indesign 2026 I windows + Gift Photoshop 2026"},"content":{"rendered":"<article class=\"text-token-text-primary w-full focus:outline-none [--shadow-height:45px] has-data-writing-block:pointer-events-none has-data-writing-block:-mt-(--shadow-height) has-data-writing-block:pt-(--shadow-height) [&amp;:has([data-writing-block])&gt;*]:pointer-events-auto scroll-mt-[calc(var(--header-height)+min(200px,max(70px,20svh)))]\" dir=\"auto\" tabindex=\"-1\" data-turn-id=\"request-WEB:8a90338f-3d10-477f-8bee-121c327e0960-3\" data-testid=\"conversation-turn-8\" data-scroll-anchor=\"true\" data-turn=\"assistant\">\n<div class=\"text-base my-auto mx-auto pb-10 [--thread-content-margin:--spacing(4)] @w-sm\/main:[--thread-content-margin:--spacing(6)] @w-lg\/main:[--thread-content-margin:--spacing(16)] px-(--thread-content-margin)\">\n<div class=\"[--thread-content-max-width:40rem] @w-lg\/main:[--thread-content-max-width:48rem] mx-auto max-w-(--thread-content-max-width) flex-1 group\/turn-messages focus-visible:outline-hidden relative flex w-full min-w-0 flex-col agent-turn\" tabindex=\"-1\">\n<div class=\"flex max-w-full flex-col grow\">\n<div class=\"min-h-8 text-message relative flex w-full flex-col items-end gap-2 text-start break-words whitespace-normal [.text-message+&amp;]:mt-1\" dir=\"auto\" data-message-author-role=\"assistant\" data-message-id=\"514752f5-2ba4-4e54-90c2-0ccdb5c4121c\" data-message-model-slug=\"gpt-5-2\">\n<div class=\"flex w-full flex-col gap-1 empty:hidden first:pt-[1px]\">\n<div class=\"markdown prose dark:prose-invert w-full break-words dark markdown-new-styling\">\n<h3 data-start=\"249\" data-end=\"302\"><strong data-start=\"253\" data-end=\"302\">Projektowanie publikacji w \u015brodowisku Windows<\/strong><\/h3>\n<p data-start=\"304\" data-end=\"778\">InDesign 2026 to profesjonalne oprogramowanie do sk\u0142adu i projektowania publikacji, stworzone z my\u015bl\u0105 o u\u017cytkownikach pracuj\u0105cych z wielostronicowymi, precyzyjnymi i estetycznie dopracowanymi dokumentami. Program dzia\u0142a wy\u0142\u0105cznie w systemie Windows, dlatego do jego u\u017cytkowania wymagany jest komputer z systemem Windows. Niezawodna wydajno\u015b\u0107 oraz zaawansowane narz\u0119dzia edycyjne sprawiaj\u0105, \u017ce jest to idealne rozwi\u0105zanie zar\u00f3wno do zastosowa\u0144 biznesowych, jak i kreatywnych.<\/p>\n<h3 data-start=\"780\" data-end=\"816\"><strong data-start=\"784\" data-end=\"816\">Kontrola typografii i uk\u0142adu<\/strong><\/h3>\n<p data-start=\"818\" data-end=\"1084\">Rozbudowane mo\u017cliwo\u015bci typograficzne pozwalaj\u0105 na szczeg\u00f3\u0142ow\u0105 edycj\u0119 tekstu oraz precyzyjne projektowanie stron. Style znak\u00f3w i akapit\u00f3w, szablony oraz systemy siatek zapewniaj\u0105 sp\u00f3jn\u0105 struktur\u0119 dokument\u00f3w, co jest kluczowe przy tworzeniu profesjonalnych publikacji.<\/p>\n<h3 data-start=\"1086\" data-end=\"1146\"><strong data-start=\"1090\" data-end=\"1146\">Harmonijne po\u0142\u0105czenie tre\u015bci wizualnych i tekstowych<\/strong><\/h3>\n<p data-start=\"1148\" data-end=\"1408\">InDesign 2026 skutecznie integruje obrazy i elementy graficzne, umo\u017cliwiaj\u0105c harmonijne \u0142\u0105czenie tre\u015bci wizualnych z tekstem. U\u017cytkownicy mog\u0105 z \u0142atwo\u015bci\u0105 tworzy\u0107 nowoczesne, minimalistyczne lub bardziej z\u0142o\u017cone uk\u0142ady stron \u2013 w zale\u017cno\u015bci od potrzeb projektu.<\/p>\n<h3 data-start=\"1410\" data-end=\"1465\"><strong data-start=\"1414\" data-end=\"1465\">Stabilna wydajno\u015b\u0107 nawet przy du\u017cych projektach<\/strong><\/h3>\n<p data-start=\"1467\" data-end=\"1768\">Oprogramowanie zosta\u0142o zaprojektowane tak, aby szybko i stabilnie obs\u0142ugiwa\u0107 nawet bardzo obszerne dokumenty. Jest to szczeg\u00f3lnie istotne przy tworzeniu katalog\u00f3w, raport\u00f3w firmowych, materia\u0142\u00f3w edukacyjnych czy publikacji o du\u017cej obj\u0119to\u015bci, gdzie liczy si\u0119 szybki czas reakcji i niezawodne dzia\u0142anie.<\/p>\n<h3 data-start=\"1770\" data-end=\"1804\"><strong data-start=\"1774\" data-end=\"1804\">Profesjonalne zastosowania<\/strong><\/h3>\n<p data-start=\"1806\" data-end=\"2101\" data-is-last-node=\"\" data-is-only-node=\"\">InDesign 2026 to doskona\u0142y wyb\u00f3r dla studi\u00f3w graficznych, zespo\u0142\u00f3w marketingowych, specjalist\u00f3w ds. komunikacji korporacyjnej oraz instytucji edukacyjnych. Jego wszechstronno\u015b\u0107 pozwala na \u0142atwe wykorzystanie w r\u00f3\u017cnorodnych projektach kreatywnych i biznesowych \u2013 od broszur firmowych po magazyny.<\/p>\n<\/div>\n<\/div>\n<\/div>\n<\/div>\n<div class=\"z-0 flex min-h-[46px] justify-start\"><\/div>\n<div class=\"mt-3 w-full empty:hidden\">\n<div class=\"text-center\"><\/div>\n<\/div>\n<\/div>\n<\/div>\n<\/article>\n<div class=\"pointer-events-none h-px w-px\" aria-hidden=\"true\" data-edge=\"true\"><\/div>\n","protected":false},"excerpt":{"rendered":"<p data-start=\"0\" data-end=\"45\">\ud83d\udcda <strong data-start=\"3\" data-end=\"45\">Profesjonalne projektowanie publikacji<\/strong><\/p>\n<p data-start=\"47\" data-end=\"83\">\u270d\ufe0f <strong data-start=\"50\" data-end=\"83\">Precyzyjna typografia i uk\u0142ad<\/strong><\/p>\n<p data-start=\"85\" data-end=\"127\">\ud83d\udcbb <strong data-start=\"88\" data-end=\"127\">Dzia\u0142a wy\u0142\u0105cznie w systemie Windows<\/strong><\/p>\n<p data-start=\"129\" data-end=\"178\">\u2699\ufe0f <strong data-start=\"132\" data-end=\"178\">Stabilna wydajno\u015b\u0107 przy du\u017cych dokumentach<\/strong><\/p>\n<p data-start=\"180\" data-end=\"246\">\ud83e\udde9 <strong data-start=\"183\" data-end=\"246\">Idealne rozwi\u0105zanie dla firm i profesjonalist\u00f3w kreatywnych<\/strong><\/p>","protected":false},"featured_media":1509,"comment_status":"open","ping_status":"closed","template":"","meta":[],"product_brand":[],"product_cat":[34],"product_tag":[],"class_list":{"0":"post-1510","1":"product","2":"type-product","3":"status-publish","4":"has-post-thumbnail","6":"product_cat-graphical","8":"first","9":"instock","10":"sale","11":"shipping-taxable","12":"purchasable","13":"product-type-simple"},"_links":{"self":[{"href":"https:\/\/softsrl.pl\/pl\/wp-json\/wp\/v2\/product\/1510","targetHints":{"allow":["GET"]}}],"collection":[{"href":"https:\/\/softsrl.pl\/pl\/wp-json\/wp\/v2\/product"}],"about":[{"href":"https:\/\/softsrl.pl\/pl\/wp-json\/wp\/v2\/types\/product"}],"replies":[{"embeddable":true,"href":"https:\/\/softsrl.pl\/pl\/wp-json\/wp\/v2\/comments?post=1510"}],"wp:featuredmedia":[{"embeddable":true,"href":"https:\/\/softsrl.pl\/pl\/wp-json\/wp\/v2\/media\/1509"}],"wp:attachment":[{"href":"https:\/\/softsrl.pl\/pl\/wp-json\/wp\/v2\/media?parent=1510"}],"wp:term":[{"taxonomy":"product_brand","embeddable":true,"href":"https:\/\/softsrl.pl\/pl\/wp-json\/wp\/v2\/product_brand?post=1510"},{"taxonomy":"product_cat","embeddable":true,"href":"https:\/\/softsrl.pl\/pl\/wp-json\/wp\/v2\/product_cat?post=1510"},{"taxonomy":"product_tag","embeddable":true,"href":"https:\/\/softsrl.pl\/pl\/wp-json\/wp\/v2\/product_tag?post=1510"}],"curies":[{"name":"wp","href":"https:\/\/api.w.org\/{rel}","templated":true}]}}