{"id":1546,"date":"2026-01-14T15:58:17","date_gmt":"2026-01-14T15:58:17","guid":{"rendered":"https:\/\/softsrl.pl\/?post_type=product&#038;p=1546"},"modified":"2026-01-14T16:00:47","modified_gmt":"2026-01-14T16:00:47","slug":"photoshop-2026-indesign-2026-i-windows","status":"publish","type":"product","link":"https:\/\/softsrl.pl\/pl\/produkt\/photoshop-2026-indesign-2026-i-windows\/","title":{"rendered":"Photoshop 2026 + InDesign 2026 I Windows"},"content":{"rendered":"<p data-start=\"66\" data-end=\"486\">Po\u0142\u0105czenie <strong data-start=\"77\" data-end=\"95\">Photoshop 2026<\/strong> oraz <strong data-start=\"101\" data-end=\"118\">InDesign 2026<\/strong> to idealne rozwi\u0105zanie dla os\u00f3b poszukuj\u0105cych <strong data-start=\"165\" data-end=\"207\">wszechstronnego \u015brodowiska kreatywnego<\/strong> do edycji obrazu, projektowania graficznego oraz tworzenia profesjonalnych publikacji. Pakiet umo\u017cliwia przygotowanie szczeg\u00f3\u0142owych materia\u0142\u00f3w wizualnych, a nast\u0119pnie uzupe\u0142nienie ich <strong data-start=\"392\" data-end=\"447\">zaawansowan\u0105 typografi\u0105 i precyzyjnym uk\u0142adem stron<\/strong> \u2013 wszystko w jednym, sp\u00f3jnym workflow.<\/p>\n<p data-start=\"488\" data-end=\"779\">Oba programy dzia\u0142aj\u0105 <strong data-start=\"510\" data-end=\"542\">wy\u0142\u0105cznie w systemie Windows<\/strong>, dlatego \u015brodowisko u\u017cytkownika musi spe\u0142nia\u0107 ten wym\u00f3g. Jednocze\u015bnie s\u0105 to <strong data-start=\"619\" data-end=\"637\">wersje offline<\/strong>, pozbawione funkcji zale\u017cnych od po\u0142\u0105czenia z internetem, co pozwala realizowa\u0107 ca\u0142y proces pracy <strong data-start=\"736\" data-end=\"778\">lokalnie, bezpiecznie i przewidywalnie<\/strong>.<\/p>\n<hr data-start=\"781\" data-end=\"784\" \/>\n<h2 data-start=\"786\" data-end=\"847\">Edycja obrazu i kreatywne tre\u015bci wizualne z Photoshop 2026<\/h2>\n<p data-start=\"849\" data-end=\"941\">G\u0142\u00f3wnym elementem pakietu jest <strong data-start=\"880\" data-end=\"898\">Photoshop 2026<\/strong>, oferuj\u0105cy szerokie mo\u017cliwo\u015bci w zakresie:<\/p>\n<ul data-start=\"942\" data-end=\"1060\">\n<li data-start=\"942\" data-end=\"963\">\n<p data-start=\"944\" data-end=\"963\">retuszu fotografii,<\/p>\n<\/li>\n<li data-start=\"964\" data-end=\"986\">\n<p data-start=\"966\" data-end=\"986\">malowania cyfrowego,<\/p>\n<\/li>\n<li data-start=\"987\" data-end=\"1015\">\n<p data-start=\"989\" data-end=\"1015\">projektowania graficznego,<\/p>\n<\/li>\n<li data-start=\"1016\" data-end=\"1060\">\n<p data-start=\"1018\" data-end=\"1060\">tworzenia z\u0142o\u017conych kompozycji wizualnych.<\/p>\n<\/li>\n<\/ul>\n<p data-start=\"1062\" data-end=\"1445\">Nowoczesny zestaw narz\u0119dzi umo\u017cliwia <strong data-start=\"1099\" data-end=\"1119\">precyzyjn\u0105 prac\u0119<\/strong> nad kolorem, warstwami i detalami, a tak\u017ce budowanie zupe\u0142nie nowych koncepcji kreatywnych. Elastyczny workflow sprawdza si\u0119 szczeg\u00f3lnie przy obr\u00f3bce zdj\u0119\u0107 RAW, przygotowywaniu materia\u0142\u00f3w marketingowych oraz projektowaniu element\u00f3w wizualnych przeznaczonych do dalszego wykorzystania w publikacjach drukowanych lub cyfrowych.<\/p>\n<hr data-start=\"1447\" data-end=\"1450\" \/>\n<h2 data-start=\"1452\" data-end=\"1505\">Profesjonalne sk\u0142adanie publikacji z InDesign 2026<\/h2>\n<p data-start=\"1507\" data-end=\"1640\">Drugim filarem pakietu jest <strong data-start=\"1535\" data-end=\"1552\">InDesign 2026<\/strong> \u2013 kluczowe narz\u0119dzie nowoczesnego sk\u0142adu publikacji. Doskonale nadaje si\u0119 do tworzenia:<\/p>\n<ul data-start=\"1641\" data-end=\"1731\">\n<li data-start=\"1641\" data-end=\"1653\">\n<p data-start=\"1643\" data-end=\"1653\">magazyn\u00f3w,<\/p>\n<\/li>\n<li data-start=\"1654\" data-end=\"1666\">\n<p data-start=\"1656\" data-end=\"1666\">katalog\u00f3w,<\/p>\n<\/li>\n<li data-start=\"1667\" data-end=\"1677\">\n<p data-start=\"1669\" data-end=\"1677\">broszur,<\/p>\n<\/li>\n<li data-start=\"1678\" data-end=\"1689\">\n<p data-start=\"1680\" data-end=\"1689\">e-book\u00f3w,<\/p>\n<\/li>\n<li data-start=\"1690\" data-end=\"1731\">\n<p data-start=\"1692\" data-end=\"1731\">wszelkich dokument\u00f3w wielostronicowych.<\/p>\n<\/li>\n<\/ul>\n<p data-start=\"1733\" data-end=\"2045\">Zaawansowane opcje typograficzne, siatki stron oraz rozbudowane narz\u0119dzia uk\u0142adu pozwalaj\u0105 tworzy\u0107 <strong data-start=\"1832\" data-end=\"1881\">materia\u0142y o profesjonalnym, sp\u00f3jnym wygl\u0105dzie<\/strong>. Program umo\u017cliwia <strong data-start=\"1901\" data-end=\"1968\">bezproblemow\u0105 integracj\u0119 grafik przygotowanych w Photoshop 2026<\/strong>, dzi\u0119ki czemu oba narz\u0119dzia razem tworz\u0105 pe\u0142nowarto\u015bciowy proces wydawniczy.<\/p>\n<p data-start=\"2047\" data-end=\"2221\">Pe\u0142na kontrola nad detalami, wysokiej jako\u015bci opcje eksportu oraz precyzyjne narz\u0119dzia layoutu gwarantuj\u0105, \u017ce efekt ko\u0144cowy prezentuje si\u0119 <strong data-start=\"2186\" data-end=\"2220\">doskonale na ka\u017cdej platformie<\/strong>.<\/p>\n<hr data-start=\"2223\" data-end=\"2226\" \/>\n<h2 data-start=\"2228\" data-end=\"2264\">Dlaczego warto wybra\u0107 ten pakiet?<\/h2>\n<p data-start=\"2266\" data-end=\"2586\">Zestaw tych dw\u00f3ch program\u00f3w oferuje <strong data-start=\"2302\" data-end=\"2352\">kompleksowe rozwi\u0105zanie graficzne i wydawnicze<\/strong>, obejmuj\u0105ce wszystkie etapy tworzenia tre\u015bci wizualnych \u2013 od projektu i edycji, po sk\u0142ad i finaln\u0105 publikacj\u0119. Obr\u00f3bka, skalowanie, retusz oraz przygotowanie profesjonalnych dokument\u00f3w odbywa si\u0119 <strong data-start=\"2549\" data-end=\"2585\">w jednym, sp\u00f3jnym procesie pracy<\/strong>.<\/p>\n<h3 data-start=\"2588\" data-end=\"2629\">Pakiet jest szczeg\u00f3lnie polecany dla:<\/h3>\n<ul data-start=\"2630\" data-end=\"2821\">\n<li data-start=\"2630\" data-end=\"2691\">\n<p data-start=\"2632\" data-end=\"2691\">grafik\u00f3w projektuj\u0105cych i publikuj\u0105cych materia\u0142y wizualne,<\/p>\n<\/li>\n<li data-start=\"2692\" data-end=\"2728\">\n<p data-start=\"2694\" data-end=\"2728\">redaktor\u00f3w i sk\u0142adaczy publikacji,<\/p>\n<\/li>\n<li data-start=\"2729\" data-end=\"2742\">\n<p data-start=\"2731\" data-end=\"2742\">marketer\u00f3w,<\/p>\n<\/li>\n<li data-start=\"2743\" data-end=\"2821\">\n<p data-start=\"2745\" data-end=\"2821\">firm przygotowuj\u0105cych materia\u0142y wizerunkowe i dokumenty we w\u0142asnym zakresie.<\/p>\n<\/li>\n<\/ul>\n<hr data-start=\"2823\" data-end=\"2826\" \/>\n<h2 data-start=\"2828\" data-end=\"2864\">Najwa\u017cniejsze korzy\u015bci w skr\u00f3cie:<\/h2>\n<ul data-start=\"2865\" data-end=\"3130\" data-is-last-node=\"\" data-is-only-node=\"\">\n<li data-start=\"2865\" data-end=\"2919\">\n<p data-start=\"2867\" data-end=\"2919\">Kompletny pakiet do pracy kreatywnej i wydawniczej<\/p>\n<\/li>\n<li data-start=\"2920\" data-end=\"2977\">\n<p data-start=\"2922\" data-end=\"2977\">Dzia\u0142anie offline, bez funkcji zale\u017cnych od internetu<\/p>\n<\/li>\n<li data-start=\"2978\" data-end=\"3026\">\n<p data-start=\"2980\" data-end=\"3026\">Pe\u0142na kompatybilno\u015b\u0107 mi\u0119dzy oboma programami<\/p>\n<\/li>\n<li data-start=\"3027\" data-end=\"3067\">\n<p data-start=\"3029\" data-end=\"3067\">Praca wy\u0142\u0105cznie w \u015brodowisku Windows<\/p>\n<\/li>\n<li data-start=\"3068\" data-end=\"3130\" data-is-last-node=\"\">\n<p data-start=\"3070\" data-end=\"3130\" data-is-last-node=\"\">Profesjonalny zestaw narz\u0119dzi do ka\u017cdego zadania kreatywnego<\/p>\n<\/li>\n<\/ul>","protected":false},"excerpt":{"rendered":"<ul>\n<li data-start=\"0\" data-end=\"98\">\n<p data-start=\"2\" data-end=\"98\">\ud83c\udfa8 <strong data-start=\"5\" data-end=\"46\">Profesjonalna edycja obrazu i grafika<\/strong> kompleksowe narz\u0119dzia kreatywne w jednym pakiecie<\/p>\n<\/li>\n<li data-start=\"99\" data-end=\"183\">\n<p data-start=\"101\" data-end=\"183\">\ud83d\udcda <strong data-start=\"104\" data-end=\"139\">Precyzyjne sk\u0142adanie publikacji<\/strong> idealne do magazyn\u00f3w, katalog\u00f3w i broszur<\/p>\n<\/li>\n<li data-start=\"184\" data-end=\"264\">\n<p data-start=\"186\" data-end=\"264\">\ud83d\udcbb <strong data-start=\"189\" data-end=\"212\">Pe\u0142na praca offline<\/strong> brak funkcji zale\u017cnych od po\u0142\u0105czenia z internetem<\/p>\n<\/li>\n<li data-start=\"265\" data-end=\"349\">\n<p data-start=\"267\" data-end=\"349\">\ud83d\udda5\ufe0f <strong data-start=\"271\" data-end=\"295\">Tylko system Windows<\/strong> aplikacje dzia\u0142aj\u0105ce wy\u0142\u0105cznie w \u015brodowisku Windows<\/p>\n<\/li>\n<li data-start=\"350\" data-end=\"429\" data-is-last-node=\"\">\n<p data-start=\"352\" data-end=\"429\" data-is-last-node=\"\">\ud83d\udd17 <strong data-start=\"355\" data-end=\"386\">P\u0142ynna wsp\u00f3\u0142praca program\u00f3w<\/strong> bezproblemowa integracja w jednym workflow<\/p>\n<\/li>\n<\/ul>","protected":false},"featured_media":1551,"comment_status":"open","ping_status":"closed","template":"","meta":[],"product_brand":[],"product_cat":[34,52,35],"product_tag":[],"class_list":{"0":"post-1546","1":"product","2":"type-product","3":"status-publish","4":"has-post-thumbnail","6":"product_cat-graphical","7":"product_cat-oferty-pakietowe","8":"product_cat-package-deals","10":"first","11":"instock","12":"shipping-taxable","13":"purchasable","14":"product-type-simple"},"_links":{"self":[{"href":"https:\/\/softsrl.pl\/pl\/wp-json\/wp\/v2\/product\/1546","targetHints":{"allow":["GET"]}}],"collection":[{"href":"https:\/\/softsrl.pl\/pl\/wp-json\/wp\/v2\/product"}],"about":[{"href":"https:\/\/softsrl.pl\/pl\/wp-json\/wp\/v2\/types\/product"}],"replies":[{"embeddable":true,"href":"https:\/\/softsrl.pl\/pl\/wp-json\/wp\/v2\/comments?post=1546"}],"wp:featuredmedia":[{"embeddable":true,"href":"https:\/\/softsrl.pl\/pl\/wp-json\/wp\/v2\/media\/1551"}],"wp:attachment":[{"href":"https:\/\/softsrl.pl\/pl\/wp-json\/wp\/v2\/media?parent=1546"}],"wp:term":[{"taxonomy":"product_brand","embeddable":true,"href":"https:\/\/softsrl.pl\/pl\/wp-json\/wp\/v2\/product_brand?post=1546"},{"taxonomy":"product_cat","embeddable":true,"href":"https:\/\/softsrl.pl\/pl\/wp-json\/wp\/v2\/product_cat?post=1546"},{"taxonomy":"product_tag","embeddable":true,"href":"https:\/\/softsrl.pl\/pl\/wp-json\/wp\/v2\/product_tag?post=1546"}],"curies":[{"name":"wp","href":"https:\/\/api.w.org\/{rel}","templated":true}]}}