{"id":1554,"date":"2026-01-14T16:02:21","date_gmt":"2026-01-14T16:02:21","guid":{"rendered":"https:\/\/softsrl.pl\/?post_type=product&#038;p=1554"},"modified":"2026-01-14T16:04:27","modified_gmt":"2026-01-14T16:04:27","slug":"photoshop-2026-lightroom-classic-2026-i-windows","status":"publish","type":"product","link":"https:\/\/softsrl.pl\/pl\/produkt\/photoshop-2026-lightroom-classic-2026-i-windows\/","title":{"rendered":"Photoshop 2026 + Lightroom Classic 2026 I Windows"},"content":{"rendered":"<p data-start=\"60\" data-end=\"400\">Po\u0142\u0105czenie <strong data-start=\"71\" data-end=\"89\">Photoshop 2026<\/strong> oraz <strong data-start=\"95\" data-end=\"121\">Lightroom Classic 2026<\/strong> tworzy <strong data-start=\"129\" data-end=\"179\">wszechstronne i profesjonalne \u015brodowisko pracy<\/strong>, idealne dla fotograf\u00f3w i tw\u00f3rc\u00f3w tre\u015bci wizualnych. Oba programy razem obejmuj\u0105 <strong data-start=\"261\" data-end=\"291\">pe\u0142ny proces postprodukcji<\/strong> \u2013 od organizacji zdj\u0119\u0107 i masowej korekty, przez precyzyjny retusz, a\u017c po zaawansowane, kreatywne kompozycje.<\/p>\n<p data-start=\"402\" data-end=\"669\">Obie aplikacje dzia\u0142aj\u0105 <strong data-start=\"426\" data-end=\"458\">wy\u0142\u0105cznie w systemie Windows<\/strong>, dlatego odpowiednie \u015brodowisko systemowe jest niezb\u0119dne. S\u0105 to <strong data-start=\"523\" data-end=\"541\">wersje offline<\/strong>, pozbawione funkcji zale\u017cnych od po\u0142\u0105czenia z internetem, co zapewnia <strong data-start=\"612\" data-end=\"668\">stabiln\u0105, przewidywaln\u0105 i niezak\u0142\u00f3con\u0105 prac\u0119 lokaln\u0105<\/strong>.<\/p>\n<hr data-start=\"671\" data-end=\"674\" \/>\n<h2 data-start=\"676\" data-end=\"756\">Photoshop 2026 \u2013 narz\u0119dzie do precyzyjnego retuszu i kreatywnej edycji obrazu<\/h2>\n<p data-start=\"758\" data-end=\"992\">G\u0142\u00f3wnym elementem pakietu jest <strong data-start=\"789\" data-end=\"807\">Photoshop 2026<\/strong>, oferuj\u0105cy jedne z najbardziej rozbudowanych mo\u017cliwo\u015bci w zakresie profesjonalnej edycji obrazu. Program zapewnia pe\u0142n\u0105 kontrol\u0119 nad ka\u017cdym detalem \u2013 niezale\u017cnie od tego, czy chodzi o:<\/p>\n<ul data-start=\"993\" data-end=\"1107\">\n<li data-start=\"993\" data-end=\"1008\">\n<p data-start=\"995\" data-end=\"1008\">retusz sk\u00f3ry,<\/p>\n<\/li>\n<li data-start=\"1009\" data-end=\"1032\">\n<p data-start=\"1011\" data-end=\"1032\">manipulacj\u0119 kolorami,<\/p>\n<\/li>\n<li data-start=\"1033\" data-end=\"1053\">\n<p data-start=\"1035\" data-end=\"1053\">usuwanie obiekt\u00f3w,<\/p>\n<\/li>\n<li data-start=\"1054\" data-end=\"1107\">\n<p data-start=\"1056\" data-end=\"1107\">tworzenie wielowarstwowych, kreatywnych kompozycji.<\/p>\n<\/li>\n<\/ul>\n<p data-start=\"1109\" data-end=\"1384\">Zaawansowane zarz\u0105dzanie warstwami, maski, narz\u0119dzia korekcyjne oraz precyzyjne techniki retuszu pozwalaj\u0105 <strong data-start=\"1216\" data-end=\"1257\">wynie\u015b\u0107 zdj\u0119cia na poziom artystyczny<\/strong>. To idealne rozwi\u0105zanie dla u\u017cytkownik\u00f3w, kt\u00f3rzy chc\u0105 nie tylko poprawia\u0107 obrazy, ale r\u00f3wnie\u017c <strong data-start=\"1352\" data-end=\"1383\">ca\u0142kowicie je przekszta\u0142ca\u0107<\/strong>.<\/p>\n<hr data-start=\"1386\" data-end=\"1389\" \/>\n<h2 data-start=\"1391\" data-end=\"1464\">Lightroom Classic 2026 \u2013 szybka i wydajna obr\u00f3bka du\u017cych zbior\u00f3w zdj\u0119\u0107<\/h2>\n<p data-start=\"1466\" data-end=\"1708\"><strong data-start=\"1466\" data-end=\"1492\">Lightroom Classic 2026<\/strong> stanowi drugi filar workflow fotograficznego, skupiaj\u0105c si\u0119 na <strong data-start=\"1556\" data-end=\"1605\">organizacji, selekcji i masowej obr\u00f3bce zdj\u0119\u0107<\/strong>. Umo\u017cliwia jednoczesne stosowanie sp\u00f3jnych korekt na setkach lub tysi\u0105cach plik\u00f3w, obejmuj\u0105cych m.in.:<\/p>\n<ul data-start=\"1709\" data-end=\"1801\">\n<li data-start=\"1709\" data-end=\"1733\">\n<p data-start=\"1711\" data-end=\"1733\">profile kolorystyczne,<\/p>\n<\/li>\n<li data-start=\"1734\" data-end=\"1755\">\n<p data-start=\"1736\" data-end=\"1755\">kontrast i ostro\u015b\u0107,<\/p>\n<\/li>\n<li data-start=\"1756\" data-end=\"1781\">\n<p data-start=\"1758\" data-end=\"1781\">balans \u015bwiate\u0142 i cieni,<\/p>\n<\/li>\n<li data-start=\"1782\" data-end=\"1801\">\n<p data-start=\"1784\" data-end=\"1801\">korekcj\u0119 tonaln\u0105.<\/p>\n<\/li>\n<\/ul>\n<p data-start=\"1803\" data-end=\"2093\">System katalogowy u\u0142atwia logiczne porz\u0105dkowanie materia\u0142\u00f3w, a <strong data-start=\"1866\" data-end=\"1889\">nieniszcz\u0105ca edycja<\/strong> pozwala w ka\u017cdej chwili wr\u00f3ci\u0107 do oryginalnej wersji zdj\u0119cia. W\u0142asne presety znacz\u0105co przyspieszaj\u0105 prac\u0119, szczeg\u00f3lnie przy projektach takich jak fotografia \u015blubna, portretowa, eventowa czy krajobrazowa.<\/p>\n<hr data-start=\"2095\" data-end=\"2098\" \/>\n<h2 data-start=\"2100\" data-end=\"2152\">Dwa programy razem \u2013 pe\u0142ny workflow fotograficzny<\/h2>\n<p data-start=\"2154\" data-end=\"2307\">Wsp\u00f3lne wykorzystanie <strong data-start=\"2176\" data-end=\"2194\">Photoshop 2026<\/strong> i <strong data-start=\"2197\" data-end=\"2223\">Lightroom Classic 2026<\/strong> umo\u017cliwia realizacj\u0119 <strong data-start=\"2245\" data-end=\"2304\">ca\u0142ego procesu postprodukcji na poziomie profesjonalnym<\/strong>.<\/p>\n<ul data-start=\"2308\" data-end=\"2512\">\n<li data-start=\"2308\" data-end=\"2418\">\n<p data-start=\"2310\" data-end=\"2418\"><strong data-start=\"2310\" data-end=\"2336\">Lightroom Classic 2026<\/strong> doskonale sprawdza si\u0119 w pocz\u0105tkowej fazie \u2013 selekcji i wst\u0119pnej obr\u00f3bki zdj\u0119\u0107,<\/p>\n<\/li>\n<li data-start=\"2419\" data-end=\"2512\">\n<p data-start=\"2421\" data-end=\"2512\"><strong data-start=\"2421\" data-end=\"2439\">Photoshop 2026<\/strong> pozwala na dok\u0142adny retusz oraz kreatywn\u0105 edycj\u0119 na najwy\u017cszym poziomie.<\/p>\n<\/li>\n<\/ul>\n<p data-start=\"2514\" data-end=\"2684\">Programy wzajemnie si\u0119 uzupe\u0142niaj\u0105, zapewniaj\u0105c <strong data-start=\"2562\" data-end=\"2595\">elastyczny i wydajny workflow<\/strong> \u2013 od pracy na plikach RAW po finalizacj\u0119 materia\u0142\u00f3w do publikacji i kampanii wizualnych.<\/p>\n<hr data-start=\"2686\" data-end=\"2689\" \/>\n<h2 data-start=\"2691\" data-end=\"2719\">Szczeg\u00f3lnie polecany dla:<\/h2>\n<ul data-start=\"2720\" data-end=\"2922\">\n<li data-start=\"2720\" data-end=\"2760\">\n<p data-start=\"2722\" data-end=\"2760\">fotograf\u00f3w profesjonalnych i amator\u00f3w,<\/p>\n<\/li>\n<li data-start=\"2761\" data-end=\"2797\">\n<p data-start=\"2763\" data-end=\"2797\">studi\u00f3w fotograficznych i agencji,<\/p>\n<\/li>\n<li data-start=\"2798\" data-end=\"2840\">\n<p data-start=\"2800\" data-end=\"2840\">tw\u00f3rc\u00f3w tre\u015bci oraz artyst\u00f3w wizualnych,<\/p>\n<\/li>\n<li data-start=\"2841\" data-end=\"2922\">\n<p data-start=\"2843\" data-end=\"2922\">specjalist\u00f3w pracuj\u0105cych z du\u017c\u0105 liczb\u0105 zdj\u0119\u0107 wymagaj\u0105cych precyzyjnego retuszu.<\/p>\n<\/li>\n<\/ul>\n<hr data-start=\"2924\" data-end=\"2927\" \/>\n<h2 data-start=\"2929\" data-end=\"2965\">Najwa\u017cniejsze korzy\u015bci w skr\u00f3cie:<\/h2>\n<ul data-start=\"2966\" data-end=\"3215\" data-is-last-node=\"\" data-is-only-node=\"\">\n<li data-start=\"2966\" data-end=\"3018\">\n<p data-start=\"2968\" data-end=\"3018\">Kompletny pakiet do fotograficznej postprodukcji<\/p>\n<\/li>\n<li data-start=\"3019\" data-end=\"3058\">\n<p data-start=\"3021\" data-end=\"3058\">Szybka obr\u00f3bka du\u017cych zbior\u00f3w zdj\u0119\u0107<\/p>\n<\/li>\n<li data-start=\"3059\" data-end=\"3106\">\n<p data-start=\"3061\" data-end=\"3106\">Precyzyjny retusz i kreatywna edycja obrazu<\/p>\n<\/li>\n<li data-start=\"3107\" data-end=\"3164\">\n<p data-start=\"3109\" data-end=\"3164\">Dzia\u0142anie offline, bez funkcji zale\u017cnych od internetu<\/p>\n<\/li>\n<li data-start=\"3165\" data-end=\"3215\" data-is-last-node=\"\">\n<p data-start=\"3167\" data-end=\"3215\" data-is-last-node=\"\">Aplikacje dost\u0119pne wy\u0142\u0105cznie dla systemu Windows<\/p>\n<\/li>\n<\/ul>","protected":false},"excerpt":{"rendered":"<ul>\n<li data-start=\"0\" data-end=\"91\">\n<p data-start=\"2\" data-end=\"91\">\ud83d\udcf8 <strong data-start=\"5\" data-end=\"43\">Profesjonalny pakiet fotograficzny<\/strong> pe\u0142ny workflow postprodukcji na ka\u017cdym etapie<\/p>\n<\/li>\n<li data-start=\"92\" data-end=\"175\">\n<p data-start=\"94\" data-end=\"175\">\ud83c\udfa8 <strong data-start=\"97\" data-end=\"137\">Precyzyjny retusz i kreatywna edycja<\/strong> zaawansowana praca w Photoshop 2026<\/p>\n<\/li>\n<li data-start=\"176\" data-end=\"277\">\n<p data-start=\"178\" data-end=\"277\">\u26a1 <strong data-start=\"180\" data-end=\"211\">Szybka obr\u00f3bka masowa zdj\u0119\u0107<\/strong> efektywne przetwarzanie du\u017cych zbior\u00f3w w Lightroom Classic 2026<\/p>\n<\/li>\n<li data-start=\"278\" data-end=\"346\">\n<p data-start=\"280\" data-end=\"346\">\ud83d\udcbb <strong data-start=\"283\" data-end=\"306\">Pe\u0142na praca offline<\/strong> brak potrzeby po\u0142\u0105czenia z internetem<\/p>\n<\/li>\n<li data-start=\"347\" data-end=\"419\" data-is-last-node=\"\">\n<p data-start=\"349\" data-end=\"419\" data-is-last-node=\"\">\ud83d\udda5\ufe0f <strong data-start=\"353\" data-end=\"374\">Wy\u0142\u0105cznie Windows<\/strong> aplikacje dost\u0119pne tylko dla systemu Windows<\/p>\n<\/li>\n<\/ul>","protected":false},"featured_media":1552,"comment_status":"open","ping_status":"closed","template":"","meta":[],"product_brand":[],"product_cat":[34,52,35],"product_tag":[],"class_list":{"0":"post-1554","1":"product","2":"type-product","3":"status-publish","4":"has-post-thumbnail","6":"product_cat-graphical","7":"product_cat-oferty-pakietowe","8":"product_cat-package-deals","10":"first","11":"instock","12":"shipping-taxable","13":"purchasable","14":"product-type-simple"},"_links":{"self":[{"href":"https:\/\/softsrl.pl\/pl\/wp-json\/wp\/v2\/product\/1554","targetHints":{"allow":["GET"]}}],"collection":[{"href":"https:\/\/softsrl.pl\/pl\/wp-json\/wp\/v2\/product"}],"about":[{"href":"https:\/\/softsrl.pl\/pl\/wp-json\/wp\/v2\/types\/product"}],"replies":[{"embeddable":true,"href":"https:\/\/softsrl.pl\/pl\/wp-json\/wp\/v2\/comments?post=1554"}],"wp:featuredmedia":[{"embeddable":true,"href":"https:\/\/softsrl.pl\/pl\/wp-json\/wp\/v2\/media\/1552"}],"wp:attachment":[{"href":"https:\/\/softsrl.pl\/pl\/wp-json\/wp\/v2\/media?parent=1554"}],"wp:term":[{"taxonomy":"product_brand","embeddable":true,"href":"https:\/\/softsrl.pl\/pl\/wp-json\/wp\/v2\/product_brand?post=1554"},{"taxonomy":"product_cat","embeddable":true,"href":"https:\/\/softsrl.pl\/pl\/wp-json\/wp\/v2\/product_cat?post=1554"},{"taxonomy":"product_tag","embeddable":true,"href":"https:\/\/softsrl.pl\/pl\/wp-json\/wp\/v2\/product_tag?post=1554"}],"curies":[{"name":"wp","href":"https:\/\/api.w.org\/{rel}","templated":true}]}}