{"id":1564,"date":"2026-01-14T16:12:47","date_gmt":"2026-01-14T16:12:47","guid":{"rendered":"https:\/\/softsrl.pl\/?post_type=product&#038;p=1564"},"modified":"2026-01-14T16:14:36","modified_gmt":"2026-01-14T16:14:36","slug":"indesign-2026-office-2024-pro-plus","status":"publish","type":"product","link":"https:\/\/softsrl.pl\/pl\/produkt\/indesign-2026-office-2024-pro-plus\/","title":{"rendered":"InDesign 2026 + Office 2024 Pro Plus"},"content":{"rendered":"<article class=\"text-token-text-primary w-full focus:outline-none [--shadow-height:45px] has-data-writing-block:pointer-events-none has-data-writing-block:-mt-(--shadow-height) has-data-writing-block:pt-(--shadow-height) [&amp;:has([data-writing-block])&gt;*]:pointer-events-auto scroll-mt-[calc(var(--header-height)+min(200px,max(70px,20svh)))]\" dir=\"auto\" tabindex=\"-1\" data-turn-id=\"request-WEB:09bc2d6b-b6cb-4796-8b82-49638dd7c8b4-26\" data-testid=\"conversation-turn-52\" data-scroll-anchor=\"false\" data-turn=\"assistant\">\n<div class=\"text-base my-auto mx-auto [--thread-content-margin:--spacing(4)] @w-sm\/main:[--thread-content-margin:--spacing(6)] @w-lg\/main:[--thread-content-margin:--spacing(16)] px-(--thread-content-margin)\">\n<div class=\"[--thread-content-max-width:40rem] @w-lg\/main:[--thread-content-max-width:48rem] mx-auto max-w-(--thread-content-max-width) flex-1 group\/turn-messages focus-visible:outline-hidden relative flex w-full min-w-0 flex-col agent-turn\" tabindex=\"-1\">\n<div class=\"flex max-w-full flex-col grow\">\n<div class=\"min-h-8 text-message relative flex w-full flex-col items-end gap-2 text-start break-words whitespace-normal [.text-message+&amp;]:mt-1\" dir=\"auto\" data-message-author-role=\"assistant\" data-message-id=\"305b6314-26e0-4899-99eb-b7433ebf2123\" data-message-model-slug=\"gpt-5-2-instant\">\n<div class=\"flex w-full flex-col gap-1 empty:hidden first:pt-[1px]\">\n<div class=\"streaming-animation markdown prose dark:prose-invert w-full break-words light markdown-new-styling\">\n<p data-start=\"63\" data-end=\"442\">Po\u0142\u0105czenie <strong data-start=\"74\" data-end=\"91\">InDesign 2026<\/strong> oraz <strong data-start=\"97\" data-end=\"121\">Office 2024 Pro Plus<\/strong> tworzy uniwersalny zestaw narz\u0119dzi, kt\u00f3ry \u0142\u0105czy <strong data-start=\"170\" data-end=\"204\">profesjonalny sk\u0142ad publikacji<\/strong> z <strong data-start=\"207\" data-end=\"245\">nowoczesn\u0105 produktywno\u015bci\u0105 biurow\u0105<\/strong>. To idealne rozwi\u0105zanie dla firm, instytucji oraz specjalist\u00f3w kreatywnych, kt\u00f3rzy chc\u0105 tworzy\u0107 <strong data-start=\"342\" data-end=\"406\">wysokiej jako\u015bci dokumenty, publikacje i materia\u0142y graficzne<\/strong> w jednym, sp\u00f3jnym \u015brodowisku pracy.<\/p>\n<p data-start=\"444\" data-end=\"714\"><strong data-start=\"444\" data-end=\"461\">InDesign 2026<\/strong> dzia\u0142a <strong data-start=\"469\" data-end=\"501\">wy\u0142\u0105cznie w systemie Windows<\/strong>, dlatego do instalacji i bezproblemowego u\u017cytkowania wymagane jest \u015brodowisko oparte na Windows. Ze wzgl\u0119du na kreatywny charakter pakietu, zaleca si\u0119 realizowanie ca\u0142ego zakresu zada\u0144 w\u0142a\u015bnie w takim \u015brodowisku.<\/p>\n<hr data-start=\"716\" data-end=\"719\" \/>\n<h2 data-start=\"721\" data-end=\"790\">InDesign 2026 \u2013 narz\u0119dzie do profesjonalnego projektowania uk\u0142ad\u00f3w<\/h2>\n<p data-start=\"792\" data-end=\"897\"><strong data-start=\"792\" data-end=\"809\">InDesign 2026<\/strong> to jedno z kluczowych rozwi\u0105za\u0144 w nowoczesnym sk\u0142adzie publikacji. Umo\u017cliwia tworzenie:<\/p>\n<ul data-start=\"898\" data-end=\"1028\">\n<li data-start=\"898\" data-end=\"929\">\n<p data-start=\"900\" data-end=\"929\">dokument\u00f3w wielostronicowych,<\/p>\n<\/li>\n<li data-start=\"930\" data-end=\"952\">\n<p data-start=\"932\" data-end=\"952\">magazyn\u00f3w i broszur,<\/p>\n<\/li>\n<li data-start=\"953\" data-end=\"965\">\n<p data-start=\"955\" data-end=\"965\">katalog\u00f3w,<\/p>\n<\/li>\n<li data-start=\"966\" data-end=\"987\">\n<p data-start=\"968\" data-end=\"987\">raport\u00f3w firmowych,<\/p>\n<\/li>\n<li data-start=\"988\" data-end=\"1028\">\n<p data-start=\"990\" data-end=\"1028\">prezentacji oraz publikacji cyfrowych.<\/p>\n<\/li>\n<\/ul>\n<p data-start=\"1030\" data-end=\"1323\">Zaawansowane narz\u0119dzia typograficzne \u2013 w tym style znak\u00f3w i akapit\u00f3w, systemy siatek oraz szablony uk\u0142ad\u00f3w \u2013 zapewniaj\u0105 <strong data-start=\"1150\" data-end=\"1180\">precyzyjny i sp\u00f3jny wygl\u0105d<\/strong>. Program szczeg\u00f3lnie dobrze sprawdza si\u0119 przy projektach o <strong data-start=\"1240\" data-end=\"1273\">z\u0142o\u017conej strukturze wizualnej<\/strong>, gdzie kluczowa jest pe\u0142na kontrola nad detalami.<\/p>\n<p data-start=\"1325\" data-end=\"1535\">Mo\u017cliwo\u015b\u0107 harmonijnego rozmieszczania obraz\u00f3w, element\u00f3w graficznych i tekstu czyni to narz\u0119dzie niezwykle warto\u015bciowym wsz\u0119dzie tam, gdzie celem jest <strong data-start=\"1476\" data-end=\"1534\">profesjonalna jako\u015b\u0107 dokument\u00f3w gotowych do publikacji<\/strong>.<\/p>\n<hr data-start=\"1537\" data-end=\"1540\" \/>\n<h2 data-start=\"1542\" data-end=\"1611\">Office 2024 Pro Plus \u2013 kompletny pakiet nowoczesnej pracy biurowej<\/h2>\n<p data-start=\"1613\" data-end=\"1754\"><strong data-start=\"1613\" data-end=\"1637\">Office 2024 Pro Plus<\/strong> obejmuje aplikacje niezb\u0119dne do codziennej pracy w \u015brodowisku firmowym i indywidualnym. Pakiet zawiera narz\u0119dzia do:<\/p>\n<ul data-start=\"1755\" data-end=\"1861\">\n<li data-start=\"1755\" data-end=\"1771\">\n<p data-start=\"1757\" data-end=\"1771\">edycji tekstu,<\/p>\n<\/li>\n<li data-start=\"1772\" data-end=\"1807\">\n<p data-start=\"1774\" data-end=\"1807\">pracy z arkuszami kalkulacyjnymi,<\/p>\n<\/li>\n<li data-start=\"1808\" data-end=\"1832\">\n<p data-start=\"1810\" data-end=\"1832\">tworzenia prezentacji,<\/p>\n<\/li>\n<li data-start=\"1833\" data-end=\"1861\">\n<p data-start=\"1835\" data-end=\"1861\">zarz\u0105dzania bazami danych.<\/p>\n<\/li>\n<\/ul>\n<p data-start=\"1863\" data-end=\"2163\">U\u017cytkownicy mog\u0105 z \u0142atwo\u015bci\u0105 przygotowywa\u0107 <strong data-start=\"1906\" data-end=\"1974\">raporty, wykresy, zestawienia, plany projektowe oraz prezentacje<\/strong>, wspieraj\u0105c sprawn\u0105 komunikacj\u0119 biznesow\u0105 i organizacj\u0119 proces\u00f3w. Stabilne i niezawodne dzia\u0142anie pakietu jest szczeg\u00f3lnie istotne dla os\u00f3b pracuj\u0105cych <strong data-start=\"2127\" data-end=\"2162\">na du\u017cych wolumenach dokument\u00f3w<\/strong>.<\/p>\n<hr data-start=\"2165\" data-end=\"2168\" \/>\n<h2 data-start=\"2170\" data-end=\"2249\">Dwa programy razem \u2013 jeden sp\u00f3jny workflow dla tre\u015bci wizualnych i biurowych<\/h2>\n<p data-start=\"2251\" data-end=\"2388\">Wsp\u00f3lne wykorzystanie <strong data-start=\"2273\" data-end=\"2290\">InDesign 2026<\/strong> i <strong data-start=\"2293\" data-end=\"2317\">Office 2024 Pro Plus<\/strong> pozwala obj\u0105\u0107 <strong data-start=\"2332\" data-end=\"2385\">ca\u0142y proces nowoczesnego przygotowania dokument\u00f3w<\/strong>.<\/p>\n<ul data-start=\"2389\" data-end=\"2614\">\n<li data-start=\"2389\" data-end=\"2516\">\n<p data-start=\"2391\" data-end=\"2516\"><strong data-start=\"2391\" data-end=\"2408\">InDesign 2026<\/strong> zapewnia zaawansowane narz\u0119dzia graficzne i typograficzne do tworzenia materia\u0142\u00f3w gotowych do publikacji,<\/p>\n<\/li>\n<li data-start=\"2517\" data-end=\"2614\">\n<p data-start=\"2519\" data-end=\"2614\"><strong data-start=\"2519\" data-end=\"2543\">Office 2024 Pro Plus<\/strong> u\u0142atwia obs\u0142ug\u0119 tre\u015bci administracyjnych, tekstowych i strukturalnych.<\/p>\n<\/li>\n<\/ul>\n<h3 data-start=\"2616\" data-end=\"2666\">To po\u0142\u0105czenie jest szczeg\u00f3lnie korzystne przy:<\/h3>\n<ul data-start=\"2667\" data-end=\"2888\">\n<li data-start=\"2667\" data-end=\"2727\">\n<p data-start=\"2669\" data-end=\"2727\">tworzeniu materia\u0142\u00f3w marketingowych, broszur i publikacji,<\/p>\n<\/li>\n<li data-start=\"2728\" data-end=\"2768\">\n<p data-start=\"2730\" data-end=\"2768\">przygotowywaniu dokumentacji firmowej,<\/p>\n<\/li>\n<li data-start=\"2769\" data-end=\"2823\">\n<p data-start=\"2771\" data-end=\"2823\">opracowywaniu materia\u0142\u00f3w edukacyjnych i prezentacji,<\/p>\n<\/li>\n<li data-start=\"2824\" data-end=\"2888\">\n<p data-start=\"2826\" data-end=\"2888\">koordynacji wizualnych i administracyjnych aspekt\u00f3w projekt\u00f3w.<\/p>\n<\/li>\n<\/ul>\n<p data-start=\"2890\" data-end=\"3051\">Pakiet stanowi <strong data-start=\"2905\" data-end=\"2930\">kompletne rozwi\u0105zanie<\/strong>, w kt\u00f3rym zadania kreatywne i biurowe <strong data-start=\"2969\" data-end=\"2998\">wzajemnie si\u0119 uzupe\u0142niaj\u0105<\/strong>, realizowane w jednym, zintegrowanym procesie pracy.<\/p>\n<hr data-start=\"3053\" data-end=\"3056\" \/>\n<h2 data-start=\"3058\" data-end=\"3094\">Najwa\u017cniejsze korzy\u015bci w skr\u00f3cie:<\/h2>\n<ul data-start=\"3095\" data-end=\"3394\" data-is-last-node=\"\" data-is-only-node=\"\">\n<li data-start=\"3095\" data-end=\"3160\">\n<p data-start=\"3097\" data-end=\"3160\">Profesjonalny sk\u0142ad publikacji oraz nowoczesny pakiet biurowy<\/p>\n<\/li>\n<li data-start=\"3161\" data-end=\"3212\">\n<p data-start=\"3163\" data-end=\"3212\">Kreatywne \u015brodowisko wymagaj\u0105ce systemu Windows<\/p>\n<\/li>\n<li data-start=\"3213\" data-end=\"3265\">\n<p data-start=\"3215\" data-end=\"3265\">Precyzyjne mo\u017cliwo\u015bci typograficzne i projektowe<\/p>\n<\/li>\n<li data-start=\"3266\" data-end=\"3322\">\n<p data-start=\"3268\" data-end=\"3322\">Stabilny i wydajny workflow przygotowania dokument\u00f3w<\/p>\n<\/li>\n<li data-start=\"3323\" data-end=\"3394\" data-is-last-node=\"\">\n<p data-start=\"3325\" data-end=\"3394\" data-is-last-node=\"\">Idealne rozwi\u0105zanie dla firm, marketer\u00f3w oraz zastosowa\u0144 edukacyjnych<\/p>\n<\/li>\n<\/ul>\n<\/div>\n<\/div>\n<\/div>\n<\/div>\n<\/div>\n<\/div>\n<\/article>\n","protected":false},"excerpt":{"rendered":"<div class=\"flex flex-col text-sm pb-25\">\n<article class=\"text-token-text-primary w-full focus:outline-none [--shadow-height:45px] has-data-writing-block:pointer-events-none has-data-writing-block:-mt-(--shadow-height) has-data-writing-block:pt-(--shadow-height) [&amp;:has([data-writing-block])&gt;*]:pointer-events-auto scroll-mt-[calc(var(--header-height)+min(200px,max(70px,20svh)))]\" dir=\"auto\" tabindex=\"-1\" data-turn-id=\"request-WEB:09bc2d6b-b6cb-4796-8b82-49638dd7c8b4-27\" data-testid=\"conversation-turn-54\" data-scroll-anchor=\"true\" data-turn=\"assistant\">\n<div class=\"text-base my-auto mx-auto pb-10 [--thread-content-margin:--spacing(4)] @w-sm\/main:[--thread-content-margin:--spacing(6)] @w-lg\/main:[--thread-content-margin:--spacing(16)] px-(--thread-content-margin)\">\n<div class=\"[--thread-content-max-width:40rem] @w-lg\/main:[--thread-content-max-width:48rem] mx-auto max-w-(--thread-content-max-width) flex-1 group\/turn-messages focus-visible:outline-hidden relative flex w-full min-w-0 flex-col agent-turn\" tabindex=\"-1\">\n<div class=\"flex max-w-full flex-col grow\">\n<div class=\"min-h-8 text-message relative flex w-full flex-col items-end gap-2 text-start break-words whitespace-normal [.text-message+&amp;]:mt-1\" dir=\"auto\" data-message-author-role=\"assistant\" data-message-id=\"1a390637-243d-4b22-a815-6bea5751a708\" data-message-model-slug=\"gpt-5-2-instant\">\n<div class=\"flex w-full flex-col gap-1 empty:hidden first:pt-[1px]\">\n<div class=\"markdown prose dark:prose-invert w-full break-words light markdown-new-styling\">\n<ul data-start=\"0\" data-end=\"441\" data-is-last-node=\"\" data-is-only-node=\"\">\n<li data-start=\"0\" data-end=\"88\">\n<p data-start=\"2\" data-end=\"88\">\ud83d\udcda <strong data-start=\"5\" data-end=\"38\">Zaawansowany sk\u0142ad publikacji<\/strong> dopracowane projekty wydawnicze w InDesign 2026<\/p>\n<\/li>\n<li data-start=\"89\" data-end=\"192\">\n<p data-start=\"91\" data-end=\"192\">\ud83d\udcc4 <strong data-start=\"94\" data-end=\"131\">Wszechstronna praca z dokumentami<\/strong> efektywne tworzenie i edycja tre\u015bci z Office 2024 Pro Plus<\/p>\n<\/li>\n<li data-start=\"193\" data-end=\"266\">\n<p data-start=\"195\" data-end=\"266\">\ud83d\udda5\ufe0f <strong data-start=\"199\" data-end=\"221\">\u015arodowisko Windows<\/strong> wymagane do prawid\u0142owego dzia\u0142ania pakietu<\/p>\n<\/li>\n<li data-start=\"267\" data-end=\"359\">\n<p data-start=\"269\" data-end=\"359\">\u2699\ufe0f <strong data-start=\"272\" data-end=\"306\">Precyzyjna typografia i layout<\/strong> profesjonalne uk\u0142ady i pe\u0142na kontrola nad detalami<\/p>\n<\/li>\n<li data-start=\"360\" data-end=\"441\" data-is-last-node=\"\">\n<p data-start=\"362\" data-end=\"441\" data-is-last-node=\"\">\ud83d\udd17 <strong data-start=\"365\" data-end=\"384\">Sp\u00f3jny workflow<\/strong> idealne po\u0142\u0105czenie zada\u0144 kreatywnych i administracyjnych<\/p>\n<\/li>\n<\/ul>\n<\/div>\n<\/div>\n<\/div>\n<\/div>\n<\/div>\n<\/div>\n<\/article>\n<\/div>\n","protected":false},"featured_media":1561,"comment_status":"open","ping_status":"closed","template":"","meta":[],"product_brand":[],"product_cat":[49,34,52,32,51,35],"product_tag":[],"class_list":{"0":"post-1564","1":"product","2":"type-product","3":"status-publish","4":"has-post-thumbnail","6":"product_cat-biuro","7":"product_cat-graphical","8":"product_cat-oferty-pakietowe","9":"product_cat-office","10":"product_cat-oprogramowanie-graficzne","11":"product_cat-package-deals","13":"first","14":"instock","15":"shipping-taxable","16":"purchasable","17":"product-type-simple"},"_links":{"self":[{"href":"https:\/\/softsrl.pl\/pl\/wp-json\/wp\/v2\/product\/1564","targetHints":{"allow":["GET"]}}],"collection":[{"href":"https:\/\/softsrl.pl\/pl\/wp-json\/wp\/v2\/product"}],"about":[{"href":"https:\/\/softsrl.pl\/pl\/wp-json\/wp\/v2\/types\/product"}],"replies":[{"embeddable":true,"href":"https:\/\/softsrl.pl\/pl\/wp-json\/wp\/v2\/comments?post=1564"}],"wp:featuredmedia":[{"embeddable":true,"href":"https:\/\/softsrl.pl\/pl\/wp-json\/wp\/v2\/media\/1561"}],"wp:attachment":[{"href":"https:\/\/softsrl.pl\/pl\/wp-json\/wp\/v2\/media?parent=1564"}],"wp:term":[{"taxonomy":"product_brand","embeddable":true,"href":"https:\/\/softsrl.pl\/pl\/wp-json\/wp\/v2\/product_brand?post=1564"},{"taxonomy":"product_cat","embeddable":true,"href":"https:\/\/softsrl.pl\/pl\/wp-json\/wp\/v2\/product_cat?post=1564"},{"taxonomy":"product_tag","embeddable":true,"href":"https:\/\/softsrl.pl\/pl\/wp-json\/wp\/v2\/product_tag?post=1564"}],"curies":[{"name":"wp","href":"https:\/\/api.w.org\/{rel}","templated":true}]}}