{"id":1565,"date":"2026-01-14T16:14:50","date_gmt":"2026-01-14T16:14:50","guid":{"rendered":"https:\/\/softsrl.pl\/?post_type=product&#038;p=1565"},"modified":"2026-01-14T16:15:50","modified_gmt":"2026-01-14T16:15:50","slug":"illustrator-2026-office-2024-pro-plus","status":"publish","type":"product","link":"https:\/\/softsrl.pl\/pl\/produkt\/illustrator-2026-office-2024-pro-plus\/","title":{"rendered":"Illustrator 2026 + Office 2024 Pro Plus"},"content":{"rendered":"<p data-start=\"68\" data-end=\"508\">Po\u0142\u0105czenie <strong data-start=\"79\" data-end=\"99\">Illustrator 2026<\/strong> oraz <strong data-start=\"105\" data-end=\"129\">Office 2024 Pro Plus<\/strong> tworzy <strong data-start=\"137\" data-end=\"178\">wydajne i elastyczne \u015brodowisko pracy<\/strong>, kt\u00f3re jednocze\u015bnie wspiera potrzeby <strong data-start=\"216\" data-end=\"245\">kreatywnego projektowania<\/strong> oraz <strong data-start=\"251\" data-end=\"280\">codziennej pracy biurowej<\/strong>. Pakiet jest idealny dla specjalist\u00f3w, firm i student\u00f3w, kt\u00f3rzy zajmuj\u0105 si\u0119 tworzeniem tre\u015bci wizualnych oraz uporz\u0105dkowanym zarz\u0105dzaniem dokumentami i chc\u0105 <strong data-start=\"438\" data-end=\"507\">zintegrowa\u0107 procesy kreatywne i administracyjne w jednym systemie<\/strong>.<\/p>\n<p data-start=\"510\" data-end=\"795\">Poniewa\u017c <strong data-start=\"519\" data-end=\"539\">Illustrator 2026<\/strong> dzia\u0142a <strong data-start=\"547\" data-end=\"579\">wy\u0142\u0105cznie w systemie Windows<\/strong>, korzystanie z pakietu wymaga \u015brodowiska opartego na Windows. Program jest dost\u0119pny w <strong data-start=\"666\" data-end=\"684\">wersji offline<\/strong>, bez funkcji zale\u017cnych od po\u0142\u0105czenia z internetem, co zapewnia <strong data-start=\"748\" data-end=\"794\">stabiln\u0105, bezpieczn\u0105 i przewidywaln\u0105 prac\u0119<\/strong>.<\/p>\n<hr data-start=\"797\" data-end=\"800\" \/>\n<h2 data-start=\"802\" data-end=\"870\">Illustrator 2026 \u2013 profesjonalne projektowanie grafiki wektorowej<\/h2>\n<p data-start=\"872\" data-end=\"1046\"><strong data-start=\"872\" data-end=\"892\">Illustrator 2026<\/strong> to jedno z kluczowych narz\u0119dzi nowoczesnej bran\u017cy kreatywnej, wyspecjalizowane w tworzeniu grafiki wektorowej. Doskonale sprawdza si\u0119 przy projektowaniu:<\/p>\n<ul data-start=\"1047\" data-end=\"1183\">\n<li data-start=\"1047\" data-end=\"1059\">\n<p data-start=\"1049\" data-end=\"1059\">logotyp\u00f3w,<\/p>\n<\/li>\n<li data-start=\"1060\" data-end=\"1073\">\n<p data-start=\"1062\" data-end=\"1073\">ilustracji,<\/p>\n<\/li>\n<li data-start=\"1074\" data-end=\"1081\">\n<p data-start=\"1076\" data-end=\"1081\">ikon,<\/p>\n<\/li>\n<li data-start=\"1082\" data-end=\"1095\">\n<p data-start=\"1084\" data-end=\"1095\">infografik,<\/p>\n<\/li>\n<li data-start=\"1096\" data-end=\"1183\">\n<p data-start=\"1098\" data-end=\"1183\">wszelkich element\u00f3w graficznych wymagaj\u0105cych skalowalno\u015bci i wysokiej szczeg\u00f3\u0142owo\u015bci.<\/p>\n<\/li>\n<\/ul>\n<p data-start=\"1185\" data-end=\"1494\">Pe\u0142na kontrola nad kszta\u0142tami, krzywymi, konturami i kolorami umo\u017cliwia <strong data-start=\"1257\" data-end=\"1307\">precyzyjn\u0105, profesjonaln\u0105 realizacj\u0119 projekt\u00f3w<\/strong>. Program jest elastyczny i znajduje zastosowanie w identyfikacji wizualnej, materia\u0142ach marketingowych oraz wsz\u0119dzie tam, gdzie liczy si\u0119 <strong data-start=\"1446\" data-end=\"1493\">dok\u0142adne odwzorowanie koncepcji kreatywnych<\/strong>.<\/p>\n<hr data-start=\"1496\" data-end=\"1499\" \/>\n<h2 data-start=\"1501\" data-end=\"1577\">Office 2024 Pro Plus \u2013 nowoczesna produktywno\u015b\u0107 biurowa w jednym pakiecie<\/h2>\n<p data-start=\"1579\" data-end=\"1760\"><strong data-start=\"1579\" data-end=\"1603\">Office 2024 Pro Plus<\/strong> oferuje kompleksowy zestaw aplikacji biurowych wspieraj\u0105cych codzienne zadania zwi\u0105zane z dokumentacj\u0105, danymi i prezentacjami. Pakiet zawiera narz\u0119dzia do:<\/p>\n<ul data-start=\"1761\" data-end=\"1925\">\n<li data-start=\"1761\" data-end=\"1792\">\n<p data-start=\"1763\" data-end=\"1792\">profesjonalnej edycji tekstu,<\/p>\n<\/li>\n<li data-start=\"1793\" data-end=\"1842\">\n<p data-start=\"1795\" data-end=\"1842\">zaawansowanej pracy z arkuszami kalkulacyjnymi,<\/p>\n<\/li>\n<li data-start=\"1843\" data-end=\"1880\">\n<p data-start=\"1845\" data-end=\"1880\">tworzenia atrakcyjnych prezentacji,<\/p>\n<\/li>\n<li data-start=\"1881\" data-end=\"1925\">\n<p data-start=\"1883\" data-end=\"1925\">uporz\u0105dkowanego zarz\u0105dzania bazami danych.<\/p>\n<\/li>\n<\/ul>\n<p data-start=\"1927\" data-end=\"2178\">Aplikacje s\u0105 <strong data-start=\"1940\" data-end=\"1974\">szybkie, stabilne i intuicyjne<\/strong>, dzi\u0119ki czemu sprawdzaj\u0105 si\u0119 zar\u00f3wno w \u015brodowiskach biznesowych, edukacyjnych, jak i indywidualnych. U\u0142atwiaj\u0105 organizacj\u0119, edycj\u0119 i udost\u0119pnianie dokument\u00f3w, zapewniaj\u0105c <strong data-start=\"2146\" data-end=\"2177\">p\u0142ynny i efektywny workflow<\/strong>.<\/p>\n<hr data-start=\"2180\" data-end=\"2183\" \/>\n<h2 data-start=\"2185\" data-end=\"2252\">Dwa programy razem \u2013 kreatywno\u015b\u0107 i efektywno\u015b\u0107 w jednym systemie<\/h2>\n<p data-start=\"2254\" data-end=\"2564\">Kombinacja <strong data-start=\"2265\" data-end=\"2285\">Illustrator 2026<\/strong> i <strong data-start=\"2288\" data-end=\"2312\">Office 2024 Pro Plus<\/strong> pozwala realizowa\u0107 zadania kreatywne i administracyjne <strong data-start=\"2368\" data-end=\"2400\">w jednym, sp\u00f3jnym \u015brodowisku<\/strong>. Po przygotowaniu materia\u0142\u00f3w wizualnych \u2013 takich jak logotypy, grafiki czy ilustracje \u2013 mo\u017cna je bez problemu wykorzysta\u0107 w dokumentach, prezentacjach i raportach.<\/p>\n<h3 data-start=\"2566\" data-end=\"2602\">Pakiet szczeg\u00f3lnie polecany dla:<\/h3>\n<ul data-start=\"2603\" data-end=\"2839\">\n<li data-start=\"2603\" data-end=\"2671\">\n<p data-start=\"2605\" data-end=\"2671\">firm przygotowuj\u0105cych w\u0142asne materia\u0142y wizerunkowe i dokumentacj\u0119,<\/p>\n<\/li>\n<li data-start=\"2672\" data-end=\"2702\">\n<p data-start=\"2674\" data-end=\"2702\">marketer\u00f3w i tw\u00f3rc\u00f3w tre\u015bci,<\/p>\n<\/li>\n<li data-start=\"2703\" data-end=\"2754\">\n<p data-start=\"2705\" data-end=\"2754\">grafik\u00f3w pracuj\u0105cych z prezentacjami i raportami,<\/p>\n<\/li>\n<li data-start=\"2755\" data-end=\"2839\">\n<p data-start=\"2757\" data-end=\"2839\">instytucji edukacyjnych oraz student\u00f3w realizuj\u0105cych projekty kreatywne i biurowe.<\/p>\n<\/li>\n<\/ul>\n<p data-start=\"2841\" data-end=\"2977\">Wsp\u00f3lnie programy zapewniaj\u0105 <strong data-start=\"2870\" data-end=\"2934\">elastyczno\u015b\u0107, wysok\u0105 wydajno\u015b\u0107 i profesjonalny efekt ko\u0144cowy<\/strong> \u2013 wszystko w stabilnym \u015brodowisku Windows.<\/p>\n<hr data-start=\"2979\" data-end=\"2982\" \/>\n<h2 data-start=\"2984\" data-end=\"3020\">Najwa\u017cniejsze korzy\u015bci w skr\u00f3cie:<\/h2>\n<ul data-start=\"3021\" data-end=\"3357\" data-is-last-node=\"\" data-is-only-node=\"\">\n<li data-start=\"3021\" data-end=\"3102\">\n<p data-start=\"3023\" data-end=\"3102\">Profesjonalne projektowanie grafiki wektorowej oraz nowoczesny pakiet biurowy<\/p>\n<\/li>\n<li data-start=\"3103\" data-end=\"3146\">\n<p data-start=\"3105\" data-end=\"3146\">Kreatywne \u015brodowisko dzia\u0142aj\u0105ce offline<\/p>\n<\/li>\n<li data-start=\"3147\" data-end=\"3208\">\n<p data-start=\"3149\" data-end=\"3208\">Narz\u0119dzie graficzne dost\u0119pne wy\u0142\u0105cznie w systemie Windows<\/p>\n<\/li>\n<li data-start=\"3209\" data-end=\"3276\">\n<p data-start=\"3211\" data-end=\"3276\">Elastyczna i efektywna praca w \u015brodowisku firmowym i kreatywnym<\/p>\n<\/li>\n<li data-start=\"3277\" data-end=\"3357\" data-is-last-node=\"\">\n<p data-start=\"3279\" data-end=\"3357\" data-is-last-node=\"\">Idealne rozwi\u0105zanie do zada\u0144 wizerunkowych, marketingowych i administracyjnych<\/p>\n<\/li>\n<\/ul>","protected":false},"excerpt":{"rendered":"<ul>\n<li data-start=\"0\" data-end=\"86\">\n<p data-start=\"2\" data-end=\"86\">\u270f\ufe0f <strong data-start=\"5\" data-end=\"37\">Precyzyjna grafika wektorowa<\/strong> profesjonalne projektowanie w Illustrator 2026<\/p>\n<\/li>\n<li data-start=\"87\" data-end=\"169\">\n<p data-start=\"89\" data-end=\"169\">\ud83d\udcc4 <strong data-start=\"92\" data-end=\"127\">Profesjonalne narz\u0119dzia biurowe<\/strong> kompleksowy pakiet Office 2024 Pro Plus<\/p>\n<\/li>\n<li data-start=\"170\" data-end=\"261\">\n<p data-start=\"172\" data-end=\"261\">\ud83d\udcbb <strong data-start=\"175\" data-end=\"207\">Kreatywne \u015brodowisko offline<\/strong> stabilna praca bez potrzeby po\u0142\u0105czenia z internetem<\/p>\n<\/li>\n<li data-start=\"262\" data-end=\"339\">\n<p data-start=\"264\" data-end=\"339\">\ud83d\udda5\ufe0f <strong data-start=\"268\" data-end=\"295\">Wymagany system Windows<\/strong> dzia\u0142anie w \u015brodowisku opartym na Windows<\/p>\n<\/li>\n<li data-start=\"340\" data-end=\"428\" data-is-last-node=\"\">\n<p data-start=\"342\" data-end=\"428\" data-is-last-node=\"\">\ud83d\udd17 <strong data-start=\"345\" data-end=\"371\">Idealna synergia zada\u0144<\/strong> doskona\u0142e po\u0142\u0105czenie pracy kreatywnej i administracyjnej<\/p>\n<\/li>\n<\/ul>","protected":false},"featured_media":1560,"comment_status":"open","ping_status":"closed","template":"","meta":[],"product_brand":[],"product_cat":[49,34,52,32,51,35],"product_tag":[],"class_list":{"0":"post-1565","1":"product","2":"type-product","3":"status-publish","4":"has-post-thumbnail","6":"product_cat-biuro","7":"product_cat-graphical","8":"product_cat-oferty-pakietowe","9":"product_cat-office","10":"product_cat-oprogramowanie-graficzne","11":"product_cat-package-deals","13":"first","14":"instock","15":"shipping-taxable","16":"purchasable","17":"product-type-simple"},"_links":{"self":[{"href":"https:\/\/softsrl.pl\/pl\/wp-json\/wp\/v2\/product\/1565","targetHints":{"allow":["GET"]}}],"collection":[{"href":"https:\/\/softsrl.pl\/pl\/wp-json\/wp\/v2\/product"}],"about":[{"href":"https:\/\/softsrl.pl\/pl\/wp-json\/wp\/v2\/types\/product"}],"replies":[{"embeddable":true,"href":"https:\/\/softsrl.pl\/pl\/wp-json\/wp\/v2\/comments?post=1565"}],"wp:featuredmedia":[{"embeddable":true,"href":"https:\/\/softsrl.pl\/pl\/wp-json\/wp\/v2\/media\/1560"}],"wp:attachment":[{"href":"https:\/\/softsrl.pl\/pl\/wp-json\/wp\/v2\/media?parent=1565"}],"wp:term":[{"taxonomy":"product_brand","embeddable":true,"href":"https:\/\/softsrl.pl\/pl\/wp-json\/wp\/v2\/product_brand?post=1565"},{"taxonomy":"product_cat","embeddable":true,"href":"https:\/\/softsrl.pl\/pl\/wp-json\/wp\/v2\/product_cat?post=1565"},{"taxonomy":"product_tag","embeddable":true,"href":"https:\/\/softsrl.pl\/pl\/wp-json\/wp\/v2\/product_tag?post=1565"}],"curies":[{"name":"wp","href":"https:\/\/api.w.org\/{rel}","templated":true}]}}