{"id":1576,"date":"2026-01-14T17:13:38","date_gmt":"2026-01-14T17:13:38","guid":{"rendered":"https:\/\/softsrl.pl\/?post_type=product&#038;p=1576"},"modified":"2026-01-18T19:19:18","modified_gmt":"2026-01-18T19:19:18","slug":"photoshop-2025-acrobat-2020-pro-i-windows","status":"publish","type":"product","link":"https:\/\/softsrl.pl\/pl\/produkt\/photoshop-2025-acrobat-2020-pro-i-windows\/","title":{"rendered":"Photoshop 2025 + Acrobat 2020 Pro I Windows"},"content":{"rendered":"<p data-start=\"63\" data-end=\"551\">Ten <strong data-start=\"67\" data-end=\"92\">pakiet oprogramowania<\/strong> to idealny wyb\u00f3r dla os\u00f3b, kt\u00f3re chc\u0105 <strong data-start=\"131\" data-end=\"161\">na profesjonalnym poziomie<\/strong> zarz\u0105dza\u0107 zar\u00f3wno <strong data-start=\"180\" data-end=\"207\">materia\u0142ami graficznymi<\/strong>, jak i <strong data-start=\"215\" data-end=\"230\">dokumentami<\/strong>. <strong data-start=\"232\" data-end=\"250\">Photoshop 2025<\/strong> oferuje nowoczesne narz\u0119dzia do cyfrowej edycji obrazu i kreatywnej pracy graficznej, natomiast <strong data-start=\"347\" data-end=\"367\">Acrobat 2020 Pro<\/strong> zapewnia <strong data-start=\"377\" data-end=\"398\">bran\u017cowy standard<\/strong> w tworzeniu, edycji i bezpiecznym zarz\u0105dzaniu plikami PDF. Razem tworz\u0105 <strong data-start=\"471\" data-end=\"501\">kompletne \u015brodowisko pracy<\/strong>, wspieraj\u0105ce zadania kreatywne i administracyjne.<\/p>\n<hr data-start=\"553\" data-end=\"556\" \/>\n<h2 data-start=\"558\" data-end=\"597\">Funkcjonalno\u015b\u0107 i wymagania systemowe<\/h2>\n<ul data-start=\"599\" data-end=\"818\">\n<li data-start=\"599\" data-end=\"647\">\n<p data-start=\"601\" data-end=\"647\">Oprogramowanie dzia\u0142a w <strong data-start=\"625\" data-end=\"645\">systemie Windows<\/strong><\/p>\n<\/li>\n<li data-start=\"648\" data-end=\"711\">\n<p data-start=\"650\" data-end=\"711\"><strong data-start=\"650\" data-end=\"666\">Tryb offline<\/strong> \u2013 brak us\u0142ug online i rozwi\u0105za\u0144 chmurowych<\/p>\n<\/li>\n<li data-start=\"712\" data-end=\"818\">\n<p data-start=\"714\" data-end=\"818\">Dost\u0119pne s\u0105 wy\u0142\u0105cznie <strong data-start=\"736\" data-end=\"770\">funkcje zainstalowane lokalnie<\/strong>, co zapewnia stabilno\u015b\u0107 i przewidywalno\u015b\u0107 pracy<\/p>\n<\/li>\n<\/ul>\n<hr data-start=\"820\" data-end=\"823\" \/>\n<h2 data-start=\"825\" data-end=\"864\">Photoshop 2025 \u2013 kluczowe mo\u017cliwo\u015bci<\/h2>\n<p data-start=\"866\" data-end=\"967\"><strong data-start=\"866\" data-end=\"884\">Photoshop 2025<\/strong> udost\u0119pnia najnowsze narz\u0119dzia do profesjonalnej edycji obrazu i pracy kreatywnej:<\/p>\n<ul data-start=\"969\" data-end=\"1279\">\n<li data-start=\"969\" data-end=\"1035\">\n<p data-start=\"971\" data-end=\"1035\"><strong data-start=\"971\" data-end=\"987\">Retusz zdj\u0119\u0107<\/strong> \u2013 korekcja kolor\u00f3w, \u015bwiat\u0142a i niedoskona\u0142o\u015bci<\/p>\n<\/li>\n<li data-start=\"1036\" data-end=\"1109\">\n<p data-start=\"1038\" data-end=\"1109\"><strong data-start=\"1038\" data-end=\"1062\">Kompozycje graficzne<\/strong> \u2013 \u0142\u0105czenie wielu warstw i efekt\u00f3w wizualnych<\/p>\n<\/li>\n<li data-start=\"1110\" data-end=\"1190\">\n<p data-start=\"1112\" data-end=\"1190\"><strong data-start=\"1112\" data-end=\"1134\">Ilustracja cyfrowa<\/strong> \u2013 nowoczesne p\u0119dzle i tekstury do tw\u00f3rczych projekt\u00f3w<\/p>\n<\/li>\n<li data-start=\"1191\" data-end=\"1279\">\n<p data-start=\"1193\" data-end=\"1279\"><strong data-start=\"1193\" data-end=\"1218\">Integracja typografii<\/strong> \u2013 wstawianie i formatowanie tekstu w projektach wizualnych<\/p>\n<\/li>\n<\/ul>\n<hr data-start=\"1281\" data-end=\"1284\" \/>\n<h2 data-start=\"1286\" data-end=\"1327\">Acrobat 2020 Pro \u2013 kluczowe mo\u017cliwo\u015bci<\/h2>\n<p data-start=\"1329\" data-end=\"1447\"><strong data-start=\"1329\" data-end=\"1349\">Acrobat 2020 Pro<\/strong> to standard w pracy z dokumentami PDF, u\u0142atwiaj\u0105cy codzienne zadania biurowe w bezpieczny spos\u00f3b:<\/p>\n<ul data-start=\"1449\" data-end=\"1778\">\n<li data-start=\"1449\" data-end=\"1532\">\n<p data-start=\"1451\" data-end=\"1532\"><strong data-start=\"1451\" data-end=\"1477\">Tworzenie i edycja PDF<\/strong> \u2013 szybkie modyfikowanie i przekszta\u0142canie dokument\u00f3w<\/p>\n<\/li>\n<li data-start=\"1533\" data-end=\"1624\">\n<p data-start=\"1535\" data-end=\"1624\"><strong data-start=\"1535\" data-end=\"1559\">Formularze i podpisy<\/strong> \u2013 tworzenie formularzy oraz dodawanie podpis\u00f3w elektronicznych<\/p>\n<\/li>\n<li data-start=\"1625\" data-end=\"1681\">\n<p data-start=\"1627\" data-end=\"1681\"><strong data-start=\"1627\" data-end=\"1649\">Ochrona dokument\u00f3w<\/strong> \u2013 has\u0142a dost\u0119pu i szyfrowanie<\/p>\n<\/li>\n<li data-start=\"1682\" data-end=\"1778\">\n<p data-start=\"1684\" data-end=\"1778\"><strong data-start=\"1684\" data-end=\"1704\">Konwersja plik\u00f3w<\/strong> \u2013 \u0142atwe przekszta\u0142canie do format\u00f3w Word, Excel, PowerPoint lub obraz\u00f3w<\/p>\n<\/li>\n<\/ul>\n<hr data-start=\"1780\" data-end=\"1783\" \/>\n<h2 data-start=\"1785\" data-end=\"1822\">Dla kogo przeznaczony jest pakiet?<\/h2>\n<p data-start=\"1824\" data-end=\"1958\">To rozwi\u0105zanie jest szczeg\u00f3lnie polecane u\u017cytkownikom, kt\u00f3rzy \u0142\u0105cz\u0105 <strong data-start=\"1892\" data-end=\"1911\">prac\u0119 kreatywn\u0105<\/strong> z <strong data-start=\"1914\" data-end=\"1957\">profesjonalnym zarz\u0105dzaniem dokumentami<\/strong>:<\/p>\n<ul data-start=\"1960\" data-end=\"2402\">\n<li data-start=\"1960\" data-end=\"2043\">\n<p data-start=\"1962\" data-end=\"2043\"><strong data-start=\"1962\" data-end=\"1987\">Grafikom i fotografom<\/strong> \u2013 do retuszu zdj\u0119\u0107 i realizacji projekt\u00f3w kreatywnych<\/p>\n<\/li>\n<li data-start=\"2044\" data-end=\"2140\">\n<p data-start=\"2046\" data-end=\"2140\"><strong data-start=\"2046\" data-end=\"2073\">Specjalistom marketingu<\/strong> \u2013 do przygotowywania materia\u0142\u00f3w wizualnych i dokument\u00f3w kampanii<\/p>\n<\/li>\n<li data-start=\"2141\" data-end=\"2223\">\n<p data-start=\"2143\" data-end=\"2223\"><strong data-start=\"2143\" data-end=\"2170\">Instytucjom edukacyjnym<\/strong> \u2013 dla student\u00f3w i kadry pracuj\u0105cej z grafik\u0105 i PDF<\/p>\n<\/li>\n<li data-start=\"2224\" data-end=\"2316\">\n<p data-start=\"2226\" data-end=\"2316\"><strong data-start=\"2226\" data-end=\"2236\">Firmom<\/strong> \u2013 gdzie istotne s\u0105 zar\u00f3wno materia\u0142y wizerunkowe, jak i formalna dokumentacja<\/p>\n<\/li>\n<li data-start=\"2317\" data-end=\"2402\">\n<p data-start=\"2319\" data-end=\"2402\"><strong data-start=\"2319\" data-end=\"2343\">U\u017cytkownikom domowym<\/strong> \u2013 szukaj\u0105cym jednego rozwi\u0105zania do obraz\u00f3w i plik\u00f3w PDF<\/p>\n<\/li>\n<\/ul>\n<hr data-start=\"2404\" data-end=\"2407\" \/>\n<h2 data-start=\"2409\" data-end=\"2445\">Dlaczego warto wybra\u0107 ten zestaw?<\/h2>\n<p data-start=\"2447\" data-end=\"2757\" data-is-last-node=\"\" data-is-only-node=\"\">Po\u0142\u0105czenie <strong data-start=\"2458\" data-end=\"2476\">Photoshop 2025<\/strong> i <strong data-start=\"2479\" data-end=\"2499\">Acrobat 2020 Pro<\/strong> dostarcza w jednym pakiecie <strong data-start=\"2528\" data-end=\"2557\">dwa filary pracy cyfrowej<\/strong>: zaawansowan\u0105 edycj\u0119 obrazu oraz profesjonalne zarz\u0105dzanie dokumentami. To doskona\u0142y wyb\u00f3r dla os\u00f3b poszukuj\u0105cych <strong data-start=\"2672\" data-end=\"2736\">wydajnych, stabilnych i d\u0142ugoterminowo niezawodnych narz\u0119dzi<\/strong> do codziennej pracy.<\/p>","protected":false},"excerpt":{"rendered":"<ul>\n<li data-start=\"0\" data-end=\"88\">\n<p data-start=\"2\" data-end=\"88\">\ud83c\udfa8 <strong data-start=\"5\" data-end=\"36\">Profesjonalna edycja obrazu<\/strong> zaawansowane narz\u0119dzia kreatywne w Photoshop 2025<\/p>\n<\/li>\n<li data-start=\"89\" data-end=\"178\">\n<p data-start=\"91\" data-end=\"178\">\ud83d\udcd1 <strong data-start=\"94\" data-end=\"121\">Tworzenie i obs\u0142uga PDF<\/strong> kompleksowe zarz\u0105dzanie dokumentami w Acrobat 2020 Pro<\/p>\n<\/li>\n<li data-start=\"179\" data-end=\"257\">\n<p data-start=\"181\" data-end=\"257\">\ud83d\udcbb <strong data-start=\"184\" data-end=\"215\">Stabilne \u015brodowisko Windows<\/strong> niezawodna i bezpieczna praca systemowa<\/p>\n<\/li>\n<li data-start=\"258\" data-end=\"342\">\n<p data-start=\"260\" data-end=\"342\">\ud83d\udcf7 <strong data-start=\"263\" data-end=\"297\">Dwa programy w jednym pakiecie<\/strong> wsparcie dla zada\u0144 graficznych i biurowych<\/p>\n<\/li>\n<li data-start=\"343\" data-end=\"412\" data-is-last-node=\"\">\n<p data-start=\"345\" data-end=\"412\" data-is-last-node=\"\">\ud83d\ude80 <strong data-start=\"348\" data-end=\"370\">Efektywny workflow<\/strong> pe\u0142ne rozwi\u0105zanie od obraz\u00f3w po dokumenty<\/p>\n<\/li>\n<\/ul>","protected":false},"featured_media":1577,"comment_status":"open","ping_status":"closed","template":"","meta":[],"product_brand":[],"product_cat":[49,34,52,32,51,35],"product_tag":[],"class_list":{"0":"post-1576","1":"product","2":"type-product","3":"status-publish","4":"has-post-thumbnail","6":"product_cat-biuro","7":"product_cat-graphical","8":"product_cat-oferty-pakietowe","9":"product_cat-office","10":"product_cat-oprogramowanie-graficzne","11":"product_cat-package-deals","13":"first","14":"instock","15":"sale","16":"shipping-taxable","17":"purchasable","18":"product-type-simple"},"_links":{"self":[{"href":"https:\/\/softsrl.pl\/pl\/wp-json\/wp\/v2\/product\/1576","targetHints":{"allow":["GET"]}}],"collection":[{"href":"https:\/\/softsrl.pl\/pl\/wp-json\/wp\/v2\/product"}],"about":[{"href":"https:\/\/softsrl.pl\/pl\/wp-json\/wp\/v2\/types\/product"}],"replies":[{"embeddable":true,"href":"https:\/\/softsrl.pl\/pl\/wp-json\/wp\/v2\/comments?post=1576"}],"wp:featuredmedia":[{"embeddable":true,"href":"https:\/\/softsrl.pl\/pl\/wp-json\/wp\/v2\/media\/1577"}],"wp:attachment":[{"href":"https:\/\/softsrl.pl\/pl\/wp-json\/wp\/v2\/media?parent=1576"}],"wp:term":[{"taxonomy":"product_brand","embeddable":true,"href":"https:\/\/softsrl.pl\/pl\/wp-json\/wp\/v2\/product_brand?post=1576"},{"taxonomy":"product_cat","embeddable":true,"href":"https:\/\/softsrl.pl\/pl\/wp-json\/wp\/v2\/product_cat?post=1576"},{"taxonomy":"product_tag","embeddable":true,"href":"https:\/\/softsrl.pl\/pl\/wp-json\/wp\/v2\/product_tag?post=1576"}],"curies":[{"name":"wp","href":"https:\/\/api.w.org\/{rel}","templated":true}]}}