{"id":1588,"date":"2026-01-14T17:16:24","date_gmt":"2026-01-14T17:16:24","guid":{"rendered":"https:\/\/softsrl.pl\/?post_type=product&#038;p=1588"},"modified":"2026-01-18T19:18:41","modified_gmt":"2026-01-18T19:18:41","slug":"photoshop-2025-indesign-2021-i-windows","status":"publish","type":"product","link":"https:\/\/softsrl.pl\/pl\/produkt\/photoshop-2025-indesign-2021-i-windows\/","title":{"rendered":"Photoshop 2025 + InDesign 2021 I Windows"},"content":{"rendered":"<p data-start=\"63\" data-end=\"547\">Ten <strong data-start=\"67\" data-end=\"92\">pakiet oprogramowania<\/strong> to idealny wyb\u00f3r dla u\u017cytkownik\u00f3w, kt\u00f3rzy chc\u0105 tworzy\u0107 i edytowa\u0107 <strong data-start=\"159\" data-end=\"195\">wysokiej jako\u015bci tre\u015bci wizualne<\/strong> na profesjonalnym poziomie. <strong data-start=\"224\" data-end=\"242\">Photoshop 2025<\/strong> oferuje nowoczesne rozwi\u0105zania do edycji obrazu i cyfrowej manipulacji fotografi\u0105, natomiast <strong data-start=\"336\" data-end=\"353\">InDesign 2021<\/strong> jest <strong data-start=\"359\" data-end=\"383\">bran\u017cowym standardem<\/strong> w projektowaniu publikacji. Razem tworz\u0105 <strong data-start=\"425\" data-end=\"459\">kompletne \u015brodowisko graficzne<\/strong>, niezb\u0119dne dla grafik\u00f3w, fotograf\u00f3w, marketer\u00f3w oraz specjalist\u00f3w z bran\u017cy wydawniczej.<\/p>\n<hr data-start=\"549\" data-end=\"552\" \/>\n<h2 data-start=\"554\" data-end=\"593\">Funkcjonalno\u015b\u0107 i wymagania systemowe<\/h2>\n<ul data-start=\"595\" data-end=\"809\">\n<li data-start=\"595\" data-end=\"643\">\n<p data-start=\"597\" data-end=\"643\">Oprogramowanie dzia\u0142a w <strong data-start=\"621\" data-end=\"641\">systemie Windows<\/strong><\/p>\n<\/li>\n<li data-start=\"644\" data-end=\"706\">\n<p data-start=\"646\" data-end=\"706\"><strong data-start=\"646\" data-end=\"662\">Tryb offline<\/strong> \u2013 brak us\u0142ug online i dodatk\u00f3w chmurowych<\/p>\n<\/li>\n<li data-start=\"707\" data-end=\"809\">\n<p data-start=\"709\" data-end=\"809\">Dost\u0119pne s\u0105 wy\u0142\u0105cznie <strong data-start=\"731\" data-end=\"765\">funkcje zainstalowane lokalnie<\/strong>, co zapewnia stabiln\u0105 i przewidywaln\u0105 prac\u0119<\/p>\n<\/li>\n<\/ul>\n<hr data-start=\"811\" data-end=\"814\" \/>\n<h2 data-start=\"816\" data-end=\"855\">Photoshop 2025 \u2013 kluczowe mo\u017cliwo\u015bci<\/h2>\n<p data-start=\"857\" data-end=\"989\"><strong data-start=\"857\" data-end=\"875\">Photoshop 2025<\/strong> dzi\u0119ki nowym funkcjom i zmodernizowanemu interfejsowi zapewnia <strong data-start=\"939\" data-end=\"988\">pe\u0142ne wsparcie w profesjonalnej edycji obrazu<\/strong>:<\/p>\n<ul data-start=\"991\" data-end=\"1322\">\n<li data-start=\"991\" data-end=\"1082\">\n<p data-start=\"993\" data-end=\"1082\"><strong data-start=\"993\" data-end=\"1019\">Retusz i korekta zdj\u0119\u0107<\/strong> \u2013 perfekcyjne kolory i \u015bwiat\u0142o oraz usuwanie niedoskona\u0142o\u015bci<\/p>\n<\/li>\n<li data-start=\"1083\" data-end=\"1156\">\n<p data-start=\"1085\" data-end=\"1156\"><strong data-start=\"1085\" data-end=\"1109\">Tworzenie kompozycji<\/strong> \u2013 \u0142\u0105czenie wielu warstw i efekt\u00f3w wizualnych<\/p>\n<\/li>\n<li data-start=\"1157\" data-end=\"1226\">\n<p data-start=\"1159\" data-end=\"1226\"><strong data-start=\"1159\" data-end=\"1180\">Cyfrowe malarstwo<\/strong> \u2013 zaawansowane p\u0119dzle i narz\u0119dzia kreatywne<\/p>\n<\/li>\n<li data-start=\"1227\" data-end=\"1322\">\n<p data-start=\"1229\" data-end=\"1322\"><strong data-start=\"1229\" data-end=\"1254\">Integracja typografii<\/strong> \u2013 \u0142atwe wstawianie i formatowanie tekstu w projektach graficznych<\/p>\n<\/li>\n<\/ul>\n<hr data-start=\"1324\" data-end=\"1327\" \/>\n<h2 data-start=\"1329\" data-end=\"1367\">InDesign 2021 \u2013 kluczowe mo\u017cliwo\u015bci<\/h2>\n<p data-start=\"1369\" data-end=\"1522\"><strong data-start=\"1369\" data-end=\"1386\">InDesign 2021<\/strong> to jedno z najcz\u0119\u015bciej wykorzystywanych narz\u0119dzi do sk\u0142adu publikacji, przeznaczone zar\u00f3wno do materia\u0142\u00f3w drukowanych, jak i cyfrowych:<\/p>\n<ul data-start=\"1524\" data-end=\"1857\">\n<li data-start=\"1524\" data-end=\"1619\">\n<p data-start=\"1526\" data-end=\"1619\"><strong data-start=\"1526\" data-end=\"1554\">Profesjonalna typografia<\/strong> \u2013 precyzyjne formatowanie tekstu, style oraz wsparcie OpenType<\/p>\n<\/li>\n<li data-start=\"1620\" data-end=\"1698\">\n<p data-start=\"1622\" data-end=\"1698\"><strong data-start=\"1622\" data-end=\"1643\">Uk\u0142ady i szablony<\/strong> \u2013 gotowe wzorce przyspieszaj\u0105ce prac\u0119 nad projektami<\/p>\n<\/li>\n<li data-start=\"1699\" data-end=\"1768\">\n<p data-start=\"1701\" data-end=\"1768\"><strong data-start=\"1701\" data-end=\"1725\">Tworzenie publikacji<\/strong> \u2013 ksi\u0105\u017cki, magazyny, broszury i katalogi<\/p>\n<\/li>\n<li data-start=\"1769\" data-end=\"1857\">\n<p data-start=\"1771\" data-end=\"1857\"><strong data-start=\"1771\" data-end=\"1791\">Eksport do druku<\/strong> \u2013 generowanie plik\u00f3w PDF gotowych do druku w najwy\u017cszej jako\u015bci<\/p>\n<\/li>\n<\/ul>\n<hr data-start=\"1859\" data-end=\"1862\" \/>\n<h2 data-start=\"1864\" data-end=\"1901\">Dla kogo przeznaczony jest pakiet?<\/h2>\n<p data-start=\"1903\" data-end=\"2046\">To rozwi\u0105zanie jest idealne dla u\u017cytkownik\u00f3w, kt\u00f3rzy chc\u0105 \u0142\u0105czy\u0107 <strong data-start=\"1968\" data-end=\"1998\">zaawansowan\u0105 edycj\u0119 obrazu<\/strong> z <strong data-start=\"2001\" data-end=\"2045\">profesjonalnym projektowaniem publikacji<\/strong>:<\/p>\n<ul data-start=\"2048\" data-end=\"2409\">\n<li data-start=\"2048\" data-end=\"2110\">\n<p data-start=\"2050\" data-end=\"2110\"><strong data-start=\"2050\" data-end=\"2062\">Grafik\u00f3w<\/strong> \u2013 projektuj\u0105cych pe\u0142n\u0105 identyfikacj\u0119 wizualn\u0105<\/p>\n<\/li>\n<li data-start=\"2111\" data-end=\"2195\">\n<p data-start=\"2113\" data-end=\"2195\"><strong data-start=\"2113\" data-end=\"2127\">Fotograf\u00f3w<\/strong> \u2013 przygotowuj\u0105cych zdj\u0119cia do publikacji i materia\u0142\u00f3w drukowanych<\/p>\n<\/li>\n<li data-start=\"2196\" data-end=\"2275\">\n<p data-start=\"2198\" data-end=\"2275\"><strong data-start=\"2198\" data-end=\"2225\">Specjalist\u00f3w marketingu<\/strong> \u2013 tworz\u0105cych profesjonalne materia\u0142y kampanijne<\/p>\n<\/li>\n<li data-start=\"2276\" data-end=\"2338\">\n<p data-start=\"2278\" data-end=\"2338\"><strong data-start=\"2278\" data-end=\"2290\">Wydawc\u00f3w<\/strong> \u2013 opracowuj\u0105cych ksi\u0105\u017cki, magazyny i broszury<\/p>\n<\/li>\n<li data-start=\"2339\" data-end=\"2409\">\n<p data-start=\"2341\" data-end=\"2409\"><strong data-start=\"2341\" data-end=\"2368\">Instytucji edukacyjnych<\/strong> \u2013 ucz\u0105cych grafiki i sk\u0142adu publikacji<\/p>\n<\/li>\n<\/ul>\n<hr data-start=\"2411\" data-end=\"2414\" \/>\n<h2 data-start=\"2416\" data-end=\"2452\">Dlaczego warto wybra\u0107 ten zestaw?<\/h2>\n<p data-start=\"2454\" data-end=\"2850\" data-is-last-node=\"\" data-is-only-node=\"\">Po\u0142\u0105czenie <strong data-start=\"2465\" data-end=\"2483\">Photoshop 2025<\/strong> i <strong data-start=\"2486\" data-end=\"2503\">InDesign 2021<\/strong> obejmuje <strong data-start=\"2513\" data-end=\"2554\">dwa kluczowe obszary pracy graficznej<\/strong>: edycj\u0119 obrazu oraz projektowanie publikacji. Taki zestaw pozwala tw\u00f3rcom realizowa\u0107 projekty <strong data-start=\"2649\" data-end=\"2703\">od pojedynczych grafik a\u017c po kompletne wydawnictwa<\/strong>, zawsze na profesjonalnym poziomie. To <strong data-start=\"2743\" data-end=\"2772\">d\u0142ugoterminowa inwestycja<\/strong>, gwarantuj\u0105ca wysok\u0105 efektywno\u015b\u0107 pracy i najwy\u017csz\u0105 jako\u015b\u0107 efekt\u00f3w wizualnych.<\/p>","protected":false},"excerpt":{"rendered":"<ul>\n<li data-start=\"0\" data-end=\"93\">\n<p data-start=\"2\" data-end=\"93\">\ud83c\udfa8 <strong data-start=\"5\" data-end=\"39\">Dwa programy w jednym pakiecie<\/strong> po\u0142\u0105czenie edycji obrazu i projektowania publikacji<\/p>\n<\/li>\n<li data-start=\"94\" data-end=\"181\">\n<p data-start=\"96\" data-end=\"181\">\ud83d\udcf7 <strong data-start=\"99\" data-end=\"129\">Profesjonalna edycja zdj\u0119\u0107<\/strong> zaawansowane narz\u0119dzia graficzne w Photoshop 2025<\/p>\n<\/li>\n<li data-start=\"182\" data-end=\"285\">\n<p data-start=\"184\" data-end=\"285\">\ud83d\udcda <strong data-start=\"187\" data-end=\"215\">Projektowanie publikacji<\/strong> tworzenie ksi\u0105\u017cek, broszur i materia\u0142\u00f3w drukowanych w InDesign 2021<\/p>\n<\/li>\n<li data-start=\"286\" data-end=\"359\">\n<p data-start=\"288\" data-end=\"359\">\ud83d\udcbb <strong data-start=\"291\" data-end=\"309\">System Windows<\/strong> stabilne i niezawodne dzia\u0142anie w \u015brodowisku PC<\/p>\n<\/li>\n<li data-start=\"360\" data-end=\"433\" data-is-last-node=\"\">\n<p data-start=\"362\" data-end=\"433\" data-is-last-node=\"\">\ud83d\ude80 <strong data-start=\"365\" data-end=\"387\">Efektywny workflow<\/strong> pe\u0142na kontrola nad ka\u017cdym projektem wizualnym<\/p>\n<\/li>\n<\/ul>","protected":false},"featured_media":1580,"comment_status":"open","ping_status":"closed","template":"","meta":[],"product_brand":[],"product_cat":[34,52,51,35],"product_tag":[],"class_list":{"0":"post-1588","1":"product","2":"type-product","3":"status-publish","4":"has-post-thumbnail","6":"product_cat-graphical","7":"product_cat-oferty-pakietowe","8":"product_cat-oprogramowanie-graficzne","9":"product_cat-package-deals","11":"first","12":"instock","13":"sale","14":"shipping-taxable","15":"purchasable","16":"product-type-simple"},"_links":{"self":[{"href":"https:\/\/softsrl.pl\/pl\/wp-json\/wp\/v2\/product\/1588","targetHints":{"allow":["GET"]}}],"collection":[{"href":"https:\/\/softsrl.pl\/pl\/wp-json\/wp\/v2\/product"}],"about":[{"href":"https:\/\/softsrl.pl\/pl\/wp-json\/wp\/v2\/types\/product"}],"replies":[{"embeddable":true,"href":"https:\/\/softsrl.pl\/pl\/wp-json\/wp\/v2\/comments?post=1588"}],"wp:featuredmedia":[{"embeddable":true,"href":"https:\/\/softsrl.pl\/pl\/wp-json\/wp\/v2\/media\/1580"}],"wp:attachment":[{"href":"https:\/\/softsrl.pl\/pl\/wp-json\/wp\/v2\/media?parent=1588"}],"wp:term":[{"taxonomy":"product_brand","embeddable":true,"href":"https:\/\/softsrl.pl\/pl\/wp-json\/wp\/v2\/product_brand?post=1588"},{"taxonomy":"product_cat","embeddable":true,"href":"https:\/\/softsrl.pl\/pl\/wp-json\/wp\/v2\/product_cat?post=1588"},{"taxonomy":"product_tag","embeddable":true,"href":"https:\/\/softsrl.pl\/pl\/wp-json\/wp\/v2\/product_tag?post=1588"}],"curies":[{"name":"wp","href":"https:\/\/api.w.org\/{rel}","templated":true}]}}