{"id":1589,"date":"2026-01-14T17:18:08","date_gmt":"2026-01-14T17:18:08","guid":{"rendered":"https:\/\/softsrl.pl\/?post_type=product&#038;p=1589"},"modified":"2026-01-18T19:18:23","modified_gmt":"2026-01-18T19:18:23","slug":"photoshop-2025-lightroom-classic-2021-i-windows","status":"publish","type":"product","link":"https:\/\/softsrl.pl\/pl\/produkt\/photoshop-2025-lightroom-classic-2021-i-windows\/","title":{"rendered":"Photoshop 2025 + Lightroom Classic 2021 I Windows"},"content":{"rendered":"<article class=\"text-token-text-primary w-full focus:outline-none [--shadow-height:45px] has-data-writing-block:pointer-events-none has-data-writing-block:-mt-(--shadow-height) has-data-writing-block:pt-(--shadow-height) [&amp;:has([data-writing-block])&gt;*]:pointer-events-auto scroll-mt-[calc(var(--header-height)+min(200px,max(70px,20svh)))]\" dir=\"auto\" tabindex=\"-1\" data-turn-id=\"request-6967b5b8-3578-8328-bb3c-2a42d6713901-4\" data-testid=\"conversation-turn-88\" data-scroll-anchor=\"false\" data-turn=\"assistant\">\n<div class=\"text-base my-auto mx-auto [--thread-content-margin:--spacing(4)] @w-sm\/main:[--thread-content-margin:--spacing(6)] @w-lg\/main:[--thread-content-margin:--spacing(16)] px-(--thread-content-margin)\">\n<div class=\"[--thread-content-max-width:40rem] @w-lg\/main:[--thread-content-max-width:48rem] mx-auto max-w-(--thread-content-max-width) flex-1 group\/turn-messages focus-visible:outline-hidden relative flex w-full min-w-0 flex-col agent-turn\" tabindex=\"-1\">\n<div class=\"flex max-w-full flex-col grow\">\n<div class=\"min-h-8 text-message relative flex w-full flex-col items-end gap-2 text-start break-words whitespace-normal [.text-message+&amp;]:mt-1\" dir=\"auto\" data-message-author-role=\"assistant\" data-message-id=\"1b27c7e6-d97a-4707-b697-1da2f80153e1\" data-message-model-slug=\"gpt-5-2-instant\">\n<div class=\"flex w-full flex-col gap-1 empty:hidden first:pt-[1px]\">\n<div class=\"markdown prose dark:prose-invert w-full break-words light markdown-new-styling\">\n<p data-start=\"59\" data-end=\"612\">Ten <strong data-start=\"63\" data-end=\"88\">pakiet oprogramowania<\/strong> zosta\u0142 stworzony z my\u015bl\u0105 o <strong data-start=\"116\" data-end=\"170\">fotografach, grafikach i specjalistach kreatywnych<\/strong>, kt\u00f3rzy poszukuj\u0105 kompletnego zestawu narz\u0119dzi do <strong data-start=\"221\" data-end=\"254\">edycji oraz organizacji zdj\u0119\u0107<\/strong>. <strong data-start=\"256\" data-end=\"274\">Photoshop 2025<\/strong> oferuje najnowsz\u0105 generacj\u0119 rozwi\u0105za\u0144 do zaawansowanej edycji obrazu, natomiast <strong data-start=\"355\" data-end=\"381\">Lightroom Classic 2021<\/strong> zapewnia wyj\u0105tkowo efektywne narz\u0119dzia do katalogowania i szybkiej obr\u00f3bki fotografii. Razem stanowi\u0105 idealne rozwi\u0105zanie dla u\u017cytkownik\u00f3w, kt\u00f3rzy chc\u0105 osi\u0105gn\u0105\u0107 <strong data-start=\"543\" data-end=\"611\">profesjonaln\u0105 jako\u015b\u0107 od plik\u00f3w \u017ar\u00f3d\u0142owych a\u017c po finalne projekty<\/strong>.<\/p>\n<hr data-start=\"614\" data-end=\"617\" \/>\n<h2 data-start=\"619\" data-end=\"658\">Funkcjonalno\u015b\u0107 i wymagania systemowe<\/h2>\n<ul data-start=\"660\" data-end=\"879\">\n<li data-start=\"660\" data-end=\"708\">\n<p data-start=\"662\" data-end=\"708\">Oprogramowanie dzia\u0142a w <strong data-start=\"686\" data-end=\"706\">systemie Windows<\/strong><\/p>\n<\/li>\n<li data-start=\"709\" data-end=\"774\">\n<p data-start=\"711\" data-end=\"774\"><strong data-start=\"711\" data-end=\"727\">Tryb offline<\/strong> \u2013 brak us\u0142ug online oraz dodatk\u00f3w chmurowych<\/p>\n<\/li>\n<li data-start=\"775\" data-end=\"879\">\n<p data-start=\"777\" data-end=\"879\">Dost\u0119pne s\u0105 wy\u0142\u0105cznie <strong data-start=\"799\" data-end=\"833\">funkcje zainstalowane lokalnie<\/strong>, co gwarantuje stabiln\u0105 i przewidywaln\u0105 prac\u0119<\/p>\n<\/li>\n<\/ul>\n<hr data-start=\"881\" data-end=\"884\" \/>\n<h2 data-start=\"886\" data-end=\"925\">Photoshop 2025 \u2013 kluczowe mo\u017cliwo\u015bci<\/h2>\n<p data-start=\"927\" data-end=\"1072\"><strong data-start=\"927\" data-end=\"945\">Photoshop 2025<\/strong> pozostaje jednym z najwa\u017cniejszych standard\u00f3w w edycji obrazu, oferuj\u0105c ulepszony zestaw narz\u0119dzi i zoptymalizowan\u0105 wydajno\u015b\u0107:<\/p>\n<ul data-start=\"1074\" data-end=\"1402\">\n<li data-start=\"1074\" data-end=\"1162\">\n<p data-start=\"1076\" data-end=\"1162\"><strong data-start=\"1076\" data-end=\"1102\">Retusz i poprawa zdj\u0119\u0107<\/strong> \u2013 korekcja kolor\u00f3w, \u015bwiat\u0142a oraz usuwanie niedoskona\u0142o\u015bci<\/p>\n<\/li>\n<li data-start=\"1163\" data-end=\"1248\">\n<p data-start=\"1165\" data-end=\"1248\"><strong data-start=\"1165\" data-end=\"1189\">Tworzenie kompozycji<\/strong> \u2013 praca na wielu warstwach z u\u017cyciem efekt\u00f3w specjalnych<\/p>\n<\/li>\n<li data-start=\"1249\" data-end=\"1320\">\n<p data-start=\"1251\" data-end=\"1320\"><strong data-start=\"1251\" data-end=\"1273\">Ilustracja cyfrowa<\/strong> \u2013 p\u0119dzle i tekstury do kreatywnego rysowania<\/p>\n<\/li>\n<li data-start=\"1321\" data-end=\"1402\">\n<p data-start=\"1323\" data-end=\"1402\"><strong data-start=\"1323\" data-end=\"1358\">Typografia i integracja grafiki<\/strong> \u2013 \u0142\u0105czenie tekstu z elementami wizualnymi<\/p>\n<\/li>\n<\/ul>\n<hr data-start=\"1404\" data-end=\"1407\" \/>\n<h2 data-start=\"1409\" data-end=\"1456\">Lightroom Classic 2021 \u2013 kluczowe mo\u017cliwo\u015bci<\/h2>\n<p data-start=\"1458\" data-end=\"1607\"><strong data-start=\"1458\" data-end=\"1484\">Lightroom Classic 2021<\/strong> to jedno z najcz\u0119\u015bciej wybieranych narz\u0119dzi do organizacji i obr\u00f3bki zdj\u0119\u0107, kt\u00f3re doskonale uzupe\u0142nia prac\u0119 w Photoshopie:<\/p>\n<ul data-start=\"1609\" data-end=\"1905\">\n<li data-start=\"1609\" data-end=\"1677\">\n<p data-start=\"1611\" data-end=\"1677\"><strong data-start=\"1611\" data-end=\"1637\">Organizacja fotografii<\/strong> \u2013 katalogi, s\u0142owa kluczowe i etykiety<\/p>\n<\/li>\n<li data-start=\"1678\" data-end=\"1763\">\n<p data-start=\"1680\" data-end=\"1763\"><strong data-start=\"1680\" data-end=\"1703\">Nieniszcz\u0105ca edycja<\/strong> \u2013 wszystkie zmiany mo\u017cna cofn\u0105\u0107 bez naruszania orygina\u0142\u00f3w<\/p>\n<\/li>\n<li data-start=\"1764\" data-end=\"1835\">\n<p data-start=\"1766\" data-end=\"1835\"><strong data-start=\"1766\" data-end=\"1793\">Szybka obr\u00f3bka zbiorcza<\/strong> \u2013 jednoczesna edycja du\u017cej liczby zdj\u0119\u0107<\/p>\n<\/li>\n<li data-start=\"1836\" data-end=\"1905\">\n<p data-start=\"1838\" data-end=\"1905\"><strong data-start=\"1838\" data-end=\"1858\">Presety i filtry<\/strong> \u2013 gotowe ustawienia przyspieszaj\u0105ce workflow<\/p>\n<\/li>\n<\/ul>\n<hr data-start=\"1907\" data-end=\"1910\" \/>\n<h2 data-start=\"1912\" data-end=\"1949\">Dla kogo przeznaczony jest pakiet?<\/h2>\n<p data-start=\"1951\" data-end=\"2048\">To rozwi\u0105zanie jest idealne dla u\u017cytkownik\u00f3w pracuj\u0105cych ze zdj\u0119ciami na poziomie profesjonalnym:<\/p>\n<ul data-start=\"2050\" data-end=\"2458\">\n<li data-start=\"2050\" data-end=\"2132\">\n<p data-start=\"2052\" data-end=\"2132\"><strong data-start=\"2052\" data-end=\"2066\">Fotograf\u00f3w<\/strong> \u2013 pe\u0142na kontrola od obr\u00f3bki plik\u00f3w \u017ar\u00f3d\u0142owych po retusz ko\u0144cowy<\/p>\n<\/li>\n<li data-start=\"2133\" data-end=\"2211\">\n<p data-start=\"2135\" data-end=\"2211\"><strong data-start=\"2135\" data-end=\"2147\">Grafik\u00f3w<\/strong> \u2013 tworzenie ilustracji i zaawansowanych materia\u0142\u00f3w wizualnych<\/p>\n<\/li>\n<li data-start=\"2212\" data-end=\"2293\">\n<p data-start=\"2214\" data-end=\"2293\"><strong data-start=\"2214\" data-end=\"2241\">Specjalist\u00f3w marketingu<\/strong> \u2013 przygotowywanie estetycznych tre\u015bci do kampanii<\/p>\n<\/li>\n<li data-start=\"2294\" data-end=\"2366\">\n<p data-start=\"2296\" data-end=\"2366\"><strong data-start=\"2296\" data-end=\"2323\">Instytucji edukacyjnych<\/strong> \u2013 nauczanie edycji i przetwarzania zdj\u0119\u0107<\/p>\n<\/li>\n<li data-start=\"2367\" data-end=\"2458\">\n<p data-start=\"2369\" data-end=\"2458\"><strong data-start=\"2369\" data-end=\"2400\">Zaawansowanych u\u017cytkownik\u00f3w<\/strong> \u2013 chc\u0105cych maksymalnie wykorzysta\u0107 mo\u017cliwo\u015bci program\u00f3w<\/p>\n<\/li>\n<\/ul>\n<hr data-start=\"2460\" data-end=\"2463\" \/>\n<h2 data-start=\"2465\" data-end=\"2501\">Dlaczego warto wybra\u0107 ten zestaw?<\/h2>\n<p data-start=\"2503\" data-end=\"2872\" data-is-last-node=\"\" data-is-only-node=\"\">Po\u0142\u0105czenie <strong data-start=\"2514\" data-end=\"2532\">Photoshop 2025<\/strong> i <strong data-start=\"2535\" data-end=\"2561\">Lightroom Classic 2021<\/strong> oferuje <strong data-start=\"2570\" data-end=\"2608\">kompleksowy workflow fotograficzny<\/strong>. Lightroom umo\u017cliwia szybkie porz\u0105dkowanie i wst\u0119pn\u0105 obr\u00f3bk\u0119 zdj\u0119\u0107, a Photoshop zapewnia <strong data-start=\"2698\" data-end=\"2754\">precyzyjn\u0105 edycj\u0119 oraz kreatywn\u0105 manipulacj\u0119 obrazem<\/strong>. To doskona\u0142a inwestycja dla os\u00f3b, kt\u00f3re oczekuj\u0105 <strong data-start=\"2805\" data-end=\"2871\">najwy\u017cszej jako\u015bci i pe\u0142nej kontroli nad procesem edycji zdj\u0119\u0107<\/strong>.<\/p>\n<\/div>\n<\/div>\n<\/div>\n<\/div>\n<\/div>\n<div class=\"z-0 flex min-h-[46px] justify-start\"><\/div>\n<\/div>\n<\/article>\n","protected":false},"excerpt":{"rendered":"<ul>\n<li data-start=\"0\" data-end=\"81\">\n<p data-start=\"2\" data-end=\"81\">\ud83d\udcf7 <strong data-start=\"5\" data-end=\"39\">Kompletny pakiet fotograficzny<\/strong> Photoshop 2025 + Lightroom Classic 2021<\/p>\n<\/li>\n<li data-start=\"82\" data-end=\"161\">\n<p data-start=\"84\" data-end=\"161\">\ud83c\udfa8 <strong data-start=\"87\" data-end=\"118\">Profesjonalna edycja obrazu<\/strong> retusz, kompozycje i kreatywne narz\u0119dzia<\/p>\n<\/li>\n<li data-start=\"162\" data-end=\"230\">\n<p data-start=\"164\" data-end=\"230\">\ud83d\uddc2\ufe0f <strong data-start=\"168\" data-end=\"194\">Uporz\u0105dkowany workflow<\/strong> zarz\u0105dzanie i katalogowanie zdj\u0119\u0107<\/p>\n<\/li>\n<li data-start=\"231\" data-end=\"293\">\n<p data-start=\"233\" data-end=\"293\">\ud83d\udcbb <strong data-start=\"236\" data-end=\"254\">System Windows<\/strong> niezawodne \u015brodowisko uruchomieniowe<\/p>\n<\/li>\n<li data-start=\"294\" data-end=\"381\" data-is-last-node=\"\">\n<p data-start=\"296\" data-end=\"381\" data-is-last-node=\"\">\ud83d\ude80 <strong data-start=\"299\" data-end=\"321\">Wydajna kombinacja<\/strong> szybkie przygotowanie i precyzyjna edycja w jednym zestawie<\/p>\n<\/li>\n<\/ul>","protected":false},"featured_media":1581,"comment_status":"open","ping_status":"closed","template":"","meta":[],"product_brand":[],"product_cat":[34,52,51,35],"product_tag":[],"class_list":{"0":"post-1589","1":"product","2":"type-product","3":"status-publish","4":"has-post-thumbnail","6":"product_cat-graphical","7":"product_cat-oferty-pakietowe","8":"product_cat-oprogramowanie-graficzne","9":"product_cat-package-deals","11":"first","12":"instock","13":"sale","14":"shipping-taxable","15":"purchasable","16":"product-type-simple"},"_links":{"self":[{"href":"https:\/\/softsrl.pl\/pl\/wp-json\/wp\/v2\/product\/1589","targetHints":{"allow":["GET"]}}],"collection":[{"href":"https:\/\/softsrl.pl\/pl\/wp-json\/wp\/v2\/product"}],"about":[{"href":"https:\/\/softsrl.pl\/pl\/wp-json\/wp\/v2\/types\/product"}],"replies":[{"embeddable":true,"href":"https:\/\/softsrl.pl\/pl\/wp-json\/wp\/v2\/comments?post=1589"}],"wp:featuredmedia":[{"embeddable":true,"href":"https:\/\/softsrl.pl\/pl\/wp-json\/wp\/v2\/media\/1581"}],"wp:attachment":[{"href":"https:\/\/softsrl.pl\/pl\/wp-json\/wp\/v2\/media?parent=1589"}],"wp:term":[{"taxonomy":"product_brand","embeddable":true,"href":"https:\/\/softsrl.pl\/pl\/wp-json\/wp\/v2\/product_brand?post=1589"},{"taxonomy":"product_cat","embeddable":true,"href":"https:\/\/softsrl.pl\/pl\/wp-json\/wp\/v2\/product_cat?post=1589"},{"taxonomy":"product_tag","embeddable":true,"href":"https:\/\/softsrl.pl\/pl\/wp-json\/wp\/v2\/product_tag?post=1589"}],"curies":[{"name":"wp","href":"https:\/\/api.w.org\/{rel}","templated":true}]}}