{"id":1591,"date":"2026-01-14T17:21:59","date_gmt":"2026-01-14T17:21:59","guid":{"rendered":"https:\/\/softsrl.pl\/?post_type=product&#038;p=1591"},"modified":"2026-01-18T19:17:55","modified_gmt":"2026-01-18T19:17:55","slug":"photoshop-2025-office-2021-pro-plus-windows","status":"publish","type":"product","link":"https:\/\/softsrl.pl\/pl\/produkt\/photoshop-2025-office-2021-pro-plus-windows\/","title":{"rendered":"Photoshop 2025 + Office 2021 Pro Plus | Windows"},"content":{"rendered":"<p data-start=\"0\" data-end=\"484\">Ten pakiet oprogramowania to idealny wyb\u00f3r dla os\u00f3b, dla kt\u00f3rych w codziennej pracy r\u00f3wnie wa\u017cna jest kreatywna edycja obraz\u00f3w, jak i wysoka efektywno\u015b\u0107 biurowa. <strong data-start=\"162\" data-end=\"180\">Photoshop 2025<\/strong> oferuje najnowsze funkcje cyfrowej obr\u00f3bki zdj\u0119\u0107 i grafiki, natomiast <strong data-start=\"251\" data-end=\"284\">Office 2021 Professional Plus<\/strong> zapewnia komplet narz\u0119dzi do tworzenia dokument\u00f3w, przetwarzania danych oraz przygotowywania prezentacji. Razem tworz\u0105 sp\u00f3jny duet, kt\u00f3ry gwarantuje profesjonalne rezultaty w ka\u017cdym \u015brodowisku pracy.<\/p>\n<hr data-start=\"486\" data-end=\"489\" \/>\n<h3 data-start=\"491\" data-end=\"531\">Funkcjonalno\u015b\u0107 i wymagania systemowe<\/h3>\n<p data-start=\"533\" data-end=\"828\">Oprogramowanie dzia\u0142a <strong data-start=\"555\" data-end=\"587\">wy\u0142\u0105cznie w systemie Windows<\/strong>, a aplikacja Photoshop dost\u0119pna jest w <strong data-start=\"627\" data-end=\"645\">wersji offline<\/strong>. Oznacza to, \u017ce program graficzny nie zawiera us\u0142ug online ani dodatk\u00f3w chmurowych \u2013 dost\u0119pne s\u0105 wy\u0142\u0105cznie funkcje zainstalowane lokalnie, co zapewnia stabiln\u0105 i przewidywaln\u0105 prac\u0119.<\/p>\n<hr data-start=\"830\" data-end=\"833\" \/>\n<h3 data-start=\"835\" data-end=\"875\">Najwa\u017cniejsze funkcje Photoshop 2025<\/h3>\n<p data-start=\"877\" data-end=\"977\">Photoshop 2025 reprezentuje najwy\u017cszy poziom technologii w zakresie edycji obrazu i sztuki cyfrowej.<\/p>\n<ul data-start=\"979\" data-end=\"1307\">\n<li data-start=\"979\" data-end=\"1049\">\n<p data-start=\"981\" data-end=\"1049\"><strong data-start=\"981\" data-end=\"1011\">Profesjonalny retusz zdj\u0119\u0107<\/strong> \u2013 korekta kolor\u00f3w, \u015bwiat\u0142a i detali<\/p>\n<\/li>\n<li data-start=\"1050\" data-end=\"1140\">\n<p data-start=\"1052\" data-end=\"1140\"><strong data-start=\"1052\" data-end=\"1088\">Zarz\u0105dzanie warstwami i efektami<\/strong> \u2013 \u0142atwe tworzenie z\u0142o\u017conych kompozycji wizualnych<\/p>\n<\/li>\n<li data-start=\"1141\" data-end=\"1218\">\n<p data-start=\"1143\" data-end=\"1218\"><strong data-start=\"1143\" data-end=\"1165\">Ilustracja cyfrowa<\/strong> \u2013 nowoczesne p\u0119dzle i tekstury do kreatywnej pracy<\/p>\n<\/li>\n<li data-start=\"1219\" data-end=\"1307\">\n<p data-start=\"1221\" data-end=\"1307\"><strong data-start=\"1221\" data-end=\"1235\">Typografia<\/strong> \u2013 \u0142\u0105czenie tekstu i grafiki w projektach o profesjonalnym charakterze<\/p>\n<\/li>\n<\/ul>\n<hr data-start=\"1309\" data-end=\"1312\" \/>\n<h3 data-start=\"1314\" data-end=\"1369\">Najwa\u017cniejsze funkcje Office 2021 Professional Plus<\/h3>\n<p data-start=\"1371\" data-end=\"1489\">Office 2021 Professional Plus to klasyczny pakiet biurowy zawieraj\u0105cy wszystkie aplikacje niezb\u0119dne do wydajnej pracy.<\/p>\n<ul data-start=\"1491\" data-end=\"1846\">\n<li data-start=\"1491\" data-end=\"1554\">\n<p data-start=\"1493\" data-end=\"1554\"><strong data-start=\"1493\" data-end=\"1506\">Word 2021<\/strong> \u2013 profesjonalne tworzenie i edycja dokument\u00f3w<\/p>\n<\/li>\n<li data-start=\"1555\" data-end=\"1622\">\n<p data-start=\"1557\" data-end=\"1622\"><strong data-start=\"1557\" data-end=\"1571\">Excel 2021<\/strong> \u2013 arkusze kalkulacyjne, analiza danych i wykresy<\/p>\n<\/li>\n<li data-start=\"1623\" data-end=\"1696\">\n<p data-start=\"1625\" data-end=\"1696\"><strong data-start=\"1625\" data-end=\"1644\">PowerPoint 2021<\/strong> \u2013 efektowne prezentacje z nowoczesnymi szablonami<\/p>\n<\/li>\n<li data-start=\"1697\" data-end=\"1762\">\n<p data-start=\"1699\" data-end=\"1762\"><strong data-start=\"1699\" data-end=\"1715\">Outlook 2021<\/strong> \u2013 obs\u0142uga poczty elektronicznej i kalendarza<\/p>\n<\/li>\n<li data-start=\"1763\" data-end=\"1846\">\n<p data-start=\"1765\" data-end=\"1846\"><strong data-start=\"1765\" data-end=\"1797\">Access 2021 i Publisher 2021<\/strong> \u2013 zaawansowana obs\u0142uga baz danych i publikacji<\/p>\n<\/li>\n<\/ul>\n<hr data-start=\"1848\" data-end=\"1851\" \/>\n<h3 data-start=\"1853\" data-end=\"1895\">Dla kogo przeznaczony jest ten pakiet?<\/h3>\n<p data-start=\"1897\" data-end=\"2026\">Pakiet zosta\u0142 stworzony z my\u015bl\u0105 o u\u017cytkownikach, kt\u00f3rzy chc\u0105 realizowa\u0107 projekty kreatywne i zadania biurowe na wysokim poziomie.<\/p>\n<ul data-start=\"2028\" data-end=\"2450\">\n<li data-start=\"2028\" data-end=\"2096\">\n<p data-start=\"2030\" data-end=\"2096\">dla <strong data-start=\"2034\" data-end=\"2059\">grafik\u00f3w i fotograf\u00f3w<\/strong>, kt\u00f3rzy retuszuj\u0105 i edytuj\u0105 obrazy<\/p>\n<\/li>\n<li data-start=\"2097\" data-end=\"2181\">\n<p data-start=\"2099\" data-end=\"2181\">dla <strong data-start=\"2103\" data-end=\"2129\">firm i przedsi\u0119biorstw<\/strong>, gdzie praca kreatywna i biurowa s\u0105 codzienno\u015bci\u0105<\/p>\n<\/li>\n<li data-start=\"2182\" data-end=\"2270\">\n<p data-start=\"2184\" data-end=\"2270\">dla <strong data-start=\"2188\" data-end=\"2215\">specjalist\u00f3w marketingu<\/strong>, przygotowuj\u0105cych materia\u0142y kampanijne i prezentacje<\/p>\n<\/li>\n<li data-start=\"2271\" data-end=\"2364\">\n<p data-start=\"2273\" data-end=\"2364\">dla <strong data-start=\"2277\" data-end=\"2304\">instytucji edukacyjnych<\/strong>, wyposa\u017caj\u0105cych student\u00f3w w narz\u0119dzia kreatywne i biurowe<\/p>\n<\/li>\n<li data-start=\"2365\" data-end=\"2450\">\n<p data-start=\"2367\" data-end=\"2450\">dla <strong data-start=\"2371\" data-end=\"2396\">u\u017cytkownik\u00f3w domowych<\/strong>, kt\u00f3rzy chc\u0105 po\u0142\u0105czy\u0107 kreatywno\u015b\u0107 z produktywno\u015bci\u0105<\/p>\n<\/li>\n<\/ul>\n<hr data-start=\"2452\" data-end=\"2455\" \/>\n<h3 data-start=\"2457\" data-end=\"2494\">Dlaczego warto wybra\u0107 ten pakiet?<\/h3>\n<p data-start=\"2496\" data-end=\"2820\" data-is-last-node=\"\" data-is-only-node=\"\">Po\u0142\u0105czenie <strong data-start=\"2507\" data-end=\"2525\">Photoshop 2025<\/strong> oraz <strong data-start=\"2531\" data-end=\"2564\">Office 2021 Professional Plus<\/strong> zapewnia w jednym pakiecie kluczowe narz\u0119dzia do edycji grafiki i pracy biurowej. To rozwi\u0105zanie gwarantuje, \u017ce u\u017cytkownicy otrzymuj\u0105 wszystkie niezb\u0119dne programy do realizacji zar\u00f3wno kreatywnych, jak i administracyjnych zada\u0144 na profesjonalnym poziomie.<\/p>","protected":false},"excerpt":{"rendered":"<ul>\n<li data-start=\"0\" data-end=\"100\">\n<p data-start=\"2\" data-end=\"100\">\ud83c\udfa8 <strong data-start=\"5\" data-end=\"40\">Zaawansowane edytowanie obraz\u00f3w<\/strong> \u2013 nowoczesne rozwi\u0105zania graficzne dost\u0119pne w wersji 2025<\/p>\n<\/li>\n<li data-start=\"101\" data-end=\"196\">\n<p data-start=\"103\" data-end=\"196\">\ud83d\udcdd <strong data-start=\"106\" data-end=\"134\">Klasyczny pakiet biurowy<\/strong> \u2013 Office 2021 Pro Plus do dokument\u00f3w, arkuszy i prezentacji<\/p>\n<\/li>\n<li data-start=\"197\" data-end=\"267\">\n<p data-start=\"199\" data-end=\"267\">\ud83d\udcbb <strong data-start=\"202\" data-end=\"224\">Zgodno\u015b\u0107 z Windows<\/strong> \u2013 stabilne i niezawodne \u015brodowisko pracy<\/p>\n<\/li>\n<li data-start=\"268\" data-end=\"359\">\n<p data-start=\"270\" data-end=\"359\">\ud83d\udcf7 <strong data-start=\"273\" data-end=\"304\">Kreatywno\u015b\u0107 i produktywno\u015b\u0107<\/strong> \u2013 jedno rozwi\u0105zanie do zada\u0144 graficznych i biurowych<\/p>\n<\/li>\n<li data-start=\"360\" data-end=\"445\" data-is-last-node=\"\">\n<p data-start=\"362\" data-end=\"445\" data-is-last-node=\"\">\ud83d\ude80 <strong data-start=\"365\" data-end=\"391\">Profesjonalny workflow<\/strong> \u2013 szybka i efektywna realizacja codziennych projekt\u00f3w<\/p>\n<\/li>\n<\/ul>","protected":false},"featured_media":1582,"comment_status":"open","ping_status":"closed","template":"","meta":[],"product_brand":[],"product_cat":[49,34,52,32,51,35],"product_tag":[],"class_list":{"0":"post-1591","1":"product","2":"type-product","3":"status-publish","4":"has-post-thumbnail","6":"product_cat-biuro","7":"product_cat-graphical","8":"product_cat-oferty-pakietowe","9":"product_cat-office","10":"product_cat-oprogramowanie-graficzne","11":"product_cat-package-deals","13":"first","14":"instock","15":"sale","16":"shipping-taxable","17":"purchasable","18":"product-type-simple"},"_links":{"self":[{"href":"https:\/\/softsrl.pl\/pl\/wp-json\/wp\/v2\/product\/1591","targetHints":{"allow":["GET"]}}],"collection":[{"href":"https:\/\/softsrl.pl\/pl\/wp-json\/wp\/v2\/product"}],"about":[{"href":"https:\/\/softsrl.pl\/pl\/wp-json\/wp\/v2\/types\/product"}],"replies":[{"embeddable":true,"href":"https:\/\/softsrl.pl\/pl\/wp-json\/wp\/v2\/comments?post=1591"}],"wp:featuredmedia":[{"embeddable":true,"href":"https:\/\/softsrl.pl\/pl\/wp-json\/wp\/v2\/media\/1582"}],"wp:attachment":[{"href":"https:\/\/softsrl.pl\/pl\/wp-json\/wp\/v2\/media?parent=1591"}],"wp:term":[{"taxonomy":"product_brand","embeddable":true,"href":"https:\/\/softsrl.pl\/pl\/wp-json\/wp\/v2\/product_brand?post=1591"},{"taxonomy":"product_cat","embeddable":true,"href":"https:\/\/softsrl.pl\/pl\/wp-json\/wp\/v2\/product_cat?post=1591"},{"taxonomy":"product_tag","embeddable":true,"href":"https:\/\/softsrl.pl\/pl\/wp-json\/wp\/v2\/product_tag?post=1591"}],"curies":[{"name":"wp","href":"https:\/\/api.w.org\/{rel}","templated":true}]}}