{"id":1619,"date":"2026-01-15T14:05:17","date_gmt":"2026-01-15T14:05:17","guid":{"rendered":"https:\/\/softsrl.pl\/?post_type=product&#038;p=1619"},"modified":"2026-01-18T19:12:46","modified_gmt":"2026-01-18T19:12:46","slug":"illustrator-2025-windows-11-pro","status":"publish","type":"product","link":"https:\/\/softsrl.pl\/pl\/produkt\/illustrator-2025-windows-11-pro\/","title":{"rendered":"Illustrator 2025 + Windows 11 Pro"},"content":{"rendered":"<p data-start=\"84\" data-end=\"592\">Ten pakiet oprogramowania to doskona\u0142e rozwi\u0105zanie dla grafik\u00f3w, projektant\u00f3w, specjalist\u00f3w marketingu oraz firm, kt\u00f3re chc\u0105 korzysta\u0107 z profesjonalnych narz\u0119dzi graficznych oraz stabilnego i bezpiecznego systemu operacyjnego w jednym zestawie. Illustrator 2025 oferuje najnowsze rozwi\u0105zania w zakresie grafiki wektorowej, umo\u017cliwiaj\u0105ce tworzenie logotyp\u00f3w, identyfikacji wizualnych, ikon oraz ilustracji, natomiast Windows 11 Pro zapewnia szybkie, bezpieczne i wydajne \u015brodowisko pracy do codziennych zada\u0144.<\/p>\n<hr data-start=\"594\" data-end=\"597\" \/>\n<h3 data-start=\"599\" data-end=\"639\">Funkcjonalno\u015b\u0107 i wymagania systemowe<\/h3>\n<p data-start=\"641\" data-end=\"857\">Oprogramowanie dzia\u0142a wy\u0142\u0105cznie w systemie Windows, a aplikacja Illustrator oferuje tylko funkcje offline. Oznacza to brak us\u0142ug online oraz dodatk\u00f3w chmurowych \u2014 dost\u0119pne s\u0105 wy\u0142\u0105cznie funkcje zainstalowane lokalnie.<\/p>\n<hr data-start=\"859\" data-end=\"862\" \/>\n<h3 data-start=\"864\" data-end=\"906\">Najwa\u017cniejsze funkcje Illustrator 2025<\/h3>\n<p data-start=\"908\" data-end=\"1051\">Illustrator 2025 to nowoczesne narz\u0119dzie do projektowania grafiki wektorowej, umo\u017cliwiaj\u0105ce precyzyjn\u0105, skalowaln\u0105 i kreatywn\u0105 prac\u0119 graficzn\u0105.<\/p>\n<ul data-start=\"1053\" data-end=\"1406\">\n<li data-start=\"1053\" data-end=\"1164\">\n<p data-start=\"1055\" data-end=\"1164\"><strong data-start=\"1055\" data-end=\"1103\">Projektowanie logo i identyfikacji wizualnej<\/strong> \u2013 perfekcyjnie czyste i ostre grafiki w dowolnym rozmiarze<\/p>\n<\/li>\n<li data-start=\"1165\" data-end=\"1252\">\n<p data-start=\"1167\" data-end=\"1252\"><strong data-start=\"1167\" data-end=\"1198\">Tworzenie ilustracji i ikon<\/strong> \u2013 odpowiednie do materia\u0142\u00f3w cyfrowych i drukowanych<\/p>\n<\/li>\n<li data-start=\"1253\" data-end=\"1346\">\n<p data-start=\"1255\" data-end=\"1346\"><strong data-start=\"1255\" data-end=\"1291\">Zaawansowane zarz\u0105dzanie kolorem<\/strong> \u2013 obs\u0142uga CMYK i RGB do druku i publikacji cyfrowych<\/p>\n<\/li>\n<li data-start=\"1347\" data-end=\"1406\">\n<p data-start=\"1349\" data-end=\"1406\"><strong data-start=\"1349\" data-end=\"1363\">Typografia<\/strong> \u2013 kreatywna edycja kroj\u00f3w pisma i tekstu<\/p>\n<\/li>\n<\/ul>\n<hr data-start=\"1408\" data-end=\"1411\" \/>\n<h3 data-start=\"1413\" data-end=\"1453\">Najwa\u017cniejsze funkcje Windows 11 Pro<\/h3>\n<p data-start=\"1455\" data-end=\"1569\">Windows 11 Pro to nowoczesny system operacyjny zoptymalizowany pod k\u0105tem zastosowa\u0144 biznesowych i profesjonalnych.<\/p>\n<ul data-start=\"1571\" data-end=\"1958\">\n<li data-start=\"1571\" data-end=\"1663\">\n<p data-start=\"1573\" data-end=\"1663\"><strong data-start=\"1573\" data-end=\"1611\">Nowoczesny i przejrzysty interfejs<\/strong> \u2013 ergonomiczny design wspieraj\u0105cy efektywn\u0105 prac\u0119<\/p>\n<\/li>\n<li data-start=\"1664\" data-end=\"1770\">\n<p data-start=\"1666\" data-end=\"1770\"><strong data-start=\"1666\" data-end=\"1692\">Funkcje bezpiecze\u0144stwa<\/strong> \u2013 szyfrowanie BitLocker, Windows Hello oraz zaawansowane mechanizmy ochrony<\/p>\n<\/li>\n<li data-start=\"1771\" data-end=\"1858\">\n<p data-start=\"1773\" data-end=\"1858\"><strong data-start=\"1773\" data-end=\"1806\">Wysoka wydajno\u015b\u0107 i stabilno\u015b\u0107<\/strong> \u2013 szybkie uruchamianie systemu i p\u0142ynne dzia\u0142anie<\/p>\n<\/li>\n<li data-start=\"1859\" data-end=\"1958\">\n<p data-start=\"1861\" data-end=\"1958\"><strong data-start=\"1861\" data-end=\"1882\">Funkcje biznesowe<\/strong> \u2013 pulpit zdalny, zarz\u0105dzanie zasadami grupy, wsparcie \u015brodowisk firmowych<\/p>\n<\/li>\n<\/ul>\n<hr data-start=\"1960\" data-end=\"1963\" \/>\n<h3 data-start=\"1965\" data-end=\"2007\">Dla kogo przeznaczony jest ten pakiet?<\/h3>\n<p data-start=\"2009\" data-end=\"2138\">To po\u0142\u0105czenie jest idealne dla specjalist\u00f3w i organizacji, w kt\u00f3rych praca graficzna idzie w parze z nowoczesnym \u015brodowiskiem IT.<\/p>\n<ul data-start=\"2140\" data-end=\"2558\">\n<li data-start=\"2140\" data-end=\"2215\">\n<p data-start=\"2142\" data-end=\"2215\">Graficy i kreatywni profesjonali\u015bci poszukuj\u0105cy zaawansowanych narz\u0119dzi<\/p>\n<\/li>\n<li data-start=\"2216\" data-end=\"2307\">\n<p data-start=\"2218\" data-end=\"2307\">Zespo\u0142y marketingowe tworz\u0105ce identyfikacje wizualne, materia\u0142y kampanijne i ilustracje<\/p>\n<\/li>\n<li data-start=\"2308\" data-end=\"2387\">\n<p data-start=\"2310\" data-end=\"2387\">Firmy zarz\u0105dzaj\u0105ce w\u0142asnymi materia\u0142ami wizualnymi i infrastruktur\u0105 robocz\u0105<\/p>\n<\/li>\n<li data-start=\"2388\" data-end=\"2468\">\n<p data-start=\"2390\" data-end=\"2468\">Instytucje edukacyjne oferuj\u0105ce studentom nowoczesne oprogramowanie bran\u017cowe<\/p>\n<\/li>\n<li data-start=\"2469\" data-end=\"2558\">\n<p data-start=\"2471\" data-end=\"2558\">Zaawansowani u\u017cytkownicy oczekuj\u0105cy najnowszych technologii graficznych i systemowych<\/p>\n<\/li>\n<\/ul>\n<hr data-start=\"2560\" data-end=\"2563\" \/>\n<h3 data-start=\"2565\" data-end=\"2602\">Dlaczego warto wybra\u0107 ten zestaw?<\/h3>\n<p data-start=\"2604\" data-end=\"2906\" data-is-last-node=\"\" data-is-only-node=\"\">Po\u0142\u0105czenie Illustrator 2025 oraz Windows 11 Pro zapewnia jednocze\u015bnie profesjonalne narz\u0119dzia do projektowania graficznego oraz bezpieczny, wydajny system operacyjny. To rozwi\u0105zanie gwarantuje stabilne \u015brodowisko pracy i umo\u017cliwia tworzenie wysokiej jako\u015bci projekt\u00f3w wizualnych w d\u0142ugiej perspektywie.<\/p>","protected":false},"excerpt":{"rendered":"<ul>\n<li data-start=\"0\" data-end=\"78\">\n<p data-start=\"2\" data-end=\"78\">\u270f\ufe0f <strong data-start=\"5\" data-end=\"25\">Illustrator 2025<\/strong> \u2013 nowoczesny zestaw narz\u0119dzi do grafiki wektorowej<\/p>\n<\/li>\n<li data-start=\"79\" data-end=\"143\">\n<p data-start=\"81\" data-end=\"143\">\ud83d\udcbb <strong data-start=\"84\" data-end=\"102\">Windows 11 Pro<\/strong> \u2013 stabilny, bezpieczny i szybki system<\/p>\n<\/li>\n<li data-start=\"144\" data-end=\"217\">\n<p data-start=\"146\" data-end=\"217\">\ud83c\udfa8 <strong data-start=\"149\" data-end=\"187\">Profesjonalne \u015brodowisko kreatywne<\/strong> \u2013 grafika i system w jednym<\/p>\n<\/li>\n<li data-start=\"218\" data-end=\"297\">\n<p data-start=\"220\" data-end=\"297\">\ud83d\udd12 <strong data-start=\"223\" data-end=\"254\">Zaawansowane zabezpieczenia<\/strong> \u2013 ochrona klasy biznesowej i szyfrowanie<\/p>\n<\/li>\n<li data-start=\"298\" data-end=\"366\" data-is-last-node=\"\">\n<p data-start=\"300\" data-end=\"366\" data-is-last-node=\"\">\ud83d\ude80 <strong data-start=\"303\" data-end=\"325\">Efektywny workflow<\/strong> \u2013 szybsza i p\u0142ynniejsza realizacja zada\u0144<\/p>\n<\/li>\n<\/ul>","protected":false},"featured_media":1607,"comment_status":"open","ping_status":"closed","template":"","meta":[],"product_brand":[],"product_cat":[34,52,15,51,35,50],"product_tag":[],"class_list":{"0":"post-1619","1":"product","2":"type-product","3":"status-publish","4":"has-post-thumbnail","6":"product_cat-graphical","7":"product_cat-oferty-pakietowe","8":"product_cat-operating-systems","9":"product_cat-oprogramowanie-graficzne","10":"product_cat-package-deals","11":"product_cat-windows","13":"first","14":"instock","15":"sale","16":"shipping-taxable","17":"purchasable","18":"product-type-simple"},"_links":{"self":[{"href":"https:\/\/softsrl.pl\/pl\/wp-json\/wp\/v2\/product\/1619","targetHints":{"allow":["GET"]}}],"collection":[{"href":"https:\/\/softsrl.pl\/pl\/wp-json\/wp\/v2\/product"}],"about":[{"href":"https:\/\/softsrl.pl\/pl\/wp-json\/wp\/v2\/types\/product"}],"replies":[{"embeddable":true,"href":"https:\/\/softsrl.pl\/pl\/wp-json\/wp\/v2\/comments?post=1619"}],"wp:featuredmedia":[{"embeddable":true,"href":"https:\/\/softsrl.pl\/pl\/wp-json\/wp\/v2\/media\/1607"}],"wp:attachment":[{"href":"https:\/\/softsrl.pl\/pl\/wp-json\/wp\/v2\/media?parent=1619"}],"wp:term":[{"taxonomy":"product_brand","embeddable":true,"href":"https:\/\/softsrl.pl\/pl\/wp-json\/wp\/v2\/product_brand?post=1619"},{"taxonomy":"product_cat","embeddable":true,"href":"https:\/\/softsrl.pl\/pl\/wp-json\/wp\/v2\/product_cat?post=1619"},{"taxonomy":"product_tag","embeddable":true,"href":"https:\/\/softsrl.pl\/pl\/wp-json\/wp\/v2\/product_tag?post=1619"}],"curies":[{"name":"wp","href":"https:\/\/api.w.org\/{rel}","templated":true}]}}