{"id":1631,"date":"2026-01-15T14:11:09","date_gmt":"2026-01-15T14:11:09","guid":{"rendered":"https:\/\/softsrl.pl\/?post_type=product&#038;p=1631"},"modified":"2026-01-18T19:12:16","modified_gmt":"2026-01-18T19:12:16","slug":"indesign-2025-acrobat-2020-pro-i-windows","status":"publish","type":"product","link":"https:\/\/softsrl.pl\/pl\/produkt\/indesign-2025-acrobat-2020-pro-i-windows\/","title":{"rendered":"InDesign 2025 + Acrobat 2020 Pro I Windows"},"content":{"rendered":"<p data-start=\"87\" data-end=\"581\">Ten pakiet oprogramowania to idealny wyb\u00f3r dla u\u017cytkownik\u00f3w, kt\u00f3rzy chc\u0105 po\u0142\u0105czy\u0107 kreatywny sk\u0142ad publikacji z profesjonalnymi mo\u017cliwo\u015bciami zarz\u0105dzania dokumentami. InDesign 2025 zapewnia pe\u0142en zestaw nowoczesnych narz\u0119dzi do sk\u0142adu i typografii, umo\u017cliwiaj\u0105cych tworzenie ksi\u0105\u017cek, magazyn\u00f3w, broszur oraz ulotek, natomiast Acrobat 2020 Pro pozwala na edycj\u0119, zabezpieczanie i konwersj\u0119 dokument\u00f3w PDF. Razem umo\u017cliwiaj\u0105 efektywne zarz\u0105dzanie ca\u0142ym procesem pracy wizualnej i administracyjnej.<\/p>\n<hr data-start=\"583\" data-end=\"586\" \/>\n<h3 data-start=\"588\" data-end=\"628\">Funkcjonalno\u015b\u0107 i wymagania systemowe<\/h3>\n<p data-start=\"630\" data-end=\"807\">Oprogramowanie dzia\u0142a w systemie Windows i oferuje funkcje offline. Oznacza to brak us\u0142ug online oraz dodatk\u00f3w chmurowych \u2014 dost\u0119pne s\u0105 wy\u0142\u0105cznie funkcje zainstalowane lokalnie.<\/p>\n<hr data-start=\"809\" data-end=\"812\" \/>\n<h3 data-start=\"814\" data-end=\"853\">Najwa\u017cniejsze funkcje InDesign 2025<\/h3>\n<p data-start=\"855\" data-end=\"975\">InDesign 2025 to zaawansowane rozwi\u0105zanie do tworzenia profesjonalnych publikacji, zar\u00f3wno drukowanych, jak i cyfrowych.<\/p>\n<ul data-start=\"977\" data-end=\"1299\">\n<li data-start=\"977\" data-end=\"1059\">\n<p data-start=\"979\" data-end=\"1059\"><strong data-start=\"979\" data-end=\"1012\">Zaawansowane narz\u0119dzia sk\u0142adu<\/strong> \u2013 do ksi\u0105\u017cek, magazyn\u00f3w, broszur i katalog\u00f3w<\/p>\n<\/li>\n<li data-start=\"1060\" data-end=\"1151\">\n<p data-start=\"1062\" data-end=\"1151\"><strong data-start=\"1062\" data-end=\"1084\">Typografia i style<\/strong> \u2013 precyzyjne formatowanie tekstu i sp\u00f3jna identyfikacja wizualna<\/p>\n<\/li>\n<li data-start=\"1152\" data-end=\"1224\">\n<p data-start=\"1154\" data-end=\"1224\"><strong data-start=\"1154\" data-end=\"1180\">Zarz\u0105dzanie szablonami<\/strong> \u2013 szybszy workflow dzi\u0119ki gotowym uk\u0142adom<\/p>\n<\/li>\n<li data-start=\"1225\" data-end=\"1299\">\n<p data-start=\"1227\" data-end=\"1299\"><strong data-start=\"1227\" data-end=\"1254\">Szerokie opcje eksportu<\/strong> \u2013 obs\u0142uga format\u00f3w cyfrowych i drukowanych<\/p>\n<\/li>\n<\/ul>\n<hr data-start=\"1301\" data-end=\"1304\" \/>\n<h3 data-start=\"1306\" data-end=\"1348\">Najwa\u017cniejsze funkcje Acrobat 2020 Pro<\/h3>\n<p data-start=\"1350\" data-end=\"1468\">Acrobat 2020 Pro zapewnia kompleksow\u0105 obs\u0142ug\u0119 dokument\u00f3w PDF, niezb\u0119dn\u0105 w profesjonalnej pracy biurowej i wydawniczej.<\/p>\n<ul data-start=\"1470\" data-end=\"1824\">\n<li data-start=\"1470\" data-end=\"1569\">\n<p data-start=\"1472\" data-end=\"1569\"><strong data-start=\"1472\" data-end=\"1498\">Edycja i tworzenie PDF<\/strong> \u2013 modyfikowanie istniej\u0105cych plik\u00f3w oraz tworzenie nowych dokument\u00f3w<\/p>\n<\/li>\n<li data-start=\"1570\" data-end=\"1652\">\n<p data-start=\"1572\" data-end=\"1652\"><strong data-start=\"1572\" data-end=\"1594\">Ochrona dokument\u00f3w<\/strong> \u2013 zabezpieczenia has\u0142em i szyfrowanie wra\u017cliwych danych<\/p>\n<\/li>\n<li data-start=\"1653\" data-end=\"1741\">\n<p data-start=\"1655\" data-end=\"1741\"><strong data-start=\"1655\" data-end=\"1677\">Konwersja format\u00f3w<\/strong> \u2013 eksport i przekszta\u0142canie PDF do Word, Excel lub PowerPoint<\/p>\n<\/li>\n<li data-start=\"1742\" data-end=\"1824\">\n<p data-start=\"1744\" data-end=\"1824\"><strong data-start=\"1744\" data-end=\"1771\">Komentarze i akceptacja<\/strong> \u2013 narz\u0119dzia wspieraj\u0105ce wsp\u00f3\u0142prac\u0119 nad dokumentami<\/p>\n<\/li>\n<\/ul>\n<hr data-start=\"1826\" data-end=\"1829\" \/>\n<h3 data-start=\"1831\" data-end=\"1873\">Dla kogo przeznaczony jest ten pakiet?<\/h3>\n<p data-start=\"1875\" data-end=\"2043\">To po\u0142\u0105czenie jest doskona\u0142ym wyborem dla os\u00f3b \u0142\u0105cz\u0105cych prac\u0119 kreatywn\u0105 z zadaniami administracyjnymi i wymagaj\u0105cych profesjonalnej obs\u0142ugi publikacji oraz dokument\u00f3w.<\/p>\n<ul data-start=\"2045\" data-end=\"2427\">\n<li data-start=\"2045\" data-end=\"2116\">\n<p data-start=\"2047\" data-end=\"2116\">Wydawcy i projektanci tworz\u0105cy publikacje i pracuj\u0105cy z plikami PDF<\/p>\n<\/li>\n<li data-start=\"2117\" data-end=\"2188\">\n<p data-start=\"2119\" data-end=\"2188\">Firmy i instytucje przygotowuj\u0105ce dokumenty wewn\u0119trzne i zewn\u0119trzne<\/p>\n<\/li>\n<li data-start=\"2189\" data-end=\"2255\">\n<p data-start=\"2191\" data-end=\"2255\">Zespo\u0142y marketingowe edytuj\u0105ce broszury, prezentacje i raporty<\/p>\n<\/li>\n<li data-start=\"2256\" data-end=\"2347\">\n<p data-start=\"2258\" data-end=\"2347\">Studenci i wyk\u0142adowcy poszukuj\u0105cy profesjonalnych rozwi\u0105za\u0144 do materia\u0142\u00f3w dydaktycznych<\/p>\n<\/li>\n<li data-start=\"2348\" data-end=\"2427\">\n<p data-start=\"2350\" data-end=\"2427\">Drukarnie, w kt\u00f3rych precyzyjny sk\u0142ad i obs\u0142uga PDF maj\u0105 kluczowe znaczenie<\/p>\n<\/li>\n<\/ul>\n<hr data-start=\"2429\" data-end=\"2432\" \/>\n<h3 data-start=\"2434\" data-end=\"2471\">Dlaczego warto wybra\u0107 ten zestaw?<\/h3>\n<p data-start=\"2473\" data-end=\"2755\" data-is-last-node=\"\" data-is-only-node=\"\">Po\u0142\u0105czenie InDesign 2025 oraz Acrobat 2020 Pro oferuje kompletne rozwi\u0105zanie \u2014 od sk\u0142adu publikacji po zaawansowane zarz\u0105dzanie dokumentami PDF. To idealny wyb\u00f3r dla specjalist\u00f3w i organizacji, kt\u00f3re chc\u0105 na profesjonalnym poziomie obs\u0142ugiwa\u0107 zar\u00f3wno tre\u015bci wizualne, jak i biurowe.<\/p>","protected":false},"excerpt":{"rendered":"<ul>\n<li data-start=\"0\" data-end=\"71\">\n<p data-start=\"2\" data-end=\"71\">\ud83d\udcd6 <strong data-start=\"5\" data-end=\"22\">InDesign 2025<\/strong> \u2013 profesjonalne narz\u0119dzia do sk\u0142adu publikacji<\/p>\n<\/li>\n<li data-start=\"72\" data-end=\"143\">\n<p data-start=\"74\" data-end=\"143\">\ud83d\udcc4 <strong data-start=\"77\" data-end=\"97\">Acrobat 2020 Pro<\/strong> \u2013 kompleksowa edycja i konwersja plik\u00f3w PDF<\/p>\n<\/li>\n<li data-start=\"144\" data-end=\"207\">\n<p data-start=\"146\" data-end=\"207\">\ud83d\udcbb <strong data-start=\"149\" data-end=\"177\">Kompatybilno\u015b\u0107 z Windows<\/strong> \u2013 stabilne \u015brodowisko pracy<\/p>\n<\/li>\n<li data-start=\"208\" data-end=\"284\">\n<p data-start=\"210\" data-end=\"284\">\ud83d\udd12 <strong data-start=\"213\" data-end=\"251\">Bezpieczne zarz\u0105dzanie dokumentami<\/strong> \u2013 szyfrowanie i ochrona has\u0142em<\/p>\n<\/li>\n<li data-start=\"285\" data-end=\"344\" data-is-last-node=\"\">\n<p data-start=\"287\" data-end=\"344\" data-is-last-node=\"\">\ud83d\ude80 <strong data-start=\"290\" data-end=\"315\">Kompletne rozwi\u0105zanie<\/strong> \u2013 od publikacji po pliki PDF<\/p>\n<\/li>\n<\/ul>","protected":false},"featured_media":1621,"comment_status":"open","ping_status":"closed","template":"","meta":[],"product_brand":[],"product_cat":[49,34,52,32,51,35],"product_tag":[],"class_list":{"0":"post-1631","1":"product","2":"type-product","3":"status-publish","4":"has-post-thumbnail","6":"product_cat-biuro","7":"product_cat-graphical","8":"product_cat-oferty-pakietowe","9":"product_cat-office","10":"product_cat-oprogramowanie-graficzne","11":"product_cat-package-deals","13":"first","14":"instock","15":"sale","16":"shipping-taxable","17":"purchasable","18":"product-type-simple"},"_links":{"self":[{"href":"https:\/\/softsrl.pl\/pl\/wp-json\/wp\/v2\/product\/1631","targetHints":{"allow":["GET"]}}],"collection":[{"href":"https:\/\/softsrl.pl\/pl\/wp-json\/wp\/v2\/product"}],"about":[{"href":"https:\/\/softsrl.pl\/pl\/wp-json\/wp\/v2\/types\/product"}],"replies":[{"embeddable":true,"href":"https:\/\/softsrl.pl\/pl\/wp-json\/wp\/v2\/comments?post=1631"}],"wp:featuredmedia":[{"embeddable":true,"href":"https:\/\/softsrl.pl\/pl\/wp-json\/wp\/v2\/media\/1621"}],"wp:attachment":[{"href":"https:\/\/softsrl.pl\/pl\/wp-json\/wp\/v2\/media?parent=1631"}],"wp:term":[{"taxonomy":"product_brand","embeddable":true,"href":"https:\/\/softsrl.pl\/pl\/wp-json\/wp\/v2\/product_brand?post=1631"},{"taxonomy":"product_cat","embeddable":true,"href":"https:\/\/softsrl.pl\/pl\/wp-json\/wp\/v2\/product_cat?post=1631"},{"taxonomy":"product_tag","embeddable":true,"href":"https:\/\/softsrl.pl\/pl\/wp-json\/wp\/v2\/product_tag?post=1631"}],"curies":[{"name":"wp","href":"https:\/\/api.w.org\/{rel}","templated":true}]}}