{"id":1633,"date":"2026-01-15T14:14:33","date_gmt":"2026-01-15T14:14:33","guid":{"rendered":"https:\/\/softsrl.pl\/?post_type=product&#038;p=1633"},"modified":"2026-01-18T19:09:42","modified_gmt":"2026-01-18T19:09:42","slug":"indesign-2025-lightroom-classic-2021-i-windows","status":"publish","type":"product","link":"https:\/\/softsrl.pl\/pl\/produkt\/indesign-2025-lightroom-classic-2021-i-windows\/","title":{"rendered":"InDesign 2025 + Lightroom Classic 2021 I Windows"},"content":{"rendered":"<p data-start=\"73\" data-end=\"531\">Ten pakiet oprogramowania to idealne rozwi\u0105zanie dla u\u017cytkownik\u00f3w, kt\u00f3rzy chc\u0105 po\u0142\u0105czy\u0107 kreatywne projektowanie z profesjonaln\u0105 obr\u00f3bk\u0105 zdj\u0119\u0107. InDesign 2025 oferuje najnowocze\u015bniejsze narz\u0119dzia do sk\u0142adu publikacji \u2014 magazyn\u00f3w, katalog\u00f3w, ksi\u0105\u017cek i broszur \u2014 natomiast Lightroom Classic 2021 zapewnia zaawansowane mo\u017cliwo\u015bci retuszu oraz katalogowania fotografii. Razem tworz\u0105 zestaw doskona\u0142y dla wydawc\u00f3w, grafik\u00f3w, fotograf\u00f3w oraz zespo\u0142\u00f3w marketingowych.<\/p>\n<hr data-start=\"533\" data-end=\"536\" \/>\n<h3 data-start=\"538\" data-end=\"578\">Funkcjonalno\u015b\u0107 i wymagania systemowe<\/h3>\n<p data-start=\"580\" data-end=\"771\">Oprogramowanie dzia\u0142a w systemie Windows i oferuje funkcje offline. Oznacza to brak us\u0142ug online oraz dodatk\u00f3w chmurowych \u2014 dost\u0119pne s\u0105 wy\u0142\u0105cznie funkcje zainstalowane lokalnie na komputerze.<\/p>\n<hr data-start=\"773\" data-end=\"776\" \/>\n<h3 data-start=\"778\" data-end=\"817\">Najwa\u017cniejsze funkcje InDesign 2025<\/h3>\n<p data-start=\"819\" data-end=\"983\">Dzi\u0119ki zaawansowanym narz\u0119dziom sk\u0142adu i typografii InDesign 2025 jest jednym z najbardziej niezawodnych rozwi\u0105za\u0144 do tworzenia publikacji i materia\u0142\u00f3w drukowanych.<\/p>\n<ul data-start=\"985\" data-end=\"1317\">\n<li data-start=\"985\" data-end=\"1075\">\n<p data-start=\"987\" data-end=\"1075\"><strong data-start=\"987\" data-end=\"1021\">Profesjonalne narz\u0119dzia sk\u0142adu<\/strong> \u2013 precyzyjne uk\u0142ady do ksi\u0105\u017cek, broszur i magazyn\u00f3w<\/p>\n<\/li>\n<li data-start=\"1076\" data-end=\"1151\">\n<p data-start=\"1078\" data-end=\"1151\"><strong data-start=\"1078\" data-end=\"1107\">Pe\u0142ne wsparcie typografii<\/strong> \u2013 szerokie mo\u017cliwo\u015bci formatowania tekstu<\/p>\n<\/li>\n<li data-start=\"1152\" data-end=\"1244\">\n<p data-start=\"1154\" data-end=\"1244\"><strong data-start=\"1154\" data-end=\"1190\">Zarz\u0105dzanie szablonami i stylami<\/strong> \u2013 oszcz\u0119dno\u015b\u0107 czasu i sp\u00f3jna identyfikacja wizualna<\/p>\n<\/li>\n<li data-start=\"1245\" data-end=\"1317\">\n<p data-start=\"1247\" data-end=\"1317\"><strong data-start=\"1247\" data-end=\"1277\">Eksport do druku i cyfrowy<\/strong> \u2013 obs\u0142uga format\u00f3w PDF, EPUB i innych<\/p>\n<\/li>\n<\/ul>\n<hr data-start=\"1319\" data-end=\"1322\" \/>\n<h3 data-start=\"1324\" data-end=\"1372\">Najwa\u017cniejsze funkcje Lightroom Classic 2021<\/h3>\n<p data-start=\"1374\" data-end=\"1510\">Lightroom Classic 2021 to jedno z kluczowych narz\u0119dzi dla fotograf\u00f3w, umo\u017cliwiaj\u0105ce profesjonaln\u0105 obr\u00f3bk\u0119 i efektywn\u0105 organizacj\u0119 zdj\u0119\u0107.<\/p>\n<ul data-start=\"1512\" data-end=\"1820\">\n<li data-start=\"1512\" data-end=\"1585\">\n<p data-start=\"1514\" data-end=\"1585\"><strong data-start=\"1514\" data-end=\"1536\">Obr\u00f3bka plik\u00f3w RAW<\/strong> \u2013 zachowanie najwy\u017cszej jako\u015bci podczas edycji<\/p>\n<\/li>\n<li data-start=\"1586\" data-end=\"1668\">\n<p data-start=\"1588\" data-end=\"1668\"><strong data-start=\"1588\" data-end=\"1620\">Korekcja koloru i tonalno\u015bci<\/strong> \u2013 precyzyjne ustawienia \u015bwiate\u0142, cieni i barw<\/p>\n<\/li>\n<li data-start=\"1669\" data-end=\"1749\">\n<p data-start=\"1671\" data-end=\"1749\"><strong data-start=\"1671\" data-end=\"1694\">Katalogowanie zdj\u0119\u0107<\/strong> \u2013 przejrzyste zarz\u0105dzanie du\u017cymi zbiorami fotografii<\/p>\n<\/li>\n<li data-start=\"1750\" data-end=\"1820\">\n<p data-start=\"1752\" data-end=\"1820\"><strong data-start=\"1752\" data-end=\"1775\">Edycja nieniszcz\u0105ca<\/strong> \u2013 retusz bez ingerencji w oryginalne pliki<\/p>\n<\/li>\n<\/ul>\n<hr data-start=\"1822\" data-end=\"1825\" \/>\n<h3 data-start=\"1827\" data-end=\"1869\">Dla kogo przeznaczony jest ten pakiet?<\/h3>\n<p data-start=\"1871\" data-end=\"1995\">To po\u0142\u0105czenie jest idealne dla specjalist\u00f3w i instytucji, kt\u00f3re chc\u0105 mie\u0107 pe\u0142n\u0105 kontrol\u0119 nad procesem komunikacji wizualnej.<\/p>\n<ul data-start=\"1997\" data-end=\"2305\">\n<li data-start=\"1997\" data-end=\"2067\">\n<p data-start=\"1999\" data-end=\"2067\">Wydawcy i specjali\u015bci poligrafii tworz\u0105cy profesjonalne publikacje<\/p>\n<\/li>\n<li data-start=\"2068\" data-end=\"2114\">\n<p data-start=\"2070\" data-end=\"2114\">Fotografowie pracuj\u0105cy z du\u017c\u0105 liczb\u0105 zdj\u0119\u0107<\/p>\n<\/li>\n<li data-start=\"2115\" data-end=\"2172\">\n<p data-start=\"2117\" data-end=\"2172\">Graficy integruj\u0105cy materia\u0142y wizualne w publikacjach<\/p>\n<\/li>\n<li data-start=\"2173\" data-end=\"2233\">\n<p data-start=\"2175\" data-end=\"2233\">Zespo\u0142y marketingowe przygotowuj\u0105ce materia\u0142y kampanijne<\/p>\n<\/li>\n<li data-start=\"2234\" data-end=\"2305\">\n<p data-start=\"2236\" data-end=\"2305\">Instytucje edukacyjne wspieraj\u0105ce student\u00f3w narz\u0119dziami kreatywnymi<\/p>\n<\/li>\n<\/ul>\n<hr data-start=\"2307\" data-end=\"2310\" \/>\n<h3 data-start=\"2312\" data-end=\"2349\">Dlaczego warto wybra\u0107 ten zestaw?<\/h3>\n<p data-start=\"2351\" data-end=\"2656\" data-is-last-node=\"\" data-is-only-node=\"\">Po\u0142\u0105czenie InDesign 2025 oraz Lightroom Classic 2021 zapewnia kompleksowy zestaw narz\u0119dzi \u2014 od profesjonalnej obr\u00f3bki zdj\u0119\u0107 po pe\u0142ny sk\u0142ad publikacji. Pakiet gwarantuje wysok\u0105 jako\u015b\u0107 zar\u00f3wno w projektach drukowanych, jak i cyfrowych, stanowi\u0105c doskona\u0142\u0105 inwestycj\u0119 dla kreatywnych profesjonalist\u00f3w i firm.<\/p>","protected":false},"excerpt":{"rendered":"<ul>\n<li data-start=\"0\" data-end=\"70\">\n<p data-start=\"2\" data-end=\"70\">\ud83d\udcd6 <strong data-start=\"5\" data-end=\"22\">InDesign 2025<\/strong> \u2013 zaawansowane narz\u0119dzia do sk\u0142adu publikacji<\/p>\n<\/li>\n<li data-start=\"71\" data-end=\"148\">\n<p data-start=\"73\" data-end=\"148\">\ud83d\udcf7 <strong data-start=\"76\" data-end=\"102\">Lightroom Classic 2021<\/strong> \u2013 profesjonalna obr\u00f3bka i organizacja zdj\u0119\u0107<\/p>\n<\/li>\n<li data-start=\"149\" data-end=\"212\">\n<p data-start=\"151\" data-end=\"212\">\ud83d\udcbb <strong data-start=\"154\" data-end=\"182\">Kompatybilno\u015b\u0107 z Windows<\/strong> \u2013 stabilne \u015brodowisko pracy<\/p>\n<\/li>\n<li data-start=\"213\" data-end=\"284\">\n<p data-start=\"215\" data-end=\"284\">\ud83d\udcf0 <strong data-start=\"218\" data-end=\"242\">Kompleksowy workflow<\/strong> \u2013 od retuszu zdj\u0119\u0107 po gotow\u0105 publikacj\u0119<\/p>\n<\/li>\n<li data-start=\"285\" data-end=\"353\" data-is-last-node=\"\">\n<p data-start=\"287\" data-end=\"353\" data-is-last-node=\"\">\ud83d\ude80 <strong data-start=\"290\" data-end=\"314\">Profesjonalna jako\u015b\u0107<\/strong> \u2013 do projekt\u00f3w drukowanych i cyfrowych<\/p>\n<\/li>\n<\/ul>","protected":false},"featured_media":1624,"comment_status":"open","ping_status":"closed","template":"","meta":[],"product_brand":[],"product_cat":[34,52,51,35],"product_tag":[],"class_list":{"0":"post-1633","1":"product","2":"type-product","3":"status-publish","4":"has-post-thumbnail","6":"product_cat-graphical","7":"product_cat-oferty-pakietowe","8":"product_cat-oprogramowanie-graficzne","9":"product_cat-package-deals","11":"first","12":"instock","13":"sale","14":"shipping-taxable","15":"purchasable","16":"product-type-simple"},"_links":{"self":[{"href":"https:\/\/softsrl.pl\/pl\/wp-json\/wp\/v2\/product\/1633","targetHints":{"allow":["GET"]}}],"collection":[{"href":"https:\/\/softsrl.pl\/pl\/wp-json\/wp\/v2\/product"}],"about":[{"href":"https:\/\/softsrl.pl\/pl\/wp-json\/wp\/v2\/types\/product"}],"replies":[{"embeddable":true,"href":"https:\/\/softsrl.pl\/pl\/wp-json\/wp\/v2\/comments?post=1633"}],"wp:featuredmedia":[{"embeddable":true,"href":"https:\/\/softsrl.pl\/pl\/wp-json\/wp\/v2\/media\/1624"}],"wp:attachment":[{"href":"https:\/\/softsrl.pl\/pl\/wp-json\/wp\/v2\/media?parent=1633"}],"wp:term":[{"taxonomy":"product_brand","embeddable":true,"href":"https:\/\/softsrl.pl\/pl\/wp-json\/wp\/v2\/product_brand?post=1633"},{"taxonomy":"product_cat","embeddable":true,"href":"https:\/\/softsrl.pl\/pl\/wp-json\/wp\/v2\/product_cat?post=1633"},{"taxonomy":"product_tag","embeddable":true,"href":"https:\/\/softsrl.pl\/pl\/wp-json\/wp\/v2\/product_tag?post=1633"}],"curies":[{"name":"wp","href":"https:\/\/api.w.org\/{rel}","templated":true}]}}