{"id":1634,"date":"2026-01-15T14:15:42","date_gmt":"2026-01-15T14:15:42","guid":{"rendered":"https:\/\/softsrl.pl\/?post_type=product&#038;p=1634"},"modified":"2026-01-18T19:09:23","modified_gmt":"2026-01-18T19:09:23","slug":"indesign-2025-illustrator-2021-i-windows","status":"publish","type":"product","link":"https:\/\/softsrl.pl\/pl\/produkt\/indesign-2025-illustrator-2021-i-windows\/","title":{"rendered":"InDesign 2025 + Illustrator 2021 I Windows"},"content":{"rendered":"<p data-start=\"73\" data-end=\"595\">Ten pakiet oprogramowania to idealny wyb\u00f3r dla u\u017cytkownik\u00f3w, kt\u00f3rzy chc\u0105 po\u0142\u0105czy\u0107 kreatywne projektowanie z profesjonalnym sk\u0142adem publikacji w jednym rozwi\u0105zaniu. InDesign 2025 zapewnia nowoczesne narz\u0119dzia sk\u0142adu i typografii do tworzenia magazyn\u00f3w, ksi\u0105\u017cek, broszur oraz innych publikacji drukowanych, natomiast Illustrator 2021 oferuje kluczowe funkcje projektowania grafiki wektorowej do tworzenia logotyp\u00f3w, ikon i ilustracji. Razem stanowi\u0105 kompletne rozwi\u0105zanie zar\u00f3wno dla druku, jak i produkcji tre\u015bci cyfrowych.<\/p>\n<hr data-start=\"597\" data-end=\"600\" \/>\n<h3 data-start=\"602\" data-end=\"642\">Funkcjonalno\u015b\u0107 i wymagania systemowe<\/h3>\n<p data-start=\"644\" data-end=\"821\">Oprogramowanie dzia\u0142a w systemie Windows i oferuje funkcje offline. Oznacza to brak us\u0142ug online oraz dodatk\u00f3w chmurowych \u2014 dost\u0119pne s\u0105 wy\u0142\u0105cznie funkcje zainstalowane lokalnie.<\/p>\n<hr data-start=\"823\" data-end=\"826\" \/>\n<h3 data-start=\"828\" data-end=\"867\">Najwa\u017cniejsze funkcje InDesign 2025<\/h3>\n<p data-start=\"869\" data-end=\"1007\">InDesign 2025 to jedno z najbardziej efektywnych narz\u0119dzi do sk\u0142adu publikacji, zapewniaj\u0105ce profesjonalistom wszystkie niezb\u0119dne funkcje.<\/p>\n<ul data-start=\"1009\" data-end=\"1317\">\n<li data-start=\"1009\" data-end=\"1093\">\n<p data-start=\"1011\" data-end=\"1093\"><strong data-start=\"1011\" data-end=\"1045\">Profesjonalne narz\u0119dzia sk\u0142adu<\/strong> \u2013 do tworzenia magazyn\u00f3w, ksi\u0105\u017cek i katalog\u00f3w<\/p>\n<\/li>\n<li data-start=\"1094\" data-end=\"1184\">\n<p data-start=\"1096\" data-end=\"1184\"><strong data-start=\"1096\" data-end=\"1122\">Precyzja typograficzna<\/strong> \u2013 szeroki wyb\u00f3r czcionek i zaawansowane formatowanie tekstu<\/p>\n<\/li>\n<li data-start=\"1185\" data-end=\"1253\">\n<p data-start=\"1187\" data-end=\"1253\"><strong data-start=\"1187\" data-end=\"1223\">Zarz\u0105dzanie szablonami i stylami<\/strong> \u2013 szybszy i sp\u00f3jny workflow<\/p>\n<\/li>\n<li data-start=\"1254\" data-end=\"1317\">\n<p data-start=\"1256\" data-end=\"1317\"><strong data-start=\"1256\" data-end=\"1286\">Eksport do druku i cyfrowy<\/strong> \u2013 szerokie wsparcie format\u00f3w<\/p>\n<\/li>\n<\/ul>\n<hr data-start=\"1319\" data-end=\"1322\" \/>\n<h3 data-start=\"1324\" data-end=\"1366\">Najwa\u017cniejsze funkcje Illustrator 2021<\/h3>\n<p data-start=\"1368\" data-end=\"1522\">Illustrator 2021 to podstawowe narz\u0119dzie do projektowania grafiki wektorowej, umo\u017cliwiaj\u0105ce tworzenie kreatywnych i profesjonalnych materia\u0142\u00f3w wizualnych.<\/p>\n<ul data-start=\"1524\" data-end=\"1848\">\n<li data-start=\"1524\" data-end=\"1606\">\n<p data-start=\"1526\" data-end=\"1606\"><strong data-start=\"1526\" data-end=\"1574\">Projektowanie logo i identyfikacji wizualnej<\/strong> \u2013 czyste i skalowalne grafiki<\/p>\n<\/li>\n<li data-start=\"1607\" data-end=\"1682\">\n<p data-start=\"1609\" data-end=\"1682\"><strong data-start=\"1609\" data-end=\"1640\">Tworzenie ilustracji i ikon<\/strong> \u2013 do zastosowa\u0144 cyfrowych i drukowanych<\/p>\n<\/li>\n<li data-start=\"1683\" data-end=\"1779\">\n<p data-start=\"1685\" data-end=\"1779\"><strong data-start=\"1685\" data-end=\"1721\">Typografia i zarz\u0105dzanie kolorem<\/strong> \u2013 zaawansowane narz\u0119dzia precyzyjnej kontroli wizualnej<\/p>\n<\/li>\n<li data-start=\"1780\" data-end=\"1848\">\n<p data-start=\"1782\" data-end=\"1848\"><strong data-start=\"1782\" data-end=\"1814\">Profesjonalne opcje eksportu<\/strong> \u2013 obs\u0142uga wielu format\u00f3w plik\u00f3w<\/p>\n<\/li>\n<\/ul>\n<hr data-start=\"1850\" data-end=\"1853\" \/>\n<h3 data-start=\"1855\" data-end=\"1897\">Dla kogo przeznaczony jest ten pakiet?<\/h3>\n<p data-start=\"1899\" data-end=\"2063\">To po\u0142\u0105czenie jest doskona\u0142ym wyborem dla os\u00f3b i organizacji, kt\u00f3re chc\u0105 obj\u0105\u0107 ca\u0142y proces komunikacji wizualnej \u2014 od projektowania graficznego po sk\u0142ad publikacji.<\/p>\n<ul data-start=\"2065\" data-end=\"2413\">\n<li data-start=\"2065\" data-end=\"2138\">\n<p data-start=\"2067\" data-end=\"2138\">Wydawcy i specjali\u015bci poligrafii poszukuj\u0105cy profesjonalnych narz\u0119dzi<\/p>\n<\/li>\n<li data-start=\"2139\" data-end=\"2205\">\n<p data-start=\"2141\" data-end=\"2205\">Graficy tworz\u0105cy logotypy, identyfikacje wizualne i ilustracje<\/p>\n<\/li>\n<li data-start=\"2206\" data-end=\"2278\">\n<p data-start=\"2208\" data-end=\"2278\">Specjali\u015bci marketingu przygotowuj\u0105cy kreatywne materia\u0142y kampanijne<\/p>\n<\/li>\n<li data-start=\"2279\" data-end=\"2337\">\n<p data-start=\"2281\" data-end=\"2337\">Studenci i nauczyciele realizuj\u0105cy projekty edukacyjne<\/p>\n<\/li>\n<li data-start=\"2338\" data-end=\"2413\">\n<p data-start=\"2340\" data-end=\"2413\">Ma\u0142e firmy tworz\u0105ce w\u0142asne publikacje i materia\u0142y graficzne wewn\u0119trznie<\/p>\n<\/li>\n<\/ul>\n<hr data-start=\"2415\" data-end=\"2418\" \/>\n<h3 data-start=\"2420\" data-end=\"2457\">Dlaczego warto wybra\u0107 ten zestaw?<\/h3>\n<p data-start=\"2459\" data-end=\"2746\" data-is-last-node=\"\" data-is-only-node=\"\">Po\u0142\u0105czenie InDesign 2025 oraz Illustrator 2021 \u0142\u0105czy mo\u017cliwo\u015bci profesjonalnego sk\u0142adu publikacji z si\u0142\u0105 grafiki wektorowej. To rozwi\u0105zanie idealne dla u\u017cytkownik\u00f3w, kt\u00f3rzy chc\u0105 tworzy\u0107 wysokiej jako\u015bci tre\u015bci drukowane i cyfrowe, zachowuj\u0105c jednocze\u015bnie kreatywno\u015b\u0107 i efektywno\u015b\u0107 pracy.<\/p>","protected":false},"excerpt":{"rendered":"<div class=\"flex flex-col text-sm pb-25\">\n<article class=\"text-token-text-primary w-full focus:outline-none [--shadow-height:45px] has-data-writing-block:pointer-events-none has-data-writing-block:-mt-(--shadow-height) has-data-writing-block:pt-(--shadow-height) [&amp;:has([data-writing-block])&gt;*]:pointer-events-auto scroll-mt-[calc(var(--header-height)+min(200px,max(70px,20svh)))]\" dir=\"auto\" tabindex=\"-1\" data-turn-id=\"7fff3df6-4c97-4385-9125-595136a2440b\" data-testid=\"conversation-turn-52\" data-scroll-anchor=\"true\" data-turn=\"assistant\">\n<div class=\"text-base my-auto mx-auto pb-10 [--thread-content-margin:--spacing(4)] @w-sm\/main:[--thread-content-margin:--spacing(6)] @w-lg\/main:[--thread-content-margin:--spacing(16)] px-(--thread-content-margin)\">\n<div class=\"[--thread-content-max-width:40rem] @w-lg\/main:[--thread-content-max-width:48rem] mx-auto max-w-(--thread-content-max-width) flex-1 group\/turn-messages focus-visible:outline-hidden relative flex w-full min-w-0 flex-col agent-turn\" tabindex=\"-1\">\n<div class=\"flex max-w-full flex-col grow\">\n<div class=\"min-h-8 text-message relative flex w-full flex-col items-end gap-2 text-start break-words whitespace-normal [.text-message+&amp;]:mt-1\" dir=\"auto\" data-message-author-role=\"assistant\" data-message-id=\"56244182-bf70-4d87-b63f-d93cad01d917\" data-message-model-slug=\"gpt-5-2-instant\">\n<div class=\"flex w-full flex-col gap-1 empty:hidden first:pt-[1px]\">\n<div class=\"markdown prose dark:prose-invert w-full break-words light markdown-new-styling\">\n<ul data-start=\"0\" data-end=\"366\" data-is-last-node=\"\" data-is-only-node=\"\">\n<li data-start=\"0\" data-end=\"57\">\n<p data-start=\"2\" data-end=\"57\">\ud83d\udcd6 <strong data-start=\"5\" data-end=\"22\">InDesign 2025<\/strong> \u2013 profesjonalny sk\u0142ad publikacji<\/p>\n<\/li>\n<li data-start=\"58\" data-end=\"146\">\n<p data-start=\"60\" data-end=\"146\">\u270f\ufe0f <strong data-start=\"63\" data-end=\"83\">Illustrator 2021<\/strong> \u2013 zaawansowane narz\u0119dzia do projektowania grafiki wektorowej<\/p>\n<\/li>\n<li data-start=\"147\" data-end=\"210\">\n<p data-start=\"149\" data-end=\"210\">\ud83d\udcbb <strong data-start=\"152\" data-end=\"180\">Kompatybilno\u015b\u0107 z Windows<\/strong> \u2013 stabilne \u015brodowisko pracy<\/p>\n<\/li>\n<li data-start=\"211\" data-end=\"294\">\n<p data-start=\"213\" data-end=\"294\">\ud83d\udcf0 <strong data-start=\"216\" data-end=\"240\">Kompleksowy workflow<\/strong> \u2013 od projektowania graficznego po gotow\u0105 publikacj\u0119<\/p>\n<\/li>\n<li data-start=\"295\" data-end=\"366\" data-is-last-node=\"\">\n<p data-start=\"297\" data-end=\"366\" data-is-last-node=\"\">\ud83d\ude80 <strong data-start=\"300\" data-end=\"327\">Profesjonalne rezultaty<\/strong> \u2013 do projekt\u00f3w drukowanych i cyfrowych<\/p>\n<\/li>\n<\/ul>\n<\/div>\n<\/div>\n<\/div>\n<\/div>\n<\/div>\n<\/div>\n<\/article>\n<\/div>\n","protected":false},"featured_media":1623,"comment_status":"open","ping_status":"closed","template":"","meta":[],"product_brand":[],"product_cat":[34,52,51,35],"product_tag":[],"class_list":{"0":"post-1634","1":"product","2":"type-product","3":"status-publish","4":"has-post-thumbnail","6":"product_cat-graphical","7":"product_cat-oferty-pakietowe","8":"product_cat-oprogramowanie-graficzne","9":"product_cat-package-deals","11":"first","12":"instock","13":"sale","14":"shipping-taxable","15":"purchasable","16":"product-type-simple"},"_links":{"self":[{"href":"https:\/\/softsrl.pl\/pl\/wp-json\/wp\/v2\/product\/1634","targetHints":{"allow":["GET"]}}],"collection":[{"href":"https:\/\/softsrl.pl\/pl\/wp-json\/wp\/v2\/product"}],"about":[{"href":"https:\/\/softsrl.pl\/pl\/wp-json\/wp\/v2\/types\/product"}],"replies":[{"embeddable":true,"href":"https:\/\/softsrl.pl\/pl\/wp-json\/wp\/v2\/comments?post=1634"}],"wp:featuredmedia":[{"embeddable":true,"href":"https:\/\/softsrl.pl\/pl\/wp-json\/wp\/v2\/media\/1623"}],"wp:attachment":[{"href":"https:\/\/softsrl.pl\/pl\/wp-json\/wp\/v2\/media?parent=1634"}],"wp:term":[{"taxonomy":"product_brand","embeddable":true,"href":"https:\/\/softsrl.pl\/pl\/wp-json\/wp\/v2\/product_brand?post=1634"},{"taxonomy":"product_cat","embeddable":true,"href":"https:\/\/softsrl.pl\/pl\/wp-json\/wp\/v2\/product_cat?post=1634"},{"taxonomy":"product_tag","embeddable":true,"href":"https:\/\/softsrl.pl\/pl\/wp-json\/wp\/v2\/product_tag?post=1634"}],"curies":[{"name":"wp","href":"https:\/\/api.w.org\/{rel}","templated":true}]}}