{"id":1636,"date":"2026-01-15T14:18:28","date_gmt":"2026-01-15T14:18:28","guid":{"rendered":"https:\/\/softsrl.pl\/?post_type=product&#038;p=1636"},"modified":"2026-01-18T19:08:38","modified_gmt":"2026-01-18T19:08:38","slug":"indesign-2025-office-2021-pro-plus-i-windows","status":"publish","type":"product","link":"https:\/\/softsrl.pl\/pl\/produkt\/indesign-2025-office-2021-pro-plus-i-windows\/","title":{"rendered":"InDesign 2025 + Office 2021 Pro Plus I Windows"},"content":{"rendered":"<article class=\"text-token-text-primary w-full focus:outline-none [--shadow-height:45px] has-data-writing-block:pointer-events-none has-data-writing-block:-mt-(--shadow-height) has-data-writing-block:pt-(--shadow-height) [&amp;:has([data-writing-block])&gt;*]:pointer-events-auto scroll-mt-[calc(var(--header-height)+min(200px,max(70px,20svh)))]\" dir=\"auto\" tabindex=\"-1\" data-turn-id=\"17db0f1d-8b49-4d25-b46d-26829128f1a3\" data-testid=\"conversation-turn-58\" data-scroll-anchor=\"false\" data-turn=\"assistant\">\n<div class=\"text-base my-auto mx-auto [--thread-content-margin:--spacing(4)] @w-sm\/main:[--thread-content-margin:--spacing(6)] @w-lg\/main:[--thread-content-margin:--spacing(16)] px-(--thread-content-margin)\">\n<div class=\"[--thread-content-max-width:40rem] @w-lg\/main:[--thread-content-max-width:48rem] mx-auto max-w-(--thread-content-max-width) flex-1 group\/turn-messages focus-visible:outline-hidden relative flex w-full min-w-0 flex-col agent-turn\" tabindex=\"-1\">\n<div class=\"flex max-w-full flex-col grow\">\n<div class=\"min-h-8 text-message relative flex w-full flex-col items-end gap-2 text-start break-words whitespace-normal [.text-message+&amp;]:mt-1\" dir=\"auto\" data-message-author-role=\"assistant\" data-message-id=\"285e68c5-17f1-4286-82f1-38da761a678b\" data-message-model-slug=\"gpt-5-2-instant\">\n<div class=\"flex w-full flex-col gap-1 empty:hidden first:pt-[1px]\">\n<div class=\"markdown prose dark:prose-invert w-full break-words light markdown-new-styling\">\n<p data-start=\"62\" data-end=\"476\">Ten pakiet oprogramowania zosta\u0142 stworzony dla u\u017cytkownik\u00f3w, kt\u00f3rzy potrzebuj\u0105 zar\u00f3wno profesjonalnych narz\u0119dzi do sk\u0142adu publikacji, jak i kompletnego zestawu aplikacji biurowych. InDesign 2025 oferuje zaawansowane funkcje do tworzenia magazyn\u00f3w, ksi\u0105\u017cek, broszur oraz publikacji cyfrowych, natomiast Office 2021 Pro Plus zapewnia nowoczesne narz\u0119dzia do obs\u0142ugi codziennych zada\u0144 biznesowych i administracyjnych.<\/p>\n<hr data-start=\"478\" data-end=\"481\" \/>\n<h3 data-start=\"483\" data-end=\"523\">Funkcjonalno\u015b\u0107 i wymagania systemowe<\/h3>\n<p data-start=\"525\" data-end=\"738\">Oprogramowanie dzia\u0142a wy\u0142\u0105cznie w systemie Windows, a aplikacja InDesign oferuje tylko funkcje offline. Oznacza to brak us\u0142ug online oraz dodatk\u00f3w chmurowych \u2014 dost\u0119pne s\u0105 wy\u0142\u0105cznie funkcje zainstalowane lokalnie.<\/p>\n<hr data-start=\"740\" data-end=\"743\" \/>\n<h3 data-start=\"745\" data-end=\"784\">Najwa\u017cniejsze funkcje InDesign 2025<\/h3>\n<p data-start=\"786\" data-end=\"960\">InDesign 2025 zapewnia zaawansowane rozwi\u0105zania w zakresie sk\u0142adu publikacji, umo\u017cliwiaj\u0105c szybsz\u0105 i bardziej efektywn\u0105 prac\u0119 grafikom, wydawcom oraz specjalistom marketingu.<\/p>\n<ul data-start=\"962\" data-end=\"1277\">\n<li data-start=\"962\" data-end=\"1041\">\n<p data-start=\"964\" data-end=\"1041\"><strong data-start=\"964\" data-end=\"987\">Profesjonalny sk\u0142ad<\/strong> \u2013 precyzyjne uk\u0142ady do magazyn\u00f3w, ksi\u0105\u017cek i broszur<\/p>\n<\/li>\n<li data-start=\"1042\" data-end=\"1109\">\n<p data-start=\"1044\" data-end=\"1109\"><strong data-start=\"1044\" data-end=\"1069\">Swoboda typograficzna<\/strong> \u2013 szeroki wyb\u00f3r kroj\u00f3w pisma i styl\u00f3w<\/p>\n<\/li>\n<li data-start=\"1110\" data-end=\"1201\">\n<p data-start=\"1112\" data-end=\"1201\"><strong data-start=\"1112\" data-end=\"1148\">Zarz\u0105dzanie szablonami i stylami<\/strong> \u2013 sp\u00f3jna identyfikacja wizualna w ka\u017cdym projekcie<\/p>\n<\/li>\n<li data-start=\"1202\" data-end=\"1277\">\n<p data-start=\"1204\" data-end=\"1277\"><strong data-start=\"1204\" data-end=\"1222\">Opcje eksportu<\/strong> \u2013 kompatybilno\u015b\u0107 z formatami drukowanymi i cyfrowymi<\/p>\n<\/li>\n<\/ul>\n<hr data-start=\"1279\" data-end=\"1282\" \/>\n<h3 data-start=\"1284\" data-end=\"1330\">Najwa\u017cniejsze funkcje Office 2021 Pro Plus<\/h3>\n<p data-start=\"1332\" data-end=\"1471\">Office 2021 Pro Plus to zaktualizowana wersja klasycznego pakietu biurowego, zawieraj\u0105ca wszystkie niezb\u0119dne aplikacje do efektywnej pracy.<\/p>\n<ul data-start=\"1473\" data-end=\"1801\">\n<li data-start=\"1473\" data-end=\"1539\">\n<p data-start=\"1475\" data-end=\"1539\"><strong data-start=\"1475\" data-end=\"1483\">Word<\/strong> \u2013 edycja tekstu z zaawansowanymi opcjami formatowania<\/p>\n<\/li>\n<li data-start=\"1540\" data-end=\"1611\">\n<p data-start=\"1542\" data-end=\"1611\"><strong data-start=\"1542\" data-end=\"1551\">Excel<\/strong> \u2013 obs\u0142uga arkuszy kalkulacyjnych i z\u0142o\u017cona analiza danych<\/p>\n<\/li>\n<li data-start=\"1612\" data-end=\"1670\">\n<p data-start=\"1614\" data-end=\"1670\"><strong data-start=\"1614\" data-end=\"1628\">PowerPoint<\/strong> \u2013 tworzenie profesjonalnych prezentacji<\/p>\n<\/li>\n<li data-start=\"1671\" data-end=\"1735\">\n<p data-start=\"1673\" data-end=\"1735\"><strong data-start=\"1673\" data-end=\"1684\">Outlook<\/strong> \u2013 zarz\u0105dzanie poczt\u0105 elektroniczn\u0105 i kalendarzem<\/p>\n<\/li>\n<li data-start=\"1736\" data-end=\"1801\">\n<p data-start=\"1738\" data-end=\"1801\"><strong data-start=\"1738\" data-end=\"1760\">Access i Publisher<\/strong> \u2013 tworzenie baz danych oraz publikacji<\/p>\n<\/li>\n<\/ul>\n<hr data-start=\"1803\" data-end=\"1806\" \/>\n<h3 data-start=\"1808\" data-end=\"1850\">Dla kogo przeznaczony jest ten pakiet?<\/h3>\n<p data-start=\"1852\" data-end=\"1978\">Pakiet jest idealnym wyborem dla u\u017cytkownik\u00f3w, kt\u00f3rzy chc\u0105 realizowa\u0107 zadania kreatywne i administracyjne na wysokim poziomie.<\/p>\n<ul data-start=\"1980\" data-end=\"2362\">\n<li data-start=\"1980\" data-end=\"2035\">\n<p data-start=\"1982\" data-end=\"2035\">Graficy i wydawcy tworz\u0105cy profesjonalne publikacje<\/p>\n<\/li>\n<li data-start=\"2036\" data-end=\"2105\">\n<p data-start=\"2038\" data-end=\"2105\">Firmy wykorzystuj\u0105ce na co dzie\u0144 dokumenty, arkusze i prezentacje<\/p>\n<\/li>\n<li data-start=\"2106\" data-end=\"2181\">\n<p data-start=\"2108\" data-end=\"2181\">Instytucje edukacyjne wspieraj\u0105ce student\u00f3w nowoczesnym oprogramowaniem<\/p>\n<\/li>\n<li data-start=\"2182\" data-end=\"2278\">\n<p data-start=\"2184\" data-end=\"2278\">Zespo\u0142y marketingowe, dla kt\u00f3rych liczy si\u0119 zar\u00f3wno wizualna jako\u015b\u0107, jak i wydajno\u015b\u0107 biurowa<\/p>\n<\/li>\n<li data-start=\"2279\" data-end=\"2362\">\n<p data-start=\"2281\" data-end=\"2362\">U\u017cytkownicy domowi poszukuj\u0105cy jednocze\u015bnie narz\u0119dzi kreatywnych i praktycznych<\/p>\n<\/li>\n<\/ul>\n<hr data-start=\"2364\" data-end=\"2367\" \/>\n<h3 data-start=\"2369\" data-end=\"2406\">Dlaczego warto wybra\u0107 ten zestaw?<\/h3>\n<p data-start=\"2408\" data-end=\"2690\" data-is-last-node=\"\" data-is-only-node=\"\">Po\u0142\u0105czenie InDesign 2025 oraz Office 2021 Pro Plus oferuje kompletne rozwi\u0105zanie \u2014 od profesjonalnego sk\u0142adu publikacji po obs\u0142ug\u0119 dokument\u00f3w biznesowych i osobistych. Pakiet zapewnia kreatywn\u0105 swobod\u0119 oraz zwi\u0119kszon\u0105 produktywno\u015b\u0107, dzia\u0142aj\u0105c w stabilnym \u015brodowisku systemu Windows.<\/p>\n<\/div>\n<\/div>\n<\/div>\n<\/div>\n<\/div>\n<\/div>\n<\/article>\n","protected":false},"excerpt":{"rendered":"<ul>\n<li data-start=\"0\" data-end=\"65\">\n<p data-start=\"2\" data-end=\"65\">\ud83d\udcd6 <strong data-start=\"5\" data-end=\"22\">InDesign 2025<\/strong> \u2013 zaawansowane funkcje sk\u0142adu publikacji<\/p>\n<\/li>\n<li data-start=\"66\" data-end=\"143\">\n<p data-start=\"68\" data-end=\"143\">\ud83d\udcbc <strong data-start=\"71\" data-end=\"95\">Office 2021 Pro Plus<\/strong> \u2013 kompleksowy pakiet oprogramowania biurowego<\/p>\n<\/li>\n<li data-start=\"144\" data-end=\"216\">\n<p data-start=\"146\" data-end=\"216\">\ud83d\udcf0 <strong data-start=\"149\" data-end=\"173\">Kompleksowy workflow<\/strong> \u2013 do projekt\u00f3w kreatywnych i biznesowych<\/p>\n<\/li>\n<li data-start=\"217\" data-end=\"280\">\n<p data-start=\"219\" data-end=\"280\">\ud83d\udd12 <strong data-start=\"222\" data-end=\"244\">\u015arodowisko Windows<\/strong> \u2013 stabilne i bezpieczne dzia\u0142anie<\/p>\n<\/li>\n<li data-start=\"281\" data-end=\"349\" data-is-last-node=\"\">\n<p data-start=\"283\" data-end=\"349\" data-is-last-node=\"\">\ud83d\ude80 <strong data-start=\"286\" data-end=\"305\">Efektywna praca<\/strong> \u2013 profesjonalne narz\u0119dzia w jednym pakiecie<\/p>\n<\/li>\n<\/ul>","protected":false},"featured_media":1625,"comment_status":"open","ping_status":"closed","template":"","meta":[],"product_brand":[],"product_cat":[49,34,52,32,51,35],"product_tag":[],"class_list":{"0":"post-1636","1":"product","2":"type-product","3":"status-publish","4":"has-post-thumbnail","6":"product_cat-biuro","7":"product_cat-graphical","8":"product_cat-oferty-pakietowe","9":"product_cat-office","10":"product_cat-oprogramowanie-graficzne","11":"product_cat-package-deals","13":"first","14":"instock","15":"sale","16":"shipping-taxable","17":"purchasable","18":"product-type-simple"},"_links":{"self":[{"href":"https:\/\/softsrl.pl\/pl\/wp-json\/wp\/v2\/product\/1636","targetHints":{"allow":["GET"]}}],"collection":[{"href":"https:\/\/softsrl.pl\/pl\/wp-json\/wp\/v2\/product"}],"about":[{"href":"https:\/\/softsrl.pl\/pl\/wp-json\/wp\/v2\/types\/product"}],"replies":[{"embeddable":true,"href":"https:\/\/softsrl.pl\/pl\/wp-json\/wp\/v2\/comments?post=1636"}],"wp:featuredmedia":[{"embeddable":true,"href":"https:\/\/softsrl.pl\/pl\/wp-json\/wp\/v2\/media\/1625"}],"wp:attachment":[{"href":"https:\/\/softsrl.pl\/pl\/wp-json\/wp\/v2\/media?parent=1636"}],"wp:term":[{"taxonomy":"product_brand","embeddable":true,"href":"https:\/\/softsrl.pl\/pl\/wp-json\/wp\/v2\/product_brand?post=1636"},{"taxonomy":"product_cat","embeddable":true,"href":"https:\/\/softsrl.pl\/pl\/wp-json\/wp\/v2\/product_cat?post=1636"},{"taxonomy":"product_tag","embeddable":true,"href":"https:\/\/softsrl.pl\/pl\/wp-json\/wp\/v2\/product_tag?post=1636"}],"curies":[{"name":"wp","href":"https:\/\/api.w.org\/{rel}","templated":true}]}}