{"id":1637,"date":"2026-01-15T14:20:36","date_gmt":"2026-01-15T14:20:36","guid":{"rendered":"https:\/\/softsrl.pl\/?post_type=product&#038;p=1637"},"modified":"2026-01-18T19:08:08","modified_gmt":"2026-01-18T19:08:08","slug":"indesign-2025-office-2024-pro-plus-i-windows","status":"publish","type":"product","link":"https:\/\/softsrl.pl\/pl\/produkt\/indesign-2025-office-2024-pro-plus-i-windows\/","title":{"rendered":"InDesign 2025 + Office 2024 Pro Plus I Windows"},"content":{"rendered":"<article class=\"text-token-text-primary w-full focus:outline-none [--shadow-height:45px] has-data-writing-block:pointer-events-none has-data-writing-block:-mt-(--shadow-height) has-data-writing-block:pt-(--shadow-height) [&amp;:has([data-writing-block])&gt;*]:pointer-events-auto scroll-mt-[calc(var(--header-height)+min(200px,max(70px,20svh)))]\" dir=\"auto\" tabindex=\"-1\" data-turn-id=\"b9cd6ae0-7896-4710-aded-0a51ee2ef121\" data-testid=\"conversation-turn-62\" data-scroll-anchor=\"false\" data-turn=\"assistant\">\n<div class=\"text-base my-auto mx-auto [--thread-content-margin:--spacing(4)] @w-sm\/main:[--thread-content-margin:--spacing(6)] @w-lg\/main:[--thread-content-margin:--spacing(16)] px-(--thread-content-margin)\">\n<div class=\"[--thread-content-max-width:40rem] @w-lg\/main:[--thread-content-max-width:48rem] mx-auto max-w-(--thread-content-max-width) flex-1 group\/turn-messages focus-visible:outline-hidden relative flex w-full min-w-0 flex-col agent-turn\" tabindex=\"-1\">\n<div class=\"flex max-w-full flex-col grow\">\n<div class=\"min-h-8 text-message relative flex w-full flex-col items-end gap-2 text-start break-words whitespace-normal [.text-message+&amp;]:mt-1\" dir=\"auto\" data-message-author-role=\"assistant\" data-message-id=\"27bf2b88-c1aa-4902-8114-625e4e4f8000\" data-message-model-slug=\"gpt-5-2-instant\">\n<div class=\"flex w-full flex-col gap-1 empty:hidden first:pt-[1px]\">\n<div class=\"markdown prose dark:prose-invert w-full break-words light markdown-new-styling\">\n<p data-start=\"67\" data-end=\"564\">Ten pakiet oprogramowania to idealny wyb\u00f3r dla u\u017cytkownik\u00f3w, kt\u00f3rzy chc\u0105 efektywnie realizowa\u0107 zar\u00f3wno kreatywne zadania zwi\u0105zane ze sk\u0142adem publikacji, jak i codzienn\u0105 prac\u0119 biurow\u0105. InDesign 2025 oferuje najbardziej zaawansowane narz\u0119dzia do profesjonalnego sk\u0142adu i typografii, natomiast Office 2024 Pro Plus zapewnia kompletny zestaw aplikacji biurowych, umo\u017cliwiaj\u0105cych sprawn\u0105 realizacj\u0119 zada\u0144 biznesowych i administracyjnych. Razem tworz\u0105 doskona\u0142e po\u0142\u0105czenie kreatywno\u015bci i produktywno\u015bci.<\/p>\n<hr data-start=\"566\" data-end=\"569\" \/>\n<h3 data-start=\"571\" data-end=\"611\">Funkcjonalno\u015b\u0107 i wymagania systemowe<\/h3>\n<p data-start=\"613\" data-end=\"828\">Oprogramowanie dzia\u0142a wy\u0142\u0105cznie w systemie Windows, a aplikacja InDesign oferuje jedynie funkcje offline. Oznacza to brak us\u0142ug online oraz dodatk\u00f3w chmurowych \u2014 dost\u0119pne s\u0105 wy\u0142\u0105cznie funkcje zainstalowane lokalnie.<\/p>\n<hr data-start=\"830\" data-end=\"833\" \/>\n<h3 data-start=\"835\" data-end=\"874\">Najwa\u017cniejsze funkcje InDesign 2025<\/h3>\n<p data-start=\"876\" data-end=\"1001\">InDesign 2025 to idealne narz\u0119dzie dla u\u017cytkownik\u00f3w d\u0105\u017c\u0105cych do tworzenia profesjonalnych publikacji i materia\u0142\u00f3w wizualnych.<\/p>\n<ul data-start=\"1003\" data-end=\"1335\">\n<li data-start=\"1003\" data-end=\"1094\">\n<p data-start=\"1005\" data-end=\"1094\"><strong data-start=\"1005\" data-end=\"1028\">Profesjonalny sk\u0142ad<\/strong> \u2013 precyzyjne uk\u0142ady do ksi\u0105\u017cek, magazyn\u00f3w, broszur i prospekt\u00f3w<\/p>\n<\/li>\n<li data-start=\"1095\" data-end=\"1165\">\n<p data-start=\"1097\" data-end=\"1165\"><strong data-start=\"1097\" data-end=\"1125\">Mo\u017cliwo\u015bci typograficzne<\/strong> \u2013 szeroki wyb\u00f3r kroj\u00f3w pisma i styl\u00f3w<\/p>\n<\/li>\n<li data-start=\"1166\" data-end=\"1257\">\n<p data-start=\"1168\" data-end=\"1257\"><strong data-start=\"1168\" data-end=\"1204\">Zarz\u0105dzanie szablonami i stylami<\/strong> \u2013 sp\u00f3jna identyfikacja wizualna i szybszy workflow<\/p>\n<\/li>\n<li data-start=\"1258\" data-end=\"1335\">\n<p data-start=\"1260\" data-end=\"1335\"><strong data-start=\"1260\" data-end=\"1278\">Opcje eksportu<\/strong> \u2013 formaty przeznaczone do druku i publikacji cyfrowych<\/p>\n<\/li>\n<\/ul>\n<hr data-start=\"1337\" data-end=\"1340\" \/>\n<h3 data-start=\"1342\" data-end=\"1388\">Najwa\u017cniejsze funkcje Office 2024 Pro Plus<\/h3>\n<p data-start=\"1390\" data-end=\"1503\">Office 2024 Pro Plus to najnowszy pakiet biurowy, zawieraj\u0105cy wszystkie narz\u0119dzia potrzebne do nowoczesnej pracy.<\/p>\n<ul data-start=\"1505\" data-end=\"1818\">\n<li data-start=\"1505\" data-end=\"1552\">\n<p data-start=\"1507\" data-end=\"1552\"><strong data-start=\"1507\" data-end=\"1515\">Word<\/strong> \u2013 edycja i formatowanie dokument\u00f3w<\/p>\n<\/li>\n<li data-start=\"1553\" data-end=\"1631\">\n<p data-start=\"1555\" data-end=\"1631\"><strong data-start=\"1555\" data-end=\"1564\">Excel<\/strong> \u2013 zaawansowana praca z arkuszami kalkulacyjnymi i analiza danych<\/p>\n<\/li>\n<li data-start=\"1632\" data-end=\"1690\">\n<p data-start=\"1634\" data-end=\"1690\"><strong data-start=\"1634\" data-end=\"1648\">PowerPoint<\/strong> \u2013 tworzenie profesjonalnych prezentacji<\/p>\n<\/li>\n<li data-start=\"1691\" data-end=\"1755\">\n<p data-start=\"1693\" data-end=\"1755\"><strong data-start=\"1693\" data-end=\"1704\">Outlook<\/strong> \u2013 zarz\u0105dzanie poczt\u0105 elektroniczn\u0105 i kalendarzem<\/p>\n<\/li>\n<li data-start=\"1756\" data-end=\"1818\">\n<p data-start=\"1758\" data-end=\"1818\"><strong data-start=\"1758\" data-end=\"1768\">Access<\/strong> \u2013 rozbudowane funkcje zarz\u0105dzania bazami danych<\/p>\n<\/li>\n<\/ul>\n<hr data-start=\"1820\" data-end=\"1823\" \/>\n<h3 data-start=\"1825\" data-end=\"1867\">Dla kogo przeznaczony jest ten pakiet?<\/h3>\n<p data-start=\"1869\" data-end=\"1970\">Pakiet stanowi doskona\u0142e rozwi\u0105zanie zar\u00f3wno dla tw\u00f3rc\u00f3w kreatywnych, jak i u\u017cytkownik\u00f3w biznesowych.<\/p>\n<ul data-start=\"1972\" data-end=\"2329\">\n<li data-start=\"1972\" data-end=\"2027\">\n<p data-start=\"1974\" data-end=\"2027\">Graficy i wydawcy tworz\u0105cy profesjonalne publikacje<\/p>\n<\/li>\n<li data-start=\"2028\" data-end=\"2105\">\n<p data-start=\"2030\" data-end=\"2105\">Firmy potrzebuj\u0105ce sprawnych narz\u0119dzi administracyjnych i komunikacyjnych<\/p>\n<\/li>\n<li data-start=\"2106\" data-end=\"2185\">\n<p data-start=\"2108\" data-end=\"2185\">Studenci i wyk\u0142adowcy korzystaj\u0105cy z oprogramowania kreatywnego i biurowego<\/p>\n<\/li>\n<li data-start=\"2186\" data-end=\"2250\">\n<p data-start=\"2188\" data-end=\"2250\">Zespo\u0142y marketingowe przygotowuj\u0105ce publikacje i prezentacje<\/p>\n<\/li>\n<li data-start=\"2251\" data-end=\"2329\">\n<p data-start=\"2253\" data-end=\"2329\">Ma\u0142e i \u015brednie przedsi\u0119biorstwa dbaj\u0105ce o wizerunek oraz efektywno\u015b\u0107 pracy<\/p>\n<\/li>\n<\/ul>\n<hr data-start=\"2331\" data-end=\"2334\" \/>\n<h3 data-start=\"2336\" data-end=\"2373\">Dlaczego warto wybra\u0107 ten zestaw?<\/h3>\n<p data-start=\"2375\" data-end=\"2642\" data-is-last-node=\"\" data-is-only-node=\"\">Po\u0142\u0105czenie InDesign 2025 oraz Office 2024 Pro Plus zapewnia kompleksowe wsparcie \u2014 od profesjonalnego sk\u0142adu publikacji po tworzenie dokument\u00f3w, arkuszy i prezentacji biurowych. Pakiet gwarantuje zar\u00f3wno swobod\u0119 tw\u00f3rcz\u0105, jak i wysok\u0105 produktywno\u015b\u0107 w codziennej pracy.<\/p>\n<\/div>\n<\/div>\n<\/div>\n<\/div>\n<\/div>\n<\/div>\n<\/article>\n","protected":false},"excerpt":{"rendered":"<ul>\n<li data-start=\"0\" data-end=\"65\">\n<p data-start=\"2\" data-end=\"65\">\ud83d\udcd6 <strong data-start=\"5\" data-end=\"22\">InDesign 2025<\/strong> \u2013 zaawansowane funkcje sk\u0142adu publikacji<\/p>\n<\/li>\n<li data-start=\"66\" data-end=\"138\">\n<p data-start=\"68\" data-end=\"138\">\ud83d\udcbc <strong data-start=\"71\" data-end=\"95\">Office 2024 Pro Plus<\/strong> \u2013 kompleksowy pakiet program\u00f3w biurowych<\/p>\n<\/li>\n<li data-start=\"139\" data-end=\"210\">\n<p data-start=\"141\" data-end=\"210\">\ud83d\udcf0 <strong data-start=\"144\" data-end=\"175\">Kreatywno\u015b\u0107 + produktywno\u015b\u0107<\/strong> \u2013 rozwi\u0105zanie do ka\u017cdego zadania<\/p>\n<\/li>\n<li data-start=\"211\" data-end=\"285\">\n<p data-start=\"213\" data-end=\"285\">\ud83d\udd12 <strong data-start=\"216\" data-end=\"249\">Niezawodne \u015brodowisko Windows<\/strong> \u2013 stabilne i bezpieczne dzia\u0142anie<\/p>\n<\/li>\n<li data-start=\"286\" data-end=\"345\" data-is-last-node=\"\">\n<p data-start=\"288\" data-end=\"345\" data-is-last-node=\"\">\ud83d\ude80 <strong data-start=\"291\" data-end=\"317\">Profesjonalny workflow<\/strong> \u2013 szybka i efektywna edycja<\/p>\n<\/li>\n<\/ul>","protected":false},"featured_media":1626,"comment_status":"open","ping_status":"closed","template":"","meta":[],"product_brand":[],"product_cat":[49,34,52,32,51,35],"product_tag":[],"class_list":{"0":"post-1637","1":"product","2":"type-product","3":"status-publish","4":"has-post-thumbnail","6":"product_cat-biuro","7":"product_cat-graphical","8":"product_cat-oferty-pakietowe","9":"product_cat-office","10":"product_cat-oprogramowanie-graficzne","11":"product_cat-package-deals","13":"first","14":"instock","15":"sale","16":"shipping-taxable","17":"purchasable","18":"product-type-simple"},"_links":{"self":[{"href":"https:\/\/softsrl.pl\/pl\/wp-json\/wp\/v2\/product\/1637","targetHints":{"allow":["GET"]}}],"collection":[{"href":"https:\/\/softsrl.pl\/pl\/wp-json\/wp\/v2\/product"}],"about":[{"href":"https:\/\/softsrl.pl\/pl\/wp-json\/wp\/v2\/types\/product"}],"replies":[{"embeddable":true,"href":"https:\/\/softsrl.pl\/pl\/wp-json\/wp\/v2\/comments?post=1637"}],"wp:featuredmedia":[{"embeddable":true,"href":"https:\/\/softsrl.pl\/pl\/wp-json\/wp\/v2\/media\/1626"}],"wp:attachment":[{"href":"https:\/\/softsrl.pl\/pl\/wp-json\/wp\/v2\/media?parent=1637"}],"wp:term":[{"taxonomy":"product_brand","embeddable":true,"href":"https:\/\/softsrl.pl\/pl\/wp-json\/wp\/v2\/product_brand?post=1637"},{"taxonomy":"product_cat","embeddable":true,"href":"https:\/\/softsrl.pl\/pl\/wp-json\/wp\/v2\/product_cat?post=1637"},{"taxonomy":"product_tag","embeddable":true,"href":"https:\/\/softsrl.pl\/pl\/wp-json\/wp\/v2\/product_tag?post=1637"}],"curies":[{"name":"wp","href":"https:\/\/api.w.org\/{rel}","templated":true}]}}