{"id":1654,"date":"2026-01-15T14:44:13","date_gmt":"2026-01-15T14:44:13","guid":{"rendered":"https:\/\/softsrl.pl\/?post_type=product&#038;p=1654"},"modified":"2026-01-18T19:05:52","modified_gmt":"2026-01-18T19:05:52","slug":"lightroom-classic-2025-indesign-2021-i-windows","status":"publish","type":"product","link":"https:\/\/softsrl.pl\/pl\/produkt\/lightroom-classic-2025-indesign-2021-i-windows\/","title":{"rendered":"Lightroom Classic 2025 + InDesign 2021 I Windows"},"content":{"rendered":"<p data-start=\"61\" data-end=\"558\">Ten pakiet oprogramowania to idealne rozwi\u0105zanie dla u\u017cytkownik\u00f3w, kt\u00f3rzy chc\u0105 jednocze\u015bnie profesjonalnie obrabia\u0107 zdj\u0119cia oraz tworzy\u0107 publikacje drukowane lub cyfrowe. Lightroom Classic 2025 zapewnia pe\u0142en zestaw narz\u0119dzi do postprodukcji fotograficznej, korekcji kolor\u00f3w oraz katalogowania obraz\u00f3w, natomiast InDesign 2021 to jedno z najbardziej wszechstronnych rozwi\u0105za\u0144 do sk\u0142adu publikacji, umo\u017cliwiaj\u0105ce precyzyjne projektowanie magazyn\u00f3w, ksi\u0105\u017cek, broszur i innych materia\u0142\u00f3w drukowanych.<\/p>\n<hr data-start=\"560\" data-end=\"563\" \/>\n<h3 data-start=\"565\" data-end=\"605\">Funkcjonalno\u015b\u0107 i wymagania systemowe<\/h3>\n<p data-start=\"607\" data-end=\"798\">Oprogramowanie dzia\u0142a w systemie Windows i oferuje funkcje offline. Oznacza to brak us\u0142ug online oraz dodatk\u00f3w chmurowych \u2014 dost\u0119pne s\u0105 wy\u0142\u0105cznie funkcje zainstalowane lokalnie na komputerze.<\/p>\n<hr data-start=\"800\" data-end=\"803\" \/>\n<h3 data-start=\"805\" data-end=\"853\">Najwa\u017cniejsze funkcje Lightroom Classic 2025<\/h3>\n<p data-start=\"855\" data-end=\"979\">Lightroom Classic 2025 to jedno z kluczowych narz\u0119dzi dla fotograf\u00f3w, zapewniaj\u0105ce pe\u0142n\u0105 kontrol\u0119 nad materia\u0142em zdj\u0119ciowym.<\/p>\n<ul data-start=\"981\" data-end=\"1306\">\n<li data-start=\"981\" data-end=\"1073\">\n<p data-start=\"983\" data-end=\"1073\"><strong data-start=\"983\" data-end=\"1020\">Katalogowanie i organizacja zdj\u0119\u0107<\/strong> \u2013 tworzenie przejrzystych archiw\u00f3w fotograficznych<\/p>\n<\/li>\n<li data-start=\"1074\" data-end=\"1171\">\n<p data-start=\"1076\" data-end=\"1171\"><strong data-start=\"1076\" data-end=\"1109\">Korekcja kolor\u00f3w i ekspozycji<\/strong> \u2013 precyzyjne ustawienia dla perfekcyjnego efektu wizualnego<\/p>\n<\/li>\n<li data-start=\"1172\" data-end=\"1238\">\n<p data-start=\"1174\" data-end=\"1238\"><strong data-start=\"1174\" data-end=\"1196\">Obs\u0142uga plik\u00f3w RAW<\/strong> \u2013 edycja zdj\u0119\u0107 w jako\u015bci profesjonalnej<\/p>\n<\/li>\n<li data-start=\"1239\" data-end=\"1306\">\n<p data-start=\"1241\" data-end=\"1306\"><strong data-start=\"1241\" data-end=\"1259\">Szybki eksport<\/strong> \u2013 wiele format\u00f3w wyj\u015bciowych, tak\u017ce do druku<\/p>\n<\/li>\n<\/ul>\n<hr data-start=\"1308\" data-end=\"1311\" \/>\n<h3 data-start=\"1313\" data-end=\"1352\">Najwa\u017cniejsze funkcje InDesign 2021<\/h3>\n<p data-start=\"1354\" data-end=\"1487\">InDesign 2021 to cenione na ca\u0142ym \u015bwiecie rozwi\u0105zanie do sk\u0142adu publikacji, przeznaczone zar\u00f3wno do druku, jak i projekt\u00f3w cyfrowych.<\/p>\n<ul data-start=\"1489\" data-end=\"1778\">\n<li data-start=\"1489\" data-end=\"1568\">\n<p data-start=\"1491\" data-end=\"1568\"><strong data-start=\"1491\" data-end=\"1525\">Profesjonalne narz\u0119dzia sk\u0142adu<\/strong> \u2013 tworzenie magazyn\u00f3w, ksi\u0105\u017cek i broszur<\/p>\n<\/li>\n<li data-start=\"1569\" data-end=\"1632\">\n<p data-start=\"1571\" data-end=\"1632\"><strong data-start=\"1571\" data-end=\"1596\">Swoboda typograficzna<\/strong> \u2013 szeroki wyb\u00f3r czcionek i styl\u00f3w<\/p>\n<\/li>\n<li data-start=\"1633\" data-end=\"1712\">\n<p data-start=\"1635\" data-end=\"1712\"><strong data-start=\"1635\" data-end=\"1671\">Zarz\u0105dzanie szablonami i stylami<\/strong> \u2013 szybsza, sp\u00f3jna praca nad projektami<\/p>\n<\/li>\n<li data-start=\"1713\" data-end=\"1778\">\n<p data-start=\"1715\" data-end=\"1778\"><strong data-start=\"1715\" data-end=\"1733\">Opcje eksportu<\/strong> \u2013 obs\u0142uga format\u00f3w drukowanych i cyfrowych<\/p>\n<\/li>\n<\/ul>\n<hr data-start=\"1780\" data-end=\"1783\" \/>\n<h3 data-start=\"1785\" data-end=\"1827\">Dla kogo przeznaczony jest ten pakiet?<\/h3>\n<p data-start=\"1829\" data-end=\"1949\">Pakiet jest idealny dla u\u017cytkownik\u00f3w, dla kt\u00f3rych obr\u00f3bka zdj\u0119\u0107 i sk\u0142ad publikacji s\u0105 r\u00f3wnie istotne w codziennej pracy.<\/p>\n<ul data-start=\"1951\" data-end=\"2281\">\n<li data-start=\"1951\" data-end=\"2017\">\n<p data-start=\"1953\" data-end=\"2017\">Fotografowie tworz\u0105cy profesjonalne publikacje ze swoich zdj\u0119\u0107<\/p>\n<\/li>\n<li data-start=\"2018\" data-end=\"2071\">\n<p data-start=\"2020\" data-end=\"2071\">Studia graficzne realizuj\u0105ce kompleksowe projekty<\/p>\n<\/li>\n<li data-start=\"2072\" data-end=\"2127\">\n<p data-start=\"2074\" data-end=\"2127\">Wydawcy przygotowuj\u0105cy magazyny, ksi\u0105\u017cki i broszury<\/p>\n<\/li>\n<li data-start=\"2128\" data-end=\"2196\">\n<p data-start=\"2130\" data-end=\"2196\">Zespo\u0142y marketingowe opracowuj\u0105ce kreatywne materia\u0142y kampanijne<\/p>\n<\/li>\n<li data-start=\"2197\" data-end=\"2281\">\n<p data-start=\"2199\" data-end=\"2281\">Instytucje edukacyjne, gdzie wa\u017cne s\u0105 zar\u00f3wno tre\u015bci wizualne, jak i dydaktyczne<\/p>\n<\/li>\n<\/ul>\n<hr data-start=\"2283\" data-end=\"2286\" \/>\n<h3 data-start=\"2288\" data-end=\"2325\">Dlaczego warto wybra\u0107 ten zestaw?<\/h3>\n<p data-start=\"2327\" data-end=\"2624\" data-is-last-node=\"\" data-is-only-node=\"\">Po\u0142\u0105czenie Lightroom Classic 2025 oraz InDesign 2021 tworzy pe\u0142nowarto\u015bciowy pakiet kreatywny \u2014 od zaawansowanej obr\u00f3bki zdj\u0119\u0107 po profesjonalny sk\u0142ad publikacji. Zestaw ten spe\u0142nia zar\u00f3wno potrzeby kreatywne, jak i biznesowe, gwarantuj\u0105c wysok\u0105 jako\u015b\u0107 pracy w stabilnym \u015brodowisku systemu Windows.<\/p>","protected":false},"excerpt":{"rendered":"<ul>\n<li data-start=\"0\" data-end=\"87\">\n<p data-start=\"2\" data-end=\"87\">\ud83d\udcf7 <strong data-start=\"5\" data-end=\"31\">Lightroom Classic 2025<\/strong> \u2013 profesjonalna obr\u00f3bka fotografii i korekcja kolor\u00f3w<\/p>\n<\/li>\n<li data-start=\"88\" data-end=\"154\">\n<p data-start=\"90\" data-end=\"154\">\ud83d\udcd6 <strong data-start=\"93\" data-end=\"110\">InDesign 2021<\/strong> \u2013 sk\u0142ad publikacji do magazyn\u00f3w i ksi\u0105\u017cek<\/p>\n<\/li>\n<li data-start=\"155\" data-end=\"229\">\n<p data-start=\"157\" data-end=\"229\">\ud83d\uddbc\ufe0f <strong data-start=\"161\" data-end=\"193\">Kompleksowy proces kreatywny<\/strong> \u2013 od zdj\u0119\u0107 po materia\u0142y drukowane<\/p>\n<\/li>\n<li data-start=\"230\" data-end=\"299\">\n<p data-start=\"232\" data-end=\"299\">\ud83d\udd12 <strong data-start=\"235\" data-end=\"263\">Kompatybilno\u015b\u0107 z Windows<\/strong> \u2013 stabilne i bezpieczne dzia\u0142anie<\/p>\n<\/li>\n<li data-start=\"300\" data-end=\"376\" data-is-last-node=\"\">\n<p data-start=\"302\" data-end=\"376\" data-is-last-node=\"\">\ud83d\ude80 <strong data-start=\"305\" data-end=\"338\">Profesjonalny zestaw narz\u0119dzi<\/strong> \u2013 dla fotograf\u00f3w, grafik\u00f3w i wydawc\u00f3w<\/p>\n<\/li>\n<\/ul>","protected":false},"featured_media":1645,"comment_status":"open","ping_status":"closed","template":"","meta":[],"product_brand":[],"product_cat":[34,52,51,35],"product_tag":[],"class_list":{"0":"post-1654","1":"product","2":"type-product","3":"status-publish","4":"has-post-thumbnail","6":"product_cat-graphical","7":"product_cat-oferty-pakietowe","8":"product_cat-oprogramowanie-graficzne","9":"product_cat-package-deals","11":"first","12":"instock","13":"sale","14":"shipping-taxable","15":"purchasable","16":"product-type-simple"},"_links":{"self":[{"href":"https:\/\/softsrl.pl\/pl\/wp-json\/wp\/v2\/product\/1654","targetHints":{"allow":["GET"]}}],"collection":[{"href":"https:\/\/softsrl.pl\/pl\/wp-json\/wp\/v2\/product"}],"about":[{"href":"https:\/\/softsrl.pl\/pl\/wp-json\/wp\/v2\/types\/product"}],"replies":[{"embeddable":true,"href":"https:\/\/softsrl.pl\/pl\/wp-json\/wp\/v2\/comments?post=1654"}],"wp:featuredmedia":[{"embeddable":true,"href":"https:\/\/softsrl.pl\/pl\/wp-json\/wp\/v2\/media\/1645"}],"wp:attachment":[{"href":"https:\/\/softsrl.pl\/pl\/wp-json\/wp\/v2\/media?parent=1654"}],"wp:term":[{"taxonomy":"product_brand","embeddable":true,"href":"https:\/\/softsrl.pl\/pl\/wp-json\/wp\/v2\/product_brand?post=1654"},{"taxonomy":"product_cat","embeddable":true,"href":"https:\/\/softsrl.pl\/pl\/wp-json\/wp\/v2\/product_cat?post=1654"},{"taxonomy":"product_tag","embeddable":true,"href":"https:\/\/softsrl.pl\/pl\/wp-json\/wp\/v2\/product_tag?post=1654"}],"curies":[{"name":"wp","href":"https:\/\/api.w.org\/{rel}","templated":true}]}}