{"id":1655,"date":"2026-01-15T14:46:13","date_gmt":"2026-01-15T14:46:13","guid":{"rendered":"https:\/\/softsrl.pl\/?post_type=product&#038;p=1655"},"modified":"2026-01-18T19:05:29","modified_gmt":"2026-01-18T19:05:29","slug":"lightroom-classic-2025-illustrator-2021-i-windows","status":"publish","type":"product","link":"https:\/\/softsrl.pl\/pl\/produkt\/lightroom-classic-2025-illustrator-2021-i-windows\/","title":{"rendered":"Lightroom Classic 2025 + Illustrator 2021 I Windows"},"content":{"rendered":"<p data-start=\"91\" data-end=\"589\">Ten pakiet oprogramowania to idealny wyb\u00f3r dla u\u017cytkownik\u00f3w, kt\u00f3rzy chc\u0105 po\u0142\u0105czy\u0107 profesjonaln\u0105 obr\u00f3bk\u0119 fotografii z kreatywnym projektowaniem grafiki wektorowej. Lightroom Classic 2025 spe\u0142nia wszystkie potrzeby zwi\u0105zane z postprodukcj\u0105 zdj\u0119\u0107 oraz ich katalogowaniem, natomiast Illustrator 2021 oferuje kompletny zestaw narz\u0119dzi do tworzenia logotyp\u00f3w, ilustracji, ikon oraz materia\u0142\u00f3w do druku. Razem stanowi\u0105 doskona\u0142e po\u0142\u0105czenie kreatywno\u015bci i precyzji, dzia\u0142aj\u0105ce w \u015brodowisku systemu Windows.<\/p>\n<hr data-start=\"591\" data-end=\"594\" \/>\n<h3 data-start=\"596\" data-end=\"636\">Funkcjonalno\u015b\u0107 i wymagania systemowe<\/h3>\n<p data-start=\"638\" data-end=\"815\">Oprogramowanie dzia\u0142a w systemie Windows i oferuje funkcje offline. Oznacza to brak us\u0142ug online oraz dodatk\u00f3w chmurowych \u2014 dost\u0119pne s\u0105 wy\u0142\u0105cznie funkcje zainstalowane lokalnie.<\/p>\n<hr data-start=\"817\" data-end=\"820\" \/>\n<h3 data-start=\"822\" data-end=\"870\">Najwa\u017cniejsze funkcje Lightroom Classic 2025<\/h3>\n<p data-start=\"872\" data-end=\"996\">Lightroom Classic 2025 to jedno z kluczowych narz\u0119dzi dla fotograf\u00f3w, zapewniaj\u0105ce pe\u0142n\u0105 kontrol\u0119 nad materia\u0142em zdj\u0119ciowym.<\/p>\n<ul data-start=\"998\" data-end=\"1298\">\n<li data-start=\"998\" data-end=\"1069\">\n<p data-start=\"1000\" data-end=\"1069\"><strong data-start=\"1000\" data-end=\"1021\">Organizacja zdj\u0119\u0107<\/strong> \u2013 proste katalogowanie i szybkie wyszukiwanie<\/p>\n<\/li>\n<li data-start=\"1070\" data-end=\"1142\">\n<p data-start=\"1072\" data-end=\"1142\"><strong data-start=\"1072\" data-end=\"1100\">Regulacja koloru i ton\u00f3w<\/strong> \u2013 precyzyjna korekcja barw i ekspozycji<\/p>\n<\/li>\n<li data-start=\"1143\" data-end=\"1224\">\n<p data-start=\"1145\" data-end=\"1224\"><strong data-start=\"1145\" data-end=\"1167\">Obs\u0142uga plik\u00f3w RAW<\/strong> \u2013 zachowanie maksymalnej jako\u015bci obrazu podczas edycji<\/p>\n<\/li>\n<li data-start=\"1225\" data-end=\"1298\">\n<p data-start=\"1227\" data-end=\"1298\"><strong data-start=\"1227\" data-end=\"1256\">Eksport do wielu format\u00f3w<\/strong> \u2013 do zastosowa\u0144 drukowanych i cyfrowych<\/p>\n<\/li>\n<\/ul>\n<hr data-start=\"1300\" data-end=\"1303\" \/>\n<h3 data-start=\"1305\" data-end=\"1347\">Najwa\u017cniejsze funkcje Illustrator 2021<\/h3>\n<p data-start=\"1349\" data-end=\"1495\">Illustrator 2021 to jedno z najbardziej rozpoznawalnych narz\u0119dzi do projektowania grafiki wektorowej, oferuj\u0105ce dok\u0142adne i skalowalne rozwi\u0105zania.<\/p>\n<ul data-start=\"1497\" data-end=\"1832\">\n<li data-start=\"1497\" data-end=\"1590\">\n<p data-start=\"1499\" data-end=\"1590\"><strong data-start=\"1499\" data-end=\"1548\">Tworzenie logotyp\u00f3w i identyfikacji wizualnej<\/strong> \u2013 perfekcyjna jako\u015b\u0107 grafiki wektorowej<\/p>\n<\/li>\n<li data-start=\"1591\" data-end=\"1670\">\n<p data-start=\"1593\" data-end=\"1670\"><strong data-start=\"1593\" data-end=\"1615\">Ilustracje i ikony<\/strong> \u2013 kreatywne elementy graficzne do r\u00f3\u017cnych zastosowa\u0144<\/p>\n<\/li>\n<li data-start=\"1671\" data-end=\"1755\">\n<p data-start=\"1673\" data-end=\"1755\"><strong data-start=\"1673\" data-end=\"1701\">Mo\u017cliwo\u015bci typograficzne<\/strong> \u2013 \u0142\u0105czenie tekstu i grafiki w projektach wizualnych<\/p>\n<\/li>\n<li data-start=\"1756\" data-end=\"1832\">\n<p data-start=\"1758\" data-end=\"1832\"><strong data-start=\"1758\" data-end=\"1802\">Obs\u0142uga format\u00f3w drukowanych i cyfrowych<\/strong> \u2013 elastyczne opcje eksportu<\/p>\n<\/li>\n<\/ul>\n<hr data-start=\"1834\" data-end=\"1837\" \/>\n<h3 data-start=\"1839\" data-end=\"1881\">Dla kogo przeznaczony jest ten pakiet?<\/h3>\n<p data-start=\"1883\" data-end=\"2033\">To po\u0142\u0105czenie jest idealne dla u\u017cytkownik\u00f3w pracuj\u0105cych zar\u00f3wno z fotografi\u0105, jak i grafik\u0105, kt\u00f3rzy oczekuj\u0105 profesjonalnych narz\u0119dzi w obu obszarach.<\/p>\n<ul data-start=\"2035\" data-end=\"2374\">\n<li data-start=\"2035\" data-end=\"2118\">\n<p data-start=\"2037\" data-end=\"2118\">Fotografowie zajmuj\u0105cy si\u0119 postprodukcj\u0105 i projektowaniem materia\u0142\u00f3w wizualnych<\/p>\n<\/li>\n<li data-start=\"2119\" data-end=\"2161\">\n<p data-start=\"2121\" data-end=\"2161\">Graficy realizuj\u0105cy projekty wektorowe<\/p>\n<\/li>\n<li data-start=\"2162\" data-end=\"2245\">\n<p data-start=\"2164\" data-end=\"2245\">Specjali\u015bci marketingu \u0142\u0105cz\u0105cy fotografie z elementami graficznymi w kampaniach<\/p>\n<\/li>\n<li data-start=\"2246\" data-end=\"2311\">\n<p data-start=\"2248\" data-end=\"2311\">Wydawcy i studia, dla kt\u00f3rych kluczowa jest sp\u00f3jno\u015b\u0107 wizualna<\/p>\n<\/li>\n<li data-start=\"2312\" data-end=\"2374\">\n<p data-start=\"2314\" data-end=\"2374\">Studenci i wyk\u0142adowcy pracuj\u0105cy nad projektami kreatywnymi<\/p>\n<\/li>\n<\/ul>\n<hr data-start=\"2376\" data-end=\"2379\" \/>\n<h3 data-start=\"2381\" data-end=\"2418\">Dlaczego warto wybra\u0107 ten zestaw?<\/h3>\n<p data-start=\"2420\" data-end=\"2728\" data-is-last-node=\"\" data-is-only-node=\"\">Po\u0142\u0105czenie Lightroom Classic 2025 oraz Illustrator 2021 obejmuje ca\u0142y proces pracy \u2014 od precyzyjnej obr\u00f3bki zdj\u0119\u0107 po projektowanie logotyp\u00f3w i ilustracji wektorowych. Pakiet zapewnia komplet narz\u0119dzi niezb\u0119dnych do realizacji kreatywnych projekt\u00f3w na wysokim poziomie, w stabilnym \u015brodowisku systemu Windows.<\/p>","protected":false},"excerpt":{"rendered":"<ul>\n<li data-start=\"0\" data-end=\"74\">\n<p data-start=\"2\" data-end=\"74\">\ud83d\udcf7 <strong data-start=\"5\" data-end=\"31\">Lightroom Classic 2025<\/strong> \u2013 postprodukcja zdj\u0119\u0107 i korekcja kolor\u00f3w<\/p>\n<\/li>\n<li data-start=\"75\" data-end=\"151\">\n<p data-start=\"77\" data-end=\"151\">\ud83c\udfa8 <strong data-start=\"80\" data-end=\"100\">Illustrator 2021<\/strong> \u2013 profesjonalne projektowanie grafiki wektorowej<\/p>\n<\/li>\n<li data-start=\"152\" data-end=\"223\">\n<p data-start=\"154\" data-end=\"223\">\ud83d\uddbc\ufe0f <strong data-start=\"158\" data-end=\"182\">Kompleksowy workflow<\/strong> \u2013 od fotografii po materia\u0142y graficzne<\/p>\n<\/li>\n<li data-start=\"224\" data-end=\"294\">\n<p data-start=\"226\" data-end=\"294\">\ud83d\udd12 <strong data-start=\"229\" data-end=\"257\">Kompatybilno\u015b\u0107 z Windows<\/strong> \u2013 stabilne i bezpieczne \u015brodowisko<\/p>\n<\/li>\n<li data-start=\"295\" data-end=\"361\" data-is-last-node=\"\">\n<p data-start=\"297\" data-end=\"361\" data-is-last-node=\"\">\ud83d\ude80 <strong data-start=\"300\" data-end=\"321\">Kreatywna swoboda<\/strong> \u2013 dla fotograf\u00f3w, grafik\u00f3w i marketer\u00f3w<\/p>\n<\/li>\n<\/ul>","protected":false},"featured_media":1644,"comment_status":"open","ping_status":"closed","template":"","meta":[],"product_brand":[],"product_cat":[34,52,51,35],"product_tag":[],"class_list":{"0":"post-1655","1":"product","2":"type-product","3":"status-publish","4":"has-post-thumbnail","6":"product_cat-graphical","7":"product_cat-oferty-pakietowe","8":"product_cat-oprogramowanie-graficzne","9":"product_cat-package-deals","11":"first","12":"instock","13":"sale","14":"shipping-taxable","15":"purchasable","16":"product-type-simple"},"_links":{"self":[{"href":"https:\/\/softsrl.pl\/pl\/wp-json\/wp\/v2\/product\/1655","targetHints":{"allow":["GET"]}}],"collection":[{"href":"https:\/\/softsrl.pl\/pl\/wp-json\/wp\/v2\/product"}],"about":[{"href":"https:\/\/softsrl.pl\/pl\/wp-json\/wp\/v2\/types\/product"}],"replies":[{"embeddable":true,"href":"https:\/\/softsrl.pl\/pl\/wp-json\/wp\/v2\/comments?post=1655"}],"wp:featuredmedia":[{"embeddable":true,"href":"https:\/\/softsrl.pl\/pl\/wp-json\/wp\/v2\/media\/1644"}],"wp:attachment":[{"href":"https:\/\/softsrl.pl\/pl\/wp-json\/wp\/v2\/media?parent=1655"}],"wp:term":[{"taxonomy":"product_brand","embeddable":true,"href":"https:\/\/softsrl.pl\/pl\/wp-json\/wp\/v2\/product_brand?post=1655"},{"taxonomy":"product_cat","embeddable":true,"href":"https:\/\/softsrl.pl\/pl\/wp-json\/wp\/v2\/product_cat?post=1655"},{"taxonomy":"product_tag","embeddable":true,"href":"https:\/\/softsrl.pl\/pl\/wp-json\/wp\/v2\/product_tag?post=1655"}],"curies":[{"name":"wp","href":"https:\/\/api.w.org\/{rel}","templated":true}]}}