{"id":1672,"date":"2026-01-15T15:05:07","date_gmt":"2026-01-15T15:05:07","guid":{"rendered":"https:\/\/softsrl.pl\/?post_type=product&#038;p=1672"},"modified":"2026-01-18T18:55:31","modified_gmt":"2026-01-18T18:55:31","slug":"premiere-pro-2025-acrobat-2020-pro-i-windows","status":"publish","type":"product","link":"https:\/\/softsrl.pl\/pl\/produkt\/premiere-pro-2025-acrobat-2020-pro-i-windows\/","title":{"rendered":"Premiere Pro 2025 + Acrobat 2020 Pro I Windows"},"content":{"rendered":"<p data-start=\"0\" data-end=\"513\">Ten pakiet oprogramowania <strong data-start=\"26\" data-end=\"68\">\u0142\u0105czy \u015bwiat nowoczesnego monta\u017cu wideo<\/strong> z <em data-start=\"71\" data-end=\"112\">profesjonalnym zarz\u0105dzaniem dokumentami<\/em>. Premiere Pro 2025 zapewnia <strong data-start=\"141\" data-end=\"169\">niezr\u00f3wnan\u0105 elastyczno\u015b\u0107<\/strong> w tworzeniu tre\u015bci wideo, natomiast Acrobat 2020 Pro oferuje <strong data-start=\"231\" data-end=\"258\">kompleksowe rozwi\u0105zania<\/strong> do tworzenia, edycji oraz bezpiecznego zarz\u0105dzania plikami PDF. Wsp\u00f3lnie stanowi\u0105 <strong data-start=\"341\" data-end=\"358\">idealny wyb\u00f3r<\/strong> dla firm, kreatywnych specjalist\u00f3w oraz wszystkich u\u017cytkownik\u00f3w, kt\u00f3rzy poszukuj\u0105 najlepszych narz\u0119dzi zar\u00f3wno w obszarze multimedi\u00f3w, jak i dokumentacji.<\/p>\n<hr data-start=\"515\" data-end=\"518\" \/>\n<h3 data-start=\"520\" data-end=\"540\">Wa\u017cne informacje<\/h3>\n<p data-start=\"542\" data-end=\"760\">Oprogramowanie dzia\u0142a w <strong data-start=\"566\" data-end=\"586\">systemie Windows<\/strong> i oferuje <em data-start=\"597\" data-end=\"614\">funkcje offline<\/em>. Oznacza to, \u017ce pakiet <strong data-start=\"638\" data-end=\"690\">nie zawiera us\u0142ug online ani dodatk\u00f3w chmurowych<\/strong> \u2014 dost\u0119pne s\u0105 wy\u0142\u0105cznie funkcje zainstalowane lokalnie na komputerze.<\/p>\n<hr data-start=\"762\" data-end=\"765\" \/>\n<h3 data-start=\"767\" data-end=\"817\">Premiere Pro 2025 \u2013 profesjonalny monta\u017c wideo<\/h3>\n<p data-start=\"819\" data-end=\"969\">Premiere Pro 2025 zosta\u0142 stworzony z my\u015bl\u0105 o <strong data-start=\"864\" data-end=\"887\">specjalistach wideo<\/strong>, kt\u00f3rzy oczekuj\u0105 <em data-start=\"905\" data-end=\"935\">maksymalnej swobody tw\u00f3rczej<\/em> oraz <strong data-start=\"941\" data-end=\"962\">wysokiej precyzji<\/strong> pracy.<\/p>\n<ul data-start=\"971\" data-end=\"1351\">\n<li data-start=\"971\" data-end=\"1063\">\n<p data-start=\"973\" data-end=\"1063\">Edycja oparta na <strong data-start=\"990\" data-end=\"1003\">osi czasu<\/strong> z wieloma \u015bcie\u017ckami, w prostym i przejrzystym interfejsie<\/p>\n<\/li>\n<li data-start=\"1064\" data-end=\"1153\">\n<p data-start=\"1066\" data-end=\"1153\"><strong data-start=\"1066\" data-end=\"1099\">Zaawansowana korekcja kolor\u00f3w<\/strong> oraz efekty wizualne dla doskona\u0142ego odbioru obrazu<\/p>\n<\/li>\n<li data-start=\"1154\" data-end=\"1231\">\n<p data-start=\"1156\" data-end=\"1231\"><strong data-start=\"1156\" data-end=\"1188\">Narz\u0119dzia do obs\u0142ugi d\u017awi\u0119ku<\/strong>, zapewniaj\u0105ce krystalicznie czyste audio<\/p>\n<\/li>\n<li data-start=\"1232\" data-end=\"1351\">\n<p data-start=\"1234\" data-end=\"1351\"><strong data-start=\"1234\" data-end=\"1252\">Szybki eksport<\/strong> do wielu format\u00f3w \u2014 zar\u00f3wno do medi\u00f3w spo\u0142eczno\u015bciowych, jak i profesjonalnej produkcji filmowej<\/p>\n<\/li>\n<\/ul>\n<hr data-start=\"1353\" data-end=\"1356\" \/>\n<h3 data-start=\"1358\" data-end=\"1415\">Acrobat 2020 Pro \u2013 bezpieczne zarz\u0105dzanie dokumentami<\/h3>\n<p data-start=\"1417\" data-end=\"1496\">Acrobat 2020 Pro <strong data-start=\"1434\" data-end=\"1465\">upraszcza wszystkie zadania<\/strong> zwi\u0105zane z obs\u0142ug\u0105 dokument\u00f3w:<\/p>\n<ul data-start=\"1498\" data-end=\"1761\">\n<li data-start=\"1498\" data-end=\"1548\">\n<p data-start=\"1500\" data-end=\"1548\"><strong data-start=\"1500\" data-end=\"1524\">Tworzenie plik\u00f3w PDF<\/strong> z dowolnego dokumentu<\/p>\n<\/li>\n<li data-start=\"1549\" data-end=\"1618\">\n<p data-start=\"1551\" data-end=\"1618\">Mo\u017cliwo\u015bci <strong data-start=\"1562\" data-end=\"1579\">edycji tre\u015bci<\/strong>, w tym tekstu, obraz\u00f3w oraz obiekt\u00f3w<\/p>\n<\/li>\n<li data-start=\"1619\" data-end=\"1680\">\n<p data-start=\"1621\" data-end=\"1680\"><strong data-start=\"1621\" data-end=\"1656\">Tworzenie formularzy i podpis\u00f3w<\/strong> z cyfrow\u0105 weryfikacj\u0105<\/p>\n<\/li>\n<li data-start=\"1681\" data-end=\"1761\">\n<p data-start=\"1683\" data-end=\"1761\"><strong data-start=\"1683\" data-end=\"1709\">Funkcje bezpiecze\u0144stwa<\/strong>, takie jak ochrona has\u0142em oraz szyfrowanie danych<\/p>\n<\/li>\n<\/ul>\n<hr data-start=\"1763\" data-end=\"1766\" \/>\n<h3 data-start=\"1768\" data-end=\"1810\">Dla kogo przeznaczony jest ten pakiet?<\/h3>\n<p data-start=\"1812\" data-end=\"1989\">Ten pakiet zosta\u0142 zaprojektowany dla u\u017cytkownik\u00f3w, kt\u00f3rzy chc\u0105 jednocze\u015bnie <strong data-start=\"1888\" data-end=\"1932\">tworzy\u0107 wysokiej jako\u015bci materia\u0142y wideo<\/strong> oraz <em data-start=\"1938\" data-end=\"1988\">zarz\u0105dza\u0107 dokumentami na profesjonalnym poziomie<\/em>.<\/p>\n<ul data-start=\"1991\" data-end=\"2448\">\n<li data-start=\"1991\" data-end=\"2080\">\n<p data-start=\"1993\" data-end=\"2080\">Specjali\u015bci wideo i tw\u00f3rcy tre\u015bci \u2014 do realizacji <strong data-start=\"2043\" data-end=\"2078\">kreatywnych projekt\u00f3w filmowych<\/strong><\/p>\n<\/li>\n<li data-start=\"2081\" data-end=\"2164\">\n<p data-start=\"2083\" data-end=\"2164\">Pracownicy biurowi oraz firmy \u2014 do <strong data-start=\"2118\" data-end=\"2141\">zarz\u0105dzania PDF-ami<\/strong> i ochrony dokument\u00f3w<\/p>\n<\/li>\n<li data-start=\"2165\" data-end=\"2271\">\n<p data-start=\"2167\" data-end=\"2271\">Agencje marketingowe i firmy medialne \u2014 do obs\u0142ugi <strong data-start=\"2218\" data-end=\"2269\">z\u0142o\u017conych potrzeb wizualnych i dokumentacyjnych<\/strong><\/p>\n<\/li>\n<li data-start=\"2272\" data-end=\"2360\">\n<p data-start=\"2274\" data-end=\"2360\">Studenci i wyk\u0142adowcy \u2014 do przygotowywania <strong data-start=\"2317\" data-end=\"2358\">materia\u0142\u00f3w edukacyjnych i prezentacji<\/strong><\/p>\n<\/li>\n<li data-start=\"2361\" data-end=\"2448\">\n<p data-start=\"2363\" data-end=\"2448\">Ma\u0142e i du\u017ce przedsi\u0119biorstwa \u2014 do <strong data-start=\"2397\" data-end=\"2446\">usprawnienia codziennych proces\u00f3w biznesowych<\/strong><\/p>\n<\/li>\n<\/ul>\n<hr data-start=\"2450\" data-end=\"2453\" \/>\n<h3 data-start=\"2455\" data-end=\"2492\">Dlaczego warto wybra\u0107 ten zestaw?<\/h3>\n<p data-start=\"2494\" data-end=\"2868\" data-is-last-node=\"\" data-is-only-node=\"\">Po\u0142\u0105czenie <strong data-start=\"2505\" data-end=\"2526\">Premiere Pro 2025<\/strong> oraz <strong data-start=\"2532\" data-end=\"2552\">Acrobat 2020 Pro<\/strong> tworzy <em data-start=\"2560\" data-end=\"2577\">unikalny pakiet<\/em>, kt\u00f3ry z jednej strony umo\u017cliwia <strong data-start=\"2611\" data-end=\"2654\">profesjonaln\u0105 obr\u00f3bk\u0119 tre\u015bci wizualnych<\/strong>, a z drugiej zapewnia <strong data-start=\"2677\" data-end=\"2730\">bezpieczne zarz\u0105dzanie i udost\u0119pnianie dokument\u00f3w<\/strong>. To kompleksowe rozwi\u0105zanie pozwala realizowa\u0107 wszystkie zadania kreatywne i biznesowe <strong data-start=\"2818\" data-end=\"2867\">sprawnie, efektywnie i na najwy\u017cszym poziomie<\/strong>.<\/p>","protected":false},"excerpt":{"rendered":"<ul>\n<li data-start=\"0\" data-end=\"71\">\n<p data-start=\"2\" data-end=\"71\">\ud83c\udfac <strong data-start=\"5\" data-end=\"26\">Premiere Pro 2025<\/strong> \u2013 profesjonalne narz\u0119dzia do monta\u017cu wideo<\/p>\n<\/li>\n<li data-start=\"72\" data-end=\"137\">\n<p data-start=\"74\" data-end=\"137\">\ud83d\udcc4 <strong data-start=\"77\" data-end=\"97\">Acrobat 2020 Pro<\/strong> \u2013 kompleksowe zarz\u0105dzanie plikami PDF<\/p>\n<\/li>\n<li data-start=\"138\" data-end=\"198\">\n<p data-start=\"140\" data-end=\"198\">\ud83d\udcbb <strong data-start=\"143\" data-end=\"165\">Zgodno\u015b\u0107 z Windows<\/strong> \u2013 szybkie i stabilne dzia\u0142anie<\/p>\n<\/li>\n<li data-start=\"199\" data-end=\"265\">\n<p data-start=\"201\" data-end=\"265\">\ud83d\udd12 <strong data-start=\"204\" data-end=\"220\">Tryb offline<\/strong> \u2013 wy\u0142\u0105cznie funkcje zainstalowane lokalnie<\/p>\n<\/li>\n<li data-start=\"266\" data-end=\"346\" data-is-last-node=\"\">\n<p data-start=\"268\" data-end=\"346\" data-is-last-node=\"\">\ud83d\ude80 <strong data-start=\"271\" data-end=\"308\">Kreatywne i biznesowe rozwi\u0105zanie<\/strong> \u2013 wideo i dokumenty w jednym pakiecie<\/p>\n<\/li>\n<\/ul>","protected":false},"featured_media":1662,"comment_status":"open","ping_status":"closed","template":"","meta":[],"product_brand":[],"product_cat":[49,34,52,32,51,35],"product_tag":[],"class_list":{"0":"post-1672","1":"product","2":"type-product","3":"status-publish","4":"has-post-thumbnail","6":"product_cat-biuro","7":"product_cat-graphical","8":"product_cat-oferty-pakietowe","9":"product_cat-office","10":"product_cat-oprogramowanie-graficzne","11":"product_cat-package-deals","13":"first","14":"instock","15":"sale","16":"shipping-taxable","17":"purchasable","18":"product-type-simple"},"_links":{"self":[{"href":"https:\/\/softsrl.pl\/pl\/wp-json\/wp\/v2\/product\/1672","targetHints":{"allow":["GET"]}}],"collection":[{"href":"https:\/\/softsrl.pl\/pl\/wp-json\/wp\/v2\/product"}],"about":[{"href":"https:\/\/softsrl.pl\/pl\/wp-json\/wp\/v2\/types\/product"}],"replies":[{"embeddable":true,"href":"https:\/\/softsrl.pl\/pl\/wp-json\/wp\/v2\/comments?post=1672"}],"wp:featuredmedia":[{"embeddable":true,"href":"https:\/\/softsrl.pl\/pl\/wp-json\/wp\/v2\/media\/1662"}],"wp:attachment":[{"href":"https:\/\/softsrl.pl\/pl\/wp-json\/wp\/v2\/media?parent=1672"}],"wp:term":[{"taxonomy":"product_brand","embeddable":true,"href":"https:\/\/softsrl.pl\/pl\/wp-json\/wp\/v2\/product_brand?post=1672"},{"taxonomy":"product_cat","embeddable":true,"href":"https:\/\/softsrl.pl\/pl\/wp-json\/wp\/v2\/product_cat?post=1672"},{"taxonomy":"product_tag","embeddable":true,"href":"https:\/\/softsrl.pl\/pl\/wp-json\/wp\/v2\/product_tag?post=1672"}],"curies":[{"name":"wp","href":"https:\/\/api.w.org\/{rel}","templated":true}]}}