{"id":1673,"date":"2026-01-15T15:06:46","date_gmt":"2026-01-15T15:06:46","guid":{"rendered":"https:\/\/softsrl.pl\/?post_type=product&#038;p=1673"},"modified":"2026-01-18T18:55:08","modified_gmt":"2026-01-18T18:55:08","slug":"premiere-pro-2025-lightroom-classic-2021-i-windows","status":"publish","type":"product","link":"https:\/\/softsrl.pl\/pl\/produkt\/premiere-pro-2025-lightroom-classic-2021-i-windows\/","title":{"rendered":"Premiere Pro 2025 + Lightroom Classic 2021 I Windows"},"content":{"rendered":"<p data-start=\"0\" data-end=\"429\">Ten pakiet \u0142\u0105czy <strong data-start=\"17\" data-end=\"79\">dwa najwa\u017cniejsze narz\u0119dzia do tworzenia tre\u015bci wizualnych<\/strong>. Premiere Pro 2025 oferuje <em data-start=\"107\" data-end=\"167\">kompletny zestaw narz\u0119dzi do profesjonalnego monta\u017cu wideo<\/em>, natomiast Lightroom Classic 2021 jest <strong data-start=\"207\" data-end=\"269\">niezr\u00f3wnany w organizowaniu, retuszu i postprodukcji zdj\u0119\u0107<\/strong>. Razem tworz\u0105 <strong data-start=\"284\" data-end=\"322\">kompleksowe rozwi\u0105zanie programowe<\/strong>, dzi\u0119ki kt\u00f3remu fotografowie i tw\u00f3rcy wideo mog\u0105 realizowa\u0107 ca\u0142y proces pracy w spos\u00f3b p\u0142ynny i efektywny.<\/p>\n<hr data-start=\"431\" data-end=\"434\" \/>\n<h3 data-start=\"436\" data-end=\"456\">Wa\u017cne informacje<\/h3>\n<p data-start=\"458\" data-end=\"685\">Oprogramowanie dzia\u0142a w <strong data-start=\"482\" data-end=\"502\">systemie Windows<\/strong> i oferuje <em data-start=\"513\" data-end=\"530\">funkcje offline<\/em>. Oznacza to, \u017ce pakiet <strong data-start=\"554\" data-end=\"615\">nie zawiera us\u0142ug online ani dodatk\u00f3w opartych na chmurze<\/strong> \u2014 dost\u0119pne s\u0105 wy\u0142\u0105cznie funkcje zainstalowane lokalnie na komputerze.<\/p>\n<hr data-start=\"687\" data-end=\"690\" \/>\n<h3 data-start=\"692\" data-end=\"742\">Premiere Pro 2025 \u2013 profesjonalny monta\u017c wideo<\/h3>\n<p data-start=\"744\" data-end=\"890\">Premiere Pro 2025 to <strong data-start=\"765\" data-end=\"814\">ulubione narz\u0119dzie filmowc\u00f3w i tw\u00f3rc\u00f3w tre\u015bci<\/strong>, kt\u00f3rzy oczekuj\u0105 najwy\u017cszej jako\u015bci i pe\u0142nej kontroli nad materia\u0142em wideo.<\/p>\n<ul data-start=\"892\" data-end=\"1258\">\n<li data-start=\"892\" data-end=\"995\">\n<p data-start=\"894\" data-end=\"995\">Zaawansowana edycja oparta na <strong data-start=\"924\" data-end=\"937\">osi czasu<\/strong> z wieloma \u015bcie\u017ckami i precyzyjnymi mo\u017cliwo\u015bciami ci\u0119cia<\/p>\n<\/li>\n<li data-start=\"996\" data-end=\"1070\">\n<p data-start=\"998\" data-end=\"1070\"><strong data-start=\"998\" data-end=\"1027\">Korekcja kolor\u00f3w i efekty<\/strong> zapewniaj\u0105ce doskona\u0142e wra\u017cenia wizualne<\/p>\n<\/li>\n<li data-start=\"1071\" data-end=\"1152\">\n<p data-start=\"1073\" data-end=\"1152\"><strong data-start=\"1073\" data-end=\"1105\">Narz\u0119dzia do obs\u0142ugi d\u017awi\u0119ku<\/strong> gwarantuj\u0105ce czyste, profesjonalne brzmienie<\/p>\n<\/li>\n<li data-start=\"1153\" data-end=\"1258\">\n<p data-start=\"1155\" data-end=\"1258\"><strong data-start=\"1155\" data-end=\"1173\">Szybki eksport<\/strong> do wielu format\u00f3w \u2014 od medi\u00f3w spo\u0142eczno\u015bciowych po filmy w wysokiej rozdzielczo\u015bci<\/p>\n<\/li>\n<\/ul>\n<hr data-start=\"1260\" data-end=\"1263\" \/>\n<h3 data-start=\"1265\" data-end=\"1328\">Lightroom Classic 2021 \u2013 niezb\u0119dne narz\u0119dzie dla fotograf\u00f3w<\/h3>\n<p data-start=\"1330\" data-end=\"1454\">Lightroom Classic 2021 stanowi <strong data-start=\"1361\" data-end=\"1406\">idealne rozwi\u0105zanie dla ka\u017cdego fotografa<\/strong>, oferuj\u0105c wydajne i intuicyjne narz\u0119dzia pracy.<\/p>\n<ul data-start=\"1456\" data-end=\"1745\">\n<li data-start=\"1456\" data-end=\"1519\">\n<p data-start=\"1458\" data-end=\"1519\"><strong data-start=\"1458\" data-end=\"1479\">Organizacja zdj\u0119\u0107<\/strong> w szybkich i przejrzystych katalogach<\/p>\n<\/li>\n<li data-start=\"1520\" data-end=\"1607\">\n<p data-start=\"1522\" data-end=\"1607\"><strong data-start=\"1522\" data-end=\"1546\">Profesjonalny retusz<\/strong> za pomoc\u0105 prostych, a jednocze\u015bnie zaawansowanych narz\u0119dzi<\/p>\n<\/li>\n<li data-start=\"1608\" data-end=\"1684\">\n<p data-start=\"1610\" data-end=\"1684\"><strong data-start=\"1610\" data-end=\"1639\">Regulacja kolor\u00f3w i ton\u00f3w<\/strong> pozwalaj\u0105ca uzyska\u0107 po\u017c\u0105dany klimat obrazu<\/p>\n<\/li>\n<li data-start=\"1685\" data-end=\"1745\">\n<p data-start=\"1687\" data-end=\"1745\"><strong data-start=\"1687\" data-end=\"1709\">Obs\u0142uga plik\u00f3w RAW<\/strong> z zachowaniem maksymalnej jako\u015bci<\/p>\n<\/li>\n<\/ul>\n<hr data-start=\"1747\" data-end=\"1750\" \/>\n<h3 data-start=\"1752\" data-end=\"1794\">Dla kogo przeznaczony jest ten pakiet?<\/h3>\n<p data-start=\"1796\" data-end=\"1989\">Ten zestaw jest <strong data-start=\"1812\" data-end=\"1832\">idealnym wyborem<\/strong> dla os\u00f3b zajmuj\u0105cych si\u0119 zar\u00f3wno wideo, jak i fotografi\u0105, a tak\u017ce dla specjalist\u00f3w, kt\u00f3rzy chc\u0105 mie\u0107 <em data-start=\"1934\" data-end=\"1988\">pe\u0142n\u0105 kontrol\u0119 nad ka\u017cdym etapem procesu kreatywnego<\/em>.<\/p>\n<ul data-start=\"1991\" data-end=\"2345\">\n<li data-start=\"1991\" data-end=\"2063\">\n<p data-start=\"1993\" data-end=\"2063\">Tw\u00f3rcy wideo i filmowcy \u2014 pe\u0142na swoboda profesjonalnej postprodukcji<\/p>\n<\/li>\n<li data-start=\"2064\" data-end=\"2129\">\n<p data-start=\"2066\" data-end=\"2129\">Fotografowie \u2014 uporz\u0105dkowany, szybki i efektywny proces pracy<\/p>\n<\/li>\n<li data-start=\"2130\" data-end=\"2196\">\n<p data-start=\"2132\" data-end=\"2196\">Firmy medialne \u2014 kluczowe narz\u0119dzia wizualne w jednym pakiecie<\/p>\n<\/li>\n<li data-start=\"2197\" data-end=\"2268\">\n<p data-start=\"2199\" data-end=\"2268\">Studenci i osoby ucz\u0105ce si\u0119 \u2014 do nauki podstaw edycji zdj\u0119\u0107 i wideo<\/p>\n<\/li>\n<li data-start=\"2269\" data-end=\"2345\">\n<p data-start=\"2271\" data-end=\"2345\">Zespo\u0142y marketingowe \u2014 do kampanii oraz profesjonalnego tworzenia tre\u015bci<\/p>\n<\/li>\n<\/ul>\n<hr data-start=\"2347\" data-end=\"2350\" \/>\n<h3 data-start=\"2352\" data-end=\"2389\">Dlaczego warto wybra\u0107 ten zestaw?<\/h3>\n<p data-start=\"2391\" data-end=\"2705\" data-is-last-node=\"\" data-is-only-node=\"\">Po\u0142\u0105czenie <strong data-start=\"2402\" data-end=\"2423\">Premiere Pro 2025<\/strong> oraz <strong data-start=\"2429\" data-end=\"2455\">Lightroom Classic 2021<\/strong> umo\u017cliwia tworzenie <strong data-start=\"2476\" data-end=\"2540\">doskonale opracowanych zdj\u0119\u0107 i imponuj\u0105cych materia\u0142\u00f3w wideo<\/strong> z surowych plik\u00f3w \u017ar\u00f3d\u0142owych. To jeden z <strong data-start=\"2582\" data-end=\"2638\">najlepszych wybor\u00f3w dla kreatywnych profesjonalist\u00f3w<\/strong>, kt\u00f3rzy d\u0105\u017c\u0105 do najwy\u017cszego poziomu w tworzeniu tre\u015bci wizualnych.<\/p>","protected":false},"excerpt":{"rendered":"<div class=\"flex flex-col text-sm pb-25\">\n<article class=\"text-token-text-primary w-full focus:outline-none [--shadow-height:45px] has-data-writing-block:pointer-events-none has-data-writing-block:-mt-(--shadow-height) has-data-writing-block:pt-(--shadow-height) [&amp;:has([data-writing-block])&gt;*]:pointer-events-auto scroll-mt-[calc(var(--header-height)+min(200px,max(70px,20svh)))]\" dir=\"auto\" tabindex=\"-1\" data-turn-id=\"29f92395-3863-4731-8185-88d2153b3f8f\" data-testid=\"conversation-turn-22\" data-scroll-anchor=\"true\" data-turn=\"assistant\">\n<div class=\"text-base my-auto mx-auto pb-10 [--thread-content-margin:--spacing(4)] @w-sm\/main:[--thread-content-margin:--spacing(6)] @w-lg\/main:[--thread-content-margin:--spacing(16)] px-(--thread-content-margin)\">\n<div class=\"[--thread-content-max-width:40rem] @w-lg\/main:[--thread-content-max-width:48rem] mx-auto max-w-(--thread-content-max-width) flex-1 group\/turn-messages focus-visible:outline-hidden relative flex w-full min-w-0 flex-col agent-turn\" tabindex=\"-1\">\n<div class=\"flex max-w-full flex-col grow\">\n<div class=\"min-h-8 text-message relative flex w-full flex-col items-end gap-2 text-start break-words whitespace-normal [.text-message+&amp;]:mt-1\" dir=\"auto\" data-message-author-role=\"assistant\" data-message-id=\"040ce2c0-cb95-4ff2-a84e-0523cd391e04\" data-message-model-slug=\"gpt-5-2-instant\">\n<div class=\"flex w-full flex-col gap-1 empty:hidden first:pt-[1px]\">\n<div class=\"markdown prose dark:prose-invert w-full break-words light markdown-new-styling\">\n<ul data-start=\"0\" data-end=\"332\" data-is-last-node=\"\" data-is-only-node=\"\">\n<li data-start=\"0\" data-end=\"57\">\n<p data-start=\"2\" data-end=\"57\">\ud83c\udfac <strong data-start=\"5\" data-end=\"26\">Premiere Pro 2025<\/strong> \u2013 profesjonalny monta\u017c wideo<\/p>\n<\/li>\n<li data-start=\"58\" data-end=\"120\">\n<p data-start=\"60\" data-end=\"120\">\ud83d\udcf8 <strong data-start=\"63\" data-end=\"89\">Lightroom Classic 2021<\/strong> \u2013 organizacja i retusz zdj\u0119\u0107<\/p>\n<\/li>\n<li data-start=\"121\" data-end=\"181\">\n<p data-start=\"123\" data-end=\"181\">\ud83d\udcbb <strong data-start=\"126\" data-end=\"148\">Zgodno\u015b\u0107 z Windows<\/strong> \u2013 stabilne i szybkie dzia\u0142anie<\/p>\n<\/li>\n<li data-start=\"182\" data-end=\"248\">\n<p data-start=\"184\" data-end=\"248\">\ud83d\udd12 <strong data-start=\"187\" data-end=\"203\">Tryb offline<\/strong> \u2013 wy\u0142\u0105cznie funkcje zainstalowane lokalnie<\/p>\n<\/li>\n<li data-start=\"249\" data-end=\"332\" data-is-last-node=\"\">\n<p data-start=\"251\" data-end=\"332\" data-is-last-node=\"\">\ud83d\ude80 <strong data-start=\"254\" data-end=\"291\">Kompleksowe rozwi\u0105zanie kreatywne<\/strong> \u2013 edycja zdj\u0119\u0107 i wideo w jednym pakiecie<\/p>\n<\/li>\n<\/ul>\n<\/div>\n<\/div>\n<\/div>\n<\/div>\n<\/div>\n<\/div>\n<\/article>\n<\/div>\n","protected":false},"featured_media":1666,"comment_status":"open","ping_status":"closed","template":"","meta":[],"product_brand":[],"product_cat":[34,52,51,35],"product_tag":[],"class_list":{"0":"post-1673","1":"product","2":"type-product","3":"status-publish","4":"has-post-thumbnail","6":"product_cat-graphical","7":"product_cat-oferty-pakietowe","8":"product_cat-oprogramowanie-graficzne","9":"product_cat-package-deals","11":"first","12":"instock","13":"sale","14":"shipping-taxable","15":"purchasable","16":"product-type-simple"},"_links":{"self":[{"href":"https:\/\/softsrl.pl\/pl\/wp-json\/wp\/v2\/product\/1673","targetHints":{"allow":["GET"]}}],"collection":[{"href":"https:\/\/softsrl.pl\/pl\/wp-json\/wp\/v2\/product"}],"about":[{"href":"https:\/\/softsrl.pl\/pl\/wp-json\/wp\/v2\/types\/product"}],"replies":[{"embeddable":true,"href":"https:\/\/softsrl.pl\/pl\/wp-json\/wp\/v2\/comments?post=1673"}],"wp:featuredmedia":[{"embeddable":true,"href":"https:\/\/softsrl.pl\/pl\/wp-json\/wp\/v2\/media\/1666"}],"wp:attachment":[{"href":"https:\/\/softsrl.pl\/pl\/wp-json\/wp\/v2\/media?parent=1673"}],"wp:term":[{"taxonomy":"product_brand","embeddable":true,"href":"https:\/\/softsrl.pl\/pl\/wp-json\/wp\/v2\/product_brand?post=1673"},{"taxonomy":"product_cat","embeddable":true,"href":"https:\/\/softsrl.pl\/pl\/wp-json\/wp\/v2\/product_cat?post=1673"},{"taxonomy":"product_tag","embeddable":true,"href":"https:\/\/softsrl.pl\/pl\/wp-json\/wp\/v2\/product_tag?post=1673"}],"curies":[{"name":"wp","href":"https:\/\/api.w.org\/{rel}","templated":true}]}}