{"id":1674,"date":"2026-01-15T15:09:44","date_gmt":"2026-01-15T15:09:44","guid":{"rendered":"https:\/\/softsrl.pl\/?post_type=product&#038;p=1674"},"modified":"2026-01-18T18:54:52","modified_gmt":"2026-01-18T18:54:52","slug":"premiere-pro-2025-indesign-2021-i-windows","status":"publish","type":"product","link":"https:\/\/softsrl.pl\/pl\/produkt\/premiere-pro-2025-indesign-2021-i-windows\/","title":{"rendered":"Premiere Pro 2025 + InDesign 2021 I Windows"},"content":{"rendered":"<div class=\"flex flex-col text-sm pb-25\">\n<article class=\"text-token-text-primary w-full focus:outline-none [--shadow-height:45px] has-data-writing-block:pointer-events-none has-data-writing-block:-mt-(--shadow-height) has-data-writing-block:pt-(--shadow-height) [&amp;:has([data-writing-block])&gt;*]:pointer-events-auto scroll-mt-[calc(var(--header-height)+min(200px,max(70px,20svh)))]\" dir=\"auto\" tabindex=\"-1\" data-turn-id=\"cfee045e-73d0-4768-9bd1-d8cd050519de\" data-testid=\"conversation-turn-24\" data-scroll-anchor=\"true\" data-turn=\"assistant\">\n<div class=\"text-base my-auto mx-auto pb-10 [--thread-content-margin:--spacing(4)] @w-sm\/main:[--thread-content-margin:--spacing(6)] @w-lg\/main:[--thread-content-margin:--spacing(16)] px-(--thread-content-margin)\">\n<div class=\"[--thread-content-max-width:40rem] @w-lg\/main:[--thread-content-max-width:48rem] mx-auto max-w-(--thread-content-max-width) flex-1 group\/turn-messages focus-visible:outline-hidden relative flex w-full min-w-0 flex-col agent-turn\" tabindex=\"-1\">\n<div class=\"flex max-w-full flex-col grow\">\n<div class=\"min-h-8 text-message relative flex w-full flex-col items-end gap-2 text-start break-words whitespace-normal [.text-message+&amp;]:mt-1\" dir=\"auto\" data-message-author-role=\"assistant\" data-message-id=\"341b13ac-b287-4480-b5a9-f2a4f00a12cd\" data-message-model-slug=\"gpt-5-2-instant\">\n<div class=\"flex w-full flex-col gap-1 empty:hidden first:pt-[1px]\">\n<div class=\"markdown prose dark:prose-invert w-full break-words light markdown-new-styling\">\n<p data-start=\"0\" data-end=\"487\">Ten pakiet \u0142\u0105czy <strong data-start=\"17\" data-end=\"43\">dwa kluczowe narz\u0119dzia<\/strong> do monta\u017cu wideo oraz <em data-start=\"66\" data-end=\"92\">projektowania publikacji<\/em>. Premiere Pro 2025 zapewnia <strong data-start=\"121\" data-end=\"149\">kompletny zestaw funkcji<\/strong> do tworzenia nowoczesnych materia\u0142\u00f3w wideo w wysokiej rozdzielczo\u015bci, natomiast InDesign 2021 oferuje <em data-start=\"252\" data-end=\"277\">zaawansowane mo\u017cliwo\u015bci<\/em> w obszarze publikacji drukowanych i cyfrowych. Razem stanowi\u0105 <strong data-start=\"340\" data-end=\"357\">idealny wyb\u00f3r<\/strong> dla agencji reklamowych, firm medialnych, kreatywnych specjalist\u00f3w oraz wszystkich, kt\u00f3rzy realizuj\u0105 <em data-start=\"459\" data-end=\"486\">z\u0142o\u017cone projekty wizualne<\/em>.<\/p>\n<hr data-start=\"489\" data-end=\"492\" \/>\n<h3 data-start=\"494\" data-end=\"514\">Wa\u017cne informacje<\/h3>\n<p data-start=\"516\" data-end=\"743\">Oprogramowanie dzia\u0142a w <strong data-start=\"540\" data-end=\"560\">systemie Windows<\/strong> i oferuje <em data-start=\"571\" data-end=\"588\">funkcje offline<\/em>. Oznacza to, \u017ce pakiet <strong data-start=\"612\" data-end=\"673\">nie zawiera us\u0142ug online ani dodatk\u00f3w opartych na chmurze<\/strong> \u2014 dost\u0119pne s\u0105 wy\u0142\u0105cznie funkcje zainstalowane lokalnie na komputerze.<\/p>\n<hr data-start=\"745\" data-end=\"748\" \/>\n<h3 data-start=\"750\" data-end=\"799\">Premiere Pro 2025 \u2013 zaawansowany monta\u017c wideo<\/h3>\n<p data-start=\"801\" data-end=\"972\">Premiere Pro 2025 dostarcza <strong data-start=\"829\" data-end=\"914\">narz\u0119dzia odpowiednie zar\u00f3wno dla pocz\u0105tkuj\u0105cych, jak i profesjonalnych filmowc\u00f3w<\/strong>, umo\u017cliwiaj\u0105c efektywn\u0105 prac\u0119 na ka\u017cdym etapie produkcji.<\/p>\n<ul data-start=\"974\" data-end=\"1254\">\n<li data-start=\"974\" data-end=\"1050\">\n<p data-start=\"976\" data-end=\"1050\">Edycja oparta na <strong data-start=\"993\" data-end=\"1006\">osi czasu<\/strong> z wieloma \u015bcie\u017ckami i precyzyjn\u0105 kontrol\u0105<\/p>\n<\/li>\n<li data-start=\"1051\" data-end=\"1123\">\n<p data-start=\"1053\" data-end=\"1123\"><strong data-start=\"1053\" data-end=\"1086\">Zaawansowana korekcja kolor\u00f3w<\/strong> oraz mo\u017cliwo\u015bci efekt\u00f3w wizualnych<\/p>\n<\/li>\n<li data-start=\"1124\" data-end=\"1170\">\n<p data-start=\"1126\" data-end=\"1170\"><strong data-start=\"1126\" data-end=\"1168\">Mikser d\u017awi\u0119ku i funkcje poprawy audio<\/strong><\/p>\n<\/li>\n<li data-start=\"1171\" data-end=\"1254\">\n<p data-start=\"1173\" data-end=\"1254\"><strong data-start=\"1173\" data-end=\"1191\">Szybki eksport<\/strong> na platformy spo\u0142eczno\u015bciowe lub do format\u00f3w profesjonalnych<\/p>\n<\/li>\n<\/ul>\n<hr data-start=\"1256\" data-end=\"1259\" \/>\n<h3 data-start=\"1261\" data-end=\"1319\">InDesign 2021 \u2013 profesjonalne projektowanie publikacji<\/h3>\n<p data-start=\"1321\" data-end=\"1408\">InDesign 2021 zapewnia <strong data-start=\"1344\" data-end=\"1364\">wysok\u0105 wydajno\u015b\u0107<\/strong> w tworzeniu tre\u015bci drukowanych i cyfrowych:<\/p>\n<ul data-start=\"1410\" data-end=\"1687\">\n<li data-start=\"1410\" data-end=\"1470\">\n<p data-start=\"1412\" data-end=\"1470\">Projektowanie <strong data-start=\"1426\" data-end=\"1468\">magazyn\u00f3w, ksi\u0105\u017cek, broszur i plakat\u00f3w<\/strong><\/p>\n<\/li>\n<li data-start=\"1471\" data-end=\"1550\">\n<p data-start=\"1473\" data-end=\"1550\">Szeroki wyb\u00f3r <strong data-start=\"1487\" data-end=\"1515\">narz\u0119dzi typograficznych<\/strong> i precyzyjne zarz\u0105dzanie tekstem<\/p>\n<\/li>\n<li data-start=\"1551\" data-end=\"1618\">\n<p data-start=\"1553\" data-end=\"1618\"><strong data-start=\"1553\" data-end=\"1588\">Kreatywne projektowanie uk\u0142ad\u00f3w<\/strong> w prosty i efektywny spos\u00f3b<\/p>\n<\/li>\n<li data-start=\"1619\" data-end=\"1687\">\n<p data-start=\"1621\" data-end=\"1687\"><strong data-start=\"1621\" data-end=\"1632\">Eksport<\/strong> do format\u00f3w PDF, ePub oraz innych format\u00f3w cyfrowych<\/p>\n<\/li>\n<\/ul>\n<hr data-start=\"1689\" data-end=\"1692\" \/>\n<h3 data-start=\"1694\" data-end=\"1736\">Dla kogo przeznaczony jest ten pakiet?<\/h3>\n<p data-start=\"1738\" data-end=\"1886\">Ten zestaw jest <strong data-start=\"1754\" data-end=\"1781\">doskona\u0142ym rozwi\u0105zaniem<\/strong> dla kreatywnych profesjonalist\u00f3w oraz organizacji, kt\u00f3re potrzebuj\u0105 wszechstronnych narz\u0119dzi wizualnych.<\/p>\n<ul data-start=\"1888\" data-end=\"2315\">\n<li data-start=\"1888\" data-end=\"1982\">\n<p data-start=\"1890\" data-end=\"1982\">Tw\u00f3rcy wideo i autorzy tre\u015bci \u2014 do realizacji <strong data-start=\"1936\" data-end=\"1980\">film\u00f3w, reklam i materia\u0142\u00f3w promocyjnych<\/strong><\/p>\n<\/li>\n<li data-start=\"1983\" data-end=\"2069\">\n<p data-start=\"1985\" data-end=\"2069\">Projektanci publikacji i graficy \u2014 do tworzenia <strong data-start=\"2033\" data-end=\"2067\">magazyn\u00f3w, katalog\u00f3w i broszur<\/strong><\/p>\n<\/li>\n<li data-start=\"2070\" data-end=\"2146\">\n<p data-start=\"2072\" data-end=\"2146\">Zespo\u0142y marketingowe \u2014 do realizacji <strong data-start=\"2109\" data-end=\"2144\">wizualnie anga\u017cuj\u0105cych kampanii<\/strong><\/p>\n<\/li>\n<li data-start=\"2147\" data-end=\"2228\">\n<p data-start=\"2149\" data-end=\"2228\">Studenci i wyk\u0142adowcy \u2014 do nauki <strong data-start=\"2182\" data-end=\"2226\">kluczowych technologii bran\u017cy kreatywnej<\/strong><\/p>\n<\/li>\n<li data-start=\"2229\" data-end=\"2315\">\n<p data-start=\"2231\" data-end=\"2315\">Firmy \u2014 do przygotowywania <strong data-start=\"2258\" data-end=\"2313\">profesjonalnych materia\u0142\u00f3w wizualnych i drukowanych<\/strong><\/p>\n<\/li>\n<\/ul>\n<hr data-start=\"2317\" data-end=\"2320\" \/>\n<h3 data-start=\"2322\" data-end=\"2341\">Dlaczego warto?<\/h3>\n<p data-start=\"2343\" data-end=\"2696\" data-is-last-node=\"\" data-is-only-node=\"\">Po\u0142\u0105czenie <strong data-start=\"2354\" data-end=\"2375\">Premiere Pro 2025<\/strong> oraz <strong data-start=\"2381\" data-end=\"2398\">InDesign 2021<\/strong> tworzy <em data-start=\"2406\" data-end=\"2432\">wyj\u0105tkowo efektywny duet<\/em>: jedno narz\u0119dzie wynosi tre\u015bci wideo na wy\u017cszy poziom, drugie natomiast przyspiesza i precyzuje proces tworzenia publikacji drukowanych i cyfrowych. Dzi\u0119ki temu w jednym pakiecie otrzymujesz <strong data-start=\"2624\" data-end=\"2695\">wszystko, czego potrzebujesz do kompleksowego, kreatywnego workflow<\/strong>.<\/p>\n<\/div>\n<\/div>\n<\/div>\n<\/div>\n<\/div>\n<\/div>\n<\/article>\n<\/div>\n","protected":false},"excerpt":{"rendered":"<article class=\"text-token-text-primary w-full focus:outline-none [--shadow-height:45px] has-data-writing-block:pointer-events-none has-data-writing-block:-mt-(--shadow-height) has-data-writing-block:pt-(--shadow-height) [&amp;:has([data-writing-block])&gt;*]:pointer-events-auto scroll-mt-[calc(var(--header-height)+min(200px,max(70px,20svh)))]\" dir=\"auto\" tabindex=\"-1\" data-turn-id=\"d3afc817-5fe3-433d-9354-2056a20a2532\" data-testid=\"conversation-turn-20\" data-scroll-anchor=\"false\" data-turn=\"assistant\">\n<div class=\"text-base my-auto mx-auto [--thread-content-margin:--spacing(4)] @w-sm\/main:[--thread-content-margin:--spacing(6)] @w-lg\/main:[--thread-content-margin:--spacing(16)] px-(--thread-content-margin)\">\n<div class=\"[--thread-content-max-width:40rem] @w-lg\/main:[--thread-content-max-width:48rem] mx-auto max-w-(--thread-content-max-width) flex-1 group\/turn-messages focus-visible:outline-hidden relative flex w-full min-w-0 flex-col agent-turn\" tabindex=\"-1\">\n<div class=\"flex max-w-full flex-col grow\">\n<div class=\"min-h-8 text-message relative flex w-full flex-col items-end gap-2 text-start break-words whitespace-normal [.text-message+&amp;]:mt-1\" dir=\"auto\" data-message-author-role=\"assistant\" data-message-id=\"21c64044-4186-4c89-ac42-71b55d0923e9\" data-message-model-slug=\"gpt-5-2-instant\">\n<div class=\"flex w-full flex-col gap-1 empty:hidden first:pt-[1px]\">\n<div class=\"streaming-animation markdown prose dark:prose-invert w-full break-words light markdown-new-styling\">\n<ul data-start=\"0\" data-end=\"350\" data-is-last-node=\"\" data-is-only-node=\"\">\n<li data-start=\"0\" data-end=\"57\">\n<p data-start=\"2\" data-end=\"57\">\ud83c\udfac <strong data-start=\"5\" data-end=\"26\">Premiere Pro 2025<\/strong> \u2013 profesjonalny monta\u017c wideo<\/p>\n<\/li>\n<li data-start=\"58\" data-end=\"137\">\n<p data-start=\"60\" data-end=\"137\">\ud83d\udcd6 <strong data-start=\"63\" data-end=\"80\">InDesign 2021<\/strong> \u2013 projektowanie publikacji do druku i tre\u015bci cyfrowych<\/p>\n<\/li>\n<li data-start=\"138\" data-end=\"206\">\n<p data-start=\"140\" data-end=\"206\">\ud83d\udcbb <strong data-start=\"143\" data-end=\"163\">Wsparcie Windows<\/strong> \u2013 niezawodne dzia\u0142anie na komputerach PC<\/p>\n<\/li>\n<li data-start=\"207\" data-end=\"280\">\n<p data-start=\"209\" data-end=\"280\">\ud83d\udd12 <strong data-start=\"212\" data-end=\"231\">Funkcje offline<\/strong> \u2013 wy\u0142\u0105cznie rozwi\u0105zania zainstalowane lokalnie<\/p>\n<\/li>\n<li data-start=\"281\" data-end=\"350\" data-is-last-node=\"\">\n<p data-start=\"283\" data-end=\"350\" data-is-last-node=\"\">\ud83d\ude80 <strong data-start=\"286\" data-end=\"311\">Pe\u0142na swoboda tw\u00f3rcza<\/strong> \u2013 wideo i publikacje w jednym pakiecie<\/p>\n<\/li>\n<\/ul>\n<\/div>\n<\/div>\n<\/div>\n<\/div>\n<\/div>\n<\/div>\n<\/article>\n","protected":false},"featured_media":1665,"comment_status":"open","ping_status":"closed","template":"","meta":[],"product_brand":[],"product_cat":[34,52,51,35],"product_tag":[],"class_list":{"0":"post-1674","1":"product","2":"type-product","3":"status-publish","4":"has-post-thumbnail","6":"product_cat-graphical","7":"product_cat-oferty-pakietowe","8":"product_cat-oprogramowanie-graficzne","9":"product_cat-package-deals","11":"first","12":"instock","13":"sale","14":"shipping-taxable","15":"purchasable","16":"product-type-simple"},"_links":{"self":[{"href":"https:\/\/softsrl.pl\/pl\/wp-json\/wp\/v2\/product\/1674","targetHints":{"allow":["GET"]}}],"collection":[{"href":"https:\/\/softsrl.pl\/pl\/wp-json\/wp\/v2\/product"}],"about":[{"href":"https:\/\/softsrl.pl\/pl\/wp-json\/wp\/v2\/types\/product"}],"replies":[{"embeddable":true,"href":"https:\/\/softsrl.pl\/pl\/wp-json\/wp\/v2\/comments?post=1674"}],"wp:featuredmedia":[{"embeddable":true,"href":"https:\/\/softsrl.pl\/pl\/wp-json\/wp\/v2\/media\/1665"}],"wp:attachment":[{"href":"https:\/\/softsrl.pl\/pl\/wp-json\/wp\/v2\/media?parent=1674"}],"wp:term":[{"taxonomy":"product_brand","embeddable":true,"href":"https:\/\/softsrl.pl\/pl\/wp-json\/wp\/v2\/product_brand?post=1674"},{"taxonomy":"product_cat","embeddable":true,"href":"https:\/\/softsrl.pl\/pl\/wp-json\/wp\/v2\/product_cat?post=1674"},{"taxonomy":"product_tag","embeddable":true,"href":"https:\/\/softsrl.pl\/pl\/wp-json\/wp\/v2\/product_tag?post=1674"}],"curies":[{"name":"wp","href":"https:\/\/api.w.org\/{rel}","templated":true}]}}