{"id":1675,"date":"2026-01-15T15:10:52","date_gmt":"2026-01-15T15:10:52","guid":{"rendered":"https:\/\/softsrl.pl\/?post_type=product&#038;p=1675"},"modified":"2026-01-18T18:54:30","modified_gmt":"2026-01-18T18:54:30","slug":"premiere-pro-2025-illustrator-2021-i-windows","status":"publish","type":"product","link":"https:\/\/softsrl.pl\/pl\/produkt\/premiere-pro-2025-illustrator-2021-i-windows\/","title":{"rendered":"Premiere Pro 2025 + Illustrator 2021 I Windows"},"content":{"rendered":"<article class=\"text-token-text-primary w-full focus:outline-none [--shadow-height:45px] has-data-writing-block:pointer-events-none has-data-writing-block:-mt-(--shadow-height) has-data-writing-block:pt-(--shadow-height) [&amp;:has([data-writing-block])&gt;*]:pointer-events-auto scroll-mt-[calc(var(--header-height)+min(200px,max(70px,20svh)))]\" dir=\"auto\" tabindex=\"-1\" data-turn-id=\"66b92260-60a7-4297-9a53-284fd289d94f\" data-testid=\"conversation-turn-26\" data-scroll-anchor=\"false\" data-turn=\"assistant\">\n<div class=\"text-base my-auto mx-auto [--thread-content-margin:--spacing(4)] @w-sm\/main:[--thread-content-margin:--spacing(6)] @w-lg\/main:[--thread-content-margin:--spacing(16)] px-(--thread-content-margin)\">\n<div class=\"[--thread-content-max-width:40rem] @w-lg\/main:[--thread-content-max-width:48rem] mx-auto max-w-(--thread-content-max-width) flex-1 group\/turn-messages focus-visible:outline-hidden relative flex w-full min-w-0 flex-col agent-turn\" tabindex=\"-1\">\n<div class=\"flex max-w-full flex-col grow\">\n<div class=\"min-h-8 text-message relative flex w-full flex-col items-end gap-2 text-start break-words whitespace-normal [.text-message+&amp;]:mt-1\" dir=\"auto\" data-message-author-role=\"assistant\" data-message-id=\"b02ecde2-4f47-4db2-b80f-af4d4585d67f\" data-message-model-slug=\"gpt-5-2-instant\">\n<div class=\"flex w-full flex-col gap-1 empty:hidden first:pt-[1px]\">\n<div class=\"markdown prose dark:prose-invert w-full break-words light markdown-new-styling\">\n<p data-start=\"0\" data-end=\"468\">Ten pakiet oprogramowania spe\u0142nia potrzeby <strong data-start=\"43\" data-end=\"74\">tworzenia tre\u015bci wizualnych<\/strong> oraz <em data-start=\"80\" data-end=\"113\">profesjonalnej pracy graficznej<\/em>. Premiere Pro 2025 oferuje <strong data-start=\"141\" data-end=\"185\">najnowocze\u015bniejsze funkcje monta\u017cu wideo<\/strong>, natomiast Illustrator 2021 zapewnia <em data-start=\"223\" data-end=\"295\">niezr\u00f3wnane narz\u0119dzia do precyzyjnego projektowania grafiki wektorowej<\/em>. Razem tworz\u0105 <strong data-start=\"310\" data-end=\"337\">kompleksowe rozwi\u0105zanie<\/strong>, dzi\u0119ki kt\u00f3remu ca\u0142y proces kreatywny \u2014 <em data-start=\"378\" data-end=\"433\">od projektowania logo po realizacj\u0119 filmu reklamowego<\/em> \u2014 jest dost\u0119pny w jednym pakiecie.<\/p>\n<hr data-start=\"470\" data-end=\"473\" \/>\n<h3 data-start=\"475\" data-end=\"495\">Wa\u017cne informacje<\/h3>\n<p data-start=\"497\" data-end=\"724\">Oprogramowanie dzia\u0142a w <strong data-start=\"521\" data-end=\"541\">systemie Windows<\/strong> i oferuje <em data-start=\"552\" data-end=\"569\">funkcje offline<\/em>. Oznacza to, \u017ce pakiet <strong data-start=\"593\" data-end=\"654\">nie zawiera us\u0142ug online ani dodatk\u00f3w opartych na chmurze<\/strong> \u2014 dost\u0119pne s\u0105 wy\u0142\u0105cznie funkcje zainstalowane lokalnie na komputerze.<\/p>\n<hr data-start=\"726\" data-end=\"729\" \/>\n<h3 data-start=\"731\" data-end=\"781\">Premiere Pro 2025 \u2013 profesjonalny monta\u017c wideo<\/h3>\n<p data-start=\"783\" data-end=\"865\">Premiere Pro 2025 to <strong data-start=\"804\" data-end=\"821\">idealny wyb\u00f3r<\/strong> dla specjalist\u00f3w wideo oraz tw\u00f3rc\u00f3w tre\u015bci.<\/p>\n<ul data-start=\"867\" data-end=\"1182\">\n<li data-start=\"867\" data-end=\"943\">\n<p data-start=\"869\" data-end=\"943\">Monta\u017c oparty na <strong data-start=\"886\" data-end=\"899\">osi czasu<\/strong> z wieloma \u015bcie\u017ckami i precyzyjn\u0105 kontrol\u0105<\/p>\n<\/li>\n<li data-start=\"944\" data-end=\"1036\">\n<p data-start=\"946\" data-end=\"1036\"><strong data-start=\"946\" data-end=\"979\">Zaawansowana korekcja kolor\u00f3w<\/strong> oraz efekty wizualne zapewniaj\u0105ce profesjonalny wygl\u0105d<\/p>\n<\/li>\n<li data-start=\"1037\" data-end=\"1096\">\n<p data-start=\"1039\" data-end=\"1096\"><strong data-start=\"1039\" data-end=\"1058\">Narz\u0119dzia audio<\/strong> do czyszczenia i miksowania d\u017awi\u0119ku<\/p>\n<\/li>\n<li data-start=\"1097\" data-end=\"1182\">\n<p data-start=\"1099\" data-end=\"1182\"><strong data-start=\"1099\" data-end=\"1130\">R\u00f3\u017cnorodne formaty eksportu<\/strong> \u2014 od medi\u00f3w spo\u0142eczno\u015bciowych po produkcje kinowe<\/p>\n<\/li>\n<\/ul>\n<hr data-start=\"1184\" data-end=\"1187\" \/>\n<h3 data-start=\"1189\" data-end=\"1245\">Illustrator 2021 \u2013 kreatywne projektowanie graficzne<\/h3>\n<p data-start=\"1247\" data-end=\"1377\">Illustrator 2021 to <strong data-start=\"1267\" data-end=\"1310\">podstawowe narz\u0119dzie grafiki wektorowej<\/strong>, umo\u017cliwiaj\u0105ce dok\u0142adn\u0105, skalowaln\u0105 i w pe\u0142ni profesjonaln\u0105 prac\u0119.<\/p>\n<ul data-start=\"1379\" data-end=\"1673\">\n<li data-start=\"1379\" data-end=\"1467\">\n<p data-start=\"1381\" data-end=\"1467\"><strong data-start=\"1381\" data-end=\"1429\">Projektowanie logo i identyfikacji wizualnej<\/strong> z dba\u0142o\u015bci\u0105 o najdrobniejsze detale<\/p>\n<\/li>\n<li data-start=\"1468\" data-end=\"1526\">\n<p data-start=\"1470\" data-end=\"1526\">Tworzenie <strong data-start=\"1480\" data-end=\"1507\">ilustracji i infografik<\/strong> w dowolnym stylu<\/p>\n<\/li>\n<li data-start=\"1527\" data-end=\"1601\">\n<p data-start=\"1529\" data-end=\"1601\"><strong data-start=\"1529\" data-end=\"1571\">Zaawansowane rozwi\u0105zania typograficzne<\/strong> z precyzyjn\u0105 obs\u0142ug\u0105 tekstu<\/p>\n<\/li>\n<li data-start=\"1602\" data-end=\"1673\">\n<p data-start=\"1604\" data-end=\"1673\"><strong data-start=\"1604\" data-end=\"1636\">Wszechstronne opcje eksportu<\/strong> do druku oraz zastosowa\u0144 cyfrowych<\/p>\n<\/li>\n<\/ul>\n<hr data-start=\"1675\" data-end=\"1678\" \/>\n<h3 data-start=\"1680\" data-end=\"1722\">Dla kogo przeznaczony jest ten pakiet?<\/h3>\n<p data-start=\"1724\" data-end=\"1770\">Ten zestaw jest <strong data-start=\"1740\" data-end=\"1765\">idealnym rozwi\u0105zaniem<\/strong> dla:<\/p>\n<ul data-start=\"1772\" data-end=\"2176\">\n<li data-start=\"1772\" data-end=\"1861\">\n<p data-start=\"1774\" data-end=\"1861\">Specjalist\u00f3w wideo tworz\u0105cych tre\u015bci do <strong data-start=\"1814\" data-end=\"1859\">reklam, medi\u00f3w spo\u0142eczno\u015bciowych i film\u00f3w<\/strong><\/p>\n<\/li>\n<li data-start=\"1862\" data-end=\"1935\">\n<p data-start=\"1864\" data-end=\"1935\">Grafik\u00f3w projektuj\u0105cych <strong data-start=\"1888\" data-end=\"1933\">logo, ilustracje oraz materia\u0142y kreatywne<\/strong><\/p>\n<\/li>\n<li data-start=\"1936\" data-end=\"2023\">\n<p data-start=\"1938\" data-end=\"2023\">Zespo\u0142\u00f3w marketingowych przygotowuj\u0105cych <strong data-start=\"1979\" data-end=\"2021\">materia\u0142y wizualne i wideo do kampanii<\/strong><\/p>\n<\/li>\n<li data-start=\"2024\" data-end=\"2106\">\n<p data-start=\"2026\" data-end=\"2106\">Student\u00f3w i wyk\u0142adowc\u00f3w ucz\u0105cych si\u0119 <strong data-start=\"2063\" data-end=\"2104\">kluczowych narz\u0119dzi bran\u017cy kreatywnej<\/strong><\/p>\n<\/li>\n<li data-start=\"2107\" data-end=\"2176\">\n<p data-start=\"2109\" data-end=\"2176\">Ma\u0142ych i du\u017cych firm tworz\u0105cych <strong data-start=\"2141\" data-end=\"2174\">profesjonalne tre\u015bci wizualne<\/strong><\/p>\n<\/li>\n<\/ul>\n<hr data-start=\"2178\" data-end=\"2181\" \/>\n<h3 data-start=\"2183\" data-end=\"2220\">Dlaczego warto wybra\u0107 ten zestaw?<\/h3>\n<p data-start=\"2222\" data-end=\"2514\" data-is-last-node=\"\" data-is-only-node=\"\">Po\u0142\u0105czenie <strong data-start=\"2233\" data-end=\"2254\">Premiere Pro 2025<\/strong> oraz <strong data-start=\"2260\" data-end=\"2280\">Illustrator 2021<\/strong> obejmuje <em data-start=\"2290\" data-end=\"2335\">pe\u0142ne spektrum tworzenia tre\u015bci kreatywnych<\/em>. Monta\u017c wideo i projektowanie grafiki wzajemnie si\u0119 uzupe\u0142niaj\u0105, pozwalaj\u0105c <strong data-start=\"2412\" data-end=\"2449\">oszcz\u0119dza\u0107 czas, energi\u0119 i koszty<\/strong>, przy jednoczesnym zachowaniu <strong data-start=\"2480\" data-end=\"2513\">najwy\u017cszej jako\u015bci rezultat\u00f3w<\/strong>.<\/p>\n<\/div>\n<\/div>\n<\/div>\n<\/div>\n<\/div>\n<\/div>\n<\/article>\n","protected":false},"excerpt":{"rendered":"<ul>\n<li data-start=\"0\" data-end=\"57\">\n<p data-start=\"2\" data-end=\"57\">\ud83c\udfac <strong data-start=\"5\" data-end=\"26\">Premiere Pro 2025<\/strong> \u2013 profesjonalny monta\u017c wideo<\/p>\n<\/li>\n<li data-start=\"58\" data-end=\"131\">\n<p data-start=\"60\" data-end=\"131\">\ud83c\udfa8 <strong data-start=\"63\" data-end=\"83\">Illustrator 2021<\/strong> \u2013 precyzyjne projektowanie grafiki wektorowej<\/p>\n<\/li>\n<li data-start=\"132\" data-end=\"184\">\n<p data-start=\"134\" data-end=\"184\">\ud83d\udcbb <strong data-start=\"137\" data-end=\"159\">Zgodno\u015b\u0107 z Windows<\/strong> \u2013 niezawodne dzia\u0142anie<\/p>\n<\/li>\n<li data-start=\"185\" data-end=\"258\">\n<p data-start=\"187\" data-end=\"258\">\ud83d\udd12 <strong data-start=\"190\" data-end=\"209\">Funkcje offline<\/strong> \u2013 wy\u0142\u0105cznie rozwi\u0105zania zainstalowane lokalnie<\/p>\n<\/li>\n<li data-start=\"259\" data-end=\"331\" data-is-last-node=\"\">\n<p data-start=\"261\" data-end=\"331\" data-is-last-node=\"\">\ud83d\ude80 <strong data-start=\"264\" data-end=\"289\">Pe\u0142na swoboda tw\u00f3rcza<\/strong> \u2013 foto, grafika i wideo w jednym pakiecie<\/p>\n<\/li>\n<\/ul>","protected":false},"featured_media":1664,"comment_status":"open","ping_status":"closed","template":"","meta":[],"product_brand":[],"product_cat":[34,52,51,35],"product_tag":[],"class_list":{"0":"post-1675","1":"product","2":"type-product","3":"status-publish","4":"has-post-thumbnail","6":"product_cat-graphical","7":"product_cat-oferty-pakietowe","8":"product_cat-oprogramowanie-graficzne","9":"product_cat-package-deals","11":"first","12":"instock","13":"sale","14":"shipping-taxable","15":"purchasable","16":"product-type-simple"},"_links":{"self":[{"href":"https:\/\/softsrl.pl\/pl\/wp-json\/wp\/v2\/product\/1675","targetHints":{"allow":["GET"]}}],"collection":[{"href":"https:\/\/softsrl.pl\/pl\/wp-json\/wp\/v2\/product"}],"about":[{"href":"https:\/\/softsrl.pl\/pl\/wp-json\/wp\/v2\/types\/product"}],"replies":[{"embeddable":true,"href":"https:\/\/softsrl.pl\/pl\/wp-json\/wp\/v2\/comments?post=1675"}],"wp:featuredmedia":[{"embeddable":true,"href":"https:\/\/softsrl.pl\/pl\/wp-json\/wp\/v2\/media\/1664"}],"wp:attachment":[{"href":"https:\/\/softsrl.pl\/pl\/wp-json\/wp\/v2\/media?parent=1675"}],"wp:term":[{"taxonomy":"product_brand","embeddable":true,"href":"https:\/\/softsrl.pl\/pl\/wp-json\/wp\/v2\/product_brand?post=1675"},{"taxonomy":"product_cat","embeddable":true,"href":"https:\/\/softsrl.pl\/pl\/wp-json\/wp\/v2\/product_cat?post=1675"},{"taxonomy":"product_tag","embeddable":true,"href":"https:\/\/softsrl.pl\/pl\/wp-json\/wp\/v2\/product_tag?post=1675"}],"curies":[{"name":"wp","href":"https:\/\/api.w.org\/{rel}","templated":true}]}}