{"id":1676,"date":"2026-01-15T15:12:25","date_gmt":"2026-01-15T15:12:25","guid":{"rendered":"https:\/\/softsrl.pl\/?post_type=product&#038;p=1676"},"modified":"2026-01-18T18:54:08","modified_gmt":"2026-01-18T18:54:08","slug":"premiere-pro-2025-photoshop-2021-i-windows","status":"publish","type":"product","link":"https:\/\/softsrl.pl\/pl\/produkt\/premiere-pro-2025-photoshop-2021-i-windows\/","title":{"rendered":"Premiere Pro 2025 + Photoshop 2021 I Windows"},"content":{"rendered":"<p data-start=\"0\" data-end=\"498\">Ten pakiet oprogramowania to <strong data-start=\"29\" data-end=\"57\">doskona\u0142y wyb\u00f3r dla os\u00f3b<\/strong>, kt\u00f3re chc\u0105 mie\u0107 <em data-start=\"75\" data-end=\"124\">pe\u0142n\u0105 kontrol\u0119 nad swoimi tre\u015bciami kreatywnymi<\/em> \u2014 niezale\u017cnie od tego, czy chodzi o tworzenie i edycj\u0119 film\u00f3w, spot\u00f3w reklamowych czy zdj\u0119\u0107. Premiere Pro 2025 oferuje <strong data-start=\"244\" data-end=\"305\">najbardziej zaawansowane narz\u0119dzia do postprodukcji wideo<\/strong>, natomiast Photoshop 2021 zapewnia <em data-start=\"341\" data-end=\"424\">niezr\u00f3wnane wsparcie w edycji zdj\u0119\u0107, retuszu oraz tworzeniu element\u00f3w graficznych<\/em>. Razem tworz\u0105 <strong data-start=\"439\" data-end=\"457\">niezb\u0119dny duet<\/strong> dla ka\u017cdego kreatywnego profesjonalisty.<\/p>\n<hr data-start=\"500\" data-end=\"503\" \/>\n<h3 data-start=\"505\" data-end=\"545\">Funkcjonalno\u015b\u0107 i wymagania systemowe<\/h3>\n<p data-start=\"547\" data-end=\"774\">Oprogramowanie dzia\u0142a w <strong data-start=\"571\" data-end=\"591\">systemie Windows<\/strong> i oferuje <em data-start=\"602\" data-end=\"619\">funkcje offline<\/em>. Oznacza to, \u017ce pakiet <strong data-start=\"643\" data-end=\"704\">nie zawiera us\u0142ug online ani dodatk\u00f3w opartych na chmurze<\/strong> \u2014 dost\u0119pne s\u0105 wy\u0142\u0105cznie funkcje zainstalowane lokalnie na komputerze.<\/p>\n<hr data-start=\"776\" data-end=\"779\" \/>\n<h3 data-start=\"781\" data-end=\"831\">Premiere Pro 2025 \u2013 profesjonalny monta\u017c wideo<\/h3>\n<p data-start=\"833\" data-end=\"935\">Premiere Pro 2025 zapewnia <strong data-start=\"860\" data-end=\"891\">kompleksowy zestaw narz\u0119dzi<\/strong> przeznaczonych do obr\u00f3bki materia\u0142\u00f3w wideo.<\/p>\n<ul data-start=\"937\" data-end=\"1270\">\n<li data-start=\"937\" data-end=\"1030\">\n<p data-start=\"939\" data-end=\"1030\"><strong data-start=\"939\" data-end=\"975\">Zaawansowane narz\u0119dzia monta\u017cowe<\/strong> \u2013 precyzyjna edycja na osi czasu z wieloma \u015bcie\u017ckami<\/p>\n<\/li>\n<li data-start=\"1031\" data-end=\"1122\">\n<p data-start=\"1033\" data-end=\"1122\"><strong data-start=\"1033\" data-end=\"1071\">Korekcja kolor\u00f3w i efekty wizualne<\/strong> \u2013 efektowne rozwi\u0105zania podnosz\u0105ce jako\u015b\u0107 obrazu<\/p>\n<\/li>\n<li data-start=\"1123\" data-end=\"1189\">\n<p data-start=\"1125\" data-end=\"1189\"><strong data-start=\"1125\" data-end=\"1150\">Zarz\u0105dzanie d\u017awi\u0119kiem<\/strong> \u2013 profesjonalny poziom obr\u00f3bki audio<\/p>\n<\/li>\n<li data-start=\"1190\" data-end=\"1270\">\n<p data-start=\"1192\" data-end=\"1270\"><strong data-start=\"1192\" data-end=\"1221\">Eksport do wielu format\u00f3w<\/strong> \u2013 od medi\u00f3w spo\u0142eczno\u015bciowych po jako\u015b\u0107 kinow\u0105<\/p>\n<\/li>\n<\/ul>\n<hr data-start=\"1272\" data-end=\"1275\" \/>\n<h3 data-start=\"1277\" data-end=\"1322\">Photoshop 2021 \u2013 kreatywna edycja obraz\u00f3w<\/h3>\n<p data-start=\"1324\" data-end=\"1443\">Photoshop 2021 to <strong data-start=\"1342\" data-end=\"1401\">jeden z najpopularniejszych program\u00f3w do edycji grafiki<\/strong>, niezb\u0119dny w pracy grafik\u00f3w i fotograf\u00f3w.<\/p>\n<ul data-start=\"1445\" data-end=\"1772\">\n<li data-start=\"1445\" data-end=\"1520\">\n<p data-start=\"1447\" data-end=\"1520\"><strong data-start=\"1447\" data-end=\"1473\">Retusz i poprawa zdj\u0119\u0107<\/strong> \u2013 perfekcyjny efekt ko\u0144cowy w kr\u00f3tkim czasie<\/p>\n<\/li>\n<li data-start=\"1521\" data-end=\"1587\">\n<p data-start=\"1523\" data-end=\"1587\"><strong data-start=\"1523\" data-end=\"1541\">Obs\u0142uga warstw<\/strong> \u2013 tworzenie z\u0142o\u017conych projekt\u00f3w graficznych<\/p>\n<\/li>\n<li data-start=\"1588\" data-end=\"1687\">\n<p data-start=\"1590\" data-end=\"1687\"><strong data-start=\"1590\" data-end=\"1632\">\u0141\u0105czenie tekstu i element\u00f3w wizualnych<\/strong> \u2013 idealne do materia\u0142\u00f3w marketingowych i kreatywnych<\/p>\n<\/li>\n<li data-start=\"1688\" data-end=\"1772\">\n<p data-start=\"1690\" data-end=\"1772\"><strong data-start=\"1690\" data-end=\"1720\">Szerokie wsparcie format\u00f3w<\/strong> \u2013 eksport do wielu format\u00f3w graficznych i obraz\u00f3w<\/p>\n<\/li>\n<\/ul>\n<hr data-start=\"1774\" data-end=\"1777\" \/>\n<h3 data-start=\"1779\" data-end=\"1821\">Dla kogo przeznaczony jest ten pakiet?<\/h3>\n<p data-start=\"1823\" data-end=\"1926\">Ten zestaw jest <strong data-start=\"1839\" data-end=\"1864\">idealnym rozwi\u0105zaniem<\/strong> dla wszystkich, kt\u00f3rzy tworz\u0105 profesjonalne tre\u015bci kreatywne.<\/p>\n<ul data-start=\"1928\" data-end=\"2270\">\n<li data-start=\"1928\" data-end=\"1981\">\n<p data-start=\"1930\" data-end=\"1981\">Tw\u00f3rcy wideo montuj\u0105cy <strong data-start=\"1953\" data-end=\"1979\">reklamy, vlogi i filmy<\/strong><\/p>\n<\/li>\n<li data-start=\"1982\" data-end=\"2046\">\n<p data-start=\"1984\" data-end=\"2046\">Fotografowie wykonuj\u0105cy <strong data-start=\"2008\" data-end=\"2044\">zaawansowan\u0105 postprodukcj\u0119 zdj\u0119\u0107<\/strong><\/p>\n<\/li>\n<li data-start=\"2047\" data-end=\"2115\">\n<p data-start=\"2049\" data-end=\"2115\">Graficy realizuj\u0105cy <strong data-start=\"2069\" data-end=\"2113\">projekty wizualne i materia\u0142y promocyjne<\/strong><\/p>\n<\/li>\n<li data-start=\"2116\" data-end=\"2185\">\n<p data-start=\"2118\" data-end=\"2185\">Zespo\u0142y marketingowe przygotowuj\u0105ce <strong data-start=\"2154\" data-end=\"2183\">kampanie wizualne i wideo<\/strong><\/p>\n<\/li>\n<li data-start=\"2186\" data-end=\"2270\">\n<p data-start=\"2188\" data-end=\"2270\">Instytucje edukacyjne zapewniaj\u0105ce studentom <strong data-start=\"2233\" data-end=\"2268\">kompleksowe narz\u0119dzia kreatywne<\/strong><\/p>\n<\/li>\n<\/ul>\n<hr data-start=\"2272\" data-end=\"2275\" \/>\n<h3 data-start=\"2277\" data-end=\"2314\">Dlaczego warto wybra\u0107 ten zestaw?<\/h3>\n<p data-start=\"2316\" data-end=\"2644\" data-is-last-node=\"\" data-is-only-node=\"\">Po\u0142\u0105czenie <strong data-start=\"2327\" data-end=\"2348\">Premiere Pro 2025<\/strong> oraz <strong data-start=\"2354\" data-end=\"2372\">Photoshop 2021<\/strong> obejmuje <em data-start=\"2382\" data-end=\"2423\">ca\u0142y proces tworzenia tre\u015bci wizualnych<\/em> \u2014 od retuszu zdj\u0119\u0107 i projektowania grafiki po profesjonalny monta\u017c wideo. Oprogramowanie dzia\u0142aj\u0105ce w <strong data-start=\"2526\" data-end=\"2558\">stabilnym \u015brodowisku Windows<\/strong> gwarantuje <em data-start=\"2570\" data-end=\"2606\">wydajn\u0105, bezpieczn\u0105 i p\u0142ynn\u0105 prac\u0119<\/em> na ka\u017cdym etapie realizacji projektu.<\/p>","protected":false},"excerpt":{"rendered":"<ul>\n<li data-start=\"0\" data-end=\"70\">\n<p data-start=\"2\" data-end=\"70\">\ud83c\udfac <strong data-start=\"5\" data-end=\"26\">Premiere Pro 2025<\/strong> \u2013 zaawansowane narz\u0119dzia do monta\u017cu wideo<\/p>\n<\/li>\n<li data-start=\"71\" data-end=\"138\">\n<p data-start=\"73\" data-end=\"138\">\ud83d\uddbc\ufe0f <strong data-start=\"77\" data-end=\"95\">Photoshop 2021<\/strong> \u2013 profesjonalna obr\u00f3bka obrazu i grafika<\/p>\n<\/li>\n<li data-start=\"139\" data-end=\"202\">\n<p data-start=\"141\" data-end=\"202\">\ud83d\udcbb <strong data-start=\"144\" data-end=\"166\">Zgodno\u015b\u0107 z Windows<\/strong> \u2013 stabilne i niezawodne dzia\u0142anie<\/p>\n<\/li>\n<li data-start=\"203\" data-end=\"276\">\n<p data-start=\"205\" data-end=\"276\">\ud83d\udd12 <strong data-start=\"208\" data-end=\"227\">Funkcje offline<\/strong> \u2013 wy\u0142\u0105cznie rozwi\u0105zania zainstalowane lokalnie<\/p>\n<\/li>\n<li data-start=\"277\" data-end=\"344\" data-is-last-node=\"\">\n<p data-start=\"279\" data-end=\"344\" data-is-last-node=\"\">\ud83d\ude80 <strong data-start=\"282\" data-end=\"303\">Swoboda kreatywna<\/strong> \u2013 pe\u0142en zestaw narz\u0119dzi do zdj\u0119\u0107 i wideo<\/p>\n<\/li>\n<\/ul>","protected":false},"featured_media":1669,"comment_status":"open","ping_status":"closed","template":"","meta":[],"product_brand":[],"product_cat":[34,52,51,35],"product_tag":[],"class_list":{"0":"post-1676","1":"product","2":"type-product","3":"status-publish","4":"has-post-thumbnail","6":"product_cat-graphical","7":"product_cat-oferty-pakietowe","8":"product_cat-oprogramowanie-graficzne","9":"product_cat-package-deals","11":"first","12":"instock","13":"shipping-taxable","14":"purchasable","15":"product-type-simple"},"_links":{"self":[{"href":"https:\/\/softsrl.pl\/pl\/wp-json\/wp\/v2\/product\/1676","targetHints":{"allow":["GET"]}}],"collection":[{"href":"https:\/\/softsrl.pl\/pl\/wp-json\/wp\/v2\/product"}],"about":[{"href":"https:\/\/softsrl.pl\/pl\/wp-json\/wp\/v2\/types\/product"}],"replies":[{"embeddable":true,"href":"https:\/\/softsrl.pl\/pl\/wp-json\/wp\/v2\/comments?post=1676"}],"wp:featuredmedia":[{"embeddable":true,"href":"https:\/\/softsrl.pl\/pl\/wp-json\/wp\/v2\/media\/1669"}],"wp:attachment":[{"href":"https:\/\/softsrl.pl\/pl\/wp-json\/wp\/v2\/media?parent=1676"}],"wp:term":[{"taxonomy":"product_brand","embeddable":true,"href":"https:\/\/softsrl.pl\/pl\/wp-json\/wp\/v2\/product_brand?post=1676"},{"taxonomy":"product_cat","embeddable":true,"href":"https:\/\/softsrl.pl\/pl\/wp-json\/wp\/v2\/product_cat?post=1676"},{"taxonomy":"product_tag","embeddable":true,"href":"https:\/\/softsrl.pl\/pl\/wp-json\/wp\/v2\/product_tag?post=1676"}],"curies":[{"name":"wp","href":"https:\/\/api.w.org\/{rel}","templated":true}]}}