{"id":1679,"date":"2026-01-15T15:18:20","date_gmt":"2026-01-15T15:18:20","guid":{"rendered":"https:\/\/softsrl.pl\/?post_type=product&#038;p=1679"},"modified":"2026-01-18T18:52:32","modified_gmt":"2026-01-18T18:52:32","slug":"premiere-pro-2025-windows-11-home","status":"publish","type":"product","link":"https:\/\/softsrl.pl\/pl\/produkt\/premiere-pro-2025-windows-11-home\/","title":{"rendered":"Premiere Pro 2025 + Windows 11 Home"},"content":{"rendered":"<p data-start=\"0\" data-end=\"379\">Ten pakiet oprogramowania zapewnia dost\u0119p do <strong data-start=\"45\" data-end=\"78\">profesjonalnego monta\u017cu wideo<\/strong> oraz <em data-start=\"84\" data-end=\"162\">nowoczesnego systemu operacyjnego zaprojektowanego dla u\u017cytkownik\u00f3w domowych<\/em>. Premiere Pro 2025 umo\u017cliwia realizacj\u0119 <strong data-start=\"203\" data-end=\"250\">nawet najbardziej z\u0142o\u017conych projekt\u00f3w wideo<\/strong>, natomiast Windows 11 Home oferuje <em data-start=\"286\" data-end=\"331\">szybkie, bezpieczne i intuicyjne \u015brodowisko<\/em> do codziennych oraz kreatywnych proces\u00f3w pracy.<\/p>\n<hr data-start=\"381\" data-end=\"384\" \/>\n<h3 data-start=\"386\" data-end=\"406\">Wa\u017cne informacje<\/h3>\n<p data-start=\"408\" data-end=\"678\">Oprogramowanie dzia\u0142a <strong data-start=\"430\" data-end=\"462\">wy\u0142\u0105cznie w systemie Windows<\/strong>, a aplikacja Premiere Pro oferuje <em data-start=\"497\" data-end=\"520\">tylko funkcje offline<\/em>. Oznacza to, \u017ce program do edycji wideo <strong data-start=\"561\" data-end=\"622\">nie zawiera us\u0142ug online ani dodatk\u00f3w opartych na chmurze<\/strong> \u2014 dost\u0119pne s\u0105 wy\u0142\u0105cznie funkcje zainstalowane lokalnie.<\/p>\n<hr data-start=\"680\" data-end=\"683\" \/>\n<h3 data-start=\"685\" data-end=\"735\">Premiere Pro 2025 \u2013 profesjonalny monta\u017c wideo<\/h3>\n<p data-start=\"737\" data-end=\"861\">Premiere Pro 2025 zawiera <strong data-start=\"763\" data-end=\"796\">wszystkie narz\u0119dzia niezb\u0119dne<\/strong> dla tw\u00f3rc\u00f3w tre\u015bci, filmowc\u00f3w oraz kreatywnych profesjonalist\u00f3w.<\/p>\n<ul data-start=\"863\" data-end=\"1193\">\n<li data-start=\"863\" data-end=\"939\">\n<p data-start=\"865\" data-end=\"939\"><strong data-start=\"865\" data-end=\"895\">Edycja oparta na osi czasu<\/strong> z wieloma \u015bcie\u017ckami i precyzyjn\u0105 kontrol\u0105<\/p>\n<\/li>\n<li data-start=\"940\" data-end=\"1027\">\n<p data-start=\"942\" data-end=\"1027\"><strong data-start=\"942\" data-end=\"980\">Korekcja kolor\u00f3w i efekty wizualne<\/strong> zapewniaj\u0105ce profesjonalny wygl\u0105d materia\u0142\u00f3w<\/p>\n<\/li>\n<li data-start=\"1028\" data-end=\"1091\">\n<p data-start=\"1030\" data-end=\"1091\"><strong data-start=\"1030\" data-end=\"1049\">Narz\u0119dzia audio<\/strong> do redukcji szum\u00f3w i miksowania d\u017awi\u0119ku<\/p>\n<\/li>\n<li data-start=\"1092\" data-end=\"1193\">\n<p data-start=\"1094\" data-end=\"1193\"><strong data-start=\"1094\" data-end=\"1126\">Szerokie mo\u017cliwo\u015bci eksportu<\/strong> \u2014 od medi\u00f3w spo\u0142eczno\u015bciowych po filmy w wysokiej rozdzielczo\u015bci<\/p>\n<\/li>\n<\/ul>\n<hr data-start=\"1195\" data-end=\"1198\" \/>\n<h3 data-start=\"1200\" data-end=\"1269\">Windows 11 Home \u2013 nowoczesny system operacyjny do u\u017cytku domowego<\/h3>\n<p data-start=\"1271\" data-end=\"1414\">Windows 11 Home dzi\u0119ki <strong data-start=\"1294\" data-end=\"1322\">przyjaznemu interfejsowi<\/strong> i <em data-start=\"1325\" data-end=\"1349\">zaawansowanym funkcjom<\/em> stanowi idealne rozwi\u0105zanie do pracy codziennej oraz kreatywnej.<\/p>\n<ul data-start=\"1416\" data-end=\"1679\">\n<li data-start=\"1416\" data-end=\"1480\">\n<p data-start=\"1418\" data-end=\"1480\"><strong data-start=\"1418\" data-end=\"1455\">Przejrzysty interfejs u\u017cytkownika<\/strong>, u\u0142atwiaj\u0105cy nawigacj\u0119<\/p>\n<\/li>\n<li data-start=\"1481\" data-end=\"1550\">\n<p data-start=\"1483\" data-end=\"1550\"><strong data-start=\"1483\" data-end=\"1519\">Snap Layouts i wirtualne pulpity<\/strong> wspieraj\u0105ce wielozadaniowo\u015b\u0107<\/p>\n<\/li>\n<li data-start=\"1551\" data-end=\"1615\">\n<p data-start=\"1553\" data-end=\"1615\"><strong data-start=\"1553\" data-end=\"1582\">Wbudowany Microsoft Store<\/strong> z dost\u0119pem do aplikacji i gier<\/p>\n<\/li>\n<li data-start=\"1616\" data-end=\"1679\">\n<p data-start=\"1618\" data-end=\"1679\"><strong data-start=\"1618\" data-end=\"1649\">Zaawansowane zabezpieczenia<\/strong>, chroni\u0105ce dane oraz system<\/p>\n<\/li>\n<\/ul>\n<hr data-start=\"1681\" data-end=\"1684\" \/>\n<h3 data-start=\"1686\" data-end=\"1728\">Dla kogo przeznaczony jest ten pakiet?<\/h3>\n<p data-start=\"1730\" data-end=\"1871\">Ten zestaw jest <strong data-start=\"1746\" data-end=\"1766\">idealnym wyborem<\/strong> dla os\u00f3b, kt\u00f3re tworz\u0105 tre\u015bci kreatywne i jednocze\u015bnie oczekuj\u0105 nowoczesnego systemu do u\u017cytku domowego.<\/p>\n<ul data-start=\"1873\" data-end=\"2286\">\n<li data-start=\"1873\" data-end=\"1959\">\n<p data-start=\"1875\" data-end=\"1959\">Tw\u00f3rcy wideo i autorzy tre\u015bci \u2014 do realizacji <strong data-start=\"1921\" data-end=\"1957\">wysokiej jako\u015bci projekt\u00f3w wideo<\/strong><\/p>\n<\/li>\n<li data-start=\"1960\" data-end=\"2033\">\n<p data-start=\"1962\" data-end=\"2033\">U\u017cytkownicy domowi \u2014 do <strong data-start=\"1986\" data-end=\"2031\">stabilnej i intuicyjnej pracy na co dzie\u0144<\/strong><\/p>\n<\/li>\n<li data-start=\"2034\" data-end=\"2103\">\n<p data-start=\"2036\" data-end=\"2103\">Uczniowie i studenci \u2014 do nauki, projekt\u00f3w oraz zada\u0144 kreatywnych<\/p>\n<\/li>\n<li data-start=\"2104\" data-end=\"2183\">\n<p data-start=\"2106\" data-end=\"2183\">Ma\u0142e firmy \u2014 do przygotowywania <strong data-start=\"2138\" data-end=\"2181\">materia\u0142\u00f3w marketingowych i prezentacji<\/strong><\/p>\n<\/li>\n<li data-start=\"2184\" data-end=\"2286\">\n<p data-start=\"2186\" data-end=\"2286\">Influencerzy i tw\u00f3rcy kreatywni \u2014 do <strong data-start=\"2223\" data-end=\"2284\">profesjonalnej obr\u00f3bki tre\u015bci do medi\u00f3w spo\u0142eczno\u015bciowych<\/strong><\/p>\n<\/li>\n<\/ul>\n<hr data-start=\"2288\" data-end=\"2291\" \/>\n<h3 data-start=\"2293\" data-end=\"2330\">Dlaczego warto wybra\u0107 ten zestaw?<\/h3>\n<p data-start=\"2332\" data-end=\"2633\" data-is-last-node=\"\" data-is-only-node=\"\">Po\u0142\u0105czenie <strong data-start=\"2343\" data-end=\"2364\">Premiere Pro 2025<\/strong> oraz <strong data-start=\"2370\" data-end=\"2389\">Windows 11 Home<\/strong> pozwala realizowa\u0107 prac\u0119 kreatywn\u0105 w <em data-start=\"2427\" data-end=\"2475\">stabilnym, nowoczesnym i przyjaznym \u015brodowisku<\/em>. Ten pakiet zapewnia, \u017ce zar\u00f3wno <strong data-start=\"2509\" data-end=\"2542\">codzienne zadania komputerowe<\/strong>, jak i <strong data-start=\"2550\" data-end=\"2581\">zaawansowane projekty wideo<\/strong> b\u0119d\u0105 przebiega\u0107 <em data-start=\"2598\" data-end=\"2632\">p\u0142ynnie, wydajnie i bez zak\u0142\u00f3ce\u0144<\/em>.<\/p>","protected":false},"excerpt":{"rendered":"<ul>\n<li data-start=\"0\" data-end=\"57\">\n<p data-start=\"2\" data-end=\"57\">\ud83c\udfac <strong data-start=\"5\" data-end=\"26\">Premiere Pro 2025<\/strong> \u2013 profesjonalny monta\u017c wideo<\/p>\n<\/li>\n<li data-start=\"58\" data-end=\"128\">\n<p data-start=\"60\" data-end=\"128\">\ud83c\udfe0 <strong data-start=\"63\" data-end=\"82\">Windows 11 Home<\/strong> \u2013 nowoczesny i intuicyjny system operacyjny<\/p>\n<\/li>\n<li data-start=\"129\" data-end=\"202\">\n<p data-start=\"131\" data-end=\"202\">\ud83d\udd12 <strong data-start=\"134\" data-end=\"153\">Funkcje offline<\/strong> \u2013 wy\u0142\u0105cznie rozwi\u0105zania zainstalowane lokalnie<\/p>\n<\/li>\n<li data-start=\"203\" data-end=\"272\">\n<p data-start=\"205\" data-end=\"272\">\ud83d\ude80 <strong data-start=\"208\" data-end=\"230\">Stabilna wydajno\u015b\u0107<\/strong> \u2013 idealna do pracy domowej i kreatywnej<\/p>\n<\/li>\n<li data-start=\"273\" data-end=\"336\" data-is-last-node=\"\">\n<p data-start=\"275\" data-end=\"336\" data-is-last-node=\"\">\ud83c\udfa8 <strong data-start=\"278\" data-end=\"297\">Swoboda tw\u00f3rcza<\/strong> \u2013 doskona\u0142e po\u0142\u0105czenie wideo i systemu<\/p>\n<\/li>\n<\/ul>","protected":false},"featured_media":1670,"comment_status":"open","ping_status":"closed","template":"","meta":[],"product_brand":[],"product_cat":[34,52,15,51,35,50],"product_tag":[],"class_list":{"0":"post-1679","1":"product","2":"type-product","3":"status-publish","4":"has-post-thumbnail","6":"product_cat-graphical","7":"product_cat-oferty-pakietowe","8":"product_cat-operating-systems","9":"product_cat-oprogramowanie-graficzne","10":"product_cat-package-deals","11":"product_cat-windows","13":"first","14":"instock","15":"sale","16":"shipping-taxable","17":"purchasable","18":"product-type-simple"},"_links":{"self":[{"href":"https:\/\/softsrl.pl\/pl\/wp-json\/wp\/v2\/product\/1679","targetHints":{"allow":["GET"]}}],"collection":[{"href":"https:\/\/softsrl.pl\/pl\/wp-json\/wp\/v2\/product"}],"about":[{"href":"https:\/\/softsrl.pl\/pl\/wp-json\/wp\/v2\/types\/product"}],"replies":[{"embeddable":true,"href":"https:\/\/softsrl.pl\/pl\/wp-json\/wp\/v2\/comments?post=1679"}],"wp:featuredmedia":[{"embeddable":true,"href":"https:\/\/softsrl.pl\/pl\/wp-json\/wp\/v2\/media\/1670"}],"wp:attachment":[{"href":"https:\/\/softsrl.pl\/pl\/wp-json\/wp\/v2\/media?parent=1679"}],"wp:term":[{"taxonomy":"product_brand","embeddable":true,"href":"https:\/\/softsrl.pl\/pl\/wp-json\/wp\/v2\/product_brand?post=1679"},{"taxonomy":"product_cat","embeddable":true,"href":"https:\/\/softsrl.pl\/pl\/wp-json\/wp\/v2\/product_cat?post=1679"},{"taxonomy":"product_tag","embeddable":true,"href":"https:\/\/softsrl.pl\/pl\/wp-json\/wp\/v2\/product_tag?post=1679"}],"curies":[{"name":"wp","href":"https:\/\/api.w.org\/{rel}","templated":true}]}}